{"id":9550,"date":"2023-05-29T20:20:32","date_gmt":"2023-05-29T12:20:32","guid":{"rendered":"https:\/\/www.vape4wholesale.com\/?post_type=product&#038;p=9550"},"modified":"2026-01-26T13:42:48","modified_gmt":"2026-01-26T13:42:48","slug":"lavie-nio-box-9000-puffar-engangs-vape-grossist","status":"publish","type":"product","link":"https:\/\/www.vape4wholesale.com\/sv\/product\/lavie-nio-box-9000-puffs-disposable-vape-wholesale","title":{"rendered":"Lavie NIO BOX 9000 Puffs Eng\u00e5ngs Vape Partihandel"},"content":{"rendered":"<p>den <strong><a href=\"https:\/\/www.vape4wholesale.com\/sv\/produkt_varumarke\/lavie\/\">Lavie<\/a> NIO BOX 9000<\/strong> \u00e4r en snygg designad eng\u00e5ngsvape av l\u00e5dtyp, den levereras med klart skal och s\u00f6ta kn\u00e4ppa klisterm\u00e4rken, inbyggt 550 mAh batteri, 18 ml e-v\u00e4tskekapacitet som st\u00f6der upp till 9000 puffar, vape grossist h\u00e4r p\u00e5 V4W.<\/p>\n<h2>LAVIE NIO BOX 9000 Vape f\u00f6r eng\u00e5ngsbruk Specifikationer:<\/h2>\n<ul>\n<li>Varum\u00e4rke:LAVIE<\/li>\n<li>Puffar:9000 Puffar \u00e4r tillg\u00e4ngliga per enhet<\/li>\n<li>Nicotine:0%\/2%\/5%<\/li>\n<li>Kapacitet f\u00f6r e-juice: 18ML<\/li>\n<li>Batteri: 550 mAh<\/li>\n<li>Laddningsport: Typ-C<\/li>\n<\/ul>\n<p>&nbsp;<\/p>\n<h2>Smak\u00e4mnen<\/h2>\n<ol>\n<li>Cola is<\/li>\n<li>Gr\u00f6na b\u00f6nor Kokosmj\u00f6lk<\/li>\n<li>Yakult<\/li>\n<li>Jordgubb Mango Is<\/li>\n<li>Melon is<\/li>\n<li>Lila druva<\/li>\n<li>Vattenmelon-is<\/li>\n<li>Guava is<\/li>\n<li>Dubbla \u00e4pplen<\/li>\n<li>Jordgubbsglass<\/li>\n<li>Blandade b\u00e4r<\/li>\n<li>Juicy persika<\/li>\n<\/ol>\n<p>&nbsp;<\/p>\n<h2>F\u00f6rpackning och vikt<\/h2>\n<ul>\n<li>0,090 KG\/ PC<\/li>\n<li>10 st\/ Medium box<\/li>\n<li>200 st\/ huvudkartong 22KG<\/li>\n<\/ul>\n<figure id=\"attachment_11857\" aria-describedby=\"caption-attachment-11857\" style=\"width: 800px\" class=\"wp-caption alignnone\"><img loading=\"lazy\" decoding=\"async\" class=\"wp-image-11857 size-full\" title=\"LAVIE NIO BOX 9000 Puffs Eng\u00e5ngs Vape Grossist 12 smaker\" src=\"https:\/\/www.vape4wholesale.com\/wp-content\/uploads\/2023\/05\/LAVIE-NIO-BOX-9000-Puffs-Disposable-Vape-Wholesale-12-Flavors.jpg\" alt=\"LAVIE NIO BOX 9000 Puffs Eng\u00e5ngs Vape Grossist 12 smaker\" width=\"800\" height=\"800\" srcset=\"https:\/\/www.vape4wholesale.com\/wp-content\/uploads\/2023\/05\/LAVIE-NIO-BOX-9000-Puffs-Disposable-Vape-Wholesale-12-Flavors.jpg 800w, https:\/\/www.vape4wholesale.com\/wp-content\/uploads\/2023\/05\/LAVIE-NIO-BOX-9000-Puffs-Disposable-Vape-Wholesale-12-Flavors-247x247.jpg 247w, https:\/\/www.vape4wholesale.com\/wp-content\/uploads\/2023\/05\/LAVIE-NIO-BOX-9000-Puffs-Disposable-Vape-Wholesale-12-Flavors-100x100.jpg 100w, https:\/\/www.vape4wholesale.com\/wp-content\/uploads\/2023\/05\/LAVIE-NIO-BOX-9000-Puffs-Disposable-Vape-Wholesale-12-Flavors-510x510.jpg 510w, https:\/\/www.vape4wholesale.com\/wp-content\/uploads\/2023\/05\/LAVIE-NIO-BOX-9000-Puffs-Disposable-Vape-Wholesale-12-Flavors-64x64.jpg 64w, https:\/\/www.vape4wholesale.com\/wp-content\/uploads\/2023\/05\/LAVIE-NIO-BOX-9000-Puffs-Disposable-Vape-Wholesale-12-Flavors-300x300.jpg 300w, https:\/\/www.vape4wholesale.com\/wp-content\/uploads\/2023\/05\/LAVIE-NIO-BOX-9000-Puffs-Disposable-Vape-Wholesale-12-Flavors-150x150.jpg 150w, https:\/\/www.vape4wholesale.com\/wp-content\/uploads\/2023\/05\/LAVIE-NIO-BOX-9000-Puffs-Disposable-Vape-Wholesale-12-Flavors-768x768.jpg 768w\" sizes=\"auto, (max-width: 800px) 100vw, 800px\" \/><figcaption id=\"caption-attachment-11857\" class=\"wp-caption-text\">LAVIE NIO BOX 9000 Puffs Eng\u00e5ngs Vape Partihandel<\/figcaption><\/figure>\n<p><img loading=\"lazy\" decoding=\"async\" class=\"alignnone size-full wp-image-11858\" title=\"LAVIE NIO BOX 9000 puffar eng\u00e5ngsvape grossist Cola Ice\" src=\"https:\/\/www.vape4wholesale.com\/wp-content\/uploads\/2023\/05\/LAVIE-NIO-BOX-9000-Puffs-Disposable-Vape-Wholesale-Cola-Ice.jpg\" alt=\"LAVIE NIO BOX 9000 puffar eng\u00e5ngsvape grossist Cola Ice\" width=\"800\" height=\"800\" srcset=\"https:\/\/www.vape4wholesale.com\/wp-content\/uploads\/2023\/05\/LAVIE-NIO-BOX-9000-Puffs-Disposable-Vape-Wholesale-Cola-Ice.jpg 800w, https:\/\/www.vape4wholesale.com\/wp-content\/uploads\/2023\/05\/LAVIE-NIO-BOX-9000-Puffs-Disposable-Vape-Wholesale-Cola-Ice-247x247.jpg 247w, https:\/\/www.vape4wholesale.com\/wp-content\/uploads\/2023\/05\/LAVIE-NIO-BOX-9000-Puffs-Disposable-Vape-Wholesale-Cola-Ice-100x100.jpg 100w, https:\/\/www.vape4wholesale.com\/wp-content\/uploads\/2023\/05\/LAVIE-NIO-BOX-9000-Puffs-Disposable-Vape-Wholesale-Cola-Ice-510x510.jpg 510w, https:\/\/www.vape4wholesale.com\/wp-content\/uploads\/2023\/05\/LAVIE-NIO-BOX-9000-Puffs-Disposable-Vape-Wholesale-Cola-Ice-64x64.jpg 64w, https:\/\/www.vape4wholesale.com\/wp-content\/uploads\/2023\/05\/LAVIE-NIO-BOX-9000-Puffs-Disposable-Vape-Wholesale-Cola-Ice-300x300.jpg 300w, https:\/\/www.vape4wholesale.com\/wp-content\/uploads\/2023\/05\/LAVIE-NIO-BOX-9000-Puffs-Disposable-Vape-Wholesale-Cola-Ice-150x150.jpg 150w, https:\/\/www.vape4wholesale.com\/wp-content\/uploads\/2023\/05\/LAVIE-NIO-BOX-9000-Puffs-Disposable-Vape-Wholesale-Cola-Ice-768x768.jpg 768w\" sizes=\"auto, (max-width: 800px) 100vw, 800px\" \/><\/p>","protected":false},"excerpt":{"rendered":"[scf-template id=&#8217;11434&#8242;]\n","protected":false},"featured_media":11870,"comment_status":"open","ping_status":"closed","template":"","meta":[],"pwb-brand":[1277],"product_cat":[870],"product_tag":[244,336,22,24,37],"class_list":{"0":"post-9550","1":"product","2":"type-product","3":"status-publish","4":"has-post-thumbnail","6":"pwb-brand-lavie","7":"product_cat-8000-10000-puffs","8":"product_tag-18-0ml","9":"product_tag-9000-puffs","10":"product_tag-disposable","11":"product_tag-wholesale","12":"product_tag-lavie","14":"first","15":"outofstock","16":"shipping-taxable","17":"purchasable","18":"product-type-variable"},"aioseo_notices":[],"brands":[{"id":1277,"name":"Lavie","slug":"lavie"}],"_links":{"self":[{"href":"https:\/\/www.vape4wholesale.com\/sv\/wp-json\/wp\/v2\/product\/9550","targetHints":{"allow":["GET"]}}],"collection":[{"href":"https:\/\/www.vape4wholesale.com\/sv\/wp-json\/wp\/v2\/product"}],"about":[{"href":"https:\/\/www.vape4wholesale.com\/sv\/wp-json\/wp\/v2\/types\/product"}],"replies":[{"embeddable":true,"href":"https:\/\/www.vape4wholesale.com\/sv\/wp-json\/wp\/v2\/comments?post=9550"}],"wp:featuredmedia":[{"embeddable":true,"href":"https:\/\/www.vape4wholesale.com\/sv\/wp-json\/wp\/v2\/media\/11870"}],"wp:attachment":[{"href":"https:\/\/www.vape4wholesale.com\/sv\/wp-json\/wp\/v2\/media?parent=9550"}],"wp:term":[{"taxonomy":"pwb-brand","embeddable":true,"href":"https:\/\/www.vape4wholesale.com\/sv\/wp-json\/wp\/v2\/pwb-brand?post=9550"},{"taxonomy":"product_cat","embeddable":true,"href":"https:\/\/www.vape4wholesale.com\/sv\/wp-json\/wp\/v2\/product_cat?post=9550"},{"taxonomy":"product_tag","embeddable":true,"href":"https:\/\/www.vape4wholesale.com\/sv\/wp-json\/wp\/v2\/product_tag?post=9550"}],"curies":[{"name":"wp","href":"https:\/\/api.w.org\/{rel}","templated":true}]}}