{"id":9448,"date":"2023-05-23T09:09:13","date_gmt":"2023-05-23T01:09:13","guid":{"rendered":"https:\/\/www.vape4wholesale.com\/?post_type=product&#038;p=9448"},"modified":"2026-01-26T13:42:49","modified_gmt":"2026-01-26T13:42:49","slug":"lavie-kamera-8000-puffar-engangs-vape-grossist","status":"publish","type":"product","link":"https:\/\/www.vape4wholesale.com\/sv\/product\/lavie-camera-8000-puffs-disposable-vape-wholesale","title":{"rendered":"Lavie Camera 8000 Puffs Eng\u00e5ngsvape Partihandel"},"content":{"rendered":"<p><strong><a href=\"https:\/\/www.vape4wholesale.com\/sv\/produkt_varumarke\/lavie\/\">Lavie<\/a> Kamera 8000<\/strong> \u00e4r en uppladdningsbar eng\u00e5ngs vape, med en ny form och utseende Som en liten och s\u00f6t kamera, med en m\u00e4ngd olika f\u00e4rger och smaker att v\u00e4lja mellan, inbyggt 550 mAh h\u00f6gkapacitetsbatteri och 18 ml e-v\u00e4tskekapacitet som st\u00f6der 8000 puffar, j\u00e4mn smak fr\u00e5n b\u00f6rjan till slut, ren smak f\u00f6r att m\u00f6ta smakbehoven.<\/p>\n<h2>Lavie Camera 8000 Eng\u00e5ngs Vape Specifikationer:<\/h2>\n<ul>\n<li>Varum\u00e4rke:LAVIE<\/li>\n<li>Puffar:8000 Puffar \u00e4r tillg\u00e4ngliga per enhet<\/li>\n<li>Nicotine:0%\/2%\/5%<\/li>\n<li>Kapacitet f\u00f6r e-juice: 18ML<\/li>\n<li>Batteri: 550 mAh<\/li>\n<li>Laddningsport: Typ-C<\/li>\n<\/ul>\n<p>&nbsp;<\/p>\n<h2>Smak\u00e4mnen<\/h2>\n<ol>\n<li>Mint<\/li>\n<li>Blandade b\u00e4r<\/li>\n<li>Rosmj\u00f6lk<\/li>\n<li>Yakult<\/li>\n<li>Jordgubbar Vattenmelon<\/li>\n<li>Dubbla \u00e4pplen<\/li>\n<li>Passionsfrukt<\/li>\n<li>Grape Ice<\/li>\n<li>Vattenmelon-is<\/li>\n<li>Persikosaft<\/li>\n<li>Cola is<\/li>\n<li>Mango is<\/li>\n<\/ol>\n<p>&nbsp;<\/p>\n<h2>F\u00f6rpackning och vikt<\/h2>\n<ul>\n<li>0,075 KG\/ PC<\/li>\n<li>10 st\/ Medium box<\/li>\n<li>300 st\/ huvudkartong, 23 kg<\/li>\n<\/ul>\n<p><img loading=\"lazy\" decoding=\"async\" class=\"alignnone size-full wp-image-11960\" title=\"Lavie Camera 8000 Puffs eng\u00e5ngsvape grossist (16)\" src=\"https:\/\/www.vape4wholesale.com\/wp-content\/uploads\/2023\/05\/Lavie-Camera-8000-Puffs-Disposable-Vape-Wholesale-16.jpg\" alt=\"Lavie Camera 8000 Puffs eng\u00e5ngsvape grossist (16)\" width=\"1200\" height=\"1200\" srcset=\"https:\/\/www.vape4wholesale.com\/wp-content\/uploads\/2023\/05\/Lavie-Camera-8000-Puffs-Disposable-Vape-Wholesale-16.jpg 1200w, https:\/\/www.vape4wholesale.com\/wp-content\/uploads\/2023\/05\/Lavie-Camera-8000-Puffs-Disposable-Vape-Wholesale-16-247x247.jpg 247w, https:\/\/www.vape4wholesale.com\/wp-content\/uploads\/2023\/05\/Lavie-Camera-8000-Puffs-Disposable-Vape-Wholesale-16-100x100.jpg 100w, https:\/\/www.vape4wholesale.com\/wp-content\/uploads\/2023\/05\/Lavie-Camera-8000-Puffs-Disposable-Vape-Wholesale-16-510x510.jpg 510w, https:\/\/www.vape4wholesale.com\/wp-content\/uploads\/2023\/05\/Lavie-Camera-8000-Puffs-Disposable-Vape-Wholesale-16-64x64.jpg 64w, https:\/\/www.vape4wholesale.com\/wp-content\/uploads\/2023\/05\/Lavie-Camera-8000-Puffs-Disposable-Vape-Wholesale-16-300x300.jpg 300w, https:\/\/www.vape4wholesale.com\/wp-content\/uploads\/2023\/05\/Lavie-Camera-8000-Puffs-Disposable-Vape-Wholesale-16-1024x1024.jpg 1024w, https:\/\/www.vape4wholesale.com\/wp-content\/uploads\/2023\/05\/Lavie-Camera-8000-Puffs-Disposable-Vape-Wholesale-16-150x150.jpg 150w, https:\/\/www.vape4wholesale.com\/wp-content\/uploads\/2023\/05\/Lavie-Camera-8000-Puffs-Disposable-Vape-Wholesale-16-768x768.jpg 768w\" sizes=\"auto, (max-width: 1200px) 100vw, 1200px\" \/><\/p>","protected":false},"excerpt":{"rendered":"[scf-template id=&#8217;11434&#8242;]\n","protected":false},"featured_media":11958,"comment_status":"open","ping_status":"closed","template":"","meta":[],"pwb-brand":[1277],"product_cat":[870],"product_tag":[244,343,22,24,37],"class_list":{"0":"post-9448","1":"product","2":"type-product","3":"status-publish","4":"has-post-thumbnail","6":"pwb-brand-lavie","7":"product_cat-8000-10000-puffs","8":"product_tag-18-0ml","9":"product_tag-8000-puffs","10":"product_tag-disposable","11":"product_tag-wholesale","12":"product_tag-lavie","14":"first","15":"outofstock","16":"shipping-taxable","17":"purchasable","18":"product-type-variable"},"aioseo_notices":[],"brands":[{"id":1277,"name":"Lavie","slug":"lavie"}],"_links":{"self":[{"href":"https:\/\/www.vape4wholesale.com\/sv\/wp-json\/wp\/v2\/product\/9448","targetHints":{"allow":["GET"]}}],"collection":[{"href":"https:\/\/www.vape4wholesale.com\/sv\/wp-json\/wp\/v2\/product"}],"about":[{"href":"https:\/\/www.vape4wholesale.com\/sv\/wp-json\/wp\/v2\/types\/product"}],"replies":[{"embeddable":true,"href":"https:\/\/www.vape4wholesale.com\/sv\/wp-json\/wp\/v2\/comments?post=9448"}],"wp:featuredmedia":[{"embeddable":true,"href":"https:\/\/www.vape4wholesale.com\/sv\/wp-json\/wp\/v2\/media\/11958"}],"wp:attachment":[{"href":"https:\/\/www.vape4wholesale.com\/sv\/wp-json\/wp\/v2\/media?parent=9448"}],"wp:term":[{"taxonomy":"pwb-brand","embeddable":true,"href":"https:\/\/www.vape4wholesale.com\/sv\/wp-json\/wp\/v2\/pwb-brand?post=9448"},{"taxonomy":"product_cat","embeddable":true,"href":"https:\/\/www.vape4wholesale.com\/sv\/wp-json\/wp\/v2\/product_cat?post=9448"},{"taxonomy":"product_tag","embeddable":true,"href":"https:\/\/www.vape4wholesale.com\/sv\/wp-json\/wp\/v2\/product_tag?post=9448"}],"curies":[{"name":"wp","href":"https:\/\/api.w.org\/{rel}","templated":true}]}}