{"id":9007,"date":"2023-04-24T08:36:44","date_gmt":"2023-04-24T00:36:44","guid":{"rendered":"https:\/\/www.vape4wholesale.com\/?post_type=product&#038;p=9007"},"modified":"2026-01-26T13:42:53","modified_gmt":"2026-01-26T13:42:53","slug":"kamry-boss-10000-puffar-engangs-vape-grossist","status":"publish","type":"product","link":"https:\/\/www.vape4wholesale.com\/sv\/product\/kamry-boss-10000-puffs-disposable-vape-wholesale","title":{"rendered":"Kamry Boss 10000 Puffs Eng\u00e5ngs Vape Partihandel"},"content":{"rendered":"<p>Den <strong><a href=\"https:\/\/www.vape4wholesale.com\/sv\/produkt_varumarke\/kamry\/\">Kamry<\/a> Chef<\/strong> 10000 \u00e4r en enorm och tjock stil vape design, kommer med coola klisterm\u00e4rken, den st\u00f6der cirka 10000 puffar med 20 ml 2% salt nikotin ejuice och 600mah uppladdningsbart batteri. totalt 10 fantastiska smaker att v\u00e4lja mellan.<\/p>\n<h2>Kamry Boss 10000 Puffs Eng\u00e5ngs Vape Snabba detaljer<\/h2>\n<ul>\n<li>Puffar : 10000<\/li>\n<li>Storlek: 38*92mm<\/li>\n<li>Mesh-spole: 1,0 ohm<\/li>\n<li>Nikotinsalt : 2%<\/li>\n<li>Material: PCTG + PC<\/li>\n<li>Batteri :600mAh<\/li>\n<li>Typ C uppladdningsbar<\/li>\n<li>N\u00e4tspole<\/li>\n<li>Vikt: 75g<\/li>\n<\/ul>\n<h2>Smak\u00e4mnen<\/h2>\n<ol>\n<li>Bl\u00e5 hallon-is<\/li>\n<li>Energidryck<\/li>\n<li>Druva<\/li>\n<li>Gr\u00f6n Mango<\/li>\n<li>Guava<\/li>\n<li>Gummibj\u00f6rn<\/li>\n<li>Lychee-is<\/li>\n<li>Ananas-is<\/li>\n<li>Jordgubbsglass<\/li>\n<li>Vattenmelon<\/li>\n<\/ol>\n<h2>F\u00f6rpackning och vikt<\/h2>\n<p>M\u00c5TT: 442x218x495mm<br \/>\n200 st\/kartong<br \/>\nGW 17,2 KG<\/p>\n<figure id=\"attachment_11510\" aria-describedby=\"caption-attachment-11510\" style=\"width: 1000px\" class=\"wp-caption alignnone\"><img loading=\"lazy\" decoding=\"async\" class=\"wp-image-11510 size-full\" title=\"Kamry Boss 10000 Puffs Vape Gr\u00f6n Mango\" src=\"https:\/\/www.vape4wholesale.com\/wp-content\/uploads\/2023\/04\/Kamry-Boss-10000-Puffs-Vape-Green-Mango.jpg\" alt=\"Kamry Boss 10000 Puffs Vape Gr\u00f6n Mango\" width=\"1000\" height=\"1000\" srcset=\"https:\/\/www.vape4wholesale.com\/wp-content\/uploads\/2023\/04\/Kamry-Boss-10000-Puffs-Vape-Green-Mango.jpg 1000w, https:\/\/www.vape4wholesale.com\/wp-content\/uploads\/2023\/04\/Kamry-Boss-10000-Puffs-Vape-Green-Mango-247x247.jpg 247w, https:\/\/www.vape4wholesale.com\/wp-content\/uploads\/2023\/04\/Kamry-Boss-10000-Puffs-Vape-Green-Mango-100x100.jpg 100w, https:\/\/www.vape4wholesale.com\/wp-content\/uploads\/2023\/04\/Kamry-Boss-10000-Puffs-Vape-Green-Mango-510x510.jpg 510w, https:\/\/www.vape4wholesale.com\/wp-content\/uploads\/2023\/04\/Kamry-Boss-10000-Puffs-Vape-Green-Mango-64x64.jpg 64w, https:\/\/www.vape4wholesale.com\/wp-content\/uploads\/2023\/04\/Kamry-Boss-10000-Puffs-Vape-Green-Mango-300x300.jpg 300w, https:\/\/www.vape4wholesale.com\/wp-content\/uploads\/2023\/04\/Kamry-Boss-10000-Puffs-Vape-Green-Mango-150x150.jpg 150w, https:\/\/www.vape4wholesale.com\/wp-content\/uploads\/2023\/04\/Kamry-Boss-10000-Puffs-Vape-Green-Mango-768x768.jpg 768w\" sizes=\"auto, (max-width: 1000px) 100vw, 1000px\" \/><figcaption id=\"caption-attachment-11510\" class=\"wp-caption-text\">Kamry Boss 10000 Puffs Vape<\/figcaption><\/figure>\n<p>&nbsp;<\/p>","protected":false},"excerpt":{"rendered":"[scf-template id=&#8217;11434&#8242;]\n","protected":false},"featured_media":11517,"comment_status":"open","ping_status":"closed","template":"","meta":[],"pwb-brand":[1281],"product_cat":[871],"product_tag":[22,24,30,172,324],"class_list":{"0":"post-9007","1":"product","2":"type-product","3":"status-publish","4":"has-post-thumbnail","6":"pwb-brand-kamry","7":"product_cat-10-15k-puffs","8":"product_tag-disposable","9":"product_tag-wholesale","10":"product_tag-kamry","11":"product_tag-20-0ml","12":"product_tag-10000-puffs","14":"first","15":"outofstock","16":"shipping-taxable","17":"purchasable","18":"product-type-variable"},"aioseo_notices":[],"brands":[{"id":1281,"name":"Kamry","slug":"kamry"}],"_links":{"self":[{"href":"https:\/\/www.vape4wholesale.com\/sv\/wp-json\/wp\/v2\/product\/9007","targetHints":{"allow":["GET"]}}],"collection":[{"href":"https:\/\/www.vape4wholesale.com\/sv\/wp-json\/wp\/v2\/product"}],"about":[{"href":"https:\/\/www.vape4wholesale.com\/sv\/wp-json\/wp\/v2\/types\/product"}],"replies":[{"embeddable":true,"href":"https:\/\/www.vape4wholesale.com\/sv\/wp-json\/wp\/v2\/comments?post=9007"}],"wp:featuredmedia":[{"embeddable":true,"href":"https:\/\/www.vape4wholesale.com\/sv\/wp-json\/wp\/v2\/media\/11517"}],"wp:attachment":[{"href":"https:\/\/www.vape4wholesale.com\/sv\/wp-json\/wp\/v2\/media?parent=9007"}],"wp:term":[{"taxonomy":"pwb-brand","embeddable":true,"href":"https:\/\/www.vape4wholesale.com\/sv\/wp-json\/wp\/v2\/pwb-brand?post=9007"},{"taxonomy":"product_cat","embeddable":true,"href":"https:\/\/www.vape4wholesale.com\/sv\/wp-json\/wp\/v2\/product_cat?post=9007"},{"taxonomy":"product_tag","embeddable":true,"href":"https:\/\/www.vape4wholesale.com\/sv\/wp-json\/wp\/v2\/product_tag?post=9007"}],"curies":[{"name":"wp","href":"https:\/\/api.w.org\/{rel}","templated":true}]}}