{"id":6660,"date":"2022-11-13T10:30:05","date_gmt":"2022-11-13T02:30:05","guid":{"rendered":"https:\/\/www.vape4wholesale.com\/?post_type=product&#038;p=6660"},"modified":"2026-01-26T13:43:10","modified_gmt":"2026-01-26T13:43:10","slug":"kamry-akula-6000-puffar-engangs-vape-grossist","status":"publish","type":"product","link":"https:\/\/www.vape4wholesale.com\/sv\/product\/kamry-akula-6000-puffs-disposable-vape-wholesale","title":{"rendered":"Kamry Akula 6000 Puffs Eng\u00e5ngs Vape Partihandel"},"content":{"rendered":"<p>den<strong><a href=\"https:\/\/www.vape4wholesale.com\/sv\/produkt_varumarke\/kamry\/\"> Kamry<\/a> Akula<\/strong> 6000 \u00e4r en mycket distinkt eng\u00e5ngs vape, den kommer med dubbla f\u00e4rgformar och med gradientf\u00e4rger. Dess batteri \u00e4r uppladdningsbart 600mah, st\u00f6der upp till 6000 puffar, med 5% nikotin. OEM-tj\u00e4nst tillg\u00e4nglig.<\/p>\n<h2>Kamry Akula 6000 Smaklista<\/h2>\n<p>Pina Colada-rom<br \/>\nMango jordgubbs-is<br \/>\nR\u00f6d \u00e4pple citron<br \/>\nBananmj\u00f6lk<br \/>\nLush Ice<br \/>\nFrukt Fusion<br \/>\nJordgubbsmunkar<br \/>\nGrape Ice<br \/>\nGummibj\u00f6rn<br \/>\nEnergidryck<\/p>\n<h2>Snabba detaljer<\/h2>\n<p>Batterikapacitet: 600mAh typ C uppladdningsbart<br \/>\nEliquid-kapacitet: 14ML<br \/>\nTyp av spole: N\u00e4t<br \/>\nKroppsvikt: 60g<br \/>\nNikotinsalt: 50 mg (5%)<br \/>\nSupport Puffs: 6000<br \/>\nF\u00f6rpackningsvikt: 200\/kartong, 14 kg<\/p>\n<figure id=\"attachment_12484\" aria-describedby=\"caption-attachment-12484\" style=\"width: 800px\" class=\"wp-caption alignnone\"><img loading=\"lazy\" decoding=\"async\" class=\"wp-image-12484 size-full\" title=\"kamry akula vape Fruit Fusion\" src=\"https:\/\/www.vape4wholesale.com\/wp-content\/uploads\/2022\/11\/kamry-akula-vape-Fruit-Fusion.jpg\" alt=\"kamry akula vape Fruit Fusion\" width=\"800\" height=\"800\" srcset=\"https:\/\/www.vape4wholesale.com\/wp-content\/uploads\/2022\/11\/kamry-akula-vape-Fruit-Fusion.jpg 800w, https:\/\/www.vape4wholesale.com\/wp-content\/uploads\/2022\/11\/kamry-akula-vape-Fruit-Fusion-247x247.jpg 247w, https:\/\/www.vape4wholesale.com\/wp-content\/uploads\/2022\/11\/kamry-akula-vape-Fruit-Fusion-100x100.jpg 100w, https:\/\/www.vape4wholesale.com\/wp-content\/uploads\/2022\/11\/kamry-akula-vape-Fruit-Fusion-510x510.jpg 510w, https:\/\/www.vape4wholesale.com\/wp-content\/uploads\/2022\/11\/kamry-akula-vape-Fruit-Fusion-64x64.jpg 64w, https:\/\/www.vape4wholesale.com\/wp-content\/uploads\/2022\/11\/kamry-akula-vape-Fruit-Fusion-300x300.jpg 300w, https:\/\/www.vape4wholesale.com\/wp-content\/uploads\/2022\/11\/kamry-akula-vape-Fruit-Fusion-150x150.jpg 150w, https:\/\/www.vape4wholesale.com\/wp-content\/uploads\/2022\/11\/kamry-akula-vape-Fruit-Fusion-768x768.jpg 768w\" sizes=\"auto, (max-width: 800px) 100vw, 800px\" \/><figcaption id=\"caption-attachment-12484\" class=\"wp-caption-text\">Kamry Akula Vape f\u00f6r eng\u00e5ngsbruk Partihandel<\/figcaption><\/figure>\n<p>&nbsp;<\/p>\n<p>&nbsp;<\/p>\n<p>&nbsp;<\/p>\n<p>&nbsp;<\/p>","protected":false},"excerpt":{"rendered":"[scf-template id=&#8217;11434&#8242;]\n","protected":false},"featured_media":12480,"comment_status":"open","ping_status":"closed","template":"","meta":[],"pwb-brand":[1281],"product_cat":[869],"product_tag":[30,173,177,22,24],"class_list":{"0":"post-6660","1":"product","2":"type-product","3":"status-publish","4":"has-post-thumbnail","6":"pwb-brand-kamry","7":"product_cat-5000-8000-puffs","8":"product_tag-kamry","9":"product_tag-6000-puffs","10":"product_tag-14-0ml","11":"product_tag-disposable","12":"product_tag-wholesale","14":"first","15":"instock","16":"shipping-taxable","17":"purchasable","18":"product-type-variable"},"aioseo_notices":[],"brands":[{"id":1281,"name":"Kamry","slug":"kamry"}],"_links":{"self":[{"href":"https:\/\/www.vape4wholesale.com\/sv\/wp-json\/wp\/v2\/product\/6660","targetHints":{"allow":["GET"]}}],"collection":[{"href":"https:\/\/www.vape4wholesale.com\/sv\/wp-json\/wp\/v2\/product"}],"about":[{"href":"https:\/\/www.vape4wholesale.com\/sv\/wp-json\/wp\/v2\/types\/product"}],"replies":[{"embeddable":true,"href":"https:\/\/www.vape4wholesale.com\/sv\/wp-json\/wp\/v2\/comments?post=6660"}],"wp:featuredmedia":[{"embeddable":true,"href":"https:\/\/www.vape4wholesale.com\/sv\/wp-json\/wp\/v2\/media\/12480"}],"wp:attachment":[{"href":"https:\/\/www.vape4wholesale.com\/sv\/wp-json\/wp\/v2\/media?parent=6660"}],"wp:term":[{"taxonomy":"pwb-brand","embeddable":true,"href":"https:\/\/www.vape4wholesale.com\/sv\/wp-json\/wp\/v2\/pwb-brand?post=6660"},{"taxonomy":"product_cat","embeddable":true,"href":"https:\/\/www.vape4wholesale.com\/sv\/wp-json\/wp\/v2\/product_cat?post=6660"},{"taxonomy":"product_tag","embeddable":true,"href":"https:\/\/www.vape4wholesale.com\/sv\/wp-json\/wp\/v2\/product_tag?post=6660"}],"curies":[{"name":"wp","href":"https:\/\/api.w.org\/{rel}","templated":true}]}}