{"id":6136,"date":"2022-05-19T23:02:44","date_gmt":"2022-05-19T15:02:44","guid":{"rendered":"https:\/\/www.vape4wholesale.com\/?post_type=product&#038;p=6136"},"modified":"2026-01-26T13:43:44","modified_gmt":"2026-01-26T13:43:44","slug":"lavie-6000-puffar-engangsvapor-grossist","status":"publish","type":"product","link":"https:\/\/www.vape4wholesale.com\/sv\/product\/lavie-6000-puffs-disposable-vapes-wholesale","title":{"rendered":"Lavie 6000 Puffs eng\u00e5ngsvapor grossist"},"content":{"rendered":"<p>den <a href=\"https:\/\/www.vape4wholesale.com\/sv\/produkt_varumarke\/lavie\/\">Lavie<\/a> 6000 \u00e4r en unikt designad uppladdningsbar eng\u00e5ngsvape med 600 mAh batteri, 15 ml e-juice och mesh coil inuti, st\u00f6djer max 6000 puffar.<\/p>\n<h2>LAVIE 6000 Eng\u00e5ngsvape Specifikationer:<\/h2>\n<p>Varum\u00e4rke: LAVIE<\/p>\n<p>Puffar:6000 Puffar finns tillg\u00e4ngliga per enhet.<\/p>\n<p>Nicotine:0%\/2%\/5%<\/p>\n<p>Kapacitet f\u00f6r e-juice: 15ML<\/p>\n<p>Batteri: 600 mAh<\/p>\n<p>Laddningsport: Typ C<\/p>\n<p>&nbsp;<\/p>\n<h2>Smak\u00e4mnen<\/h2>\n<p>Vattenmelon Jordgubbs-is<\/p>\n<p>Energidryck<\/p>\n<p>Grape Ice<\/p>\n<p>Mango is<\/p>\n<p>Juicy persika<\/p>\n<p>Blandade b\u00e4r<\/p>\n<p>Mango jordgubbs-is<\/p>\n<p>Bananmj\u00f6lk<\/p>\n<p>\u00c4pple Citron<\/p>\n<p>Cola is<\/p>\n<p>&nbsp;<\/p>\n<h2>F\u00f6rpackning och vikt<\/h2>\n<ul>\n<li>0.085KG\/ PC, 1PC\/l\u00e5da, 10PCS\/enhet.<\/li>\n<li>200 st\/ huvudkartong, 17 kg.<\/li>\n<\/ul>\n<figure id=\"attachment_13368\" aria-describedby=\"caption-attachment-13368\" style=\"width: 800px\" class=\"wp-caption alignnone\"><img loading=\"lazy\" decoding=\"async\" class=\"wp-image-13368 size-full\" title=\"LAVIE 6000 Puffs Eng\u00e5ngsvape Partihandel Apple Lemon\" src=\"https:\/\/www.vape4wholesale.com\/wp-content\/uploads\/2022\/05\/LAVIE-6000-Puffs-Disposable-Vape-Wholesale-Apple-Lemon.jpg\" alt=\"LAVIE 6000 Puffs Eng\u00e5ngsvape Partihandel Apple Lemon\" width=\"800\" height=\"800\" srcset=\"https:\/\/www.vape4wholesale.com\/wp-content\/uploads\/2022\/05\/LAVIE-6000-Puffs-Disposable-Vape-Wholesale-Apple-Lemon.jpg 800w, https:\/\/www.vape4wholesale.com\/wp-content\/uploads\/2022\/05\/LAVIE-6000-Puffs-Disposable-Vape-Wholesale-Apple-Lemon-247x247.jpg 247w, https:\/\/www.vape4wholesale.com\/wp-content\/uploads\/2022\/05\/LAVIE-6000-Puffs-Disposable-Vape-Wholesale-Apple-Lemon-100x100.jpg 100w, https:\/\/www.vape4wholesale.com\/wp-content\/uploads\/2022\/05\/LAVIE-6000-Puffs-Disposable-Vape-Wholesale-Apple-Lemon-510x510.jpg 510w, https:\/\/www.vape4wholesale.com\/wp-content\/uploads\/2022\/05\/LAVIE-6000-Puffs-Disposable-Vape-Wholesale-Apple-Lemon-64x64.jpg 64w, https:\/\/www.vape4wholesale.com\/wp-content\/uploads\/2022\/05\/LAVIE-6000-Puffs-Disposable-Vape-Wholesale-Apple-Lemon-300x300.jpg 300w, https:\/\/www.vape4wholesale.com\/wp-content\/uploads\/2022\/05\/LAVIE-6000-Puffs-Disposable-Vape-Wholesale-Apple-Lemon-150x150.jpg 150w, https:\/\/www.vape4wholesale.com\/wp-content\/uploads\/2022\/05\/LAVIE-6000-Puffs-Disposable-Vape-Wholesale-Apple-Lemon-768x768.jpg 768w\" sizes=\"auto, (max-width: 800px) 100vw, 800px\" \/><figcaption id=\"caption-attachment-13368\" class=\"wp-caption-text\">LAVIE 6000 Puffs Eng\u00e5ngsvape Partihandel<\/figcaption><\/figure>\n<p>&nbsp;<\/p>","protected":false},"excerpt":{"rendered":"[scf-template id=&#8217;11434&#8242;]\n","protected":false},"featured_media":13371,"comment_status":"open","ping_status":"closed","template":"","meta":[],"pwb-brand":[1277],"product_cat":[869],"product_tag":[173,233,22,24,37],"class_list":{"0":"post-6136","1":"product","2":"type-product","3":"status-publish","4":"has-post-thumbnail","6":"pwb-brand-lavie","7":"product_cat-5000-8000-puffs","8":"product_tag-6000-puffs","9":"product_tag-15-0ml","10":"product_tag-disposable","11":"product_tag-wholesale","12":"product_tag-lavie","14":"first","15":"outofstock","16":"shipping-taxable","17":"purchasable","18":"product-type-variable","19":"has-default-attributes"},"aioseo_notices":[],"brands":[{"id":1277,"name":"Lavie","slug":"lavie"}],"_links":{"self":[{"href":"https:\/\/www.vape4wholesale.com\/sv\/wp-json\/wp\/v2\/product\/6136","targetHints":{"allow":["GET"]}}],"collection":[{"href":"https:\/\/www.vape4wholesale.com\/sv\/wp-json\/wp\/v2\/product"}],"about":[{"href":"https:\/\/www.vape4wholesale.com\/sv\/wp-json\/wp\/v2\/types\/product"}],"replies":[{"embeddable":true,"href":"https:\/\/www.vape4wholesale.com\/sv\/wp-json\/wp\/v2\/comments?post=6136"}],"wp:featuredmedia":[{"embeddable":true,"href":"https:\/\/www.vape4wholesale.com\/sv\/wp-json\/wp\/v2\/media\/13371"}],"wp:attachment":[{"href":"https:\/\/www.vape4wholesale.com\/sv\/wp-json\/wp\/v2\/media?parent=6136"}],"wp:term":[{"taxonomy":"pwb-brand","embeddable":true,"href":"https:\/\/www.vape4wholesale.com\/sv\/wp-json\/wp\/v2\/pwb-brand?post=6136"},{"taxonomy":"product_cat","embeddable":true,"href":"https:\/\/www.vape4wholesale.com\/sv\/wp-json\/wp\/v2\/product_cat?post=6136"},{"taxonomy":"product_tag","embeddable":true,"href":"https:\/\/www.vape4wholesale.com\/sv\/wp-json\/wp\/v2\/product_tag?post=6136"}],"curies":[{"name":"wp","href":"https:\/\/api.w.org\/{rel}","templated":true}]}}