{"id":6041,"date":"2022-07-28T21:36:53","date_gmt":"2022-07-28T13:36:53","guid":{"rendered":"https:\/\/www.vape4wholesale.com\/?post_type=product&#038;p=6041"},"modified":"2026-01-26T13:43:27","modified_gmt":"2026-01-26T13:43:27","slug":"randm-dazzle-5000-puffar-engangs-vape-grossist","status":"publish","type":"product","link":"https:\/\/www.vape4wholesale.com\/sv\/product\/randm-dazzle-5000-puffs-disposable-vape-wholesale","title":{"rendered":"RandM Dazzle 5000 Puffs Eng\u00e5ngs Vape Partihandel"},"content":{"rendered":"<p><strong><a href=\"https:\/\/www.vape4wholesale.com\/sv\/produkt_varumarke\/randm\/\">RandM<\/a> Dazzle 5000<\/strong>\u00a0\u00e4r en eng\u00e5ngs vape-enhet med popul\u00e4r klar tank, f\u00e4rgglatt RGB-ljus och den \u00e4r p\u00e5fyllningsbar. Den inneh\u00e5ller 10 ml 0\/2\/3\/5% nikotinsalt e-juice och vape upp till 5000 puffar. Det finns 20 smaker f\u00f6r dig att v\u00e4lja. RGB-lampan g\u00f6r den till den coolaste eng\u00e5ngsenheten plus att den kommer med en uppladdningsbar USB-port p\u00e5 enhetens baksida, vilket garanterar att du avslutar den sista droppen av ejuice i tanken och lampan lyser hela tiden.<\/p>\n<h2><b data-stringify-type=\"bold\">RandM Dazzle 5000 Eng\u00e5ngsapparat Funktioner:<\/b><\/h2>\n<p>\u26110\/2\/3\/5% Nikotinsalt.<br \/>\n\u261110 ml e-juice.<br \/>\n\u26115000 Puffs per enhet.<br \/>\n\u26116 f\u00e4rger RGB-ljus<br \/>\n\u2611 Uppladdningsbart batteri<br \/>\n\u2611 P\u00e5fyllning av tank<br \/>\n\u2611Integrerat 1000mAh-batteri.<br \/>\n\u261112 tillg\u00e4ngliga smaker.<br \/>\n\u261110 st i en displayl\u00e5da.<br \/>\n\u2611300 st i en kartong.<\/p>\n<h2><b data-stringify-type=\"bold\">Smak\u00e4mnen<\/b><\/h2>\n<p>1. frodig ICE<br \/>\n2. Jordgubbar yougurt<br \/>\n3. Bananis<br \/>\n4.Blue Razz Ice<br \/>\n5. apelsinl\u00e4sk<br \/>\n6. Gummibj\u00f6rn<br \/>\n7.Stawberry vattenmelon<br \/>\n8.Bomullsp\u00e4ron<br \/>\n9. granat\u00e4pple<br \/>\n10.Persikoglass<br \/>\n11.R\u00f6tt \u00e4pple Melon is<br \/>\n12.Mixa b\u00e4r<br \/>\n13.Cheesecake med vattenmelon<br \/>\n14.Grape-is<br \/>\n15 Mango Guava<br \/>\n16 Tabak<br \/>\n17 Kiwi b\u00e4r<br \/>\n18 Cool Mint<br \/>\n19 Jordgubbe Lychee<br \/>\n20 Aloe Druva<\/p>\n<p><img loading=\"lazy\" decoding=\"async\" class=\"alignnone size-full wp-image-12805\" title=\"RandM Dazzle 5000 Puffs Eng\u00e5ngs Vape Partihandel (1)\" src=\"https:\/\/www.vape4wholesale.com\/wp-content\/uploads\/2022\/07\/RandM-Dazzle-5000-Puffs-Disposable-Vape-Wholesale-1.png\" alt=\"RandM Dazzle 5000 Puffs Eng\u00e5ngs Vape Partihandel (1)\" width=\"590\" height=\"504\" srcset=\"https:\/\/www.vape4wholesale.com\/wp-content\/uploads\/2022\/07\/RandM-Dazzle-5000-Puffs-Disposable-Vape-Wholesale-1.png 590w, https:\/\/www.vape4wholesale.com\/wp-content\/uploads\/2022\/07\/RandM-Dazzle-5000-Puffs-Disposable-Vape-Wholesale-1-510x436.png 510w, https:\/\/www.vape4wholesale.com\/wp-content\/uploads\/2022\/07\/RandM-Dazzle-5000-Puffs-Disposable-Vape-Wholesale-1-64x55.png 64w, https:\/\/www.vape4wholesale.com\/wp-content\/uploads\/2022\/07\/RandM-Dazzle-5000-Puffs-Disposable-Vape-Wholesale-1-300x256.png 300w\" sizes=\"auto, (max-width: 590px) 100vw, 590px\" \/> <img loading=\"lazy\" decoding=\"async\" class=\"alignnone size-full wp-image-12804\" title=\"RandM Dazzle 5000 Puffs Eng\u00e5ngs Vape Partihandel (1)\" src=\"https:\/\/www.vape4wholesale.com\/wp-content\/uploads\/2022\/07\/RandM-Dazzle-5000-Puffs-Disposable-Vape-Wholesale-1.jpg\" alt=\"RandM Dazzle 5000 Puffs Eng\u00e5ngs Vape Partihandel (1)\" width=\"590\" height=\"613\" srcset=\"https:\/\/www.vape4wholesale.com\/wp-content\/uploads\/2022\/07\/RandM-Dazzle-5000-Puffs-Disposable-Vape-Wholesale-1.jpg 590w, https:\/\/www.vape4wholesale.com\/wp-content\/uploads\/2022\/07\/RandM-Dazzle-5000-Puffs-Disposable-Vape-Wholesale-1-510x530.jpg 510w, https:\/\/www.vape4wholesale.com\/wp-content\/uploads\/2022\/07\/RandM-Dazzle-5000-Puffs-Disposable-Vape-Wholesale-1-64x66.jpg 64w, https:\/\/www.vape4wholesale.com\/wp-content\/uploads\/2022\/07\/RandM-Dazzle-5000-Puffs-Disposable-Vape-Wholesale-1-289x300.jpg 289w\" sizes=\"auto, (max-width: 590px) 100vw, 590px\" \/> <img loading=\"lazy\" decoding=\"async\" class=\"alignnone size-full wp-image-12801\" title=\"RandM Dazzle 5000 Puffs Eng\u00e5ngs Vape Partihandel (10)\" src=\"https:\/\/www.vape4wholesale.com\/wp-content\/uploads\/2022\/07\/RandM-Dazzle-5000-Puffs-Disposable-Vape-Wholesale-10.jpg\" alt=\"RandM Dazzle 5000 Puffs Eng\u00e5ngs Vape Partihandel (10)\" width=\"590\" height=\"613\" srcset=\"https:\/\/www.vape4wholesale.com\/wp-content\/uploads\/2022\/07\/RandM-Dazzle-5000-Puffs-Disposable-Vape-Wholesale-10.jpg 590w, https:\/\/www.vape4wholesale.com\/wp-content\/uploads\/2022\/07\/RandM-Dazzle-5000-Puffs-Disposable-Vape-Wholesale-10-510x530.jpg 510w, https:\/\/www.vape4wholesale.com\/wp-content\/uploads\/2022\/07\/RandM-Dazzle-5000-Puffs-Disposable-Vape-Wholesale-10-64x66.jpg 64w, https:\/\/www.vape4wholesale.com\/wp-content\/uploads\/2022\/07\/RandM-Dazzle-5000-Puffs-Disposable-Vape-Wholesale-10-289x300.jpg 289w\" sizes=\"auto, (max-width: 590px) 100vw, 590px\" \/> <img loading=\"lazy\" decoding=\"async\" class=\"alignnone size-full wp-image-12800\" title=\"RandM Dazzle 5000 Puffs Eng\u00e5ngs Vape Partihandel (9)\" src=\"https:\/\/www.vape4wholesale.com\/wp-content\/uploads\/2022\/07\/RandM-Dazzle-5000-Puffs-Disposable-Vape-Wholesale-9.jpg\" alt=\"RandM Dazzle 5000 Puffs Eng\u00e5ngs Vape Partihandel (9)\" width=\"590\" height=\"613\" srcset=\"https:\/\/www.vape4wholesale.com\/wp-content\/uploads\/2022\/07\/RandM-Dazzle-5000-Puffs-Disposable-Vape-Wholesale-9.jpg 590w, https:\/\/www.vape4wholesale.com\/wp-content\/uploads\/2022\/07\/RandM-Dazzle-5000-Puffs-Disposable-Vape-Wholesale-9-510x530.jpg 510w, https:\/\/www.vape4wholesale.com\/wp-content\/uploads\/2022\/07\/RandM-Dazzle-5000-Puffs-Disposable-Vape-Wholesale-9-64x66.jpg 64w, https:\/\/www.vape4wholesale.com\/wp-content\/uploads\/2022\/07\/RandM-Dazzle-5000-Puffs-Disposable-Vape-Wholesale-9-289x300.jpg 289w\" sizes=\"auto, (max-width: 590px) 100vw, 590px\" \/> <img loading=\"lazy\" decoding=\"async\" class=\"alignnone size-full wp-image-12795\" title=\"RandM Dazzle 5000 Puffs Eng\u00e5ngs Vape Partihandel (4)\" src=\"https:\/\/www.vape4wholesale.com\/wp-content\/uploads\/2022\/07\/RandM-Dazzle-5000-Puffs-Disposable-Vape-Wholesale-4.jpg\" alt=\"RandM Dazzle 5000 Puffs Eng\u00e5ngs Vape Partihandel (4)\" width=\"590\" height=\"613\" srcset=\"https:\/\/www.vape4wholesale.com\/wp-content\/uploads\/2022\/07\/RandM-Dazzle-5000-Puffs-Disposable-Vape-Wholesale-4.jpg 590w, https:\/\/www.vape4wholesale.com\/wp-content\/uploads\/2022\/07\/RandM-Dazzle-5000-Puffs-Disposable-Vape-Wholesale-4-510x530.jpg 510w, https:\/\/www.vape4wholesale.com\/wp-content\/uploads\/2022\/07\/RandM-Dazzle-5000-Puffs-Disposable-Vape-Wholesale-4-64x66.jpg 64w, https:\/\/www.vape4wholesale.com\/wp-content\/uploads\/2022\/07\/RandM-Dazzle-5000-Puffs-Disposable-Vape-Wholesale-4-289x300.jpg 289w\" sizes=\"auto, (max-width: 590px) 100vw, 590px\" \/> <img loading=\"lazy\" decoding=\"async\" class=\"alignnone size-full wp-image-12796\" title=\"RandM Dazzle 5000 Puffs Eng\u00e5ngs Vape Partihandel (5)\" src=\"https:\/\/www.vape4wholesale.com\/wp-content\/uploads\/2022\/07\/RandM-Dazzle-5000-Puffs-Disposable-Vape-Wholesale-5.jpg\" alt=\"RandM Dazzle 5000 Puffs Eng\u00e5ngs Vape Partihandel (5)\" width=\"590\" height=\"613\" srcset=\"https:\/\/www.vape4wholesale.com\/wp-content\/uploads\/2022\/07\/RandM-Dazzle-5000-Puffs-Disposable-Vape-Wholesale-5.jpg 590w, https:\/\/www.vape4wholesale.com\/wp-content\/uploads\/2022\/07\/RandM-Dazzle-5000-Puffs-Disposable-Vape-Wholesale-5-510x530.jpg 510w, https:\/\/www.vape4wholesale.com\/wp-content\/uploads\/2022\/07\/RandM-Dazzle-5000-Puffs-Disposable-Vape-Wholesale-5-64x66.jpg 64w, https:\/\/www.vape4wholesale.com\/wp-content\/uploads\/2022\/07\/RandM-Dazzle-5000-Puffs-Disposable-Vape-Wholesale-5-289x300.jpg 289w\" sizes=\"auto, (max-width: 590px) 100vw, 590px\" \/><\/p>\n<p>&nbsp;<\/p>","protected":false},"excerpt":{"rendered":"[scf-template id=&#8217;11434&#8242;]\n","protected":false},"featured_media":12805,"comment_status":"open","ping_status":"closed","template":"","meta":[],"pwb-brand":[1270],"product_cat":[57],"product_tag":[22,24,189,210,272],"class_list":{"0":"post-6041","1":"product","2":"type-product","3":"status-publish","4":"has-post-thumbnail","6":"pwb-brand-randm","7":"product_cat-4000-5000-puffs","8":"product_tag-disposable","9":"product_tag-wholesale","10":"product_tag-5000-puffs","11":"product_tag-10-0ml","12":"product_tag-randm","13":"wcpa_has_options","15":"first","16":"outofstock","17":"shipping-taxable","18":"purchasable","19":"product-type-variable"},"aioseo_notices":[],"brands":[{"id":1270,"name":"Randm","slug":"randm"}],"_links":{"self":[{"href":"https:\/\/www.vape4wholesale.com\/sv\/wp-json\/wp\/v2\/product\/6041","targetHints":{"allow":["GET"]}}],"collection":[{"href":"https:\/\/www.vape4wholesale.com\/sv\/wp-json\/wp\/v2\/product"}],"about":[{"href":"https:\/\/www.vape4wholesale.com\/sv\/wp-json\/wp\/v2\/types\/product"}],"replies":[{"embeddable":true,"href":"https:\/\/www.vape4wholesale.com\/sv\/wp-json\/wp\/v2\/comments?post=6041"}],"wp:featuredmedia":[{"embeddable":true,"href":"https:\/\/www.vape4wholesale.com\/sv\/wp-json\/wp\/v2\/media\/12805"}],"wp:attachment":[{"href":"https:\/\/www.vape4wholesale.com\/sv\/wp-json\/wp\/v2\/media?parent=6041"}],"wp:term":[{"taxonomy":"pwb-brand","embeddable":true,"href":"https:\/\/www.vape4wholesale.com\/sv\/wp-json\/wp\/v2\/pwb-brand?post=6041"},{"taxonomy":"product_cat","embeddable":true,"href":"https:\/\/www.vape4wholesale.com\/sv\/wp-json\/wp\/v2\/product_cat?post=6041"},{"taxonomy":"product_tag","embeddable":true,"href":"https:\/\/www.vape4wholesale.com\/sv\/wp-json\/wp\/v2\/product_tag?post=6041"}],"curies":[{"name":"wp","href":"https:\/\/api.w.org\/{rel}","templated":true}]}}