{"id":5973,"date":"2022-08-01T23:04:39","date_gmt":"2022-08-01T15:04:39","guid":{"rendered":"https:\/\/www.vape4wholesale.com\/?post_type=product&#038;p=5973"},"modified":"2026-01-26T13:43:20","modified_gmt":"2026-01-26T13:43:20","slug":"randm-glory-4800-puffar-engangs-vape-grossist","status":"publish","type":"product","link":"https:\/\/www.vape4wholesale.com\/sv\/product\/randm-glory-4800-puffs-disposable-vape-wholesale","title":{"rendered":"RANDM Glory 4800 puffar eng\u00e5ngsvape grossist"},"content":{"rendered":"<p><strong><a href=\"https:\/\/www.vape4wholesale.com\/sv\/produkt_varumarke\/randm\/\">RandM<\/a>\u00a0Glory 4800<\/strong>\u00a0\u00e4r en vape-enhet f\u00f6r eng\u00e5ngsbruk med snygg design. Den inneh\u00e5ller 10 ml 0\/2\/3\/5% nikotinsalt e-juice och kan anv\u00e4ndas i upp till 4800 puffar. Det finns 12 smaker f\u00f6r dig att v\u00e4lja. Denna enhet inneh\u00e5ller 1100 mah inbyggt batteri, som kan vape till sista droppen av ejuice.<\/p>\n<h2><b data-stringify-type=\"bold\">RandM Glory 4800 Eng\u00e5ngsvape Funktioner<\/b><\/h2>\n<p>\u26110% 2% 3% 5% Nikotinsalt<br \/>\n\u2611 10 ml E-v\u00e4tska.<br \/>\n\u2611 4800 Puffs<br \/>\n\u2611 N\u00e4tspole<br \/>\n\u2611 1100 mAh batteri (18400)<br \/>\n\u2611 12 olika smaker tillg\u00e4ngliga.<br \/>\n\u2611 10 st i en displayl\u00e5da.<br \/>\n\u2611 300 st i en kartong.<\/p>\n<h2><b data-stringify-type=\"bold\">Tillg\u00e4ngliga smaker<\/b><\/h2>\n<p>1. regnb\u00e5gsgodis<br \/>\n2. hallon jordgubb<br \/>\n3. bl\u00e5b\u00e4r k\u00f6rsb\u00e4r<br \/>\n4. bl\u00e5b\u00e4rsis<br \/>\n5. blandade b\u00e4r<br \/>\n6. jordgubbsmunkar<br \/>\n7. Grape Ice<br \/>\n8.Mint Menthol<br \/>\n9. tropisk frukt<br \/>\n10. Blue Razz<br \/>\n11.Jordgubbe Guava<br \/>\n12.Jordgubb Kiwi Vattenmelon<\/p>\n<p><img loading=\"lazy\" decoding=\"async\" class=\"alignnone size-full wp-image-12755\" title=\"RANDM Glory 4800 Puffs eng\u00e5ngsvape grossist (1)\" src=\"https:\/\/www.vape4wholesale.com\/wp-content\/uploads\/2022\/08\/RANDM-Glory-4800-Puffs-Disposable-Vape-Wholesale-1.jpg\" alt=\"RANDM Glory 4800 Puffs eng\u00e5ngsvape grossist (1)\" width=\"590\" height=\"505\" srcset=\"https:\/\/www.vape4wholesale.com\/wp-content\/uploads\/2022\/08\/RANDM-Glory-4800-Puffs-Disposable-Vape-Wholesale-1.jpg 590w, https:\/\/www.vape4wholesale.com\/wp-content\/uploads\/2022\/08\/RANDM-Glory-4800-Puffs-Disposable-Vape-Wholesale-1-510x437.jpg 510w, https:\/\/www.vape4wholesale.com\/wp-content\/uploads\/2022\/08\/RANDM-Glory-4800-Puffs-Disposable-Vape-Wholesale-1-64x55.jpg 64w, https:\/\/www.vape4wholesale.com\/wp-content\/uploads\/2022\/08\/RANDM-Glory-4800-Puffs-Disposable-Vape-Wholesale-1-300x257.jpg 300w\" sizes=\"auto, (max-width: 590px) 100vw, 590px\" \/> <img loading=\"lazy\" decoding=\"async\" class=\"alignnone size-full wp-image-12756\" title=\"RANDM Glory 4800 Puffs eng\u00e5ngsvape grossist (2)\" src=\"https:\/\/www.vape4wholesale.com\/wp-content\/uploads\/2022\/08\/RANDM-Glory-4800-Puffs-Disposable-Vape-Wholesale-2.jpg\" alt=\"RANDM Glory 4800 Puffs eng\u00e5ngsvape grossist (2)\" width=\"590\" height=\"590\" srcset=\"https:\/\/www.vape4wholesale.com\/wp-content\/uploads\/2022\/08\/RANDM-Glory-4800-Puffs-Disposable-Vape-Wholesale-2.jpg 590w, https:\/\/www.vape4wholesale.com\/wp-content\/uploads\/2022\/08\/RANDM-Glory-4800-Puffs-Disposable-Vape-Wholesale-2-247x247.jpg 247w, https:\/\/www.vape4wholesale.com\/wp-content\/uploads\/2022\/08\/RANDM-Glory-4800-Puffs-Disposable-Vape-Wholesale-2-100x100.jpg 100w, https:\/\/www.vape4wholesale.com\/wp-content\/uploads\/2022\/08\/RANDM-Glory-4800-Puffs-Disposable-Vape-Wholesale-2-510x510.jpg 510w, https:\/\/www.vape4wholesale.com\/wp-content\/uploads\/2022\/08\/RANDM-Glory-4800-Puffs-Disposable-Vape-Wholesale-2-64x64.jpg 64w, https:\/\/www.vape4wholesale.com\/wp-content\/uploads\/2022\/08\/RANDM-Glory-4800-Puffs-Disposable-Vape-Wholesale-2-300x300.jpg 300w, https:\/\/www.vape4wholesale.com\/wp-content\/uploads\/2022\/08\/RANDM-Glory-4800-Puffs-Disposable-Vape-Wholesale-2-150x150.jpg 150w\" sizes=\"auto, (max-width: 590px) 100vw, 590px\" \/> <img loading=\"lazy\" decoding=\"async\" class=\"alignnone size-full wp-image-12757\" title=\"RANDM Glory 4800 Puffs eng\u00e5ngsvape grossist (3)\" src=\"https:\/\/www.vape4wholesale.com\/wp-content\/uploads\/2022\/08\/RANDM-Glory-4800-Puffs-Disposable-Vape-Wholesale-3.jpg\" alt=\"RANDM Glory 4800 Puffs eng\u00e5ngsvape grossist (3)\" width=\"590\" height=\"590\" srcset=\"https:\/\/www.vape4wholesale.com\/wp-content\/uploads\/2022\/08\/RANDM-Glory-4800-Puffs-Disposable-Vape-Wholesale-3.jpg 590w, https:\/\/www.vape4wholesale.com\/wp-content\/uploads\/2022\/08\/RANDM-Glory-4800-Puffs-Disposable-Vape-Wholesale-3-247x247.jpg 247w, https:\/\/www.vape4wholesale.com\/wp-content\/uploads\/2022\/08\/RANDM-Glory-4800-Puffs-Disposable-Vape-Wholesale-3-100x100.jpg 100w, https:\/\/www.vape4wholesale.com\/wp-content\/uploads\/2022\/08\/RANDM-Glory-4800-Puffs-Disposable-Vape-Wholesale-3-510x510.jpg 510w, https:\/\/www.vape4wholesale.com\/wp-content\/uploads\/2022\/08\/RANDM-Glory-4800-Puffs-Disposable-Vape-Wholesale-3-64x64.jpg 64w, https:\/\/www.vape4wholesale.com\/wp-content\/uploads\/2022\/08\/RANDM-Glory-4800-Puffs-Disposable-Vape-Wholesale-3-300x300.jpg 300w, https:\/\/www.vape4wholesale.com\/wp-content\/uploads\/2022\/08\/RANDM-Glory-4800-Puffs-Disposable-Vape-Wholesale-3-150x150.jpg 150w\" sizes=\"auto, (max-width: 590px) 100vw, 590px\" \/> <img loading=\"lazy\" decoding=\"async\" class=\"alignnone size-full wp-image-12758\" title=\"RANDM Glory 4800 Puffs eng\u00e5ngsvape grossist (4)\" src=\"https:\/\/www.vape4wholesale.com\/wp-content\/uploads\/2022\/08\/RANDM-Glory-4800-Puffs-Disposable-Vape-Wholesale-4.jpg\" alt=\"RANDM Glory 4800 Puffs eng\u00e5ngsvape grossist (4)\" width=\"590\" height=\"590\" srcset=\"https:\/\/www.vape4wholesale.com\/wp-content\/uploads\/2022\/08\/RANDM-Glory-4800-Puffs-Disposable-Vape-Wholesale-4.jpg 590w, https:\/\/www.vape4wholesale.com\/wp-content\/uploads\/2022\/08\/RANDM-Glory-4800-Puffs-Disposable-Vape-Wholesale-4-247x247.jpg 247w, https:\/\/www.vape4wholesale.com\/wp-content\/uploads\/2022\/08\/RANDM-Glory-4800-Puffs-Disposable-Vape-Wholesale-4-100x100.jpg 100w, https:\/\/www.vape4wholesale.com\/wp-content\/uploads\/2022\/08\/RANDM-Glory-4800-Puffs-Disposable-Vape-Wholesale-4-510x510.jpg 510w, https:\/\/www.vape4wholesale.com\/wp-content\/uploads\/2022\/08\/RANDM-Glory-4800-Puffs-Disposable-Vape-Wholesale-4-64x64.jpg 64w, https:\/\/www.vape4wholesale.com\/wp-content\/uploads\/2022\/08\/RANDM-Glory-4800-Puffs-Disposable-Vape-Wholesale-4-300x300.jpg 300w, https:\/\/www.vape4wholesale.com\/wp-content\/uploads\/2022\/08\/RANDM-Glory-4800-Puffs-Disposable-Vape-Wholesale-4-150x150.jpg 150w\" sizes=\"auto, (max-width: 590px) 100vw, 590px\" \/> <img loading=\"lazy\" decoding=\"async\" class=\"alignnone size-full wp-image-12759\" title=\"RANDM Glory 4800 Puffs eng\u00e5ngsvape grossist (5)\" src=\"https:\/\/www.vape4wholesale.com\/wp-content\/uploads\/2022\/08\/RANDM-Glory-4800-Puffs-Disposable-Vape-Wholesale-5.jpg\" alt=\"RANDM Glory 4800 Puffs eng\u00e5ngsvape grossist (5)\" width=\"590\" height=\"590\" srcset=\"https:\/\/www.vape4wholesale.com\/wp-content\/uploads\/2022\/08\/RANDM-Glory-4800-Puffs-Disposable-Vape-Wholesale-5.jpg 590w, https:\/\/www.vape4wholesale.com\/wp-content\/uploads\/2022\/08\/RANDM-Glory-4800-Puffs-Disposable-Vape-Wholesale-5-247x247.jpg 247w, https:\/\/www.vape4wholesale.com\/wp-content\/uploads\/2022\/08\/RANDM-Glory-4800-Puffs-Disposable-Vape-Wholesale-5-100x100.jpg 100w, https:\/\/www.vape4wholesale.com\/wp-content\/uploads\/2022\/08\/RANDM-Glory-4800-Puffs-Disposable-Vape-Wholesale-5-510x510.jpg 510w, https:\/\/www.vape4wholesale.com\/wp-content\/uploads\/2022\/08\/RANDM-Glory-4800-Puffs-Disposable-Vape-Wholesale-5-64x64.jpg 64w, https:\/\/www.vape4wholesale.com\/wp-content\/uploads\/2022\/08\/RANDM-Glory-4800-Puffs-Disposable-Vape-Wholesale-5-300x300.jpg 300w, https:\/\/www.vape4wholesale.com\/wp-content\/uploads\/2022\/08\/RANDM-Glory-4800-Puffs-Disposable-Vape-Wholesale-5-150x150.jpg 150w\" sizes=\"auto, (max-width: 590px) 100vw, 590px\" \/> <img loading=\"lazy\" decoding=\"async\" class=\"alignnone size-full wp-image-12760\" title=\"RANDM Glory 4800 Puffs eng\u00e5ngsvape grossist (6)\" src=\"https:\/\/www.vape4wholesale.com\/wp-content\/uploads\/2022\/08\/RANDM-Glory-4800-Puffs-Disposable-Vape-Wholesale-6.jpg\" alt=\"RANDM Glory 4800 Puffs eng\u00e5ngsvape grossist (6)\" width=\"590\" height=\"590\" srcset=\"https:\/\/www.vape4wholesale.com\/wp-content\/uploads\/2022\/08\/RANDM-Glory-4800-Puffs-Disposable-Vape-Wholesale-6.jpg 590w, https:\/\/www.vape4wholesale.com\/wp-content\/uploads\/2022\/08\/RANDM-Glory-4800-Puffs-Disposable-Vape-Wholesale-6-247x247.jpg 247w, https:\/\/www.vape4wholesale.com\/wp-content\/uploads\/2022\/08\/RANDM-Glory-4800-Puffs-Disposable-Vape-Wholesale-6-100x100.jpg 100w, https:\/\/www.vape4wholesale.com\/wp-content\/uploads\/2022\/08\/RANDM-Glory-4800-Puffs-Disposable-Vape-Wholesale-6-510x510.jpg 510w, https:\/\/www.vape4wholesale.com\/wp-content\/uploads\/2022\/08\/RANDM-Glory-4800-Puffs-Disposable-Vape-Wholesale-6-64x64.jpg 64w, https:\/\/www.vape4wholesale.com\/wp-content\/uploads\/2022\/08\/RANDM-Glory-4800-Puffs-Disposable-Vape-Wholesale-6-300x300.jpg 300w, https:\/\/www.vape4wholesale.com\/wp-content\/uploads\/2022\/08\/RANDM-Glory-4800-Puffs-Disposable-Vape-Wholesale-6-150x150.jpg 150w\" sizes=\"auto, (max-width: 590px) 100vw, 590px\" \/> <img loading=\"lazy\" decoding=\"async\" class=\"alignnone size-full wp-image-12761\" title=\"RANDM Glory 4800 Puffs eng\u00e5ngsvape grossist (7)\" src=\"https:\/\/www.vape4wholesale.com\/wp-content\/uploads\/2022\/08\/RANDM-Glory-4800-Puffs-Disposable-Vape-Wholesale-7.jpg\" alt=\"RANDM Glory 4800 Puffs eng\u00e5ngsvape grossist (7)\" width=\"590\" height=\"590\" srcset=\"https:\/\/www.vape4wholesale.com\/wp-content\/uploads\/2022\/08\/RANDM-Glory-4800-Puffs-Disposable-Vape-Wholesale-7.jpg 590w, https:\/\/www.vape4wholesale.com\/wp-content\/uploads\/2022\/08\/RANDM-Glory-4800-Puffs-Disposable-Vape-Wholesale-7-247x247.jpg 247w, https:\/\/www.vape4wholesale.com\/wp-content\/uploads\/2022\/08\/RANDM-Glory-4800-Puffs-Disposable-Vape-Wholesale-7-100x100.jpg 100w, https:\/\/www.vape4wholesale.com\/wp-content\/uploads\/2022\/08\/RANDM-Glory-4800-Puffs-Disposable-Vape-Wholesale-7-510x510.jpg 510w, https:\/\/www.vape4wholesale.com\/wp-content\/uploads\/2022\/08\/RANDM-Glory-4800-Puffs-Disposable-Vape-Wholesale-7-64x64.jpg 64w, https:\/\/www.vape4wholesale.com\/wp-content\/uploads\/2022\/08\/RANDM-Glory-4800-Puffs-Disposable-Vape-Wholesale-7-300x300.jpg 300w, https:\/\/www.vape4wholesale.com\/wp-content\/uploads\/2022\/08\/RANDM-Glory-4800-Puffs-Disposable-Vape-Wholesale-7-150x150.jpg 150w\" sizes=\"auto, (max-width: 590px) 100vw, 590px\" \/> <img loading=\"lazy\" decoding=\"async\" class=\"alignnone size-full wp-image-12762\" title=\"RANDM Glory 4800 Puffs eng\u00e5ngsvape grossist (8)\" src=\"https:\/\/www.vape4wholesale.com\/wp-content\/uploads\/2022\/08\/RANDM-Glory-4800-Puffs-Disposable-Vape-Wholesale-8.jpg\" alt=\"RANDM Glory 4800 Puffs eng\u00e5ngsvape grossist (8)\" width=\"590\" height=\"590\" srcset=\"https:\/\/www.vape4wholesale.com\/wp-content\/uploads\/2022\/08\/RANDM-Glory-4800-Puffs-Disposable-Vape-Wholesale-8.jpg 590w, https:\/\/www.vape4wholesale.com\/wp-content\/uploads\/2022\/08\/RANDM-Glory-4800-Puffs-Disposable-Vape-Wholesale-8-247x247.jpg 247w, https:\/\/www.vape4wholesale.com\/wp-content\/uploads\/2022\/08\/RANDM-Glory-4800-Puffs-Disposable-Vape-Wholesale-8-100x100.jpg 100w, https:\/\/www.vape4wholesale.com\/wp-content\/uploads\/2022\/08\/RANDM-Glory-4800-Puffs-Disposable-Vape-Wholesale-8-510x510.jpg 510w, https:\/\/www.vape4wholesale.com\/wp-content\/uploads\/2022\/08\/RANDM-Glory-4800-Puffs-Disposable-Vape-Wholesale-8-64x64.jpg 64w, https:\/\/www.vape4wholesale.com\/wp-content\/uploads\/2022\/08\/RANDM-Glory-4800-Puffs-Disposable-Vape-Wholesale-8-300x300.jpg 300w, https:\/\/www.vape4wholesale.com\/wp-content\/uploads\/2022\/08\/RANDM-Glory-4800-Puffs-Disposable-Vape-Wholesale-8-150x150.jpg 150w\" sizes=\"auto, (max-width: 590px) 100vw, 590px\" \/> <img loading=\"lazy\" decoding=\"async\" class=\"alignnone size-full wp-image-12763\" title=\"RANDM Glory 4800 Puffs eng\u00e5ngsvape grossist (9)\" src=\"https:\/\/www.vape4wholesale.com\/wp-content\/uploads\/2022\/08\/RANDM-Glory-4800-Puffs-Disposable-Vape-Wholesale-9.jpg\" alt=\"RANDM Glory 4800 Puffs eng\u00e5ngsvape grossist (9)\" width=\"590\" height=\"590\" srcset=\"https:\/\/www.vape4wholesale.com\/wp-content\/uploads\/2022\/08\/RANDM-Glory-4800-Puffs-Disposable-Vape-Wholesale-9.jpg 590w, https:\/\/www.vape4wholesale.com\/wp-content\/uploads\/2022\/08\/RANDM-Glory-4800-Puffs-Disposable-Vape-Wholesale-9-247x247.jpg 247w, https:\/\/www.vape4wholesale.com\/wp-content\/uploads\/2022\/08\/RANDM-Glory-4800-Puffs-Disposable-Vape-Wholesale-9-100x100.jpg 100w, https:\/\/www.vape4wholesale.com\/wp-content\/uploads\/2022\/08\/RANDM-Glory-4800-Puffs-Disposable-Vape-Wholesale-9-510x510.jpg 510w, https:\/\/www.vape4wholesale.com\/wp-content\/uploads\/2022\/08\/RANDM-Glory-4800-Puffs-Disposable-Vape-Wholesale-9-64x64.jpg 64w, https:\/\/www.vape4wholesale.com\/wp-content\/uploads\/2022\/08\/RANDM-Glory-4800-Puffs-Disposable-Vape-Wholesale-9-300x300.jpg 300w, https:\/\/www.vape4wholesale.com\/wp-content\/uploads\/2022\/08\/RANDM-Glory-4800-Puffs-Disposable-Vape-Wholesale-9-150x150.jpg 150w\" sizes=\"auto, (max-width: 590px) 100vw, 590px\" \/> <img loading=\"lazy\" decoding=\"async\" class=\"alignnone size-full wp-image-12764\" title=\"RANDM Glory 4800 Puffs eng\u00e5ngsvape grossist (10)\" src=\"https:\/\/www.vape4wholesale.com\/wp-content\/uploads\/2022\/08\/RANDM-Glory-4800-Puffs-Disposable-Vape-Wholesale-10.jpg\" alt=\"RANDM Glory 4800 Puffs eng\u00e5ngsvape grossist (10)\" width=\"590\" height=\"590\" srcset=\"https:\/\/www.vape4wholesale.com\/wp-content\/uploads\/2022\/08\/RANDM-Glory-4800-Puffs-Disposable-Vape-Wholesale-10.jpg 590w, https:\/\/www.vape4wholesale.com\/wp-content\/uploads\/2022\/08\/RANDM-Glory-4800-Puffs-Disposable-Vape-Wholesale-10-247x247.jpg 247w, https:\/\/www.vape4wholesale.com\/wp-content\/uploads\/2022\/08\/RANDM-Glory-4800-Puffs-Disposable-Vape-Wholesale-10-100x100.jpg 100w, https:\/\/www.vape4wholesale.com\/wp-content\/uploads\/2022\/08\/RANDM-Glory-4800-Puffs-Disposable-Vape-Wholesale-10-510x510.jpg 510w, https:\/\/www.vape4wholesale.com\/wp-content\/uploads\/2022\/08\/RANDM-Glory-4800-Puffs-Disposable-Vape-Wholesale-10-64x64.jpg 64w, https:\/\/www.vape4wholesale.com\/wp-content\/uploads\/2022\/08\/RANDM-Glory-4800-Puffs-Disposable-Vape-Wholesale-10-300x300.jpg 300w, https:\/\/www.vape4wholesale.com\/wp-content\/uploads\/2022\/08\/RANDM-Glory-4800-Puffs-Disposable-Vape-Wholesale-10-150x150.jpg 150w\" sizes=\"auto, (max-width: 590px) 100vw, 590px\" \/> <img loading=\"lazy\" decoding=\"async\" class=\"alignnone size-full wp-image-12765\" title=\"RANDM Glory 4800 Puffs eng\u00e5ngsvape grossist (11)\" src=\"https:\/\/www.vape4wholesale.com\/wp-content\/uploads\/2022\/08\/RANDM-Glory-4800-Puffs-Disposable-Vape-Wholesale-11.jpg\" alt=\"RANDM Glory 4800 Puffs eng\u00e5ngsvape grossist (11)\" width=\"590\" height=\"590\" srcset=\"https:\/\/www.vape4wholesale.com\/wp-content\/uploads\/2022\/08\/RANDM-Glory-4800-Puffs-Disposable-Vape-Wholesale-11.jpg 590w, https:\/\/www.vape4wholesale.com\/wp-content\/uploads\/2022\/08\/RANDM-Glory-4800-Puffs-Disposable-Vape-Wholesale-11-247x247.jpg 247w, https:\/\/www.vape4wholesale.com\/wp-content\/uploads\/2022\/08\/RANDM-Glory-4800-Puffs-Disposable-Vape-Wholesale-11-100x100.jpg 100w, https:\/\/www.vape4wholesale.com\/wp-content\/uploads\/2022\/08\/RANDM-Glory-4800-Puffs-Disposable-Vape-Wholesale-11-510x510.jpg 510w, https:\/\/www.vape4wholesale.com\/wp-content\/uploads\/2022\/08\/RANDM-Glory-4800-Puffs-Disposable-Vape-Wholesale-11-64x64.jpg 64w, https:\/\/www.vape4wholesale.com\/wp-content\/uploads\/2022\/08\/RANDM-Glory-4800-Puffs-Disposable-Vape-Wholesale-11-300x300.jpg 300w, https:\/\/www.vape4wholesale.com\/wp-content\/uploads\/2022\/08\/RANDM-Glory-4800-Puffs-Disposable-Vape-Wholesale-11-150x150.jpg 150w\" sizes=\"auto, (max-width: 590px) 100vw, 590px\" \/> <img loading=\"lazy\" decoding=\"async\" class=\"alignnone size-full wp-image-12766\" title=\"RANDM Glory 4800 Puffs eng\u00e5ngsvape grossist (12)\" src=\"https:\/\/www.vape4wholesale.com\/wp-content\/uploads\/2022\/08\/RANDM-Glory-4800-Puffs-Disposable-Vape-Wholesale-12.jpg\" alt=\"RANDM Glory 4800 Puffs eng\u00e5ngsvape grossist (12)\" width=\"590\" height=\"590\" srcset=\"https:\/\/www.vape4wholesale.com\/wp-content\/uploads\/2022\/08\/RANDM-Glory-4800-Puffs-Disposable-Vape-Wholesale-12.jpg 590w, https:\/\/www.vape4wholesale.com\/wp-content\/uploads\/2022\/08\/RANDM-Glory-4800-Puffs-Disposable-Vape-Wholesale-12-247x247.jpg 247w, https:\/\/www.vape4wholesale.com\/wp-content\/uploads\/2022\/08\/RANDM-Glory-4800-Puffs-Disposable-Vape-Wholesale-12-100x100.jpg 100w, https:\/\/www.vape4wholesale.com\/wp-content\/uploads\/2022\/08\/RANDM-Glory-4800-Puffs-Disposable-Vape-Wholesale-12-510x510.jpg 510w, https:\/\/www.vape4wholesale.com\/wp-content\/uploads\/2022\/08\/RANDM-Glory-4800-Puffs-Disposable-Vape-Wholesale-12-64x64.jpg 64w, https:\/\/www.vape4wholesale.com\/wp-content\/uploads\/2022\/08\/RANDM-Glory-4800-Puffs-Disposable-Vape-Wholesale-12-300x300.jpg 300w, https:\/\/www.vape4wholesale.com\/wp-content\/uploads\/2022\/08\/RANDM-Glory-4800-Puffs-Disposable-Vape-Wholesale-12-150x150.jpg 150w\" sizes=\"auto, (max-width: 590px) 100vw, 590px\" \/> <img loading=\"lazy\" decoding=\"async\" class=\"alignnone size-full wp-image-12767\" title=\"RANDM Glory 4800 Puffs eng\u00e5ngsvape grossist (13)\" src=\"https:\/\/www.vape4wholesale.com\/wp-content\/uploads\/2022\/08\/RANDM-Glory-4800-Puffs-Disposable-Vape-Wholesale-13.jpg\" alt=\"RANDM Glory 4800 Puffs eng\u00e5ngsvape grossist (13)\" width=\"590\" height=\"590\" srcset=\"https:\/\/www.vape4wholesale.com\/wp-content\/uploads\/2022\/08\/RANDM-Glory-4800-Puffs-Disposable-Vape-Wholesale-13.jpg 590w, https:\/\/www.vape4wholesale.com\/wp-content\/uploads\/2022\/08\/RANDM-Glory-4800-Puffs-Disposable-Vape-Wholesale-13-247x247.jpg 247w, https:\/\/www.vape4wholesale.com\/wp-content\/uploads\/2022\/08\/RANDM-Glory-4800-Puffs-Disposable-Vape-Wholesale-13-100x100.jpg 100w, https:\/\/www.vape4wholesale.com\/wp-content\/uploads\/2022\/08\/RANDM-Glory-4800-Puffs-Disposable-Vape-Wholesale-13-510x510.jpg 510w, https:\/\/www.vape4wholesale.com\/wp-content\/uploads\/2022\/08\/RANDM-Glory-4800-Puffs-Disposable-Vape-Wholesale-13-64x64.jpg 64w, https:\/\/www.vape4wholesale.com\/wp-content\/uploads\/2022\/08\/RANDM-Glory-4800-Puffs-Disposable-Vape-Wholesale-13-300x300.jpg 300w, https:\/\/www.vape4wholesale.com\/wp-content\/uploads\/2022\/08\/RANDM-Glory-4800-Puffs-Disposable-Vape-Wholesale-13-150x150.jpg 150w\" sizes=\"auto, (max-width: 590px) 100vw, 590px\" \/><\/p>","protected":false},"excerpt":{"rendered":"[scf-template id=&#8217;11434&#8242;]\n","protected":false},"featured_media":12755,"comment_status":"open","ping_status":"closed","template":"","meta":[],"pwb-brand":[1270],"product_cat":[57],"product_tag":[210,272,303,22,24],"class_list":{"0":"post-5973","1":"product","2":"type-product","3":"status-publish","4":"has-post-thumbnail","6":"pwb-brand-randm","7":"product_cat-4000-5000-puffs","8":"product_tag-10-0ml","9":"product_tag-randm","10":"product_tag-4800-puffs","11":"product_tag-disposable","12":"product_tag-wholesale","13":"wcpa_has_options","15":"first","16":"outofstock","17":"shipping-taxable","18":"purchasable","19":"product-type-variable"},"aioseo_notices":[],"brands":[{"id":1270,"name":"Randm","slug":"randm"}],"_links":{"self":[{"href":"https:\/\/www.vape4wholesale.com\/sv\/wp-json\/wp\/v2\/product\/5973","targetHints":{"allow":["GET"]}}],"collection":[{"href":"https:\/\/www.vape4wholesale.com\/sv\/wp-json\/wp\/v2\/product"}],"about":[{"href":"https:\/\/www.vape4wholesale.com\/sv\/wp-json\/wp\/v2\/types\/product"}],"replies":[{"embeddable":true,"href":"https:\/\/www.vape4wholesale.com\/sv\/wp-json\/wp\/v2\/comments?post=5973"}],"wp:featuredmedia":[{"embeddable":true,"href":"https:\/\/www.vape4wholesale.com\/sv\/wp-json\/wp\/v2\/media\/12755"}],"wp:attachment":[{"href":"https:\/\/www.vape4wholesale.com\/sv\/wp-json\/wp\/v2\/media?parent=5973"}],"wp:term":[{"taxonomy":"pwb-brand","embeddable":true,"href":"https:\/\/www.vape4wholesale.com\/sv\/wp-json\/wp\/v2\/pwb-brand?post=5973"},{"taxonomy":"product_cat","embeddable":true,"href":"https:\/\/www.vape4wholesale.com\/sv\/wp-json\/wp\/v2\/product_cat?post=5973"},{"taxonomy":"product_tag","embeddable":true,"href":"https:\/\/www.vape4wholesale.com\/sv\/wp-json\/wp\/v2\/product_tag?post=5973"}],"curies":[{"name":"wp","href":"https:\/\/api.w.org\/{rel}","templated":true}]}}