{"id":5907,"date":"2022-08-01T22:31:29","date_gmt":"2022-08-01T14:31:29","guid":{"rendered":"https:\/\/www.vape4wholesale.com\/?post_type=product&#038;p=5907"},"modified":"2026-01-26T13:43:23","modified_gmt":"2026-01-26T13:43:23","slug":"randm-kristall-4600-puffar-engangs-vape-grossist","status":"publish","type":"product","link":"https:\/\/www.vape4wholesale.com\/sv\/product\/randm-crystal-4600-puffs-disposable-vape-wholesale","title":{"rendered":"RandM Crystal 4600 Puffs Eng\u00e5ngsvape Partihandel"},"content":{"rendered":"<p><strong><a href=\"https:\/\/www.vape4wholesale.com\/sv\/produkt_varumarke\/randm\/\">RandM<\/a> Kristall<\/strong> 4600 \u00e4r en laddningsbar vape-enhet f\u00f6r eng\u00e5ngsbruk med cool design. Den inneh\u00e5ller 10 ml 0\/2\/3\/5% nikotinsalt e-juice och ger upp till 4600 puffar. Det finns 12 smaker f\u00f6r dig att v\u00e4lja. Den uppladdningsbara porten p\u00e5 enhetens baksida garanterar att du avslutar den sista droppen av ejuice i tanken hela tiden.<\/p>\n<h2><b data-stringify-type=\"bold\">RandM Crystal 4600 Eng\u00e5ngsvape Funktioner:<\/b><\/h2>\n<p>\u26110% 2% 3% 5% Nikotinsalt<br \/>\n\u2611 10 ml E-v\u00e4tska.<br \/>\n\u2611 4600 Puffs<br \/>\n\u2611 N\u00e4tspole<br \/>\n\u2611 650mah Uppladdningsbar<br \/>\n\u2611 12 olika smaker tillg\u00e4ngliga.<br \/>\n\u2611 10 st i en displayl\u00e5da.<br \/>\n\u2611 300 st i en kartong.<\/p>\n<h2><b data-stringify-type=\"bold\">Smak\u00e4mnen<\/b><\/h2>\n<p>1.Mr bl\u00e5<br \/>\n2. bl\u00e5b\u00e4r granat\u00e4pple<br \/>\n3. bl\u00e5b\u00e4r hallon<br \/>\n4. bl\u00e5b\u00e4rstuggummi<br \/>\n5. jordgubbsglass<br \/>\n6. frodig is<br \/>\n7. grapefrukt-is<br \/>\n8.Tiger blod<br \/>\n9. persika bl\u00e5b\u00e4r godis<br \/>\n10. persika mango<br \/>\n11. kiwi passionsfrukt guava<br \/>\n12.Jordgubb Vattenmelon Bubblegum<\/p>\n<p><img loading=\"lazy\" decoding=\"async\" class=\"alignnone size-full wp-image-12741\" title=\"RandM Crystal 4600 Puffs Vape f\u00f6r eng\u00e5ngsbruk grossist (1)\" src=\"https:\/\/www.vape4wholesale.com\/wp-content\/uploads\/2022\/08\/RandM-Crystal-4600-Puffs-Disposable-Vape-Wholesale-1.jpg\" alt=\"RandM Crystal 4600 Puffs Vape f\u00f6r eng\u00e5ngsbruk grossist (1)\" width=\"590\" height=\"505\" srcset=\"https:\/\/www.vape4wholesale.com\/wp-content\/uploads\/2022\/08\/RandM-Crystal-4600-Puffs-Disposable-Vape-Wholesale-1.jpg 590w, https:\/\/www.vape4wholesale.com\/wp-content\/uploads\/2022\/08\/RandM-Crystal-4600-Puffs-Disposable-Vape-Wholesale-1-510x437.jpg 510w, https:\/\/www.vape4wholesale.com\/wp-content\/uploads\/2022\/08\/RandM-Crystal-4600-Puffs-Disposable-Vape-Wholesale-1-64x55.jpg 64w, https:\/\/www.vape4wholesale.com\/wp-content\/uploads\/2022\/08\/RandM-Crystal-4600-Puffs-Disposable-Vape-Wholesale-1-300x257.jpg 300w\" sizes=\"auto, (max-width: 590px) 100vw, 590px\" \/> <img loading=\"lazy\" decoding=\"async\" class=\"alignnone size-full wp-image-12742\" title=\"RandM Crystal 4600 Puffs Vape f\u00f6r eng\u00e5ngsbruk Partihandel (2)\" src=\"https:\/\/www.vape4wholesale.com\/wp-content\/uploads\/2022\/08\/RandM-Crystal-4600-Puffs-Disposable-Vape-Wholesale-2.jpg\" alt=\"RandM Crystal 4600 Puffs Vape f\u00f6r eng\u00e5ngsbruk Partihandel (2)\" width=\"590\" height=\"590\" srcset=\"https:\/\/www.vape4wholesale.com\/wp-content\/uploads\/2022\/08\/RandM-Crystal-4600-Puffs-Disposable-Vape-Wholesale-2.jpg 590w, https:\/\/www.vape4wholesale.com\/wp-content\/uploads\/2022\/08\/RandM-Crystal-4600-Puffs-Disposable-Vape-Wholesale-2-247x247.jpg 247w, https:\/\/www.vape4wholesale.com\/wp-content\/uploads\/2022\/08\/RandM-Crystal-4600-Puffs-Disposable-Vape-Wholesale-2-100x100.jpg 100w, https:\/\/www.vape4wholesale.com\/wp-content\/uploads\/2022\/08\/RandM-Crystal-4600-Puffs-Disposable-Vape-Wholesale-2-510x510.jpg 510w, https:\/\/www.vape4wholesale.com\/wp-content\/uploads\/2022\/08\/RandM-Crystal-4600-Puffs-Disposable-Vape-Wholesale-2-64x64.jpg 64w, https:\/\/www.vape4wholesale.com\/wp-content\/uploads\/2022\/08\/RandM-Crystal-4600-Puffs-Disposable-Vape-Wholesale-2-300x300.jpg 300w, https:\/\/www.vape4wholesale.com\/wp-content\/uploads\/2022\/08\/RandM-Crystal-4600-Puffs-Disposable-Vape-Wholesale-2-150x150.jpg 150w\" sizes=\"auto, (max-width: 590px) 100vw, 590px\" \/> <img loading=\"lazy\" decoding=\"async\" class=\"alignnone size-full wp-image-12743\" title=\"RandM Crystal 4600 Puffs Vape f\u00f6r eng\u00e5ngsbruk Partihandel (3)\" src=\"https:\/\/www.vape4wholesale.com\/wp-content\/uploads\/2022\/08\/RandM-Crystal-4600-Puffs-Disposable-Vape-Wholesale-3.jpg\" alt=\"RandM Crystal 4600 Puffs Vape f\u00f6r eng\u00e5ngsbruk Partihandel (3)\" width=\"590\" height=\"590\" srcset=\"https:\/\/www.vape4wholesale.com\/wp-content\/uploads\/2022\/08\/RandM-Crystal-4600-Puffs-Disposable-Vape-Wholesale-3.jpg 590w, https:\/\/www.vape4wholesale.com\/wp-content\/uploads\/2022\/08\/RandM-Crystal-4600-Puffs-Disposable-Vape-Wholesale-3-247x247.jpg 247w, https:\/\/www.vape4wholesale.com\/wp-content\/uploads\/2022\/08\/RandM-Crystal-4600-Puffs-Disposable-Vape-Wholesale-3-100x100.jpg 100w, https:\/\/www.vape4wholesale.com\/wp-content\/uploads\/2022\/08\/RandM-Crystal-4600-Puffs-Disposable-Vape-Wholesale-3-510x510.jpg 510w, https:\/\/www.vape4wholesale.com\/wp-content\/uploads\/2022\/08\/RandM-Crystal-4600-Puffs-Disposable-Vape-Wholesale-3-64x64.jpg 64w, https:\/\/www.vape4wholesale.com\/wp-content\/uploads\/2022\/08\/RandM-Crystal-4600-Puffs-Disposable-Vape-Wholesale-3-300x300.jpg 300w, https:\/\/www.vape4wholesale.com\/wp-content\/uploads\/2022\/08\/RandM-Crystal-4600-Puffs-Disposable-Vape-Wholesale-3-150x150.jpg 150w\" sizes=\"auto, (max-width: 590px) 100vw, 590px\" \/> <img loading=\"lazy\" decoding=\"async\" class=\"alignnone size-full wp-image-12745\" title=\"RandM Crystal 4600 Puffs Vape f\u00f6r eng\u00e5ngsbruk Partihandel (5)\" src=\"https:\/\/www.vape4wholesale.com\/wp-content\/uploads\/2022\/08\/RandM-Crystal-4600-Puffs-Disposable-Vape-Wholesale-5.jpg\" alt=\"RandM Crystal 4600 Puffs Vape f\u00f6r eng\u00e5ngsbruk Partihandel (5)\" width=\"590\" height=\"590\" srcset=\"https:\/\/www.vape4wholesale.com\/wp-content\/uploads\/2022\/08\/RandM-Crystal-4600-Puffs-Disposable-Vape-Wholesale-5.jpg 590w, https:\/\/www.vape4wholesale.com\/wp-content\/uploads\/2022\/08\/RandM-Crystal-4600-Puffs-Disposable-Vape-Wholesale-5-247x247.jpg 247w, https:\/\/www.vape4wholesale.com\/wp-content\/uploads\/2022\/08\/RandM-Crystal-4600-Puffs-Disposable-Vape-Wholesale-5-100x100.jpg 100w, https:\/\/www.vape4wholesale.com\/wp-content\/uploads\/2022\/08\/RandM-Crystal-4600-Puffs-Disposable-Vape-Wholesale-5-510x510.jpg 510w, https:\/\/www.vape4wholesale.com\/wp-content\/uploads\/2022\/08\/RandM-Crystal-4600-Puffs-Disposable-Vape-Wholesale-5-64x64.jpg 64w, https:\/\/www.vape4wholesale.com\/wp-content\/uploads\/2022\/08\/RandM-Crystal-4600-Puffs-Disposable-Vape-Wholesale-5-300x300.jpg 300w, https:\/\/www.vape4wholesale.com\/wp-content\/uploads\/2022\/08\/RandM-Crystal-4600-Puffs-Disposable-Vape-Wholesale-5-150x150.jpg 150w\" sizes=\"auto, (max-width: 590px) 100vw, 590px\" \/> <img loading=\"lazy\" decoding=\"async\" class=\"alignnone size-full wp-image-12746\" title=\"RandM Crystal 4600 Puffs Vape f\u00f6r eng\u00e5ngsbruk Partihandel (6)\" src=\"https:\/\/www.vape4wholesale.com\/wp-content\/uploads\/2022\/08\/RandM-Crystal-4600-Puffs-Disposable-Vape-Wholesale-6.jpg\" alt=\"RandM Crystal 4600 Puffs Vape f\u00f6r eng\u00e5ngsbruk Partihandel (6)\" width=\"590\" height=\"590\" srcset=\"https:\/\/www.vape4wholesale.com\/wp-content\/uploads\/2022\/08\/RandM-Crystal-4600-Puffs-Disposable-Vape-Wholesale-6.jpg 590w, https:\/\/www.vape4wholesale.com\/wp-content\/uploads\/2022\/08\/RandM-Crystal-4600-Puffs-Disposable-Vape-Wholesale-6-247x247.jpg 247w, https:\/\/www.vape4wholesale.com\/wp-content\/uploads\/2022\/08\/RandM-Crystal-4600-Puffs-Disposable-Vape-Wholesale-6-100x100.jpg 100w, https:\/\/www.vape4wholesale.com\/wp-content\/uploads\/2022\/08\/RandM-Crystal-4600-Puffs-Disposable-Vape-Wholesale-6-510x510.jpg 510w, https:\/\/www.vape4wholesale.com\/wp-content\/uploads\/2022\/08\/RandM-Crystal-4600-Puffs-Disposable-Vape-Wholesale-6-64x64.jpg 64w, https:\/\/www.vape4wholesale.com\/wp-content\/uploads\/2022\/08\/RandM-Crystal-4600-Puffs-Disposable-Vape-Wholesale-6-300x300.jpg 300w, https:\/\/www.vape4wholesale.com\/wp-content\/uploads\/2022\/08\/RandM-Crystal-4600-Puffs-Disposable-Vape-Wholesale-6-150x150.jpg 150w\" sizes=\"auto, (max-width: 590px) 100vw, 590px\" \/> <img loading=\"lazy\" decoding=\"async\" class=\"alignnone size-full wp-image-12748\" title=\"RandM Crystal 4600 Puffs Vape f\u00f6r eng\u00e5ngsbruk Partihandel (8)\" src=\"https:\/\/www.vape4wholesale.com\/wp-content\/uploads\/2022\/08\/RandM-Crystal-4600-Puffs-Disposable-Vape-Wholesale-8.jpg\" alt=\"RandM Crystal 4600 Puffs Vape f\u00f6r eng\u00e5ngsbruk Partihandel (8)\" width=\"590\" height=\"590\" srcset=\"https:\/\/www.vape4wholesale.com\/wp-content\/uploads\/2022\/08\/RandM-Crystal-4600-Puffs-Disposable-Vape-Wholesale-8.jpg 590w, https:\/\/www.vape4wholesale.com\/wp-content\/uploads\/2022\/08\/RandM-Crystal-4600-Puffs-Disposable-Vape-Wholesale-8-247x247.jpg 247w, https:\/\/www.vape4wholesale.com\/wp-content\/uploads\/2022\/08\/RandM-Crystal-4600-Puffs-Disposable-Vape-Wholesale-8-100x100.jpg 100w, https:\/\/www.vape4wholesale.com\/wp-content\/uploads\/2022\/08\/RandM-Crystal-4600-Puffs-Disposable-Vape-Wholesale-8-510x510.jpg 510w, https:\/\/www.vape4wholesale.com\/wp-content\/uploads\/2022\/08\/RandM-Crystal-4600-Puffs-Disposable-Vape-Wholesale-8-64x64.jpg 64w, https:\/\/www.vape4wholesale.com\/wp-content\/uploads\/2022\/08\/RandM-Crystal-4600-Puffs-Disposable-Vape-Wholesale-8-300x300.jpg 300w, https:\/\/www.vape4wholesale.com\/wp-content\/uploads\/2022\/08\/RandM-Crystal-4600-Puffs-Disposable-Vape-Wholesale-8-150x150.jpg 150w\" sizes=\"auto, (max-width: 590px) 100vw, 590px\" \/><\/p>","protected":false},"excerpt":{"rendered":"[scf-template id=&#8217;11434&#8242;]\n","protected":false},"featured_media":12741,"comment_status":"open","ping_status":"closed","template":"","meta":[],"pwb-brand":[1270],"product_cat":[57],"product_tag":[210,272,298,22,24],"class_list":{"0":"post-5907","1":"product","2":"type-product","3":"status-publish","4":"has-post-thumbnail","6":"pwb-brand-randm","7":"product_cat-4000-5000-puffs","8":"product_tag-10-0ml","9":"product_tag-randm","10":"product_tag-4600-puffs","11":"product_tag-disposable","12":"product_tag-wholesale","13":"wcpa_has_options","15":"first","16":"outofstock","17":"shipping-taxable","18":"purchasable","19":"product-type-variable"},"aioseo_notices":[],"brands":[{"id":1270,"name":"Randm","slug":"randm"}],"_links":{"self":[{"href":"https:\/\/www.vape4wholesale.com\/sv\/wp-json\/wp\/v2\/product\/5907","targetHints":{"allow":["GET"]}}],"collection":[{"href":"https:\/\/www.vape4wholesale.com\/sv\/wp-json\/wp\/v2\/product"}],"about":[{"href":"https:\/\/www.vape4wholesale.com\/sv\/wp-json\/wp\/v2\/types\/product"}],"replies":[{"embeddable":true,"href":"https:\/\/www.vape4wholesale.com\/sv\/wp-json\/wp\/v2\/comments?post=5907"}],"wp:featuredmedia":[{"embeddable":true,"href":"https:\/\/www.vape4wholesale.com\/sv\/wp-json\/wp\/v2\/media\/12741"}],"wp:attachment":[{"href":"https:\/\/www.vape4wholesale.com\/sv\/wp-json\/wp\/v2\/media?parent=5907"}],"wp:term":[{"taxonomy":"pwb-brand","embeddable":true,"href":"https:\/\/www.vape4wholesale.com\/sv\/wp-json\/wp\/v2\/pwb-brand?post=5907"},{"taxonomy":"product_cat","embeddable":true,"href":"https:\/\/www.vape4wholesale.com\/sv\/wp-json\/wp\/v2\/product_cat?post=5907"},{"taxonomy":"product_tag","embeddable":true,"href":"https:\/\/www.vape4wholesale.com\/sv\/wp-json\/wp\/v2\/product_tag?post=5907"}],"curies":[{"name":"wp","href":"https:\/\/api.w.org\/{rel}","templated":true}]}}