{"id":5848,"date":"2022-07-03T14:32:51","date_gmt":"2022-07-03T06:32:51","guid":{"rendered":"https:\/\/www.vape4wholesale.com\/?post_type=product&#038;p=5848"},"modified":"2026-01-26T13:43:37","modified_gmt":"2026-01-26T13:43:37","slug":"bang-bc5000-engangs-vape-grossist","status":"publish","type":"product","link":"https:\/\/www.vape4wholesale.com\/sv\/product\/bang-bc5000-disposable-vape-wholesale","title":{"rendered":"Bang BC5000 eng\u00e5ngsvape grossist"},"content":{"rendered":"<p>den <strong>Bang BC5000<\/strong>\u00a0\u00e4r en uppladdningsbar Eng\u00e5ngs vape, levereras med inbyggt 650mah batteri med 13ml eliquid, nikotinstyrkan \u00e4r 5%, st\u00f6djer max 5000 puffar.<\/p>\n<h2>Bang BC5000 Eng\u00e5ngsvape Snabb detalj<\/h2>\n<ul>\n<li>Puffar: 5000<\/li>\n<li>Nikotinsalt: 5%<\/li>\n<li>Eliquid-kapacitet: 13ML<\/li>\n<li>Resistans: 1,2 ohm Mesh<\/li>\n<li>Kroppsvikt: 52g<\/li>\n<li>Kartongstorlek: 52,3 * 38 * 28,5 cm<\/li>\n<li>Kartongvikt: 16,5 kg\/ 300 st<\/li>\n<li>Laddningsport: Typ C<\/li>\n<\/ul>\n<h2>Smak\u00e4mnen<\/h2>\n<ol>\n<li>Blue Razz Ice<\/li>\n<li>Bl\u00e5b\u00e4rsis<\/li>\n<li>Kiwi Passionsfrukt Guava<\/li>\n<li>Citronmynta<\/li>\n<li>Mango Persika<\/li>\n<li>Persika is<\/li>\n<li>Persika Mango Vattenmelon<\/li>\n<li>Ananas kokosn\u00f6t is<\/li>\n<li>Regnb\u00e5gsgodis<\/li>\n<li>Sakura Druva<\/li>\n<li>Surt \u00e4pple<\/li>\n<li>Jordgubbar Bananer<\/li>\n<li>Jordgubbsis<\/li>\n<li>Jordgubb Kiwi<\/li>\n<li>Jordgubb Mango<\/li>\n<li>Jordgubbar Vattenmelon<\/li>\n<li>Trippelb\u00e4rsis<\/li>\n<li>Triple Melon<\/li>\n<li>Vattenmelon Bubble Gum<\/li>\n<li>Vattenmelon-is<\/li>\n<\/ol>\n<p><img loading=\"lazy\" decoding=\"async\" class=\"alignnone size-full wp-image-15348\" title=\"Bang BC5000 eng\u00e5ngsvape grossist\" src=\"https:\/\/www.vape4wholesale.com\/wp-content\/uploads\/2022\/07\/Bang-BC5000-Disposable-Vape-Wholesale.jpg\" alt=\"Bang BC5000 eng\u00e5ngsvape grossist\" width=\"1080\" height=\"1236\" srcset=\"https:\/\/www.vape4wholesale.com\/wp-content\/uploads\/2022\/07\/Bang-BC5000-Disposable-Vape-Wholesale.jpg 1080w, https:\/\/www.vape4wholesale.com\/wp-content\/uploads\/2022\/07\/Bang-BC5000-Disposable-Vape-Wholesale-510x584.jpg 510w, https:\/\/www.vape4wholesale.com\/wp-content\/uploads\/2022\/07\/Bang-BC5000-Disposable-Vape-Wholesale-64x73.jpg 64w, https:\/\/www.vape4wholesale.com\/wp-content\/uploads\/2022\/07\/Bang-BC5000-Disposable-Vape-Wholesale-262x300.jpg 262w, https:\/\/www.vape4wholesale.com\/wp-content\/uploads\/2022\/07\/Bang-BC5000-Disposable-Vape-Wholesale-895x1024.jpg 895w, https:\/\/www.vape4wholesale.com\/wp-content\/uploads\/2022\/07\/Bang-BC5000-Disposable-Vape-Wholesale-768x879.jpg 768w\" sizes=\"auto, (max-width: 1080px) 100vw, 1080px\" \/><\/p>\n<p>&nbsp;<\/p>\n<p>&nbsp;<\/p>","protected":false},"excerpt":{"rendered":"[scf-template id=&#8217;11434&#8242;]\n","protected":false},"featured_media":13293,"comment_status":"open","ping_status":"closed","template":"","meta":[],"pwb-brand":[1275],"product_cat":[869],"product_tag":[249,285,22,24,189],"class_list":{"0":"post-5848","1":"product","2":"type-product","3":"status-publish","4":"has-post-thumbnail","6":"pwb-brand-bang","7":"product_cat-5000-8000-puffs","8":"product_tag-bang","9":"product_tag-13-0ml","10":"product_tag-disposable","11":"product_tag-wholesale","12":"product_tag-5000-puffs","13":"wcpa_has_options","15":"first","16":"outofstock","17":"shipping-taxable","18":"purchasable","19":"product-type-variable"},"aioseo_notices":[],"brands":[{"id":1275,"name":"Pang","slug":"bang"}],"_links":{"self":[{"href":"https:\/\/www.vape4wholesale.com\/sv\/wp-json\/wp\/v2\/product\/5848","targetHints":{"allow":["GET"]}}],"collection":[{"href":"https:\/\/www.vape4wholesale.com\/sv\/wp-json\/wp\/v2\/product"}],"about":[{"href":"https:\/\/www.vape4wholesale.com\/sv\/wp-json\/wp\/v2\/types\/product"}],"replies":[{"embeddable":true,"href":"https:\/\/www.vape4wholesale.com\/sv\/wp-json\/wp\/v2\/comments?post=5848"}],"wp:featuredmedia":[{"embeddable":true,"href":"https:\/\/www.vape4wholesale.com\/sv\/wp-json\/wp\/v2\/media\/13293"}],"wp:attachment":[{"href":"https:\/\/www.vape4wholesale.com\/sv\/wp-json\/wp\/v2\/media?parent=5848"}],"wp:term":[{"taxonomy":"pwb-brand","embeddable":true,"href":"https:\/\/www.vape4wholesale.com\/sv\/wp-json\/wp\/v2\/pwb-brand?post=5848"},{"taxonomy":"product_cat","embeddable":true,"href":"https:\/\/www.vape4wholesale.com\/sv\/wp-json\/wp\/v2\/product_cat?post=5848"},{"taxonomy":"product_tag","embeddable":true,"href":"https:\/\/www.vape4wholesale.com\/sv\/wp-json\/wp\/v2\/product_tag?post=5848"}],"curies":[{"name":"wp","href":"https:\/\/api.w.org\/{rel}","templated":true}]}}