{"id":5460,"date":"2022-08-04T09:54:49","date_gmt":"2022-08-04T01:54:49","guid":{"rendered":"https:\/\/www.vape4wholesale.com\/?post_type=product&#038;p=5460"},"modified":"2026-01-26T13:43:15","modified_gmt":"2026-01-26T13:43:15","slug":"randm-tornado-9000-puffar-diposable-vapes-grossist","status":"publish","type":"product","link":"https:\/\/www.vape4wholesale.com\/sv\/produkt\/randm-tornado-9000-puffar-diposable-vapes-grossist","title":{"rendered":"RANDM Tornado 9000 Puffs Diposable Vapes Partihandel"},"content":{"rendered":"<p><strong><a href=\"https:\/\/www.vape4wholesale.com\/sv\/produkt_varumarke\/randm\/\">RandM<\/a> Tornado 9000<\/strong>\u00a0\u00e4r en eng\u00e5ngs vape-enhet med cool design och den \u00e4r uppladdningsbar. Den inneh\u00e5ller 18 ml 0\/2\/3\/5% nikotinsalt e-juice och kan ge upp till 9000 puffar. Det finns 12 smaker f\u00f6r dig att v\u00e4lja. Den uppladdningsbara porten p\u00e5 enhetens baksida garanterar att du avslutar den sista droppen av ejuice i tanken hela tiden.<\/p>\n<h2><b data-stringify-type=\"bold\">RandM Tornado 9000 Eng\u00e5ngsapparat Funktioner:<\/b><\/h2>\n<p>\u26110\/2\/3\/5% Nikotinsalt.<br \/>\n\u261118 ml e-v\u00e4tska.<br \/>\n\u2611Mesh-spiral<br \/>\n\u2611 Uppladdningsbart batteri<br \/>\n\u2611Integrerat 850 mAh-batteri.<br \/>\n\u261112 tillg\u00e4ngliga smaker.<br \/>\n\u261110 st i en displayl\u00e5da.<br \/>\n\u2611200 st i en kartong.<\/p>\n<h2><b data-stringify-type=\"bold\">Tillg\u00e4ngliga smaker:<\/b><\/h2>\n<p>01# Bl\u00e5b\u00e4r Hallon<br \/>\n02# Herr Bl\u00e5<br \/>\n03# Jordgubb Vattenmelon<br \/>\n04# Orange Soda<br \/>\n05# Vattenmelon Bubble Gum<br \/>\n06# Regnb\u00e5gsgodis<br \/>\n07# Rosa lemonad<br \/>\n08# Peachy Mango Ananas<br \/>\n09# Jordgubb Banan<br \/>\n10# Lush Ice<br \/>\n11# Svart drake is<br \/>\n12# Aloe Druva<br \/>\n13# Bl\u00e5 Razz Ice<br \/>\n14# Kiwi Passionsfrukt Guava<br \/>\n15# Gummibj\u00f6rn<br \/>\n16# Blandade b\u00e4r<br \/>\n17# Cool Mint<br \/>\n18# Hallon Vattenmelon<br \/>\n19# Persika Lemonad<br \/>\n20# Guava Ice<br \/>\n21# Jordgubbslimonad<br \/>\n22# Vattenmelon Brazz Ice<br \/>\n23# Banancreme<br \/>\n24# Persika Berry<br \/>\n25# Jordgubbskr\u00e4m<br \/>\n26# Surt godis<br \/>\n27# Citron&amp;Lime<br \/>\n28# k\u00f6rsb\u00e4r<br \/>\n29# Fizzy Cherry<br \/>\n30# Bl\u00e5b\u00e4r K\u00f6rsb\u00e4r Tranb\u00e4r<br \/>\n31# Vimto<br \/>\n32# K\u00e4gla<br \/>\n33# Svart is<br \/>\n34# Druva<br \/>\n35# Bluelicious Ice<br \/>\n36# Jordgubbsglass<br \/>\n37# Blue Razz Kush<br \/>\n38# isglass<br \/>\n39# Bl\u00e5b\u00e4r Sura Hallon<br \/>\n40# Ananas<br \/>\n41# K\u00f6rsb\u00e4r, persika, lemonad<br \/>\n42# Jordgubb Hallon K\u00f6rsb\u00e4r Is<br \/>\n43# Trippel Mango<br \/>\n44# Jordgubb Hallon Is<br \/>\n45# Jordgubb Vattenmelon Bubblegum<br \/>\n46# Prime Jordgubb Vattenmelon<br \/>\n47# Vattenmelon Is<br \/>\n48# Bl\u00e5b\u00e4rsis<br \/>\n49# Vattenmelonkegel<br \/>\n50# Straw Mango<br \/>\n51# Strawberry Pomp<br \/>\n52# Sommar persika is<br \/>\n53# K\u00f6rsb\u00e4rsb\u00e4r<br \/>\n54# Cherry Cola<br \/>\n55# Prime Vattenmelon<br \/>\n56# Jordgubbe Druva<br \/>\n57# Tiger Blood<br \/>\n58# Mineralvatten<\/p>\n<p><img loading=\"lazy\" decoding=\"async\" class=\"alignnone size-full wp-image-12645\" title=\"RandM Tornado 9000 Puffs Vape f\u00f6r eng\u00e5ngsbruk grossist (1)\" src=\"https:\/\/www.vape4wholesale.com\/wp-content\/uploads\/2022\/08\/RandM-Tornado-9000-Puffs-Disposable-Vape-Wholesale-1.png\" alt=\"RandM Tornado 9000 Puffs Vape f\u00f6r eng\u00e5ngsbruk grossist (1)\" width=\"590\" height=\"517\" srcset=\"https:\/\/www.vape4wholesale.com\/wp-content\/uploads\/2022\/08\/RandM-Tornado-9000-Puffs-Disposable-Vape-Wholesale-1.png 590w, https:\/\/www.vape4wholesale.com\/wp-content\/uploads\/2022\/08\/RandM-Tornado-9000-Puffs-Disposable-Vape-Wholesale-1-510x447.png 510w\" sizes=\"auto, (max-width: 590px) 100vw, 590px\" \/> \u00a0 \u00a0<img loading=\"lazy\" decoding=\"async\" class=\"alignnone size-full wp-image-12649\" title=\"RandM Tornado 9000 Puffs Vape f\u00f6r eng\u00e5ngsbruk Partihandel (5)\" src=\"https:\/\/www.vape4wholesale.com\/wp-content\/uploads\/2022\/08\/RandM-Tornado-9000-Puffs-Disposable-Vape-Wholesale-5.jpg\" alt=\"RandM Tornado 9000 Puffs Vape f\u00f6r eng\u00e5ngsbruk Partihandel (5)\" width=\"590\" height=\"590\" srcset=\"https:\/\/www.vape4wholesale.com\/wp-content\/uploads\/2022\/08\/RandM-Tornado-9000-Puffs-Disposable-Vape-Wholesale-5.jpg 590w, https:\/\/www.vape4wholesale.com\/wp-content\/uploads\/2022\/08\/RandM-Tornado-9000-Puffs-Disposable-Vape-Wholesale-5-247x247.jpg 247w, https:\/\/www.vape4wholesale.com\/wp-content\/uploads\/2022\/08\/RandM-Tornado-9000-Puffs-Disposable-Vape-Wholesale-5-100x100.jpg 100w, https:\/\/www.vape4wholesale.com\/wp-content\/uploads\/2022\/08\/RandM-Tornado-9000-Puffs-Disposable-Vape-Wholesale-5-510x510.jpg 510w, https:\/\/www.vape4wholesale.com\/wp-content\/uploads\/2022\/08\/RandM-Tornado-9000-Puffs-Disposable-Vape-Wholesale-5-64x64.jpg 64w, https:\/\/www.vape4wholesale.com\/wp-content\/uploads\/2022\/08\/RandM-Tornado-9000-Puffs-Disposable-Vape-Wholesale-5-300x300.jpg 300w, https:\/\/www.vape4wholesale.com\/wp-content\/uploads\/2022\/08\/RandM-Tornado-9000-Puffs-Disposable-Vape-Wholesale-5-150x150.jpg 150w\" sizes=\"auto, (max-width: 590px) 100vw, 590px\" \/><\/p>\n<h2>VARF\u00d6R OSS?<\/h2>\r\n<ul>\r\n<li>Verklig, p\u00e5litlig och professionell vape-k\u00e4lla.<\/li>\r\n<li>100% \u00e4kta garanti: Vi tillhandah\u00e5ller endast original- och \u00e4kta produkter, v\u00e4grar f\u00f6rfalskning.<\/li>\r\n<li>100% Leveransgaranti: Vi anv\u00e4nder den b\u00e4sta fraktmetoden f\u00f6r att s\u00e4kerst\u00e4lla att du f\u00e5r best\u00e4llningen 100%.<\/li>\r\n<li>Vi kommer att ge dig sp\u00e5rningsnumret och fraktetiketten efter leverans och sp\u00e5ra varorna \u00e5t dig tills du kvitterar ut dem.<\/li>\r\n<li>Inga tullproblem, inga tullar<\/li>\r\n<\/ul>","protected":false},"excerpt":{"rendered":"<div class=\"wsppc_div_block woocommerce_before_add_to_cart_form\">\r\n<p><strong><span style=\"color: #00a859;\">Clear customs<\/span> before delivery &amp; 100% Delivery Guarantee, Delivery in 19~25 days around.\u00a0<\/strong><\/p>\r\n<\/div>","protected":false},"featured_media":12645,"comment_status":"open","ping_status":"closed","template":"","meta":[],"pwb-brand":[1270],"product_cat":[870],"product_tag":[22,24,180,244,336],"class_list":{"0":"post-5460","1":"product","2":"type-product","3":"status-publish","4":"has-post-thumbnail","6":"pwb-brand-randm","7":"product_cat-8000-10000-puffs","8":"product_tag-disposable","9":"product_tag-wholesale","10":"product_tag-randm-tornado","11":"product_tag-18-0ml","12":"product_tag-9000-puffs","13":"wcpa_has_options","15":"first","16":"outofstock","17":"featured","18":"shipping-taxable","19":"purchasable","20":"product-type-variable"},"aioseo_notices":[],"brands":[{"id":1270,"name":"Randm","slug":"randm"}],"_links":{"self":[{"href":"https:\/\/www.vape4wholesale.com\/sv\/wp-json\/wp\/v2\/product\/5460","targetHints":{"allow":["GET"]}}],"collection":[{"href":"https:\/\/www.vape4wholesale.com\/sv\/wp-json\/wp\/v2\/product"}],"about":[{"href":"https:\/\/www.vape4wholesale.com\/sv\/wp-json\/wp\/v2\/types\/product"}],"replies":[{"embeddable":true,"href":"https:\/\/www.vape4wholesale.com\/sv\/wp-json\/wp\/v2\/comments?post=5460"}],"wp:featuredmedia":[{"embeddable":true,"href":"https:\/\/www.vape4wholesale.com\/sv\/wp-json\/wp\/v2\/media\/12645"}],"wp:attachment":[{"href":"https:\/\/www.vape4wholesale.com\/sv\/wp-json\/wp\/v2\/media?parent=5460"}],"wp:term":[{"taxonomy":"pwb-brand","embeddable":true,"href":"https:\/\/www.vape4wholesale.com\/sv\/wp-json\/wp\/v2\/pwb-brand?post=5460"},{"taxonomy":"product_cat","embeddable":true,"href":"https:\/\/www.vape4wholesale.com\/sv\/wp-json\/wp\/v2\/product_cat?post=5460"},{"taxonomy":"product_tag","embeddable":true,"href":"https:\/\/www.vape4wholesale.com\/sv\/wp-json\/wp\/v2\/product_tag?post=5460"}],"curies":[{"name":"wp","href":"https:\/\/api.w.org\/{rel}","templated":true}]}}