{"id":5005,"date":"2022-06-11T09:04:17","date_gmt":"2022-06-11T01:04:17","guid":{"rendered":"https:\/\/www.vape4wholesale.com\/?post_type=product&#038;p=5005"},"modified":"2026-01-26T13:43:40","modified_gmt":"2026-01-26T13:43:40","slug":"elf-bar-bc4000-engangs-vape-grossist","status":"publish","type":"product","link":"https:\/\/www.vape4wholesale.com\/sv\/product\/elf-bar-bc4000-disposable-vape-wholesale","title":{"rendered":"Elf Bar BC4000 Eng\u00e5ngsvape grossist"},"content":{"rendered":"<p>den <strong><a href=\"https:\/\/www.vape4wholesale.com\/sv\/produkt_varumarke\/alvbar\/\">Elf bar<\/a> BC4000 Vape f\u00f6r eng\u00e5ngsbruk<\/strong> \u00e4r tillverkad av kontrastf\u00e4rg f\u00f6r att ge mer njutning. Med den flagonformade designen och kompakta storleken kommer Elf bar BC4000 Disposable Pod Device att bli ditt favoritmodeobjekt. Och Elf bar BC4000 Disposable Pod Device best\u00e5r av 650mAh uppladdningsbart batteri och 11,5 ml f\u00f6rfylld pod. Tillsammans med den dubbla spolen med extraordin\u00e4ra smaker kommer Elf bar BC4000 att ge dig den renaste smaken.<\/p>\n<h2><strong>Elf Bar BC4000 Vape-parametrar f\u00f6r eng\u00e5ngsbruk<\/strong><\/h2>\n<ol>\n<li>Storlek: 79 mm x 41 mm x 19 mm<\/li>\n<li>Kapacitet f\u00f6r e-v\u00e4tska: 11,5 ml<\/li>\n<li>Nikotinstyrka: 50 mg (5%)<\/li>\n<li>Batterikapacitet: 650mAh<\/li>\n<li>Puffar: 4000puffar<\/li>\n<\/ol>\n<h2><strong>Funktioner<\/strong><\/h2>\n<p>Flaggformad design och kompakt storlek<br \/>\nDubbelspole med extraordin\u00e4ra smaker f\u00f6r renaste smak<br \/>\n650 mAh uppladdningsbart batteri och 11,5 ml f\u00f6rfylld podd<br \/>\n4000puffs, liten l\u00e5da med stor kraft<br \/>\nKontrastf\u00e4rgad kollokation ger mer njutning<\/p>\n<h2><strong>Smak\u00e4mnen<\/strong><\/h2>\n<p>Bl\u00e5b\u00e4rsis<br \/>\nColaGr\u00f6nt \u00e4pple<br \/>\nJordgubb Kiwi<br \/>\nVattenmelon-is<br \/>\nAvokadokr\u00e4m<br \/>\nPassionsfrukt Apelsin Guava<br \/>\nTrippelb\u00e4rsis<br \/>\nSakura Druva<br \/>\nR\u00f6d Mojito<br \/>\nTranb\u00e4r Druva<br \/>\nEnergi<br \/>\nBlue Razz Ice<br \/>\nCitronmynta<br \/>\nKiwi Passionsfrukt Guava<br \/>\nMango Persika<br \/>\nJordgubb Mango<br \/>\nPersika Mango Vattenmelon<\/p>\n<p><img loading=\"lazy\" decoding=\"async\" class=\"alignnone size-full wp-image-13333\" title=\"Elf Bar BC4000 Eng\u00e5ngsvape Partihandel 2\" src=\"https:\/\/www.vape4wholesale.com\/wp-content\/uploads\/2022\/06\/Elf-Bar-BC4000-Disposable-Vape-Wholesale-2.jpg\" alt=\"Elf Bar BC4000 Eng\u00e5ngsvape Partihandel 2\" width=\"1000\" height=\"1000\" srcset=\"https:\/\/www.vape4wholesale.com\/wp-content\/uploads\/2022\/06\/Elf-Bar-BC4000-Disposable-Vape-Wholesale-2.jpg 1000w, https:\/\/www.vape4wholesale.com\/wp-content\/uploads\/2022\/06\/Elf-Bar-BC4000-Disposable-Vape-Wholesale-2-247x247.jpg 247w, https:\/\/www.vape4wholesale.com\/wp-content\/uploads\/2022\/06\/Elf-Bar-BC4000-Disposable-Vape-Wholesale-2-100x100.jpg 100w, https:\/\/www.vape4wholesale.com\/wp-content\/uploads\/2022\/06\/Elf-Bar-BC4000-Disposable-Vape-Wholesale-2-510x510.jpg 510w\" sizes=\"auto, (max-width: 1000px) 100vw, 1000px\" \/> <img loading=\"lazy\" decoding=\"async\" class=\"alignnone size-full wp-image-13334\" title=\"Elf Bar BC4000 Eng\u00e5ngsvape Partihandel 3\" src=\"https:\/\/www.vape4wholesale.com\/wp-content\/uploads\/2022\/06\/Elf-Bar-BC4000-Disposable-Vape-Wholesale-3.jpg\" alt=\"Elf Bar BC4000 Eng\u00e5ngsvape Partihandel 3\" width=\"1000\" height=\"1000\" srcset=\"https:\/\/www.vape4wholesale.com\/wp-content\/uploads\/2022\/06\/Elf-Bar-BC4000-Disposable-Vape-Wholesale-3.jpg 1000w, https:\/\/www.vape4wholesale.com\/wp-content\/uploads\/2022\/06\/Elf-Bar-BC4000-Disposable-Vape-Wholesale-3-247x247.jpg 247w, https:\/\/www.vape4wholesale.com\/wp-content\/uploads\/2022\/06\/Elf-Bar-BC4000-Disposable-Vape-Wholesale-3-100x100.jpg 100w, https:\/\/www.vape4wholesale.com\/wp-content\/uploads\/2022\/06\/Elf-Bar-BC4000-Disposable-Vape-Wholesale-3-510x510.jpg 510w, https:\/\/www.vape4wholesale.com\/wp-content\/uploads\/2022\/06\/Elf-Bar-BC4000-Disposable-Vape-Wholesale-3-64x64.jpg 64w, https:\/\/www.vape4wholesale.com\/wp-content\/uploads\/2022\/06\/Elf-Bar-BC4000-Disposable-Vape-Wholesale-3-300x300.jpg 300w, https:\/\/www.vape4wholesale.com\/wp-content\/uploads\/2022\/06\/Elf-Bar-BC4000-Disposable-Vape-Wholesale-3-150x150.jpg 150w, https:\/\/www.vape4wholesale.com\/wp-content\/uploads\/2022\/06\/Elf-Bar-BC4000-Disposable-Vape-Wholesale-3-768x768.jpg 768w\" sizes=\"auto, (max-width: 1000px) 100vw, 1000px\" \/> <img loading=\"lazy\" decoding=\"async\" class=\"alignnone size-full wp-image-13335\" title=\"Elf Bar BC4000 Eng\u00e5ngsvape Partihandel 4\" src=\"https:\/\/www.vape4wholesale.com\/wp-content\/uploads\/2022\/06\/Elf-Bar-BC4000-Disposable-Vape-Wholesale-4.jpg\" alt=\"Elf Bar BC4000 Eng\u00e5ngsvape Partihandel 4\" width=\"1000\" height=\"1000\" srcset=\"https:\/\/www.vape4wholesale.com\/wp-content\/uploads\/2022\/06\/Elf-Bar-BC4000-Disposable-Vape-Wholesale-4.jpg 1000w, https:\/\/www.vape4wholesale.com\/wp-content\/uploads\/2022\/06\/Elf-Bar-BC4000-Disposable-Vape-Wholesale-4-247x247.jpg 247w, https:\/\/www.vape4wholesale.com\/wp-content\/uploads\/2022\/06\/Elf-Bar-BC4000-Disposable-Vape-Wholesale-4-100x100.jpg 100w, https:\/\/www.vape4wholesale.com\/wp-content\/uploads\/2022\/06\/Elf-Bar-BC4000-Disposable-Vape-Wholesale-4-510x510.jpg 510w, https:\/\/www.vape4wholesale.com\/wp-content\/uploads\/2022\/06\/Elf-Bar-BC4000-Disposable-Vape-Wholesale-4-64x64.jpg 64w, https:\/\/www.vape4wholesale.com\/wp-content\/uploads\/2022\/06\/Elf-Bar-BC4000-Disposable-Vape-Wholesale-4-300x300.jpg 300w, https:\/\/www.vape4wholesale.com\/wp-content\/uploads\/2022\/06\/Elf-Bar-BC4000-Disposable-Vape-Wholesale-4-150x150.jpg 150w, https:\/\/www.vape4wholesale.com\/wp-content\/uploads\/2022\/06\/Elf-Bar-BC4000-Disposable-Vape-Wholesale-4-768x768.jpg 768w\" sizes=\"auto, (max-width: 1000px) 100vw, 1000px\" \/> <img loading=\"lazy\" decoding=\"async\" class=\"alignnone size-full wp-image-13336\" title=\"Elf Bar BC4000 Eng\u00e5ngsvape Partihandel 5\" src=\"https:\/\/www.vape4wholesale.com\/wp-content\/uploads\/2022\/06\/Elf-Bar-BC4000-Disposable-Vape-Wholesale-5.jpg\" alt=\"Elf Bar BC4000 Eng\u00e5ngsvape Partihandel 5\" width=\"1000\" height=\"1000\" srcset=\"https:\/\/www.vape4wholesale.com\/wp-content\/uploads\/2022\/06\/Elf-Bar-BC4000-Disposable-Vape-Wholesale-5.jpg 1000w, https:\/\/www.vape4wholesale.com\/wp-content\/uploads\/2022\/06\/Elf-Bar-BC4000-Disposable-Vape-Wholesale-5-247x247.jpg 247w, https:\/\/www.vape4wholesale.com\/wp-content\/uploads\/2022\/06\/Elf-Bar-BC4000-Disposable-Vape-Wholesale-5-100x100.jpg 100w, https:\/\/www.vape4wholesale.com\/wp-content\/uploads\/2022\/06\/Elf-Bar-BC4000-Disposable-Vape-Wholesale-5-510x510.jpg 510w, https:\/\/www.vape4wholesale.com\/wp-content\/uploads\/2022\/06\/Elf-Bar-BC4000-Disposable-Vape-Wholesale-5-64x64.jpg 64w, https:\/\/www.vape4wholesale.com\/wp-content\/uploads\/2022\/06\/Elf-Bar-BC4000-Disposable-Vape-Wholesale-5-300x300.jpg 300w, https:\/\/www.vape4wholesale.com\/wp-content\/uploads\/2022\/06\/Elf-Bar-BC4000-Disposable-Vape-Wholesale-5-150x150.jpg 150w, https:\/\/www.vape4wholesale.com\/wp-content\/uploads\/2022\/06\/Elf-Bar-BC4000-Disposable-Vape-Wholesale-5-768x768.jpg 768w\" sizes=\"auto, (max-width: 1000px) 100vw, 1000px\" \/> <img loading=\"lazy\" decoding=\"async\" class=\"alignnone size-full wp-image-13337\" title=\"Elf Bar BC4000 Eng\u00e5ngsvape Partihandel 6\" src=\"https:\/\/www.vape4wholesale.com\/wp-content\/uploads\/2022\/06\/Elf-Bar-BC4000-Disposable-Vape-Wholesale-6.jpg\" alt=\"Elf Bar BC4000 Eng\u00e5ngsvape Partihandel 6\" width=\"1000\" height=\"1000\" srcset=\"https:\/\/www.vape4wholesale.com\/wp-content\/uploads\/2022\/06\/Elf-Bar-BC4000-Disposable-Vape-Wholesale-6.jpg 1000w, https:\/\/www.vape4wholesale.com\/wp-content\/uploads\/2022\/06\/Elf-Bar-BC4000-Disposable-Vape-Wholesale-6-247x247.jpg 247w, https:\/\/www.vape4wholesale.com\/wp-content\/uploads\/2022\/06\/Elf-Bar-BC4000-Disposable-Vape-Wholesale-6-100x100.jpg 100w, https:\/\/www.vape4wholesale.com\/wp-content\/uploads\/2022\/06\/Elf-Bar-BC4000-Disposable-Vape-Wholesale-6-510x510.jpg 510w, https:\/\/www.vape4wholesale.com\/wp-content\/uploads\/2022\/06\/Elf-Bar-BC4000-Disposable-Vape-Wholesale-6-64x64.jpg 64w, https:\/\/www.vape4wholesale.com\/wp-content\/uploads\/2022\/06\/Elf-Bar-BC4000-Disposable-Vape-Wholesale-6-300x300.jpg 300w, https:\/\/www.vape4wholesale.com\/wp-content\/uploads\/2022\/06\/Elf-Bar-BC4000-Disposable-Vape-Wholesale-6-150x150.jpg 150w, https:\/\/www.vape4wholesale.com\/wp-content\/uploads\/2022\/06\/Elf-Bar-BC4000-Disposable-Vape-Wholesale-6-768x768.jpg 768w\" sizes=\"auto, (max-width: 1000px) 100vw, 1000px\" \/> <img loading=\"lazy\" decoding=\"async\" class=\"alignnone size-full wp-image-13338\" title=\"Elf Bar BC4000 Eng\u00e5ngsvape Partihandel 7\" src=\"https:\/\/www.vape4wholesale.com\/wp-content\/uploads\/2022\/06\/Elf-Bar-BC4000-Disposable-Vape-Wholesale-7.jpg\" alt=\"Elf Bar BC4000 Eng\u00e5ngsvape Partihandel 7\" width=\"1000\" height=\"1000\" srcset=\"https:\/\/www.vape4wholesale.com\/wp-content\/uploads\/2022\/06\/Elf-Bar-BC4000-Disposable-Vape-Wholesale-7.jpg 1000w, https:\/\/www.vape4wholesale.com\/wp-content\/uploads\/2022\/06\/Elf-Bar-BC4000-Disposable-Vape-Wholesale-7-247x247.jpg 247w, https:\/\/www.vape4wholesale.com\/wp-content\/uploads\/2022\/06\/Elf-Bar-BC4000-Disposable-Vape-Wholesale-7-100x100.jpg 100w, https:\/\/www.vape4wholesale.com\/wp-content\/uploads\/2022\/06\/Elf-Bar-BC4000-Disposable-Vape-Wholesale-7-510x510.jpg 510w, https:\/\/www.vape4wholesale.com\/wp-content\/uploads\/2022\/06\/Elf-Bar-BC4000-Disposable-Vape-Wholesale-7-64x64.jpg 64w, https:\/\/www.vape4wholesale.com\/wp-content\/uploads\/2022\/06\/Elf-Bar-BC4000-Disposable-Vape-Wholesale-7-300x300.jpg 300w, https:\/\/www.vape4wholesale.com\/wp-content\/uploads\/2022\/06\/Elf-Bar-BC4000-Disposable-Vape-Wholesale-7-150x150.jpg 150w, https:\/\/www.vape4wholesale.com\/wp-content\/uploads\/2022\/06\/Elf-Bar-BC4000-Disposable-Vape-Wholesale-7-768x768.jpg 768w\" sizes=\"auto, (max-width: 1000px) 100vw, 1000px\" \/> <img loading=\"lazy\" decoding=\"async\" class=\"alignnone size-full wp-image-13339\" title=\"Elf Bar BC4000 Eng\u00e5ngsvape Partihandel 8\" src=\"https:\/\/www.vape4wholesale.com\/wp-content\/uploads\/2022\/06\/Elf-Bar-BC4000-Disposable-Vape-Wholesale-8.jpg\" alt=\"Elf Bar BC4000 Eng\u00e5ngsvape Partihandel 8\" width=\"1000\" height=\"1000\" srcset=\"https:\/\/www.vape4wholesale.com\/wp-content\/uploads\/2022\/06\/Elf-Bar-BC4000-Disposable-Vape-Wholesale-8.jpg 1000w, https:\/\/www.vape4wholesale.com\/wp-content\/uploads\/2022\/06\/Elf-Bar-BC4000-Disposable-Vape-Wholesale-8-247x247.jpg 247w, https:\/\/www.vape4wholesale.com\/wp-content\/uploads\/2022\/06\/Elf-Bar-BC4000-Disposable-Vape-Wholesale-8-100x100.jpg 100w, https:\/\/www.vape4wholesale.com\/wp-content\/uploads\/2022\/06\/Elf-Bar-BC4000-Disposable-Vape-Wholesale-8-510x510.jpg 510w, https:\/\/www.vape4wholesale.com\/wp-content\/uploads\/2022\/06\/Elf-Bar-BC4000-Disposable-Vape-Wholesale-8-64x64.jpg 64w, https:\/\/www.vape4wholesale.com\/wp-content\/uploads\/2022\/06\/Elf-Bar-BC4000-Disposable-Vape-Wholesale-8-300x300.jpg 300w, https:\/\/www.vape4wholesale.com\/wp-content\/uploads\/2022\/06\/Elf-Bar-BC4000-Disposable-Vape-Wholesale-8-150x150.jpg 150w, https:\/\/www.vape4wholesale.com\/wp-content\/uploads\/2022\/06\/Elf-Bar-BC4000-Disposable-Vape-Wholesale-8-768x768.jpg 768w\" sizes=\"auto, (max-width: 1000px) 100vw, 1000px\" \/> <img loading=\"lazy\" decoding=\"async\" class=\"alignnone size-full wp-image-13340\" title=\"Elf Bar BC4000 eng\u00e5ngsvape grossist 9\" src=\"https:\/\/www.vape4wholesale.com\/wp-content\/uploads\/2022\/06\/Elf-Bar-BC4000-Disposable-Vape-Wholesale-9.jpg\" alt=\"Elf Bar BC4000 eng\u00e5ngsvape grossist 9\" width=\"1000\" height=\"1000\" srcset=\"https:\/\/www.vape4wholesale.com\/wp-content\/uploads\/2022\/06\/Elf-Bar-BC4000-Disposable-Vape-Wholesale-9.jpg 1000w, https:\/\/www.vape4wholesale.com\/wp-content\/uploads\/2022\/06\/Elf-Bar-BC4000-Disposable-Vape-Wholesale-9-247x247.jpg 247w, https:\/\/www.vape4wholesale.com\/wp-content\/uploads\/2022\/06\/Elf-Bar-BC4000-Disposable-Vape-Wholesale-9-100x100.jpg 100w, https:\/\/www.vape4wholesale.com\/wp-content\/uploads\/2022\/06\/Elf-Bar-BC4000-Disposable-Vape-Wholesale-9-510x510.jpg 510w, https:\/\/www.vape4wholesale.com\/wp-content\/uploads\/2022\/06\/Elf-Bar-BC4000-Disposable-Vape-Wholesale-9-64x64.jpg 64w, https:\/\/www.vape4wholesale.com\/wp-content\/uploads\/2022\/06\/Elf-Bar-BC4000-Disposable-Vape-Wholesale-9-300x300.jpg 300w, https:\/\/www.vape4wholesale.com\/wp-content\/uploads\/2022\/06\/Elf-Bar-BC4000-Disposable-Vape-Wholesale-9-150x150.jpg 150w, https:\/\/www.vape4wholesale.com\/wp-content\/uploads\/2022\/06\/Elf-Bar-BC4000-Disposable-Vape-Wholesale-9-768x768.jpg 768w\" sizes=\"auto, (max-width: 1000px) 100vw, 1000px\" \/> <img loading=\"lazy\" decoding=\"async\" class=\"alignnone size-full wp-image-13341\" title=\"Elf Bar BC4000 Eng\u00e5ngsvape Partihandel 10\" src=\"https:\/\/www.vape4wholesale.com\/wp-content\/uploads\/2022\/06\/Elf-Bar-BC4000-Disposable-Vape-Wholesale-10.jpg\" alt=\"Elf Bar BC4000 Eng\u00e5ngsvape Partihandel 10\" width=\"1000\" height=\"1000\" srcset=\"https:\/\/www.vape4wholesale.com\/wp-content\/uploads\/2022\/06\/Elf-Bar-BC4000-Disposable-Vape-Wholesale-10.jpg 1000w, https:\/\/www.vape4wholesale.com\/wp-content\/uploads\/2022\/06\/Elf-Bar-BC4000-Disposable-Vape-Wholesale-10-247x247.jpg 247w, https:\/\/www.vape4wholesale.com\/wp-content\/uploads\/2022\/06\/Elf-Bar-BC4000-Disposable-Vape-Wholesale-10-100x100.jpg 100w, https:\/\/www.vape4wholesale.com\/wp-content\/uploads\/2022\/06\/Elf-Bar-BC4000-Disposable-Vape-Wholesale-10-510x510.jpg 510w, https:\/\/www.vape4wholesale.com\/wp-content\/uploads\/2022\/06\/Elf-Bar-BC4000-Disposable-Vape-Wholesale-10-64x64.jpg 64w, https:\/\/www.vape4wholesale.com\/wp-content\/uploads\/2022\/06\/Elf-Bar-BC4000-Disposable-Vape-Wholesale-10-300x300.jpg 300w, https:\/\/www.vape4wholesale.com\/wp-content\/uploads\/2022\/06\/Elf-Bar-BC4000-Disposable-Vape-Wholesale-10-150x150.jpg 150w, https:\/\/www.vape4wholesale.com\/wp-content\/uploads\/2022\/06\/Elf-Bar-BC4000-Disposable-Vape-Wholesale-10-768x768.jpg 768w\" sizes=\"auto, (max-width: 1000px) 100vw, 1000px\" \/> <img loading=\"lazy\" decoding=\"async\" class=\"alignnone size-full wp-image-13342\" title=\"Elf Bar BC4000 eng\u00e5ngsvape grossist 11\" src=\"https:\/\/www.vape4wholesale.com\/wp-content\/uploads\/2022\/06\/Elf-Bar-BC4000-Disposable-Vape-Wholesale-11.jpg\" alt=\"Elf Bar BC4000 eng\u00e5ngsvape grossist 11\" width=\"1000\" height=\"1000\" srcset=\"https:\/\/www.vape4wholesale.com\/wp-content\/uploads\/2022\/06\/Elf-Bar-BC4000-Disposable-Vape-Wholesale-11.jpg 1000w, https:\/\/www.vape4wholesale.com\/wp-content\/uploads\/2022\/06\/Elf-Bar-BC4000-Disposable-Vape-Wholesale-11-247x247.jpg 247w, https:\/\/www.vape4wholesale.com\/wp-content\/uploads\/2022\/06\/Elf-Bar-BC4000-Disposable-Vape-Wholesale-11-100x100.jpg 100w, https:\/\/www.vape4wholesale.com\/wp-content\/uploads\/2022\/06\/Elf-Bar-BC4000-Disposable-Vape-Wholesale-11-510x510.jpg 510w, https:\/\/www.vape4wholesale.com\/wp-content\/uploads\/2022\/06\/Elf-Bar-BC4000-Disposable-Vape-Wholesale-11-64x64.jpg 64w, https:\/\/www.vape4wholesale.com\/wp-content\/uploads\/2022\/06\/Elf-Bar-BC4000-Disposable-Vape-Wholesale-11-300x300.jpg 300w, https:\/\/www.vape4wholesale.com\/wp-content\/uploads\/2022\/06\/Elf-Bar-BC4000-Disposable-Vape-Wholesale-11-150x150.jpg 150w, https:\/\/www.vape4wholesale.com\/wp-content\/uploads\/2022\/06\/Elf-Bar-BC4000-Disposable-Vape-Wholesale-11-768x768.jpg 768w\" sizes=\"auto, (max-width: 1000px) 100vw, 1000px\" \/> <img loading=\"lazy\" decoding=\"async\" class=\"alignnone size-full wp-image-13343\" title=\"Elf Bar BC4000 Eng\u00e5ngsvape Partihandel 12\" src=\"https:\/\/www.vape4wholesale.com\/wp-content\/uploads\/2022\/06\/Elf-Bar-BC4000-Disposable-Vape-Wholesale-12.jpg\" alt=\"Elf Bar BC4000 Eng\u00e5ngsvape Partihandel 12\" width=\"1000\" height=\"1000\" srcset=\"https:\/\/www.vape4wholesale.com\/wp-content\/uploads\/2022\/06\/Elf-Bar-BC4000-Disposable-Vape-Wholesale-12.jpg 1000w, https:\/\/www.vape4wholesale.com\/wp-content\/uploads\/2022\/06\/Elf-Bar-BC4000-Disposable-Vape-Wholesale-12-247x247.jpg 247w, https:\/\/www.vape4wholesale.com\/wp-content\/uploads\/2022\/06\/Elf-Bar-BC4000-Disposable-Vape-Wholesale-12-100x100.jpg 100w, https:\/\/www.vape4wholesale.com\/wp-content\/uploads\/2022\/06\/Elf-Bar-BC4000-Disposable-Vape-Wholesale-12-510x510.jpg 510w, https:\/\/www.vape4wholesale.com\/wp-content\/uploads\/2022\/06\/Elf-Bar-BC4000-Disposable-Vape-Wholesale-12-64x64.jpg 64w, https:\/\/www.vape4wholesale.com\/wp-content\/uploads\/2022\/06\/Elf-Bar-BC4000-Disposable-Vape-Wholesale-12-300x300.jpg 300w, https:\/\/www.vape4wholesale.com\/wp-content\/uploads\/2022\/06\/Elf-Bar-BC4000-Disposable-Vape-Wholesale-12-150x150.jpg 150w, https:\/\/www.vape4wholesale.com\/wp-content\/uploads\/2022\/06\/Elf-Bar-BC4000-Disposable-Vape-Wholesale-12-768x768.jpg 768w\" sizes=\"auto, (max-width: 1000px) 100vw, 1000px\" \/> <img loading=\"lazy\" decoding=\"async\" class=\"alignnone size-full wp-image-13344\" title=\"Elf Bar BC4000 eng\u00e5ngsvape grossist 13\" src=\"https:\/\/www.vape4wholesale.com\/wp-content\/uploads\/2022\/06\/Elf-Bar-BC4000-Disposable-Vape-Wholesale-13.jpg\" alt=\"Elf Bar BC4000 eng\u00e5ngsvape grossist 13\" width=\"1000\" height=\"1000\" srcset=\"https:\/\/www.vape4wholesale.com\/wp-content\/uploads\/2022\/06\/Elf-Bar-BC4000-Disposable-Vape-Wholesale-13.jpg 1000w, https:\/\/www.vape4wholesale.com\/wp-content\/uploads\/2022\/06\/Elf-Bar-BC4000-Disposable-Vape-Wholesale-13-247x247.jpg 247w, https:\/\/www.vape4wholesale.com\/wp-content\/uploads\/2022\/06\/Elf-Bar-BC4000-Disposable-Vape-Wholesale-13-100x100.jpg 100w, https:\/\/www.vape4wholesale.com\/wp-content\/uploads\/2022\/06\/Elf-Bar-BC4000-Disposable-Vape-Wholesale-13-510x510.jpg 510w, https:\/\/www.vape4wholesale.com\/wp-content\/uploads\/2022\/06\/Elf-Bar-BC4000-Disposable-Vape-Wholesale-13-64x64.jpg 64w, https:\/\/www.vape4wholesale.com\/wp-content\/uploads\/2022\/06\/Elf-Bar-BC4000-Disposable-Vape-Wholesale-13-300x300.jpg 300w, https:\/\/www.vape4wholesale.com\/wp-content\/uploads\/2022\/06\/Elf-Bar-BC4000-Disposable-Vape-Wholesale-13-150x150.jpg 150w, https:\/\/www.vape4wholesale.com\/wp-content\/uploads\/2022\/06\/Elf-Bar-BC4000-Disposable-Vape-Wholesale-13-768x768.jpg 768w\" sizes=\"auto, (max-width: 1000px) 100vw, 1000px\" \/> <img loading=\"lazy\" decoding=\"async\" class=\"alignnone size-full wp-image-13345\" title=\"Elf Bar BC4000 Eng\u00e5ngsvape Partihandel 14\" src=\"https:\/\/www.vape4wholesale.com\/wp-content\/uploads\/2022\/06\/Elf-Bar-BC4000-Disposable-Vape-Wholesale-14.jpg\" alt=\"Elf Bar BC4000 Eng\u00e5ngsvape Partihandel 14\" width=\"1000\" height=\"1000\" srcset=\"https:\/\/www.vape4wholesale.com\/wp-content\/uploads\/2022\/06\/Elf-Bar-BC4000-Disposable-Vape-Wholesale-14.jpg 1000w, https:\/\/www.vape4wholesale.com\/wp-content\/uploads\/2022\/06\/Elf-Bar-BC4000-Disposable-Vape-Wholesale-14-247x247.jpg 247w, https:\/\/www.vape4wholesale.com\/wp-content\/uploads\/2022\/06\/Elf-Bar-BC4000-Disposable-Vape-Wholesale-14-100x100.jpg 100w, https:\/\/www.vape4wholesale.com\/wp-content\/uploads\/2022\/06\/Elf-Bar-BC4000-Disposable-Vape-Wholesale-14-510x510.jpg 510w\" sizes=\"auto, (max-width: 1000px) 100vw, 1000px\" \/><\/p>\n<p>&nbsp;<\/p>","protected":false},"excerpt":{"rendered":"[scf-template id=&#8217;11434&#8242;]\n","protected":false},"featured_media":13333,"comment_status":"open","ping_status":"closed","template":"","meta":[],"pwb-brand":[1278],"product_cat":[85],"product_tag":[22,24,55,60,112],"class_list":{"0":"post-5005","1":"product","2":"type-product","3":"status-publish","4":"has-post-thumbnail","6":"pwb-brand-elf-bar","7":"product_cat-3000-4000-puffs","8":"product_tag-disposable","9":"product_tag-wholesale","10":"product_tag-4000-puffs","11":"product_tag-elf-bar","12":"product_tag-11-5ml","14":"first","15":"outofstock","16":"shipping-taxable","17":"purchasable","18":"product-type-variable"},"aioseo_notices":[],"brands":[{"id":1278,"name":"Elf bar","slug":"alvbar"}],"_links":{"self":[{"href":"https:\/\/www.vape4wholesale.com\/sv\/wp-json\/wp\/v2\/product\/5005","targetHints":{"allow":["GET"]}}],"collection":[{"href":"https:\/\/www.vape4wholesale.com\/sv\/wp-json\/wp\/v2\/product"}],"about":[{"href":"https:\/\/www.vape4wholesale.com\/sv\/wp-json\/wp\/v2\/types\/product"}],"replies":[{"embeddable":true,"href":"https:\/\/www.vape4wholesale.com\/sv\/wp-json\/wp\/v2\/comments?post=5005"}],"wp:featuredmedia":[{"embeddable":true,"href":"https:\/\/www.vape4wholesale.com\/sv\/wp-json\/wp\/v2\/media\/13333"}],"wp:attachment":[{"href":"https:\/\/www.vape4wholesale.com\/sv\/wp-json\/wp\/v2\/media?parent=5005"}],"wp:term":[{"taxonomy":"pwb-brand","embeddable":true,"href":"https:\/\/www.vape4wholesale.com\/sv\/wp-json\/wp\/v2\/pwb-brand?post=5005"},{"taxonomy":"product_cat","embeddable":true,"href":"https:\/\/www.vape4wholesale.com\/sv\/wp-json\/wp\/v2\/product_cat?post=5005"},{"taxonomy":"product_tag","embeddable":true,"href":"https:\/\/www.vape4wholesale.com\/sv\/wp-json\/wp\/v2\/product_tag?post=5005"}],"curies":[{"name":"wp","href":"https:\/\/api.w.org\/{rel}","templated":true}]}}