{"id":492,"date":"2021-06-05T03:10:30","date_gmt":"2021-06-04T19:10:30","guid":{"rendered":"https:\/\/www.vape4wholesale.com\/?post_type=product&#038;p=492"},"modified":"2026-02-27T15:12:51","modified_gmt":"2026-02-27T07:12:51","slug":"lavie-bar-mini-engangs-vape-800-puffar-grossist","status":"publish","type":"product","link":"https:\/\/www.vape4wholesale.com\/sv\/product\/lavie-bar-mini-disposable-vape-800-puffs-wholesale","title":{"rendered":"Lavie Bar Mini eng\u00e5ngsvape (800 puffar) Partihandel"},"content":{"rendered":"<p>Den <a href=\"https:\/\/www.vape4wholesale.com\/sv\/produkt_varumarke\/lavie\/\">Lavie<\/a> Bar Mini \u00e4r en eng\u00e5ngsvape i ministorlek, den levereras med 450 mAh batteri som r\u00e4cker f\u00f6r 800 puffar, e-juice \u00e4r 3,2 ml med 5% nikotinstyrka.<\/p>\n<p><strong>SMAK\u00c4MNEN:<\/strong><\/p>\n<p>Lush lce, Mango Ice, Blueberry, Cool Mint, Cocktail, Mixed Berry, Cantaloupe Ice, Melon Coco, Peach Ice, Lychee Ice<\/p>\n<p><img loading=\"lazy\" decoding=\"async\" class=\"alignnone size-full wp-image-13453\" title=\"Lavie Bar Pack (1)\" src=\"https:\/\/www.vape4wholesale.com\/wp-content\/uploads\/2021\/06\/Lavie-Bar-Pack-1.jpg\" alt=\"Lavie Bar Pack (1)\" width=\"800\" height=\"800\" srcset=\"https:\/\/www.vape4wholesale.com\/wp-content\/uploads\/2021\/06\/Lavie-Bar-Pack-1.jpg 800w, https:\/\/www.vape4wholesale.com\/wp-content\/uploads\/2021\/06\/Lavie-Bar-Pack-1-247x247.jpg 247w, https:\/\/www.vape4wholesale.com\/wp-content\/uploads\/2021\/06\/Lavie-Bar-Pack-1-100x100.jpg 100w, https:\/\/www.vape4wholesale.com\/wp-content\/uploads\/2021\/06\/Lavie-Bar-Pack-1-510x510.jpg 510w, https:\/\/www.vape4wholesale.com\/wp-content\/uploads\/2021\/06\/Lavie-Bar-Pack-1-64x64.jpg 64w, https:\/\/www.vape4wholesale.com\/wp-content\/uploads\/2021\/06\/Lavie-Bar-Pack-1-300x300.jpg 300w, https:\/\/www.vape4wholesale.com\/wp-content\/uploads\/2021\/06\/Lavie-Bar-Pack-1-150x150.jpg 150w, https:\/\/www.vape4wholesale.com\/wp-content\/uploads\/2021\/06\/Lavie-Bar-Pack-1-768x768.jpg 768w\" sizes=\"auto, (max-width: 800px) 100vw, 800px\" \/> <img loading=\"lazy\" decoding=\"async\" class=\"alignnone size-full wp-image-13454\" title=\"Lavie Bar Pack (2)\" src=\"https:\/\/www.vape4wholesale.com\/wp-content\/uploads\/2021\/06\/Lavie-Bar-Pack-2.jpg\" alt=\"Lavie Bar Pack (2)\" width=\"800\" height=\"800\" srcset=\"https:\/\/www.vape4wholesale.com\/wp-content\/uploads\/2021\/06\/Lavie-Bar-Pack-2.jpg 800w, https:\/\/www.vape4wholesale.com\/wp-content\/uploads\/2021\/06\/Lavie-Bar-Pack-2-247x247.jpg 247w, https:\/\/www.vape4wholesale.com\/wp-content\/uploads\/2021\/06\/Lavie-Bar-Pack-2-100x100.jpg 100w, https:\/\/www.vape4wholesale.com\/wp-content\/uploads\/2021\/06\/Lavie-Bar-Pack-2-510x510.jpg 510w, https:\/\/www.vape4wholesale.com\/wp-content\/uploads\/2021\/06\/Lavie-Bar-Pack-2-64x64.jpg 64w, https:\/\/www.vape4wholesale.com\/wp-content\/uploads\/2021\/06\/Lavie-Bar-Pack-2-300x300.jpg 300w, https:\/\/www.vape4wholesale.com\/wp-content\/uploads\/2021\/06\/Lavie-Bar-Pack-2-150x150.jpg 150w, https:\/\/www.vape4wholesale.com\/wp-content\/uploads\/2021\/06\/Lavie-Bar-Pack-2-768x768.jpg 768w\" sizes=\"auto, (max-width: 800px) 100vw, 800px\" \/> <img loading=\"lazy\" decoding=\"async\" class=\"alignnone size-full wp-image-13455\" title=\"Lavie Bar Pack (3)\" src=\"https:\/\/www.vape4wholesale.com\/wp-content\/uploads\/2021\/06\/Lavie-Bar-Pack-3.jpg\" alt=\"Lavie Bar Pack (3)\" width=\"800\" height=\"800\" srcset=\"https:\/\/www.vape4wholesale.com\/wp-content\/uploads\/2021\/06\/Lavie-Bar-Pack-3.jpg 800w, https:\/\/www.vape4wholesale.com\/wp-content\/uploads\/2021\/06\/Lavie-Bar-Pack-3-247x247.jpg 247w, https:\/\/www.vape4wholesale.com\/wp-content\/uploads\/2021\/06\/Lavie-Bar-Pack-3-100x100.jpg 100w, https:\/\/www.vape4wholesale.com\/wp-content\/uploads\/2021\/06\/Lavie-Bar-Pack-3-510x510.jpg 510w\" sizes=\"auto, (max-width: 800px) 100vw, 800px\" \/> <img loading=\"lazy\" decoding=\"async\" class=\"alignnone size-full wp-image-13456\" title=\"Lavie Bar Pack (4)\" src=\"https:\/\/www.vape4wholesale.com\/wp-content\/uploads\/2021\/06\/Lavie-Bar-Pack-4.jpg\" alt=\"Lavie Bar Pack (4)\" width=\"800\" height=\"800\" srcset=\"https:\/\/www.vape4wholesale.com\/wp-content\/uploads\/2021\/06\/Lavie-Bar-Pack-4.jpg 800w, https:\/\/www.vape4wholesale.com\/wp-content\/uploads\/2021\/06\/Lavie-Bar-Pack-4-247x247.jpg 247w, https:\/\/www.vape4wholesale.com\/wp-content\/uploads\/2021\/06\/Lavie-Bar-Pack-4-100x100.jpg 100w, https:\/\/www.vape4wholesale.com\/wp-content\/uploads\/2021\/06\/Lavie-Bar-Pack-4-510x510.jpg 510w, https:\/\/www.vape4wholesale.com\/wp-content\/uploads\/2021\/06\/Lavie-Bar-Pack-4-64x64.jpg 64w, https:\/\/www.vape4wholesale.com\/wp-content\/uploads\/2021\/06\/Lavie-Bar-Pack-4-300x300.jpg 300w, https:\/\/www.vape4wholesale.com\/wp-content\/uploads\/2021\/06\/Lavie-Bar-Pack-4-150x150.jpg 150w, https:\/\/www.vape4wholesale.com\/wp-content\/uploads\/2021\/06\/Lavie-Bar-Pack-4-768x768.jpg 768w\" sizes=\"auto, (max-width: 800px) 100vw, 800px\" \/> <img loading=\"lazy\" decoding=\"async\" class=\"alignnone size-full wp-image-13457\" title=\"Lavie Bar Pack (5)\" src=\"https:\/\/www.vape4wholesale.com\/wp-content\/uploads\/2021\/06\/Lavie-Bar-Pack-5.jpg\" alt=\"Lavie Bar Pack (5)\" width=\"800\" height=\"800\" srcset=\"https:\/\/www.vape4wholesale.com\/wp-content\/uploads\/2021\/06\/Lavie-Bar-Pack-5.jpg 800w, https:\/\/www.vape4wholesale.com\/wp-content\/uploads\/2021\/06\/Lavie-Bar-Pack-5-247x247.jpg 247w, https:\/\/www.vape4wholesale.com\/wp-content\/uploads\/2021\/06\/Lavie-Bar-Pack-5-100x100.jpg 100w, https:\/\/www.vape4wholesale.com\/wp-content\/uploads\/2021\/06\/Lavie-Bar-Pack-5-510x510.jpg 510w, https:\/\/www.vape4wholesale.com\/wp-content\/uploads\/2021\/06\/Lavie-Bar-Pack-5-64x64.jpg 64w, https:\/\/www.vape4wholesale.com\/wp-content\/uploads\/2021\/06\/Lavie-Bar-Pack-5-300x300.jpg 300w, https:\/\/www.vape4wholesale.com\/wp-content\/uploads\/2021\/06\/Lavie-Bar-Pack-5-150x150.jpg 150w, https:\/\/www.vape4wholesale.com\/wp-content\/uploads\/2021\/06\/Lavie-Bar-Pack-5-768x768.jpg 768w\" sizes=\"auto, (max-width: 800px) 100vw, 800px\" \/> <img loading=\"lazy\" decoding=\"async\" class=\"alignnone size-full wp-image-13458\" title=\"Lavie Bar Pack (6)\" src=\"https:\/\/www.vape4wholesale.com\/wp-content\/uploads\/2021\/06\/Lavie-Bar-Pack-6.jpg\" alt=\"Lavie Bar Pack (6)\" width=\"800\" height=\"800\" srcset=\"https:\/\/www.vape4wholesale.com\/wp-content\/uploads\/2021\/06\/Lavie-Bar-Pack-6.jpg 800w, https:\/\/www.vape4wholesale.com\/wp-content\/uploads\/2021\/06\/Lavie-Bar-Pack-6-247x247.jpg 247w, https:\/\/www.vape4wholesale.com\/wp-content\/uploads\/2021\/06\/Lavie-Bar-Pack-6-100x100.jpg 100w, https:\/\/www.vape4wholesale.com\/wp-content\/uploads\/2021\/06\/Lavie-Bar-Pack-6-510x510.jpg 510w, https:\/\/www.vape4wholesale.com\/wp-content\/uploads\/2021\/06\/Lavie-Bar-Pack-6-64x64.jpg 64w, https:\/\/www.vape4wholesale.com\/wp-content\/uploads\/2021\/06\/Lavie-Bar-Pack-6-300x300.jpg 300w, https:\/\/www.vape4wholesale.com\/wp-content\/uploads\/2021\/06\/Lavie-Bar-Pack-6-150x150.jpg 150w, https:\/\/www.vape4wholesale.com\/wp-content\/uploads\/2021\/06\/Lavie-Bar-Pack-6-768x768.jpg 768w\" sizes=\"auto, (max-width: 800px) 100vw, 800px\" \/> <img loading=\"lazy\" decoding=\"async\" class=\"alignnone size-full wp-image-13459\" title=\"Lavie Bar Pack (7)\" src=\"https:\/\/www.vape4wholesale.com\/wp-content\/uploads\/2021\/06\/Lavie-Bar-Pack-7.jpg\" alt=\"Lavie Bar Pack (7)\" width=\"800\" height=\"800\" srcset=\"https:\/\/www.vape4wholesale.com\/wp-content\/uploads\/2021\/06\/Lavie-Bar-Pack-7.jpg 800w, https:\/\/www.vape4wholesale.com\/wp-content\/uploads\/2021\/06\/Lavie-Bar-Pack-7-247x247.jpg 247w, https:\/\/www.vape4wholesale.com\/wp-content\/uploads\/2021\/06\/Lavie-Bar-Pack-7-100x100.jpg 100w, https:\/\/www.vape4wholesale.com\/wp-content\/uploads\/2021\/06\/Lavie-Bar-Pack-7-510x510.jpg 510w, https:\/\/www.vape4wholesale.com\/wp-content\/uploads\/2021\/06\/Lavie-Bar-Pack-7-64x64.jpg 64w, https:\/\/www.vape4wholesale.com\/wp-content\/uploads\/2021\/06\/Lavie-Bar-Pack-7-300x300.jpg 300w, https:\/\/www.vape4wholesale.com\/wp-content\/uploads\/2021\/06\/Lavie-Bar-Pack-7-150x150.jpg 150w, https:\/\/www.vape4wholesale.com\/wp-content\/uploads\/2021\/06\/Lavie-Bar-Pack-7-768x768.jpg 768w\" sizes=\"auto, (max-width: 800px) 100vw, 800px\" \/> <img loading=\"lazy\" decoding=\"async\" class=\"alignnone size-full wp-image-13460\" title=\"Lavie Bar Pack (8)\" src=\"https:\/\/www.vape4wholesale.com\/wp-content\/uploads\/2021\/06\/Lavie-Bar-Pack-8.jpg\" alt=\"Lavie Bar Pack (8)\" width=\"800\" height=\"800\" srcset=\"https:\/\/www.vape4wholesale.com\/wp-content\/uploads\/2021\/06\/Lavie-Bar-Pack-8.jpg 800w, https:\/\/www.vape4wholesale.com\/wp-content\/uploads\/2021\/06\/Lavie-Bar-Pack-8-247x247.jpg 247w, https:\/\/www.vape4wholesale.com\/wp-content\/uploads\/2021\/06\/Lavie-Bar-Pack-8-100x100.jpg 100w, https:\/\/www.vape4wholesale.com\/wp-content\/uploads\/2021\/06\/Lavie-Bar-Pack-8-510x510.jpg 510w, https:\/\/www.vape4wholesale.com\/wp-content\/uploads\/2021\/06\/Lavie-Bar-Pack-8-64x64.jpg 64w, https:\/\/www.vape4wholesale.com\/wp-content\/uploads\/2021\/06\/Lavie-Bar-Pack-8-300x300.jpg 300w, https:\/\/www.vape4wholesale.com\/wp-content\/uploads\/2021\/06\/Lavie-Bar-Pack-8-150x150.jpg 150w, https:\/\/www.vape4wholesale.com\/wp-content\/uploads\/2021\/06\/Lavie-Bar-Pack-8-768x768.jpg 768w\" sizes=\"auto, (max-width: 800px) 100vw, 800px\" \/> <img loading=\"lazy\" decoding=\"async\" class=\"alignnone size-full wp-image-13461\" title=\"Lavie Bar Pack (9)\" src=\"https:\/\/www.vape4wholesale.com\/wp-content\/uploads\/2021\/06\/Lavie-Bar-Pack-9.jpg\" alt=\"Lavie Bar Pack (9)\" width=\"800\" height=\"800\" srcset=\"https:\/\/www.vape4wholesale.com\/wp-content\/uploads\/2021\/06\/Lavie-Bar-Pack-9.jpg 800w, https:\/\/www.vape4wholesale.com\/wp-content\/uploads\/2021\/06\/Lavie-Bar-Pack-9-247x247.jpg 247w, https:\/\/www.vape4wholesale.com\/wp-content\/uploads\/2021\/06\/Lavie-Bar-Pack-9-100x100.jpg 100w, https:\/\/www.vape4wholesale.com\/wp-content\/uploads\/2021\/06\/Lavie-Bar-Pack-9-510x510.jpg 510w, https:\/\/www.vape4wholesale.com\/wp-content\/uploads\/2021\/06\/Lavie-Bar-Pack-9-64x64.jpg 64w, https:\/\/www.vape4wholesale.com\/wp-content\/uploads\/2021\/06\/Lavie-Bar-Pack-9-300x300.jpg 300w, https:\/\/www.vape4wholesale.com\/wp-content\/uploads\/2021\/06\/Lavie-Bar-Pack-9-150x150.jpg 150w, https:\/\/www.vape4wholesale.com\/wp-content\/uploads\/2021\/06\/Lavie-Bar-Pack-9-768x768.jpg 768w\" sizes=\"auto, (max-width: 800px) 100vw, 800px\" \/> <img loading=\"lazy\" decoding=\"async\" class=\"alignnone size-full wp-image-13462\" title=\"Lavie Bar Pack (10)\" src=\"https:\/\/www.vape4wholesale.com\/wp-content\/uploads\/2021\/06\/Lavie-Bar-Pack-10.jpg\" alt=\"Lavie Bar Pack (10)\" width=\"800\" height=\"800\" srcset=\"https:\/\/www.vape4wholesale.com\/wp-content\/uploads\/2021\/06\/Lavie-Bar-Pack-10.jpg 800w, https:\/\/www.vape4wholesale.com\/wp-content\/uploads\/2021\/06\/Lavie-Bar-Pack-10-247x247.jpg 247w, https:\/\/www.vape4wholesale.com\/wp-content\/uploads\/2021\/06\/Lavie-Bar-Pack-10-100x100.jpg 100w, https:\/\/www.vape4wholesale.com\/wp-content\/uploads\/2021\/06\/Lavie-Bar-Pack-10-510x510.jpg 510w\" sizes=\"auto, (max-width: 800px) 100vw, 800px\" \/><\/p>","protected":false},"excerpt":{"rendered":"<div class=\"wsppc_div_block woocommerce_before_add_to_cart_form\">\r\n<p><strong><span style=\"color: #00a859;\">Clear customs<\/span> before delivery &amp; 100% Delivery Guarantee, Delivery in 19~25 days around.\u00a0<\/strong><\/p>\r\n<\/div>","protected":false},"featured_media":13455,"comment_status":"open","ping_status":"closed","template":"","meta":[],"pwb-brand":[1277],"product_cat":[48],"product_tag":[22,24,37,87,90],"class_list":{"0":"post-492","1":"product","2":"type-product","3":"status-publish","4":"has-post-thumbnail","6":"pwb-brand-lavie","7":"product_cat-below-2000-puffs","8":"product_tag-disposable","9":"product_tag-wholesale","10":"product_tag-lavie","11":"product_tag-3-2ml","12":"product_tag-800-puffs","14":"first","15":"instock","16":"shipping-taxable","17":"purchasable","18":"product-type-variable"},"aioseo_notices":[],"brands":[{"id":1277,"name":"Lavie","slug":"lavie"}],"_links":{"self":[{"href":"https:\/\/www.vape4wholesale.com\/sv\/wp-json\/wp\/v2\/product\/492","targetHints":{"allow":["GET"]}}],"collection":[{"href":"https:\/\/www.vape4wholesale.com\/sv\/wp-json\/wp\/v2\/product"}],"about":[{"href":"https:\/\/www.vape4wholesale.com\/sv\/wp-json\/wp\/v2\/types\/product"}],"replies":[{"embeddable":true,"href":"https:\/\/www.vape4wholesale.com\/sv\/wp-json\/wp\/v2\/comments?post=492"}],"wp:featuredmedia":[{"embeddable":true,"href":"https:\/\/www.vape4wholesale.com\/sv\/wp-json\/wp\/v2\/media\/13455"}],"wp:attachment":[{"href":"https:\/\/www.vape4wholesale.com\/sv\/wp-json\/wp\/v2\/media?parent=492"}],"wp:term":[{"taxonomy":"pwb-brand","embeddable":true,"href":"https:\/\/www.vape4wholesale.com\/sv\/wp-json\/wp\/v2\/pwb-brand?post=492"},{"taxonomy":"product_cat","embeddable":true,"href":"https:\/\/www.vape4wholesale.com\/sv\/wp-json\/wp\/v2\/product_cat?post=492"},{"taxonomy":"product_tag","embeddable":true,"href":"https:\/\/www.vape4wholesale.com\/sv\/wp-json\/wp\/v2\/product_tag?post=492"}],"curies":[{"name":"wp","href":"https:\/\/api.w.org\/{rel}","templated":true}]}}