{"id":4537,"date":"2021-05-21T11:32:47","date_gmt":"2021-05-21T03:32:47","guid":{"rendered":"https:\/\/www.vape4wholesale.com\/?post_type=product&#038;p=4537"},"modified":"2026-01-26T13:43:58","modified_gmt":"2026-01-26T13:43:58","slug":"elf-bar-lux-800-puffar-engangs-vape-grossist","status":"publish","type":"product","link":"https:\/\/www.vape4wholesale.com\/sv\/product\/elf-bar-lux-800-puffs-disposable-vape-wholesale","title":{"rendered":"Elf Bar Lux 800 puffar eng\u00e5ngsvape grossist"},"content":{"rendered":"<p>den <strong><a href=\"https:\/\/www.vape4wholesale.com\/sv\/produkt_varumarke\/alvbar\/\">Elf Bar<\/a> Lux 800 Vape<\/strong> \u00e4r en delikat f\u00f6rfylld eng\u00e5ngs vape med tunn kropp, best\u00e5ende av 550mAh batteri och 3,2ml f\u00f6rfylld pod, den st\u00f6der max 800 puffar. Det exakta luftfl\u00f6det fungerar bra med perfekt sp\u00e4nning f\u00f6r att ge dig anst\u00e4ndig smak. Tillsammans med 5% nikotinstyrka och snabbdragningsaktivering \u00e4r denna Elf Bar Lux 800 ett anst\u00e4ndigt val f\u00f6r din dagliga vaping.<\/p>\n<h2><strong>Elf Bar Lux 800 Puffs Eng\u00e5ngs-Vape Parametrar<\/strong><\/h2>\n<ul>\n<li>Storlek: 16 x 104 mm<\/li>\n<li>Kapacitet f\u00f6r e-juice: 3,2 ml<\/li>\n<li>Nikotinstyrka: 5%, 2% SE<\/li>\n<li>Batteri: 550 mAh<\/li>\n<li>Puffar: 800 Puffar<\/li>\n<\/ul>\n<h2><strong>Elf Bar Lux 800 Funktioner<\/strong><\/h2>\n<p>Elegant f\u00f6rfyllt eng\u00e5ngspodsystem med smal kropp<br \/>\nKompakt design och fickv\u00e4nligt format f\u00f6r enkel transport<br \/>\nOlika v\u00e4lsmakande e-juice f\u00f6r att ge utm\u00e4rkt smak<br \/>\n550mAh inbyggt batteri f\u00f6r 800 Puffs<br \/>\n3,2 ml f\u00f6rfylld pod med inbyggd spole<\/p>\n<h2><strong>F\u00f6rpackning\/Vikt<\/strong><\/h2>\n<ul>\n<li>1 st\/f\u00f6rpackning, 10 f\u00f6rpackningar\/l\u00e5da<\/li>\n<li>400\/kartong, vikt: 17 kg<\/li>\n<\/ul>\n<h2><strong>Smak\u00e4mnen<\/strong><\/h2>\n<div class=\"vi-wpvs-option-wrap vi-wpvs-option-wrap-default\" data-attribute_label=\"Banana Ice\" data-attribute_value=\"banana-ice-2\"><span class=\"vi-wpvs-option vi-wpvs-option-button\">Banan is<\/span><\/div>\n<div class=\"vi-wpvs-option-wrap vi-wpvs-option-wrap-default\" data-attribute_label=\"Banana Milk\" data-attribute_value=\"banana-milk\"><span class=\"vi-wpvs-option vi-wpvs-option-button\">Bananmj\u00f6lk<\/span><\/div>\n<div class=\"vi-wpvs-option-wrap vi-wpvs-option-wrap-default\" data-attribute_label=\"Blueberry\" data-attribute_value=\"blueberry\"><span class=\"vi-wpvs-option vi-wpvs-option-button\">Bl\u00e5b\u00e4r<\/span><\/div>\n<div class=\"vi-wpvs-option-wrap vi-wpvs-option-wrap-default\" data-attribute_label=\"Coffee Tobacco\" data-attribute_value=\"coffee-tobacco\"><span class=\"vi-wpvs-option vi-wpvs-option-button\">Kaffe Tobak<\/span><\/div>\n<div class=\"vi-wpvs-option-wrap vi-wpvs-option-wrap-default\" data-attribute_label=\"Grape\" data-attribute_value=\"grape\"><span class=\"vi-wpvs-option vi-wpvs-option-button\">Druva<\/span><\/div>\n<div class=\"vi-wpvs-option-wrap vi-wpvs-option-wrap-default\" data-attribute_label=\"Grapes Energy\" data-attribute_value=\"grapes-energy\"><span class=\"vi-wpvs-option vi-wpvs-option-button\">Druvor Energi<\/span><\/div>\n<div class=\"vi-wpvs-option-wrap vi-wpvs-option-wrap-default\" data-attribute_label=\"Kiwi Passion Fruit Guava\" data-attribute_value=\"kiwi-passion-fruit-guava\"><span class=\"vi-wpvs-option vi-wpvs-option-button\">Kiwi Passionsfrukt Guava<\/span><\/div>\n<div class=\"vi-wpvs-option-wrap vi-wpvs-option-wrap-default\" data-attribute_label=\"Mango\" data-attribute_value=\"mango\"><span class=\"vi-wpvs-option vi-wpvs-option-button\">Mango<\/span><\/div>\n<div class=\"vi-wpvs-option-wrap vi-wpvs-option-wrap-default\" data-attribute_label=\"Mango Peach Watermelon\" data-attribute_value=\"mango-peach-watermelon\"><span class=\"vi-wpvs-option vi-wpvs-option-button\">Mango Persika Vattenmelon<\/span><\/div>\n<div class=\"vi-wpvs-option-wrap vi-wpvs-option-wrap-default\" data-attribute_label=\"Peach Ice\" data-attribute_value=\"peach-ice-2\"><span class=\"vi-wpvs-option vi-wpvs-option-button\">Persika is<\/span><\/div>\n<div class=\"vi-wpvs-option-wrap vi-wpvs-option-wrap-default\" data-attribute_label=\"Peach Mango Guava\" data-attribute_value=\"peach-mango-guava\"><span class=\"vi-wpvs-option vi-wpvs-option-button\">Persika Mango Guava<\/span><\/div>\n<div class=\"vi-wpvs-option-wrap vi-wpvs-option-wrap-default\" data-attribute_label=\"Pink Lemonade\" data-attribute_value=\"pink-lemonade\"><span class=\"vi-wpvs-option vi-wpvs-option-button\">Rosa lemonad<\/span><\/div>\n<div class=\"vi-wpvs-option-wrap vi-wpvs-option-wrap-selected\" data-attribute_label=\"Sour Apple\" data-attribute_value=\"sour-apple\"><span class=\"vi-wpvs-option vi-wpvs-option-button\">Surt \u00e4pple<\/span><\/div>\n<div class=\"vi-wpvs-option-wrap vi-wpvs-option-wrap-default\" data-attribute_label=\"Strawberry Banana\" data-attribute_value=\"strawberry-banana\"><span class=\"vi-wpvs-option vi-wpvs-option-button\">Jordgubbar Bananer<\/span><\/div>\n<div class=\"vi-wpvs-option-wrap vi-wpvs-option-wrap-default\" data-attribute_label=\"strawberry energy\" data-attribute_value=\"strawberry-energy\"><span class=\"vi-wpvs-option vi-wpvs-option-button\">jordgubbsenergi<\/span><\/div>\n<div class=\"vi-wpvs-option-wrap vi-wpvs-option-wrap-default\" data-attribute_label=\"Strawberry Grape\" data-attribute_value=\"strawberry-grape\"><span class=\"vi-wpvs-option vi-wpvs-option-button\">Jordgubb Druva<\/span><\/div>\n<div class=\"vi-wpvs-option-wrap vi-wpvs-option-wrap-default\" data-attribute_label=\"Strawberry Ice\" data-attribute_value=\"strawberry-ice-2\"><span class=\"vi-wpvs-option vi-wpvs-option-button\">Jordgubbsis<\/span><\/div>\n<div class=\"vi-wpvs-option-wrap vi-wpvs-option-wrap-hover\" data-attribute_label=\"Watermelon\" data-attribute_value=\"watermelon\"><span class=\"vi-wpvs-option vi-wpvs-option-button\">Vattenmelon<\/span><\/div>\n<div data-attribute_label=\"Watermelon\" data-attribute_value=\"watermelon\"><\/div>","protected":false},"excerpt":{"rendered":"<div class=\"wsppc_div_block woocommerce_before_add_to_cart_form\">\r\n<p><strong><span style=\"color: #00a859;\">Klarera tullen<\/span> f\u00f6re leverans &amp; 100% Leveransgaranti, Leverans p\u00e5 cirka 19\u201325 dagar.\u00a0<\/strong><\/p>\r\n<\/div>\n<p>100% Original Elf Bar med QR-kod<\/p>","protected":false},"featured_media":26794,"comment_status":"open","ping_status":"closed","template":"","meta":[],"pwb-brand":[1278],"product_cat":[48],"product_tag":[60,87,90,22,24],"class_list":{"0":"post-4537","1":"product","2":"type-product","3":"status-publish","4":"has-post-thumbnail","6":"pwb-brand-elf-bar","7":"product_cat-below-2000-puffs","8":"product_tag-elf-bar","9":"product_tag-3-2ml","10":"product_tag-800-puffs","11":"product_tag-disposable","12":"product_tag-wholesale","14":"first","15":"instock","16":"shipping-taxable","17":"purchasable","18":"product-type-variable"},"aioseo_notices":[],"brands":[{"id":1278,"name":"Elf bar","slug":"alvbar"}],"_links":{"self":[{"href":"https:\/\/www.vape4wholesale.com\/sv\/wp-json\/wp\/v2\/product\/4537","targetHints":{"allow":["GET"]}}],"collection":[{"href":"https:\/\/www.vape4wholesale.com\/sv\/wp-json\/wp\/v2\/product"}],"about":[{"href":"https:\/\/www.vape4wholesale.com\/sv\/wp-json\/wp\/v2\/types\/product"}],"replies":[{"embeddable":true,"href":"https:\/\/www.vape4wholesale.com\/sv\/wp-json\/wp\/v2\/comments?post=4537"}],"wp:featuredmedia":[{"embeddable":true,"href":"https:\/\/www.vape4wholesale.com\/sv\/wp-json\/wp\/v2\/media\/26794"}],"wp:attachment":[{"href":"https:\/\/www.vape4wholesale.com\/sv\/wp-json\/wp\/v2\/media?parent=4537"}],"wp:term":[{"taxonomy":"pwb-brand","embeddable":true,"href":"https:\/\/www.vape4wholesale.com\/sv\/wp-json\/wp\/v2\/pwb-brand?post=4537"},{"taxonomy":"product_cat","embeddable":true,"href":"https:\/\/www.vape4wholesale.com\/sv\/wp-json\/wp\/v2\/product_cat?post=4537"},{"taxonomy":"product_tag","embeddable":true,"href":"https:\/\/www.vape4wholesale.com\/sv\/wp-json\/wp\/v2\/product_tag?post=4537"}],"curies":[{"name":"wp","href":"https:\/\/api.w.org\/{rel}","templated":true}]}}