{"id":3519,"date":"2021-05-18T21:03:19","date_gmt":"2021-05-18T13:03:19","guid":{"rendered":"https:\/\/www.vape4wholesale.com\/?post_type=product&#038;p=3519"},"modified":"2026-01-26T13:44:02","modified_gmt":"2026-01-26T13:44:02","slug":"elf-bar-2500-engangs-vape-grossist","status":"publish","type":"product","link":"https:\/\/www.vape4wholesale.com\/sv\/product\/elf-bar-2500-disposable-vape-wholesale","title":{"rendered":"Elf Bar 2500 Eng\u00e5ngsvape Partihandel"},"content":{"rendered":"<p><a href=\"https:\/\/www.vape4wholesale.com\/sv\/produkt_varumarke\/alvbar\/\">Elf Bar<\/a> 2500 Disposable Vape levereras med 1400mAh batteri och 8 ml e-juice med olika smaker. den inneh\u00e5ller 5% eller 2% saltnik, st\u00f6der upp till 2500 puffar.<\/p>\n<p><span class=\"src\" data-group=\"0-0\">Den kan ge stabil effekt och rik smak av varje puff .vilket<\/span><span class=\"src\" data-group=\"0-1\">\u00a0ger dig den mjukaste, fylligaste upplevelsen av en eng\u00e5ngs-e-cigarett.<\/span><\/p>\n<h2>Elf Bar 2500 Eng\u00e5ngsvape Snabb detalj<\/h2>\n<p>Storlek: 108 x 23 mm<br \/>\nKapacitet f\u00f6r e-v\u00e4tska: 8 ml<br \/>\nNikotinstyrka: 5%\/2%\/2%SE<br \/>\nBatterikapacitet:1400mAh<br \/>\nPuffar: 2500 Puffar<\/p>\n<h2>Advantanger<\/h2>\n<p>Vertikal struktur med dubbla spolar garanterar ren smak<br \/>\nSt\u00f6rre batterikapacitet och st\u00f6rre kapacitet f\u00f6r e-v\u00e4tska<br \/>\nSnygga gradienter med mjuk handk\u00e4nsla<br \/>\nMer fruktbara smaker m\u00f6ter olika behov<\/p>\n<h2>Smak\u00e4mnen<\/h2>\n<p>Bananmj\u00f6lk<br \/>\nBlue Razz Lemonade<br \/>\nJuicy persika<br \/>\nRosa lemonad<br \/>\nJordgubbsis<br \/>\nSurt \u00e4pple<br \/>\nKokosn\u00f6t Melon<br \/>\nPersika Mango Guava<br \/>\nMango Persika Vattenmelon<br \/>\nDruva Energi<\/p>\n<p><img loading=\"lazy\" decoding=\"async\" class=\"alignnone size-full wp-image-26795\" title=\"Elf Bar 2500 eng\u00e5ngsvape grossistf\u00f6rpackad (16)\" src=\"https:\/\/www.vape4wholesale.com\/wp-content\/uploads\/2021\/05\/Elf-Bar-2500-Disposable-Vape-Wholesale_Packed-16-1.jpg\" alt=\"Elf Bar 2500 eng\u00e5ngsvape grossistf\u00f6rpackad (16)\" width=\"600\" height=\"600\" srcset=\"https:\/\/www.vape4wholesale.com\/wp-content\/uploads\/2021\/05\/Elf-Bar-2500-Disposable-Vape-Wholesale_Packed-16-1.jpg 600w, https:\/\/www.vape4wholesale.com\/wp-content\/uploads\/2021\/05\/Elf-Bar-2500-Disposable-Vape-Wholesale_Packed-16-1-300x300.jpg 300w, https:\/\/www.vape4wholesale.com\/wp-content\/uploads\/2021\/05\/Elf-Bar-2500-Disposable-Vape-Wholesale_Packed-16-1-150x150.jpg 150w, https:\/\/www.vape4wholesale.com\/wp-content\/uploads\/2021\/05\/Elf-Bar-2500-Disposable-Vape-Wholesale_Packed-16-1-12x12.jpg 12w, https:\/\/www.vape4wholesale.com\/wp-content\/uploads\/2021\/05\/Elf-Bar-2500-Disposable-Vape-Wholesale_Packed-16-1-247x247.jpg 247w, https:\/\/www.vape4wholesale.com\/wp-content\/uploads\/2021\/05\/Elf-Bar-2500-Disposable-Vape-Wholesale_Packed-16-1-510x510.jpg 510w, https:\/\/www.vape4wholesale.com\/wp-content\/uploads\/2021\/05\/Elf-Bar-2500-Disposable-Vape-Wholesale_Packed-16-1-100x100.jpg 100w\" sizes=\"auto, (max-width: 600px) 100vw, 600px\" \/><\/p>","protected":false},"excerpt":{"rendered":"<div class=\"wsppc_div_block woocommerce_before_add_to_cart_form\">\r\n<p><strong><span style=\"color: #00a859;\">Klarera tullen<\/span> f\u00f6re leverans &amp; 100% Leveransgaranti, Leverans p\u00e5 cirka 19\u201325 dagar.\u00a0<\/strong><\/p>\r\n<\/div>","protected":false},"featured_media":26795,"comment_status":"open","ping_status":"closed","template":"","meta":[],"pwb-brand":[1278],"product_cat":[25],"product_tag":[22,24,27,60,70],"class_list":{"0":"post-3519","1":"product","2":"type-product","3":"status-publish","4":"has-post-thumbnail","6":"pwb-brand-elf-bar","7":"product_cat-2000-3000-puffs","8":"product_tag-disposable","9":"product_tag-wholesale","10":"product_tag-2500-puffs","11":"product_tag-elf-bar","12":"product_tag-8-0ml","14":"first","15":"instock","16":"shipping-taxable","17":"purchasable","18":"product-type-variable"},"aioseo_notices":[],"brands":[{"id":1278,"name":"Elf bar","slug":"alvbar"}],"_links":{"self":[{"href":"https:\/\/www.vape4wholesale.com\/sv\/wp-json\/wp\/v2\/product\/3519","targetHints":{"allow":["GET"]}}],"collection":[{"href":"https:\/\/www.vape4wholesale.com\/sv\/wp-json\/wp\/v2\/product"}],"about":[{"href":"https:\/\/www.vape4wholesale.com\/sv\/wp-json\/wp\/v2\/types\/product"}],"replies":[{"embeddable":true,"href":"https:\/\/www.vape4wholesale.com\/sv\/wp-json\/wp\/v2\/comments?post=3519"}],"wp:featuredmedia":[{"embeddable":true,"href":"https:\/\/www.vape4wholesale.com\/sv\/wp-json\/wp\/v2\/media\/26795"}],"wp:attachment":[{"href":"https:\/\/www.vape4wholesale.com\/sv\/wp-json\/wp\/v2\/media?parent=3519"}],"wp:term":[{"taxonomy":"pwb-brand","embeddable":true,"href":"https:\/\/www.vape4wholesale.com\/sv\/wp-json\/wp\/v2\/pwb-brand?post=3519"},{"taxonomy":"product_cat","embeddable":true,"href":"https:\/\/www.vape4wholesale.com\/sv\/wp-json\/wp\/v2\/product_cat?post=3519"},{"taxonomy":"product_tag","embeddable":true,"href":"https:\/\/www.vape4wholesale.com\/sv\/wp-json\/wp\/v2\/product_tag?post=3519"}],"curies":[{"name":"wp","href":"https:\/\/api.w.org\/{rel}","templated":true}]}}