{"id":30010,"date":"2026-03-27T23:07:19","date_gmt":"2026-03-27T15:07:19","guid":{"rendered":"https:\/\/www.vape4wholesale.com\/?post_type=product&#038;p=30010"},"modified":"2026-03-28T08:52:11","modified_gmt":"2026-03-28T00:52:11","slug":"fumot-digital-box-12000-12k-europe-warehouse","status":"publish","type":"product","link":"https:\/\/www.vape4wholesale.com\/sv\/product\/fumot-digital-box-12000-12k-europe-warehouse","title":{"rendered":"Fumot Digital Box 12000 (12K) Europeisk lager"},"content":{"rendered":"<p>Fumot Digital Box 12000 \u00e4r en uppladdningsbar eng\u00e5ngsvape med h\u00f6g kapacitet som \u00e4r byggd f\u00f6r l\u00e5ngvarig anv\u00e4ndning och konsekvent prestanda. Den \u00e4r f\u00f6rfylld med 20 ml e-juice, ger upp till 12 000 puffar under testf\u00f6rh\u00e5llanden och finns tillg\u00e4nglig i fyra nikotinstyrkor - 0%, 2%, 3% och 5% - f\u00f6r att passa m\u00e5nga olika preferenser.<\/p>\n<p>Enheten \u00e4r utrustad med en livlig LED-display som ger information i realtid om b\u00e5de batteriniv\u00e5 och e-juice-status, s\u00e5 att anv\u00e4ndarna kan h\u00e5lla sig informerade p\u00e5 ett \u00f6gonblick. 0,8\u03a9 mesh coil-tekniken garanterar j\u00e4mn uppv\u00e4rmning och rik smakleverans, medan det inbyggda 550mAh uppladdningsbara batteriet och den moderna Type-C-laddningsporten m\u00f6jligg\u00f6r snabb och problemfri laddning. Med ett brett urval av 56 smaker - fr\u00e5n fruktblandningar och mentolalternativ till dryckesinspirerade och tobaksvarianter - kombinerar Digital Box 12000 banbrytande teknik med en anv\u00e4ndarfokuserad design f\u00f6r en f\u00f6rstklassig vapingupplevelse.<\/p>\n<p>Dessutom levererar vi denna produkt fr\u00e5n v\u00e5rt europeiska lager, det \u00e4r fri frakt, vilket garanterar snabb och p\u00e5litlig leverans till de flesta europeiska l\u00e4nder inom cirka en vecka till 10 dagar runt.<\/p>\n<h2><strong>Fumot Digital Box 12000 Tekniska specifikationer<\/strong><\/h2>\n<div class=\"ds-scroll-area ds-scroll-area--show-on-focus-within _1210dd7 c03cafe9\">\n<div class=\"ds-scroll-area__gutters\">\n<div class=\"ds-scroll-area__vertical-gutter\"><\/div>\n<\/div>\n<table>\n<thead>\n<tr>\n<th>Parameter<\/th>\n<th>Specifikation<\/th>\n<\/tr>\n<\/thead>\n<tbody>\n<tr>\n<td><strong>Kapacitet f\u00f6r e-v\u00e4tska<\/strong><\/td>\n<td>20 ml<\/td>\n<\/tr>\n<tr>\n<td><strong>Antal puffar<\/strong><\/td>\n<td>Upp till 12.000 puffar (under testf\u00f6rh\u00e5llanden)<\/td>\n<\/tr>\n<tr>\n<td><strong>Alternativ f\u00f6r nikotinstyrka<\/strong><\/td>\n<td>0%, 2%, 3%, 5%<\/td>\n<\/tr>\n<tr>\n<td><strong>Batteriets kapacitet<\/strong><\/td>\n<td>550mAh (inbyggt uppladdningsbart batteri)<\/td>\n<\/tr>\n<tr>\n<td><strong>Port f\u00f6r laddning<\/strong><\/td>\n<td>Typ C<\/td>\n<\/tr>\n<tr>\n<td><strong>Spoltyp<\/strong><\/td>\n<td>N\u00e4tspole<\/td>\n<\/tr>\n<tr>\n<td><strong>Spolresistans<\/strong><\/td>\n<td>0.8\u03a9<\/td>\n<\/tr>\n<tr>\n<td><strong>Display<\/strong><\/td>\n<td>LED-display (visar batteriniv\u00e5 och niv\u00e5 f\u00f6r e-juice)<\/td>\n<\/tr>\n<tr>\n<td><strong>Smakalternativ<\/strong><\/td>\n<td>56 smaker<\/td>\n<\/tr>\n<tr>\n<td><strong>Uppladdningsbar<\/strong><\/td>\n<td>Ja<\/td>\n<\/tr>\n<\/tbody>\n<\/table>\n<p>&nbsp;<\/p>\n<h2><strong>Tillg\u00e4ngliga smaker<\/strong><\/h2>\n<p>1. Cool Mint<br \/>\n2. K\u00f6rsb\u00e4rsis<br \/>\n3. Cherry Cola<br \/>\n4. Druv-is<br \/>\n5. Lush Ice<br \/>\n6. Isglass<br \/>\n7. Jordgubbsis<br \/>\n8. Rosa lemonad<br \/>\n9. Mango p\u00e5 is<br \/>\n10. Blandade b\u00e4r<br \/>\n11. Jordgubbs Donut<br \/>\n12. Jordgubbe Druva<br \/>\n13. Bl\u00e5b\u00e4r Hallon<br \/>\n14. Jordgubbe Vattenmelon<br \/>\n15. Jordgubbe Banan<br \/>\n16. Vattenmelon-is<br \/>\n17. Dr Bl\u00e5<br \/>\n18. Bl\u00e5b\u00e4r p\u00e5 is<br \/>\n19. Kiwi Passionsfrukt Guava<br \/>\n20. Jordgubb Kiwi<br \/>\n21. Persika Mango<br \/>\n22. Persika is<br \/>\n23. R\u00f6d \u00e4pple-is<br \/>\n24. Bl\u00e5b\u00e4r Bubblegum<br \/>\n25. B\u00e4r Lemonad<br \/>\n26. Blue Razz Lemonade<br \/>\n27. Bluesour Hallon<br \/>\n28. Red Bull med jordgubbar<br \/>\n29. Apple Berry Blast<br \/>\n30. Vattenmelon Bubble Gum<br \/>\n31. Hallon vattenmelon<br \/>\n32. Svart is<br \/>\n33. Bl\u00e5b\u00e4r K\u00f6rsb\u00e4r Tranb\u00e4r<br \/>\n34. Strawberry Pomp (Granat\u00e4pple)<br \/>\n35. Vimto<br \/>\n36. K\u00f6rsb\u00e4rsb\u00e4r<br \/>\n37. Citron &amp; Lime<br \/>\n38. Bingo Crush<br \/>\n39. Bl\u00e5b\u00e4r Kiwi<br \/>\n40. \u00c4pple kanel<br \/>\n41. Banan is<br \/>\n42. Drakfrukt-is<br \/>\n43. Fruktig fusion<br \/>\n44. Druva Mint<br \/>\n45. K\u00e4rlek 66<br \/>\n46. Ananas-is<br \/>\n47. R\u00f6d energi is<br \/>\n48. Tv\u00e5 \u00e4pplen<br \/>\n49. Tobak<br \/>\n50. Cola is<br \/>\n51. Ice Tea Citron Is<br \/>\n52. Ice Tea Persika Ice<br \/>\n53. Blue Razz Gummibj\u00f6rn<br \/>\n54. Kubansk Menthol Mojito<br \/>\n55. Juicy Fruit Tuggummi<br \/>\n56. Ribena Gummy Citron<\/p>\n<\/div>\n<h2><strong>F\u00f6rpackning och vikt<\/strong><\/h2>\n<ul>\n<li>0,095 KG\/PCS, enstaka med liten f\u00f6rpackning<\/li>\n<li>10 st i en mediumf\u00f6rpackning<\/li>\n<li>200 st i huvudkartong<\/li>\n<\/ul>\n<figure id=\"attachment_26810\" aria-describedby=\"caption-attachment-26810\" style=\"width: 800px\" class=\"wp-caption alignnone\"><img loading=\"lazy\" decoding=\"async\" class=\"wp-image-26810 size-full\" title=\"Fumot Digital Box 12000 eng\u00e5ngsvape grossist Jordgubbsmunk\" src=\"https:\/\/www.vape4wholesale.com\/wp-content\/uploads\/2023\/10\/Fumot-Digital-12000-Disposable-Vape-Wholesale-Strawberry-Donut-1.jpg\" alt=\"Fumot Digital Box 12000 eng\u00e5ngsvape grossist Jordgubbsmunk\" width=\"800\" height=\"800\" srcset=\"https:\/\/www.vape4wholesale.com\/wp-content\/uploads\/2023\/10\/Fumot-Digital-12000-Disposable-Vape-Wholesale-Strawberry-Donut-1.jpg 800w, https:\/\/www.vape4wholesale.com\/wp-content\/uploads\/2023\/10\/Fumot-Digital-12000-Disposable-Vape-Wholesale-Strawberry-Donut-1-300x300.jpg 300w, https:\/\/www.vape4wholesale.com\/wp-content\/uploads\/2023\/10\/Fumot-Digital-12000-Disposable-Vape-Wholesale-Strawberry-Donut-1-150x150.jpg 150w, https:\/\/www.vape4wholesale.com\/wp-content\/uploads\/2023\/10\/Fumot-Digital-12000-Disposable-Vape-Wholesale-Strawberry-Donut-1-768x768.jpg 768w, https:\/\/www.vape4wholesale.com\/wp-content\/uploads\/2023\/10\/Fumot-Digital-12000-Disposable-Vape-Wholesale-Strawberry-Donut-1-12x12.jpg 12w, https:\/\/www.vape4wholesale.com\/wp-content\/uploads\/2023\/10\/Fumot-Digital-12000-Disposable-Vape-Wholesale-Strawberry-Donut-1-247x247.jpg 247w, https:\/\/www.vape4wholesale.com\/wp-content\/uploads\/2023\/10\/Fumot-Digital-12000-Disposable-Vape-Wholesale-Strawberry-Donut-1-510x510.jpg 510w, https:\/\/www.vape4wholesale.com\/wp-content\/uploads\/2023\/10\/Fumot-Digital-12000-Disposable-Vape-Wholesale-Strawberry-Donut-1-100x100.jpg 100w\" sizes=\"auto, (max-width: 800px) 100vw, 800px\" \/><figcaption id=\"caption-attachment-26810\" class=\"wp-caption-text\">Fumot Digital Box 12000 eng\u00e5ngsvape grossist Jordgubbsmunk<\/figcaption><\/figure>\n<p>&nbsp;<\/p>\n<h2>VARF\u00d6R OSS?<\/h2>\r\n<ul>\r\n<li>Verklig, p\u00e5litlig och professionell vape-k\u00e4lla.<\/li>\r\n<li>100% \u00e4kta garanti: Vi tillhandah\u00e5ller endast original- och \u00e4kta produkter, v\u00e4grar f\u00f6rfalskning.<\/li>\r\n<li>100% Leveransgaranti: Vi anv\u00e4nder den b\u00e4sta fraktmetoden f\u00f6r att s\u00e4kerst\u00e4lla att du f\u00e5r best\u00e4llningen 100%.<\/li>\r\n<li>Vi kommer att ge dig sp\u00e5rningsnumret och fraktetiketten efter leverans och sp\u00e5ra varorna \u00e5t dig tills du kvitterar ut dem.<\/li>\r\n<li>Inga tullproblem, inga tullar<\/li>\r\n<\/ul>","protected":false},"excerpt":{"rendered":"<p><b><span style=\"color: #00a859;\">Fri frakt<\/span>\u00a0fr\u00e5n Europa-lager, leveranstid 7-15 arbetsdagar.<\/b><\/p>\r\n<div class=\"wsppc_div_block woocommerce_before_add_to_cart_form\">\r\n<p><strong>Tulla varorna f\u00f6re leverans &amp; 100% Leveransgaranti<\/strong><\/p>\r\n<\/div>","protected":false},"featured_media":26805,"comment_status":"open","ping_status":"closed","template":"","meta":[],"pwb-brand":[1269],"product_cat":[938],"product_tag":[24,172,556,22],"class_list":{"0":"post-30010","1":"product","2":"type-product","3":"status-publish","4":"has-post-thumbnail","6":"pwb-brand-fumot","7":"product_cat-europe-warehouse","8":"product_tag-wholesale","9":"product_tag-20-0ml","10":"product_tag-12000-puffs","11":"product_tag-disposable","12":"product_shipping_class-eu-warehouse","13":"wcpa_has_options","15":"first","16":"instock","17":"shipping-taxable","18":"purchasable","19":"product-type-variable"},"aioseo_notices":[],"brands":[{"id":1269,"name":"Fumot","slug":"fumot"}],"_links":{"self":[{"href":"https:\/\/www.vape4wholesale.com\/sv\/wp-json\/wp\/v2\/product\/30010","targetHints":{"allow":["GET"]}}],"collection":[{"href":"https:\/\/www.vape4wholesale.com\/sv\/wp-json\/wp\/v2\/product"}],"about":[{"href":"https:\/\/www.vape4wholesale.com\/sv\/wp-json\/wp\/v2\/types\/product"}],"replies":[{"embeddable":true,"href":"https:\/\/www.vape4wholesale.com\/sv\/wp-json\/wp\/v2\/comments?post=30010"}],"wp:featuredmedia":[{"embeddable":true,"href":"https:\/\/www.vape4wholesale.com\/sv\/wp-json\/wp\/v2\/media\/26805"}],"wp:attachment":[{"href":"https:\/\/www.vape4wholesale.com\/sv\/wp-json\/wp\/v2\/media?parent=30010"}],"wp:term":[{"taxonomy":"pwb-brand","embeddable":true,"href":"https:\/\/www.vape4wholesale.com\/sv\/wp-json\/wp\/v2\/pwb-brand?post=30010"},{"taxonomy":"product_cat","embeddable":true,"href":"https:\/\/www.vape4wholesale.com\/sv\/wp-json\/wp\/v2\/product_cat?post=30010"},{"taxonomy":"product_tag","embeddable":true,"href":"https:\/\/www.vape4wholesale.com\/sv\/wp-json\/wp\/v2\/product_tag?post=30010"}],"curies":[{"name":"wp","href":"https:\/\/api.w.org\/{rel}","templated":true}]}}