{"id":29175,"date":"2026-01-29T07:38:34","date_gmt":"2026-01-29T07:38:34","guid":{"rendered":"https:\/\/www.vape4wholesale.com\/?post_type=product&#038;p=29175"},"modified":"2026-04-07T17:10:19","modified_gmt":"2026-04-07T09:10:19","slug":"happ-bar-gr100k-pro-engangs-vape-grossist","status":"publish","type":"product","link":"https:\/\/www.vape4wholesale.com\/sv\/product\/happ-bar-gr100k-pro-disposable-vape-wholesale","title":{"rendered":"Grossist Happ Bar GR100K Pro Eng\u00e5ngsvape"},"content":{"rendered":"<p>Den <a title=\"Happ Bar\" href=\"\/sv\/produkt_varumarke\/happ-bar\/\" target=\"_blank\" rel=\"noopener\">Happ Bar<\/a> GR100K Pro Disposable Vape \u00e4r den senaste evolutionen i Happ Bar GR-serien. GR100K Pro \u00e4r en m\u00e4sterlig integration av de ikoniska designerna GR30K och GR50K, och tar allt till n\u00e4sta niv\u00e5 med betydande uppgraderingar. Den representerar h\u00f6jdpunkten i v\u00e5r serie och erbjuder en o\u00f6vertr\u00e4ffad kombination av h\u00e5llbar prestanda och raffinerad estetik.<\/p>\n<p>Denna enhet \u00e4r konstruerad f\u00f6r extrem livsl\u00e4ngd och bekv\u00e4mlighet och har en massiv\u00a0<strong>100.000 puffar<\/strong>\u00a0med st\u00f6d av en gener\u00f6s\u00a0<strong>56 ml<\/strong>\u00a0f\u00f6rfylld e-v\u00e4tskekapacitet och en l\u00e5nglivad\u00a0<strong>650 mAh<\/strong>\u00a0uppladdningsbart batteri. Den har en modern\u00a0<strong>Typ C<\/strong>\u00a0laddningsport f\u00f6r snabb uppladdning och anv\u00e4nder en\u00a0<strong>1,0 ohm<\/strong>\u00a0coil f\u00f6r att s\u00e4kerst\u00e4lla en j\u00e4mn och smakrik \u00e5ngproduktion. Tillg\u00e4nglig i\u00a0<strong>2%<\/strong>\u00a0och\u00a0<strong>5%<\/strong>\u00a0nikotinstyrkor f\u00f6r att tillgodose dina preferenser.<\/p>\n<h2 class=\"ds-markdown-paragraph\"><strong>Happ Bar GR100K Pro eng\u00e5ngsvape Key Specifikationer<\/strong><\/h2>\n<ul>\n<li class=\"ds-markdown-paragraph\">Massivt antal puffar: Njut av upp till 100 000 puffar f\u00f6r l\u00e5ngvarig tillfredsst\u00e4llelse.<\/li>\n<li class=\"ds-markdown-paragraph\">Nikotinstyrka: Finns i nikotinkoncentrationerna 2% och 5% f\u00f6r att passa dina \u00f6nskem\u00e5l.<\/li>\n<li class=\"ds-markdown-paragraph\">Batteri med h\u00f6g kapacitet: Drivs av ett tillf\u00f6rlitligt integrerat 650mAh-batteri.<\/li>\n<li class=\"ds-markdown-paragraph\">Bekv\u00e4m laddning: Har en typ C-laddningsport f\u00f6r snabb och enkel uppladdning.<\/li>\n<li class=\"ds-markdown-paragraph\">Gener\u00f6s kapacitet f\u00f6r e-v\u00e4tska: F\u00f6rfylld med 56 ml premium e-v\u00e4tska.<\/li>\n<li class=\"ds-markdown-paragraph\">Optimalt spolmotst\u00e5nd: Utrustad med en 1,0 ohm mesh-spole f\u00f6r j\u00e4mn, konsekvent och smakrik \u00e5ngproduktion.<\/li>\n<\/ul>\n<h2><strong>Tillg\u00e4ngliga smaker<\/strong><\/h2>\n<p>01. Kokosn\u00f6t-Melon-is<br \/>\n02. Rosa lemonad<br \/>\n03. Citron hagel<br \/>\n04. San Francisco (blandning av apelsin, citron och persika)<br \/>\n05. Tropisk frukt is<br \/>\n06. Blue Mountain (blandning av mynta och r\u00f6da b\u00e4r)<br \/>\n07. K\u00e4rlek 66<br \/>\n08. Jordgubb Kiwi<br \/>\n09. Vattenmelon is<br \/>\n10. Svart drake jordgubbs-is<br \/>\n11. Jordgubbe Vattenmelon<br \/>\n12. Herr Bl\u00e5<br \/>\n13. Persika hagel<br \/>\n14. Sommardr\u00f6m<br \/>\n15. Bl\u00e5 jordgubbsis<\/p>\n<figure id=\"attachment_29169\" aria-describedby=\"caption-attachment-29169\" style=\"width: 800px\" class=\"wp-caption alignnone\"><img loading=\"lazy\" decoding=\"async\" class=\"size-full wp-image-29169\" title=\"Happ Bar GR100K Pro Eng\u00e5ngs vape Grossist 06\" src=\"https:\/\/www.vape4wholesale.com\/wp-content\/uploads\/2026\/01\/Happ-Bar-GR100K-Pro-Disposable-Vape-Wholesale_06.webp\" alt=\"Happ Bar GR100K Pro Eng\u00e5ngs vape Grossist 06\" width=\"800\" height=\"800\" srcset=\"https:\/\/www.vape4wholesale.com\/wp-content\/uploads\/2026\/01\/Happ-Bar-GR100K-Pro-Disposable-Vape-Wholesale_06.webp 800w, https:\/\/www.vape4wholesale.com\/wp-content\/uploads\/2026\/01\/Happ-Bar-GR100K-Pro-Disposable-Vape-Wholesale_06-300x300.webp 300w, https:\/\/www.vape4wholesale.com\/wp-content\/uploads\/2026\/01\/Happ-Bar-GR100K-Pro-Disposable-Vape-Wholesale_06-150x150.webp 150w, https:\/\/www.vape4wholesale.com\/wp-content\/uploads\/2026\/01\/Happ-Bar-GR100K-Pro-Disposable-Vape-Wholesale_06-768x768.webp 768w, https:\/\/www.vape4wholesale.com\/wp-content\/uploads\/2026\/01\/Happ-Bar-GR100K-Pro-Disposable-Vape-Wholesale_06-12x12.webp 12w, https:\/\/www.vape4wholesale.com\/wp-content\/uploads\/2026\/01\/Happ-Bar-GR100K-Pro-Disposable-Vape-Wholesale_06-247x247.webp 247w, https:\/\/www.vape4wholesale.com\/wp-content\/uploads\/2026\/01\/Happ-Bar-GR100K-Pro-Disposable-Vape-Wholesale_06-510x510.webp 510w, https:\/\/www.vape4wholesale.com\/wp-content\/uploads\/2026\/01\/Happ-Bar-GR100K-Pro-Disposable-Vape-Wholesale_06-100x100.webp 100w\" sizes=\"auto, (max-width: 800px) 100vw, 800px\" \/><figcaption id=\"caption-attachment-29169\" class=\"wp-caption-text\">Grossist Happ Bar GR100K Pro Eng\u00e5ngsvape<\/figcaption><\/figure>\n<h2>VARF\u00d6R OSS?<\/h2>\r\n<ul>\r\n<li>Verklig, p\u00e5litlig och professionell vape-k\u00e4lla.<\/li>\r\n<li>100% \u00e4kta garanti: Vi tillhandah\u00e5ller endast original- och \u00e4kta produkter, v\u00e4grar f\u00f6rfalskning.<\/li>\r\n<li>100% Leveransgaranti: Vi anv\u00e4nder den b\u00e4sta fraktmetoden f\u00f6r att s\u00e4kerst\u00e4lla att du f\u00e5r best\u00e4llningen 100%.<\/li>\r\n<li>Vi kommer att ge dig sp\u00e5rningsnumret och fraktetiketten efter leverans och sp\u00e5ra varorna \u00e5t dig tills du kvitterar ut dem.<\/li>\r\n<li>Inga tullproblem, inga tullar<\/li>\r\n<\/ul>","protected":false},"excerpt":{"rendered":"<p><b><span style=\"color: #00a859;\">Fri frakt<\/span>\u00a0fr\u00e5n Europa-lager, leveranstid 7-15 arbetsdagar.<\/b><\/p>\r\n<div class=\"wsppc_div_block woocommerce_before_add_to_cart_form\">\r\n<p><strong>Tulla varorna f\u00f6re leverans &amp; 100% Leveransgaranti<\/strong><\/p>\r\n<\/div>","protected":false},"featured_media":29170,"comment_status":"open","ping_status":"closed","template":"","meta":[],"pwb-brand":[1267],"product_cat":[938],"product_tag":[1035,1203,1217,22,24],"class_list":{"0":"post-29175","1":"product","2":"type-product","3":"status-publish","4":"has-post-thumbnail","6":"pwb-brand-happ-bar","7":"product_cat-europe-warehouse","8":"product_tag-happ-bar","9":"product_tag-56-0ml","10":"product_tag-100000-puffs","11":"product_tag-disposable","12":"product_tag-wholesale","13":"product_shipping_class-eu-warehouse","14":"wcpa_has_options","16":"first","17":"instock","18":"shipping-taxable","19":"purchasable","20":"product-type-variable"},"aioseo_notices":[],"brands":[{"id":1267,"name":"Happ Bar","slug":"happ-bar"}],"_links":{"self":[{"href":"https:\/\/www.vape4wholesale.com\/sv\/wp-json\/wp\/v2\/product\/29175","targetHints":{"allow":["GET"]}}],"collection":[{"href":"https:\/\/www.vape4wholesale.com\/sv\/wp-json\/wp\/v2\/product"}],"about":[{"href":"https:\/\/www.vape4wholesale.com\/sv\/wp-json\/wp\/v2\/types\/product"}],"replies":[{"embeddable":true,"href":"https:\/\/www.vape4wholesale.com\/sv\/wp-json\/wp\/v2\/comments?post=29175"}],"wp:featuredmedia":[{"embeddable":true,"href":"https:\/\/www.vape4wholesale.com\/sv\/wp-json\/wp\/v2\/media\/29170"}],"wp:attachment":[{"href":"https:\/\/www.vape4wholesale.com\/sv\/wp-json\/wp\/v2\/media?parent=29175"}],"wp:term":[{"taxonomy":"pwb-brand","embeddable":true,"href":"https:\/\/www.vape4wholesale.com\/sv\/wp-json\/wp\/v2\/pwb-brand?post=29175"},{"taxonomy":"product_cat","embeddable":true,"href":"https:\/\/www.vape4wholesale.com\/sv\/wp-json\/wp\/v2\/product_cat?post=29175"},{"taxonomy":"product_tag","embeddable":true,"href":"https:\/\/www.vape4wholesale.com\/sv\/wp-json\/wp\/v2\/product_tag?post=29175"}],"curies":[{"name":"wp","href":"https:\/\/api.w.org\/{rel}","templated":true}]}}