{"id":25425,"date":"2025-10-24T01:05:24","date_gmt":"2025-10-23T17:05:24","guid":{"rendered":"https:\/\/www.vape4wholesale.com\/?post_type=product&#038;p=25425"},"modified":"2026-03-19T19:06:00","modified_gmt":"2026-03-19T11:06:00","slug":"vozol-star-40000-puffar-engangs-vape-grossist","status":"publish","type":"product","link":"https:\/\/www.vape4wholesale.com\/sv\/product\/vozol-star-40000-puffs-disposable-vape-wholesale","title":{"rendered":"Vozol Star 40000 Puffs Eng\u00e5ngs Vape Partihandel"},"content":{"rendered":"<p class=\"ds-markdown-paragraph\">Den <a title=\"Vozol\" href=\"\/sv\/produkt_varumarke\/vozol\/\" target=\"_blank\" rel=\"noopener\"><strong>Vozol<\/strong><\/a> Star 40000 Puffs Disposable Vape s\u00e4tter en ny standard f\u00f6r livsl\u00e4ngd och bekv\u00e4mlighet i v\u00e4rlden av eng\u00e5ngsvape. Den \u00e4r konstruerad f\u00f6r att leverera en o\u00f6vertr\u00e4ffad upplevelse och kombinerar en massiv 20 ml f\u00f6rfylld e-v\u00e4tskekapacitet med ett robust 1000 mAh integrerat batteri, vilket s\u00e4kerst\u00e4ller att du f\u00e5r upp till otroliga 40 000 puffar. V\u00e4lj din perfekta intensitet med alternativ p\u00e5 20mg\/ml eller 50mg\/ml nikotinstyrka.<\/p>\n<p class=\"ds-markdown-paragraph\">Med det innovativa dual-mode-systemet har du anpassningsm\u00f6jligheterna n\u00e4ra till hands. V\u00e4xla mellan \"Regular\"-l\u00e4get f\u00f6r l\u00e4ngre och mjukare drag eller aktivera \"Surge\"-l\u00e4get f\u00f6r st\u00f6rre och kraftfullare moln. Denna m\u00e5ngsidighet g\u00f6r att du kan skr\u00e4ddarsy din vaping-session efter ditt hum\u00f6r och dina preferenser, vilket ger dig full kontroll.<\/p>\n<p class=\"ds-markdown-paragraph\">Ut\u00f6ver sin kraft har Vozol Star en sofistikerad och praktisk design. Dess kropp har en unik stenliknande struktur f\u00f6r ett distinkt utseende och s\u00e4kert grepp. En tydlig, vertikal display l\u00f6per l\u00e4ngs hela enheten och ger realtidsavl\u00e4sningar om din e-juice och batteriniv\u00e5. F\u00f6r ultimat hygien och skydd har enheten ett s\u00e4rskilt dammt\u00e4tt lock som h\u00e5ller munstycket rent n\u00e4r det inte anv\u00e4nds.<\/p>\n<h2 class=\"ds-markdown-paragraph\"><strong>Vozol Star 40000 Puffs eng\u00e5ngsvape Viktiga egenskaper<\/strong><\/h2>\n<ol>\n<li class=\"ds-markdown-paragraph\">Massivt antal puffar: Njut av en ut\u00f6kad vapingupplevelse med upp till 40 000 puffar fr\u00e5n en enda enhet.<\/li>\n<li class=\"ds-markdown-paragraph\">H\u00f6g kapacitet: F\u00f6rfylld med 35 ml e-juice och drivs av ett p\u00e5litligt 1000 mAh-batteri.<\/li>\n<li class=\"ds-markdown-paragraph\">Dubbla vapingl\u00e4gen: Skr\u00e4ddarsy ditt bloss med tv\u00e5 olika l\u00e4gen.\u00a0<strong>Regulj\u00e4rt l\u00e4ge<\/strong>: F\u00f6r l\u00e4ngre och mjukare puffar &amp; <strong>\u00d6versp\u00e4nningsl\u00e4ge<\/strong>: F\u00f6r st\u00f6rre och mer intensiva moln.<\/li>\n<li class=\"ds-markdown-paragraph\">Unik design med stenliknande textur: Har en distinkt och elegant kropp med en stenliknande struktur f\u00f6r ett f\u00f6rstklassigt utseende och k\u00e4nsla.<\/li>\n<li class=\"ds-markdown-paragraph\">Vertikal display i full l\u00e4ngd: En elegant, vertikalt orienterad sk\u00e4rm l\u00f6per l\u00e4ngs hela enheten och ger tydlig information i realtid om din e-v\u00e4tskeniv\u00e5 och batterikapacitet.<\/li>\n<li class=\"ds-markdown-paragraph\">Hygieniskt dammskyddande lock: Levereras med ett unikt skyddslock. N\u00e4r den inte anv\u00e4nds kan du helt enkelt t\u00e4cka \u00f6ver munstycket f\u00f6r att h\u00e5lla det rent och fritt fr\u00e5n damm och skr\u00e4p.<\/li>\n<\/ol>\n<h2><strong>Snabba detaljer<\/strong><\/h2>\n<ul>\n<li class=\"ds-markdown-paragraph\"><strong>Puffar:<\/strong>\u00a0Upp till 40000<\/li>\n<li class=\"ds-markdown-paragraph\"><strong>E-v\u00e4tska Kapacitet:<\/strong> 35 ml (f\u00f6rfylld)<\/li>\n<li class=\"ds-markdown-paragraph\"><strong>Batteri:<\/strong>\u00a01000mAh uppladdningsbar<\/li>\n<li class=\"ds-markdown-paragraph\"><strong>Nikotinstyrka:<\/strong>\u00a020 mg\/ml eller 50 mg\/ml<\/li>\n<li class=\"ds-markdown-paragraph\"><strong>L\u00e4gen:<\/strong>\u00a0Dubbelt l\u00e4ge (normal och \u00f6versp\u00e4nning)<\/li>\n<li class=\"ds-markdown-paragraph\"><strong>Design:<\/strong>\u00a0Unik kropp med stentextur<\/li>\n<li class=\"ds-markdown-paragraph\"><strong>Display:<\/strong>\u00a0Vertikal sk\u00e4rm f\u00f6r e-v\u00e4tska och batteristr\u00f6m<\/li>\n<li class=\"ds-markdown-paragraph\"><strong>Funktion:<\/strong>\u00a0Hygieniskt dammt\u00e4tt munstyckeslock<\/li>\n<\/ul>\n<h2 class=\"ds-markdown-paragraph\"><strong>Vozol Star 40000 <\/strong><strong>Tillg\u00e4ngliga smaker<\/strong><\/h2>\n<p>1. Blue Razz Ice<br \/>\n2. Bl\u00e5b\u00e4rsis<br \/>\n3. Bl\u00e5b\u00e4r Mint<br \/>\n4. Bl\u00e5b\u00e4r Vattenmelon<br \/>\n5. Cherimoya Grapefrukt B\u00e4r<br \/>\n6. Cherry Cola<br \/>\n7. Druv-is<br \/>\n8. Mango is<br \/>\n9. Mango Persika<br \/>\n10. Melontuggummi<br \/>\n11. Melon is<br \/>\n12. Persika is<br \/>\n13. Sur \u00e4pple-is<br \/>\n14. Jordgubbsis<br \/>\n15. Jordgubbe Kiwi<br \/>\n16. Jordgubbe Vattenmelon<br \/>\n17. Strawmelon Persika<br \/>\n18. Vzbull<br \/>\n19. Vattenmelon Bubble Gum<br \/>\n20. Vattenmelon Druva Boysenb\u00e4r<br \/>\n21. Vattenmelon-is<br \/>\n22. Vattenmelon Sur Persika<br \/>\n23. Vit persika hallon<\/p>\n<h2><strong>F\u00f6rpackningsdetaljer<\/strong><\/h2>\n<p>1 st\/enkel liten l\u00e5da<br \/>\n10 st\/displayl\u00e5da<br \/>\n200 st\/kartong<\/p>\n<figure id=\"attachment_25462\" aria-describedby=\"caption-attachment-25462\" style=\"width: 800px\" class=\"wp-caption alignnone\"><img loading=\"lazy\" decoding=\"async\" class=\"size-full wp-image-25462\" title=\"Vozol Star 40000 eng\u00e5ngsvape grossist Peach Ice\" src=\"https:\/\/www.vape4wholesale.com\/wp-content\/uploads\/2025\/10\/Vozol-Star-40000-Disposable-Vape-Wholesale_Peach-Ice.webp\" alt=\"Vozol Star 40000 eng\u00e5ngsvape grossist Peach Ice\" width=\"800\" height=\"800\" srcset=\"https:\/\/www.vape4wholesale.com\/wp-content\/uploads\/2025\/10\/Vozol-Star-40000-Disposable-Vape-Wholesale_Peach-Ice.webp 800w, https:\/\/www.vape4wholesale.com\/wp-content\/uploads\/2025\/10\/Vozol-Star-40000-Disposable-Vape-Wholesale_Peach-Ice-247x247.webp 247w, https:\/\/www.vape4wholesale.com\/wp-content\/uploads\/2025\/10\/Vozol-Star-40000-Disposable-Vape-Wholesale_Peach-Ice-100x100.webp 100w, https:\/\/www.vape4wholesale.com\/wp-content\/uploads\/2025\/10\/Vozol-Star-40000-Disposable-Vape-Wholesale_Peach-Ice-510x510.webp 510w, https:\/\/www.vape4wholesale.com\/wp-content\/uploads\/2025\/10\/Vozol-Star-40000-Disposable-Vape-Wholesale_Peach-Ice-300x300.webp 300w, https:\/\/www.vape4wholesale.com\/wp-content\/uploads\/2025\/10\/Vozol-Star-40000-Disposable-Vape-Wholesale_Peach-Ice-150x150.webp 150w, https:\/\/www.vape4wholesale.com\/wp-content\/uploads\/2025\/10\/Vozol-Star-40000-Disposable-Vape-Wholesale_Peach-Ice-768x768.webp 768w, https:\/\/www.vape4wholesale.com\/wp-content\/uploads\/2025\/10\/Vozol-Star-40000-Disposable-Vape-Wholesale_Peach-Ice-12x12.webp 12w, https:\/\/www.vape4wholesale.com\/wp-content\/uploads\/2025\/10\/Vozol-Star-40000-Disposable-Vape-Wholesale_Peach-Ice-64x64.webp 64w\" sizes=\"auto, (max-width: 800px) 100vw, 800px\" \/><figcaption id=\"caption-attachment-25462\" class=\"wp-caption-text\">Vozol Star 40000 eng\u00e5ngsvape grossist<\/figcaption><\/figure>\n<h2>VARF\u00d6R OSS?<\/h2>\r\n<ul>\r\n<li>Verklig, p\u00e5litlig och professionell vape-k\u00e4lla.<\/li>\r\n<li>100% \u00e4kta garanti: Vi tillhandah\u00e5ller endast original- och \u00e4kta produkter, v\u00e4grar f\u00f6rfalskning.<\/li>\r\n<li>100% Leveransgaranti: Vi anv\u00e4nder den b\u00e4sta fraktmetoden f\u00f6r att s\u00e4kerst\u00e4lla att du f\u00e5r best\u00e4llningen 100%.<\/li>\r\n<li>Vi kommer att ge dig sp\u00e5rningsnumret och fraktetiketten efter leverans och sp\u00e5ra varorna \u00e5t dig tills du kvitterar ut dem.<\/li>\r\n<li>Inga tullproblem, inga tullar<\/li>\r\n<\/ul>","protected":false},"excerpt":{"rendered":"<p><b><span style=\"color: #00a859;\">Fri frakt<\/span>\u00a0fr\u00e5n Europa-lager, leveranstid 7-15 arbetsdagar.<\/b><\/p>\r\n<div class=\"wsppc_div_block woocommerce_before_add_to_cart_form\">\r\n<p><strong>Tulla varorna f\u00f6re leverans &amp; 100% Leveransgaranti<\/strong><\/p>\r\n<\/div>","protected":false},"featured_media":25465,"comment_status":"open","ping_status":"closed","template":"","meta":[],"pwb-brand":[1276],"product_cat":[938],"product_tag":[1137,22,24,933,1016],"class_list":{"0":"post-25425","1":"product","2":"type-product","3":"status-publish","4":"has-post-thumbnail","6":"pwb-brand-vozol","7":"product_cat-europe-warehouse","8":"product_tag-vozol","9":"product_tag-disposable","10":"product_tag-wholesale","11":"product_tag-35-0ml","12":"product_tag-40000-puffs","13":"product_shipping_class-eu-warehouse","15":"first","16":"instock","17":"featured","18":"shipping-taxable","19":"purchasable","20":"product-type-variable"},"aioseo_notices":[],"brands":[{"id":1276,"name":"Vozol","slug":"vozol"}],"_links":{"self":[{"href":"https:\/\/www.vape4wholesale.com\/sv\/wp-json\/wp\/v2\/product\/25425","targetHints":{"allow":["GET"]}}],"collection":[{"href":"https:\/\/www.vape4wholesale.com\/sv\/wp-json\/wp\/v2\/product"}],"about":[{"href":"https:\/\/www.vape4wholesale.com\/sv\/wp-json\/wp\/v2\/types\/product"}],"replies":[{"embeddable":true,"href":"https:\/\/www.vape4wholesale.com\/sv\/wp-json\/wp\/v2\/comments?post=25425"}],"wp:featuredmedia":[{"embeddable":true,"href":"https:\/\/www.vape4wholesale.com\/sv\/wp-json\/wp\/v2\/media\/25465"}],"wp:attachment":[{"href":"https:\/\/www.vape4wholesale.com\/sv\/wp-json\/wp\/v2\/media?parent=25425"}],"wp:term":[{"taxonomy":"pwb-brand","embeddable":true,"href":"https:\/\/www.vape4wholesale.com\/sv\/wp-json\/wp\/v2\/pwb-brand?post=25425"},{"taxonomy":"product_cat","embeddable":true,"href":"https:\/\/www.vape4wholesale.com\/sv\/wp-json\/wp\/v2\/product_cat?post=25425"},{"taxonomy":"product_tag","embeddable":true,"href":"https:\/\/www.vape4wholesale.com\/sv\/wp-json\/wp\/v2\/product_tag?post=25425"}],"curies":[{"name":"wp","href":"https:\/\/api.w.org\/{rel}","templated":true}]}}