{"id":25392,"date":"2025-10-23T12:09:24","date_gmt":"2025-10-23T04:09:24","guid":{"rendered":"https:\/\/www.vape4wholesale.com\/?post_type=product&#038;p=25392"},"modified":"2026-03-15T22:37:40","modified_gmt":"2026-03-15T14:37:40","slug":"uwin-randm-tornado-beat-35k-engangsvape","status":"publish","type":"product","link":"https:\/\/www.vape4wholesale.com\/sv\/product\/uwin-randm-tornado-beat-35k-disposable-vape","title":{"rendered":"Uwin RandM Tornado Beat 35K eng\u00e5ngsvape"},"content":{"rendered":"<p class=\"ds-markdown-paragraph\">Den <a title=\"UWIN\" href=\"https:\/\/www.vape4wholesale.com\/sv\/produkt_varumarke\/uwin\/\" target=\"_blank\" rel=\"noopener\"><strong>Uwin<\/strong><\/a> RandM Tornado Beat 35K Disposable Vape tar din vapingupplevelse till n\u00e4sta niv\u00e5 genom att s\u00f6ml\u00f6st synkronisera sina livfulla RGB-lampor till rytmen av din musik. Tack vare en smart sensor i botten f\u00f6rvandlas den till en dynamisk ljusshow, vilket g\u00f6r den till det perfekta tillbeh\u00f6ret f\u00f6r fester, klubbar och alla nattliga sammankomster d\u00e4r du vill skapa en of\u00f6rgl\u00f6mlig atmosf\u00e4r.<\/p>\n<p class=\"ds-markdown-paragraph\">Ut\u00f6ver den unika ljusfunktionen \u00e4r Tornado Beat 35K konstruerad f\u00f6r exceptionell prestanda och l\u00e5ng livsl\u00e4ngd. Den levererar hela 35 000 puffar och drivs av ett p\u00e5litligt 850mAh uppladdningsbart batteri med en praktisk Type-C-port. Den avancerade mesh-spolen s\u00e4kerst\u00e4ller att du njuter av rik smak och t\u00e4ta \u00e5ngmoln vid varje anv\u00e4ndning. V\u00e4lj mellan 16 l\u00e4ckra smaker och anpassa ditt nikotinintag med alternativen 0%, 2%, 3% eller 5% f\u00f6r att passa dina preferenser perfekt.<\/p>\n<h2><strong>Uwin RandM Tornado Beat 35K Viktiga egenskaper<\/strong><\/h2>\n<ul>\n<li>\n<p class=\"ds-markdown-paragraph\"><strong>\ud83c\udfb5 Beat-Sync RGB-belysning:<\/strong>\u00a0Den inbyggda bottensensorn k\u00e4nner av musik och f\u00e5r de livfulla RGB-lamporna att blinka i takt med musiken, vilket f\u00f6rvandlar din vape till en dynamisk ljusshow.<\/p>\n<\/li>\n<li>\n<p class=\"ds-markdown-paragraph\"><strong>\ud83d\ude80 Massivt antal puffar:<\/strong>\u00a0Njut av en ut\u00f6kad vapingupplevelse med otroliga 35 000 puffar per enhet.<\/p>\n<\/li>\n<li>\n<p class=\"ds-markdown-paragraph\"><strong>\ud83c\udfb6 Perfekt f\u00f6r nattliv:<\/strong>\u00a0Speciellt utformad f\u00f6r att f\u00f6rb\u00e4ttra din partyupplevelse. Perfekt f\u00f6r utekv\u00e4llar p\u00e5 barer, klubbar eller sammankomster med v\u00e4nner.<\/p>\n<\/li>\n<li>\n<p class=\"ds-markdown-paragraph\"><strong>\ud83d\udd0b Uppladdningsbar och med l\u00e5ng livsl\u00e4ngd:<\/strong>\u00a0Utrustad med ett 850mAh-batteri och en praktisk Type-C-port f\u00f6r snabb laddning, vilket s\u00e4kerst\u00e4ller att din enhet h\u00e5ller under de l\u00e4ngsta n\u00e4tterna.<\/p>\n<\/li>\n<li>\n<p class=\"ds-markdown-paragraph\"><strong>\ud83c\udf6c 12 l\u00e4ckra smaker:<\/strong>\u00a0Ett brett spektrum av smaker att v\u00e4lja mellan f\u00f6r alla smaker.<\/p>\n<\/li>\n<li>\n<p class=\"ds-markdown-paragraph\"><strong>\u2601\ufe0f Superior Mesh Coil:<\/strong>\u00a0Den avancerade mesh-spoltekniken ger rikare smak och t\u00e4tare \u00e5ngmoln med varje bloss.<\/p>\n<\/li>\n<li>\n<p class=\"ds-markdown-paragraph\"><strong>\ud83e\udded Flera nikotinalternativ:<\/strong>\u00a0Finns i nikotinalternativen 0%, 2%, 3% och 5% f\u00f6r att passa dina \u00f6nskem\u00e5l.<\/p>\n<\/li>\n<\/ul>\n<h2><strong>Snabba specifikationer f\u00f6r produkten<\/strong><\/h2>\n<ol>\n<li class=\"ds-markdown-paragraph\">Puffar: Cirka 35.000<\/li>\n<li class=\"ds-markdown-paragraph\">Batteri: 850mAh uppladdningsbart koboltbatteri<\/li>\n<li class=\"ds-markdown-paragraph\">Laddningsport: Typ-C<\/li>\n<li class=\"ds-markdown-paragraph\">Spole: N\u00e4tspole<\/li>\n<li class=\"ds-markdown-paragraph\">Styrkor hos nikotin: 0%, 2%, 3%, 5%<\/li>\n<li class=\"ds-markdown-paragraph\">Tillg\u00e4ngliga smaker: 12<\/li>\n<li class=\"ds-markdown-paragraph\">Belysning: RGB-lampor med sensor f\u00f6r musikbeats<\/li>\n<\/ol>\n<h2><strong>Uwin RandM Tornado Beat 35K smaker tillg\u00e4ngliga<\/strong><\/h2>\n<p>1. bl\u00e5b\u00e4r hallon<br \/>\n2. jordgubb vattenmelon<br \/>\n3. bl\u00e5b\u00e4r p\u00e5 is<br \/>\n4. vattenmelon-is<br \/>\n5.Sommar persika is<br \/>\n6. K\u00f6rsb\u00e4rsis<br \/>\n7. jordgubb hallon k\u00f6rsb\u00e4r is<br \/>\n8.Kiwi Passionsfrukt Guava<br \/>\n9. Jordgubbsis<br \/>\n10. Cherry Cola<br \/>\n11.Blandade b\u00e4r<br \/>\n12.Mr Bl\u00e5<\/p>\n<h2 class=\"ds-markdown-paragraph\"><strong>F\u00f6rpackningsdetaljer<\/strong><\/h2>\n<p class=\"ds-markdown-paragraph\">1 st\/enskild l\u00e5da<br \/>\n10 st\/ Displayl\u00e5da<br \/>\nAntal per kartong: 160 st<br \/>\nKartongens vikt: 20 kg<br \/>\nKartongstorlek: 41,2 x 33,2 x 32,5 cm<\/p>\n<figure id=\"attachment_25405\" aria-describedby=\"caption-attachment-25405\" style=\"width: 1000px\" class=\"wp-caption alignnone\"><img loading=\"lazy\" decoding=\"async\" class=\"size-full wp-image-25405\" title=\"Uwin RandM Tornado slog 35K bl\u00e5b\u00e4r p\u00e5 is\" src=\"https:\/\/www.vape4wholesale.com\/wp-content\/uploads\/2025\/10\/Uwin-RandM-Tornado-Beat-35K_Blueberry-On-Ice.webp\" alt=\"Uwin RandM Tornado slog 35K bl\u00e5b\u00e4r p\u00e5 is\" width=\"1000\" height=\"1000\" srcset=\"https:\/\/www.vape4wholesale.com\/wp-content\/uploads\/2025\/10\/Uwin-RandM-Tornado-Beat-35K_Blueberry-On-Ice.webp 1000w, https:\/\/www.vape4wholesale.com\/wp-content\/uploads\/2025\/10\/Uwin-RandM-Tornado-Beat-35K_Blueberry-On-Ice-247x247.webp 247w, https:\/\/www.vape4wholesale.com\/wp-content\/uploads\/2025\/10\/Uwin-RandM-Tornado-Beat-35K_Blueberry-On-Ice-100x100.webp 100w, https:\/\/www.vape4wholesale.com\/wp-content\/uploads\/2025\/10\/Uwin-RandM-Tornado-Beat-35K_Blueberry-On-Ice-510x510.webp 510w, https:\/\/www.vape4wholesale.com\/wp-content\/uploads\/2025\/10\/Uwin-RandM-Tornado-Beat-35K_Blueberry-On-Ice-300x300.webp 300w, https:\/\/www.vape4wholesale.com\/wp-content\/uploads\/2025\/10\/Uwin-RandM-Tornado-Beat-35K_Blueberry-On-Ice-150x150.webp 150w, https:\/\/www.vape4wholesale.com\/wp-content\/uploads\/2025\/10\/Uwin-RandM-Tornado-Beat-35K_Blueberry-On-Ice-768x768.webp 768w, https:\/\/www.vape4wholesale.com\/wp-content\/uploads\/2025\/10\/Uwin-RandM-Tornado-Beat-35K_Blueberry-On-Ice-12x12.webp 12w, https:\/\/www.vape4wholesale.com\/wp-content\/uploads\/2025\/10\/Uwin-RandM-Tornado-Beat-35K_Blueberry-On-Ice-64x64.webp 64w\" sizes=\"auto, (max-width: 1000px) 100vw, 1000px\" \/><figcaption id=\"caption-attachment-25405\" class=\"wp-caption-text\">Uwin RandM Tornado Beat 35K eng\u00e5ngsvape<\/figcaption><\/figure>\n<h2>VARF\u00d6R OSS?<\/h2>\r\n<ul>\r\n<li>Verklig, p\u00e5litlig och professionell vape-k\u00e4lla.<\/li>\r\n<li>100% \u00e4kta garanti: Vi tillhandah\u00e5ller endast original- och \u00e4kta produkter, v\u00e4grar f\u00f6rfalskning.<\/li>\r\n<li>100% Leveransgaranti: Vi anv\u00e4nder den b\u00e4sta fraktmetoden f\u00f6r att s\u00e4kerst\u00e4lla att du f\u00e5r best\u00e4llningen 100%.<\/li>\r\n<li>Vi kommer att ge dig sp\u00e5rningsnumret och fraktetiketten efter leverans och sp\u00e5ra varorna \u00e5t dig tills du kvitterar ut dem.<\/li>\r\n<li>Inga tullproblem, inga tullar<\/li>\r\n<\/ul>","protected":false},"excerpt":{"rendered":"<div class=\"wsppc_div_block woocommerce_before_add_to_cart_form\">\r\n<p><strong><span style=\"color: #00a859;\">Clear customs<\/span> before delivery &amp; 100% Delivery Guarantee, Delivery in 19~25 days around.\u00a0<\/strong><\/p>\r\n<\/div>","protected":false},"featured_media":25417,"comment_status":"open","ping_status":"closed","template":"","meta":[],"pwb-brand":[1274],"product_cat":[873],"product_tag":[936,1023,22,24,692],"class_list":{"0":"post-25392","1":"product","2":"type-product","3":"status-publish","4":"has-post-thumbnail","6":"pwb-brand-uwin","7":"product_cat-above-20k-puffs","8":"product_tag-uwin","9":"product_tag-35000-puffs","10":"product_tag-disposable","11":"product_tag-wholesale","12":"product_tag-25-0ml","13":"wcpa_has_options","15":"first","16":"instock","17":"featured","18":"shipping-taxable","19":"purchasable","20":"product-type-variable"},"aioseo_notices":[],"brands":[{"id":1274,"name":"Uwin","slug":"uwin"}],"_links":{"self":[{"href":"https:\/\/www.vape4wholesale.com\/sv\/wp-json\/wp\/v2\/product\/25392","targetHints":{"allow":["GET"]}}],"collection":[{"href":"https:\/\/www.vape4wholesale.com\/sv\/wp-json\/wp\/v2\/product"}],"about":[{"href":"https:\/\/www.vape4wholesale.com\/sv\/wp-json\/wp\/v2\/types\/product"}],"replies":[{"embeddable":true,"href":"https:\/\/www.vape4wholesale.com\/sv\/wp-json\/wp\/v2\/comments?post=25392"}],"wp:featuredmedia":[{"embeddable":true,"href":"https:\/\/www.vape4wholesale.com\/sv\/wp-json\/wp\/v2\/media\/25417"}],"wp:attachment":[{"href":"https:\/\/www.vape4wholesale.com\/sv\/wp-json\/wp\/v2\/media?parent=25392"}],"wp:term":[{"taxonomy":"pwb-brand","embeddable":true,"href":"https:\/\/www.vape4wholesale.com\/sv\/wp-json\/wp\/v2\/pwb-brand?post=25392"},{"taxonomy":"product_cat","embeddable":true,"href":"https:\/\/www.vape4wholesale.com\/sv\/wp-json\/wp\/v2\/product_cat?post=25392"},{"taxonomy":"product_tag","embeddable":true,"href":"https:\/\/www.vape4wholesale.com\/sv\/wp-json\/wp\/v2\/product_tag?post=25392"}],"curies":[{"name":"wp","href":"https:\/\/api.w.org\/{rel}","templated":true}]}}