{"id":25378,"date":"2025-10-23T11:13:34","date_gmt":"2025-10-23T03:13:34","guid":{"rendered":"https:\/\/www.vape4wholesale.com\/?post_type=product&#038;p=25378"},"modified":"2026-03-15T22:36:59","modified_gmt":"2026-03-15T14:36:59","slug":"uwin-3in1-tornado-60k-engangs-vape-grossist","status":"publish","type":"product","link":"https:\/\/www.vape4wholesale.com\/sv\/product\/uwin-3in1-tornado-60k-disposable-vape-wholesale","title":{"rendered":"Uwin 3in1 Tornado 60K eng\u00e5ngsvape grossist"},"content":{"rendered":"<p class=\"ds-markdown-paragraph\">Den <a title=\"UWIN\" href=\"https:\/\/www.vape4wholesale.com\/sv\/produkt_varumarke\/uwin\/\" target=\"_blank\" rel=\"noopener\"><strong>Uwin<\/strong> <\/a>3in1 Tornado 60K eng\u00e5ngsvape konstruerad f\u00f6r o\u00f6vertr\u00e4ffad prestanda och stil. Detta kraftpaket \u00e4r utformat f\u00f6r att leverera h\u00e4pnadsv\u00e4ckande 60 000 puffar, vilket garanterar l\u00e5ngvarig tillfredsst\u00e4llelse. Dessutom \u00e4r dess utm\u00e4rkande funktion det innovativa trippel-smaksystemet, som g\u00f6r att du kan njuta av tre distinkta smakprofiler i en enda, elegant enhet. Den dj\u00e4rva estetiken, som k\u00e4nnetecknas av dess transparenta kropp som avsl\u00f6jar ett majest\u00e4tiskt lejonemblem under skalet, kompletterar perfekt dess kraftfulla kapacitet, vilket g\u00f6r det till ett visuellt sl\u00e5ende val f\u00f6r alla vaper.<\/p>\n<p class=\"ds-markdown-paragraph\">Uwin Tornado 60K \u00e4r byggd med anv\u00e4ndarv\u00e4nlighet och \u00f6verl\u00e4gsen prestanda i \u00e5tanke, fr\u00e5n dess imponerande exteri\u00f6r till dess interna teknik. Den \u00e4r utrustad med en avancerad mesh-spole som konsekvent producerar rikare smak och t\u00e4tare \u00e5ngmoln fr\u00e5n f\u00f6rsta till sista blosset. Dessutom garanterar det integrerade 650mAh uppladdningsbara batteriet, med en modern Type-C-port, att du aldrig f\u00e5r slut p\u00e5 str\u00f6m ov\u00e4ntat. F\u00f6r att f\u00f6rb\u00e4ttra kontrollen och bekv\u00e4mligheten visar en smart LCD-sk\u00e4rm tydligt dina \u00e5terst\u00e5ende e-juice- och batteriniv\u00e5er, vilket eliminerar gissningar och s\u00e4kerst\u00e4ller en s\u00f6ml\u00f6s vapingresa.<\/p>\n<p class=\"ds-markdown-paragraph\">I slut\u00e4ndan kombinerar Uwin 3in1 Tornado 60K framg\u00e5ngsrikt massiv kapacitet, m\u00e5ngsidiga smakalternativ och robust teknik i ett formidabelt paket. Med ett urval av nikotinstyrkor som str\u00e4cker sig fr\u00e5n 0% till 5%, passar den perfekt f\u00f6r b\u00e5de avslappnade anv\u00e4ndare och de som s\u00f6ker en mer potent hit. Genom att erbjuda exceptionellt v\u00e4rde, fantastisk design och o\u00f6vertr\u00e4ffad livsl\u00e4ngd etablerar sig den h\u00e4r enheten som det fr\u00e4msta valet f\u00f6r vapers som vill dominera sin rutin utan kompromisser.<\/p>\n<h2><strong>Uwin 3in1 Tornado 60K Viktiga egenskaper<\/strong><\/h2>\n<ol>\n<li>3 smaker i 1 enhet: Tredubbla din njutning! Varje enhet levereras f\u00f6rfylld med tre olika e-juice-smaker, vilket ger variation och en unik vapingupplevelse utan att du beh\u00f6ver byta enhet.<\/li>\n<li>Fantastisk transparent design: Visa upp de inre funktionerna med en genomskinlig kropp. Den sl\u00e5ende lejongrafiken under det genomskinliga skalet ger ett kraftfullt stiluttryck.<\/li>\n<li>Massiva 60 000 puffar: Konstruerad f\u00f6r extrem livsl\u00e4ngd, vilket s\u00e4kerst\u00e4ller att dina vaping-sessioner varar l\u00e4ngre \u00e4n n\u00e5gonsin tidigare.<\/li>\n<li>Uppladdningsbart 650 mAh-batteri: Utrustad med ett p\u00e5litligt Cobalt-batteri och en praktisk Type-C-port f\u00f6r snabb och enkel laddning. Ta aldrig slut p\u00e5 str\u00f6m mitt under sessionen.<\/li>\n<li>Avancerad mesh-spolteknik: V\u00e5r mesh-spole ger snabbare uppv\u00e4rmning, rikare smak och t\u00e4tare \u00e5ngmoln f\u00f6r en \u00f6verl\u00e4gsen smakupplevelse.<\/li>\n<li>Smart LCD-display: H\u00e5ll koll p\u00e5 din e-v\u00e4tskeniv\u00e5 och batterikapacitet med en blick med den integrerade digitala sk\u00e4rmen.<\/li>\n<li>Flera nikotinalternativ: V\u00e4lj mellan en rad olika nikotinniv\u00e5er f\u00f6r att passa dina preferenser: 0%, 2%, 3% eller 5%.<\/li>\n<\/ol>\n<p>&nbsp;<\/p>\n<h2><strong>Snabba specifikationer f\u00f6r produkten<\/strong><\/h2>\n<ul>\n<li>Puffar: Cirka 60.000<\/li>\n<li>Batteri: 650 mAh laddningsbart koboltbatteri (typ C-laddning)<\/li>\n<li>Spole: N\u00e4tspole<\/li>\n<li>Display: LCD f\u00f6r e-v\u00e4tska och str\u00f6mindikator<\/li>\n<li>Nikotinstyrka: 0%, 2%, 3%, 5% (V\u00e4nligen v\u00e4lj fr\u00e5n rullgardinsmenyn)<\/li>\n<li>Produktstorlek: 47 x 47 x 116 mm<\/li>\n<li>Smakalternativ: 12 unika trippel-smakkombinationer tillg\u00e4ngliga.<\/li>\n<\/ul>\n<p>&nbsp;<\/p>\n<h2><strong>Uwin 3in1 Tornado 60K smaker tillg\u00e4ngliga<\/strong><\/h2>\n<p>1# Cherry Ice \/ Strawberry Red Bull \/ Blueberry Raspberry<br \/>\n2# Bl\u00e5b\u00e4rsglass \/ Jordgubbsvattenmelon \/ Jordgubbshallon K\u00f6rsb\u00e4rsglass\/<br \/>\n3# Pink Lemonade \/ Vanilla Ice \/ Strawberry Raspberry Candy<br \/>\n4# Strawberry Kiwi \/ Love 66 \/ Blue Razz Ice<br \/>\n5# Lemon Lime \/ Jordgubb Banan \/ Blandad frukt<br \/>\n6# Vattenmelon Ice \/ Cola Ice \/ Mr Blue<br \/>\n7# Summer Peach Ice \/ Bl\u00e5b\u00e4r Hallon \/ Jordgubb Red Bull<br \/>\n8# Kiwi Passionsfrukt Guava \/ Persika Mango \/ Hallon Vattenmelon<br \/>\n9# Red Bull \/ Cherry Ice \/ Lemon Lime<br \/>\n10# Jordgubbsis \/ Sommarpersikais \/ Druvis<br \/>\n11# Mixed Berry \/ Dragon Fruit Ice Strawberry \/ Watermelon Bubblegum<br \/>\n12# Cherry Cola \/ Strawberry Vanilla Cola \/ Grape Berry<\/p>\n<h2><strong>F\u00f6rpackningsdetaljer<\/strong><\/h2>\n<ul>\n<li>Enhet: 1 x Uwin 3in1 Tornado 60K Enhet<\/li>\n<li>L\u00e5da: 10 enheter per l\u00e5da<\/li>\n<li>Kartong: 160 enheter per kartong (16 l\u00e5dor)<\/li>\n<li>Kartongens vikt: 21,5 kg<\/li>\n<\/ul>\n<figure id=\"attachment_25371\" aria-describedby=\"caption-attachment-25371\" style=\"width: 1000px\" class=\"wp-caption alignnone\"><img loading=\"lazy\" decoding=\"async\" class=\"wp-image-25371 size-full\" title=\"Uwin Uwin 3in1 Tornado 60K Triple Eng\u00e5ngs Vape\" src=\"https:\/\/www.vape4wholesale.com\/wp-content\/uploads\/2025\/10\/Uwin-Tornado-Triple-60K-Disposable-Vape_6.webp\" alt=\"Uwin Uwin 3in1 Tornado 60K Triple Eng\u00e5ngs Vape\" width=\"1000\" height=\"1000\" srcset=\"https:\/\/www.vape4wholesale.com\/wp-content\/uploads\/2025\/10\/Uwin-Tornado-Triple-60K-Disposable-Vape_6.webp 1000w, https:\/\/www.vape4wholesale.com\/wp-content\/uploads\/2025\/10\/Uwin-Tornado-Triple-60K-Disposable-Vape_6-247x247.webp 247w, https:\/\/www.vape4wholesale.com\/wp-content\/uploads\/2025\/10\/Uwin-Tornado-Triple-60K-Disposable-Vape_6-100x100.webp 100w, https:\/\/www.vape4wholesale.com\/wp-content\/uploads\/2025\/10\/Uwin-Tornado-Triple-60K-Disposable-Vape_6-510x510.webp 510w, https:\/\/www.vape4wholesale.com\/wp-content\/uploads\/2025\/10\/Uwin-Tornado-Triple-60K-Disposable-Vape_6-300x300.webp 300w, https:\/\/www.vape4wholesale.com\/wp-content\/uploads\/2025\/10\/Uwin-Tornado-Triple-60K-Disposable-Vape_6-150x150.webp 150w, https:\/\/www.vape4wholesale.com\/wp-content\/uploads\/2025\/10\/Uwin-Tornado-Triple-60K-Disposable-Vape_6-768x768.webp 768w, https:\/\/www.vape4wholesale.com\/wp-content\/uploads\/2025\/10\/Uwin-Tornado-Triple-60K-Disposable-Vape_6-12x12.webp 12w, https:\/\/www.vape4wholesale.com\/wp-content\/uploads\/2025\/10\/Uwin-Tornado-Triple-60K-Disposable-Vape_6-64x64.webp 64w\" sizes=\"auto, (max-width: 1000px) 100vw, 1000px\" \/><figcaption id=\"caption-attachment-25371\" class=\"wp-caption-text\">Uwin Tornado Triple 60K eng\u00e5ngsvape grossist<\/figcaption><\/figure>\n<h2>VARF\u00d6R OSS?<\/h2>\r\n<ul>\r\n<li>Verklig, p\u00e5litlig och professionell vape-k\u00e4lla.<\/li>\r\n<li>100% \u00e4kta garanti: Vi tillhandah\u00e5ller endast original- och \u00e4kta produkter, v\u00e4grar f\u00f6rfalskning.<\/li>\r\n<li>100% Leveransgaranti: Vi anv\u00e4nder den b\u00e4sta fraktmetoden f\u00f6r att s\u00e4kerst\u00e4lla att du f\u00e5r best\u00e4llningen 100%.<\/li>\r\n<li>Vi kommer att ge dig sp\u00e5rningsnumret och fraktetiketten efter leverans och sp\u00e5ra varorna \u00e5t dig tills du kvitterar ut dem.<\/li>\r\n<li>Inga tullproblem, inga tullar<\/li>\r\n<\/ul>","protected":false},"excerpt":{"rendered":"<div class=\"wsppc_div_block woocommerce_before_add_to_cart_form\">\r\n<p><strong><span style=\"color: #00a859;\">Klarera tullen<\/span> f\u00f6re leverans &amp; 100% Leveransgaranti, Leverans p\u00e5 cirka 19\u201325 dagar.\u00a0<\/strong><\/p>\r\n<\/div>","protected":false},"featured_media":25371,"comment_status":"open","ping_status":"closed","template":"","meta":[],"pwb-brand":[1274],"product_cat":[873],"product_tag":[936,1081,1114,22,24],"class_list":{"0":"post-25378","1":"product","2":"type-product","3":"status-publish","4":"has-post-thumbnail","6":"pwb-brand-uwin","7":"product_cat-above-20k-puffs","8":"product_tag-uwin","9":"product_tag-50-0ml","10":"product_tag-60000-puffs","11":"product_tag-disposable","12":"product_tag-wholesale","13":"wcpa_has_options","15":"first","16":"instock","17":"featured","18":"shipping-taxable","19":"purchasable","20":"product-type-variable"},"aioseo_notices":[],"brands":[{"id":1274,"name":"Uwin","slug":"uwin"}],"_links":{"self":[{"href":"https:\/\/www.vape4wholesale.com\/sv\/wp-json\/wp\/v2\/product\/25378","targetHints":{"allow":["GET"]}}],"collection":[{"href":"https:\/\/www.vape4wholesale.com\/sv\/wp-json\/wp\/v2\/product"}],"about":[{"href":"https:\/\/www.vape4wholesale.com\/sv\/wp-json\/wp\/v2\/types\/product"}],"replies":[{"embeddable":true,"href":"https:\/\/www.vape4wholesale.com\/sv\/wp-json\/wp\/v2\/comments?post=25378"}],"wp:featuredmedia":[{"embeddable":true,"href":"https:\/\/www.vape4wholesale.com\/sv\/wp-json\/wp\/v2\/media\/25371"}],"wp:attachment":[{"href":"https:\/\/www.vape4wholesale.com\/sv\/wp-json\/wp\/v2\/media?parent=25378"}],"wp:term":[{"taxonomy":"pwb-brand","embeddable":true,"href":"https:\/\/www.vape4wholesale.com\/sv\/wp-json\/wp\/v2\/pwb-brand?post=25378"},{"taxonomy":"product_cat","embeddable":true,"href":"https:\/\/www.vape4wholesale.com\/sv\/wp-json\/wp\/v2\/product_cat?post=25378"},{"taxonomy":"product_tag","embeddable":true,"href":"https:\/\/www.vape4wholesale.com\/sv\/wp-json\/wp\/v2\/product_tag?post=25378"}],"curies":[{"name":"wp","href":"https:\/\/api.w.org\/{rel}","templated":true}]}}