{"id":25297,"date":"2025-10-22T20:54:47","date_gmt":"2025-10-22T12:54:47","guid":{"rendered":"https:\/\/www.vape4wholesale.com\/?post_type=product&#038;p=25297"},"modified":"2026-01-26T13:38:20","modified_gmt":"2026-01-26T13:38:20","slug":"fihp-60000-3in1-trippel-smaker-engangs-vape-grossist","status":"publish","type":"product","link":"https:\/\/www.vape4wholesale.com\/sv\/product\/fihp-60000-3in1-triple-flavors-disposable-vape-wholesale","title":{"rendered":"FIHP 60000 3in1 Triple Flavors eng\u00e5ngsvape grossist"},"content":{"rendered":"<p class=\"ds-markdown-paragraph\">Den <a title=\"FIHP\" href=\"https:\/\/www.vape4wholesale.com\/sv\/produkt_varumarke\/fihp\/\" target=\"_blank\" rel=\"noopener\"><strong>FIHP<\/strong><\/a> 60000 3in1 Triple Flavors eng\u00e5ngsvape s\u00e4tter en ny standard f\u00f6r livsl\u00e4ngd och smak, och levererar o\u00f6vertr\u00e4ffade 60 000 puffar fr\u00e5n en enda enhet. Den \u00e4r f\u00f6rfylld med hela 54 ml e-juice, som finns i nikotinstyrkorna 2% eller 5%. I hj\u00e4rtat av denna upplevelse finns den avancerade Dual Mesh Coil (0,9ohm), som f\u00f6r\u00e5ngar den unika Triple Flavor-e-v\u00e4tskan f\u00f6r att producera en rik, komplex och konsekvent tillfredsst\u00e4llande \u00e5nga fr\u00e5n b\u00f6rjan till slut.<\/p>\n<p class=\"ds-markdown-paragraph\">Enheten \u00e4r designad f\u00f6r ultimat bekv\u00e4mlighet och prestanda och \u00e4r utrustad med ett robust 650mAh uppladdningsbart batteri och en modern Type-C laddningsport, vilket s\u00e4kerst\u00e4ller att du har str\u00f6m n\u00e4r du beh\u00f6ver det. Den integrerade LED-displayen ger en tydlig kontroll av batteriniv\u00e5n i realtid, s\u00e5 att du aldrig blir \u00f6verraskad. Den eleganta och ergonomiska designen, som m\u00e4ter 42*42*110 mm, g\u00f6r den anm\u00e4rkningsv\u00e4rt b\u00e4rbar men \u00e4nd\u00e5 tillr\u00e4ckligt kraftfull f\u00f6r att vara din vapingkompis hela dagen.<\/p>\n<h2 class=\"ds-markdown-paragraph\"><strong>FIHP 60000 3in1 Vape med tre smaker Viktiga funktioner<\/strong><\/h2>\n<ul>\n<li class=\"ds-markdown-paragraph\">Massiva 60 000 puffar: Utformad f\u00f6r extrem livsl\u00e4ngd, vilket eliminerar behovet av frekventa byten.<\/li>\n<li class=\"ds-markdown-paragraph\">Trippel smakupplevelse: Njut av en dynamisk och komplex smakprofil som utvecklas med varje bloss.<\/li>\n<li class=\"ds-markdown-paragraph\">Spolteknik med dubbla n\u00e4t (0,9 ohm): V\u00e5r avancerade spole med dubbla n\u00e4t garanterar snabbare uppv\u00e4rmning, rikare smak och t\u00e4tare \u00e5ngproduktion.<\/li>\n<li class=\"ds-markdown-paragraph\">Stor 54ml f\u00f6rfylld e-v\u00e4tska: F\u00f6rfylld med gener\u00f6sa 54 ml h\u00f6gkvalitativ e-v\u00e4tska med saltnikotin. V\u00e4lj mellan 2% eller 5% nikotinstyrka f\u00f6r att passa dina \u00f6nskem\u00e5l.<\/li>\n<li class=\"ds-markdown-paragraph\">650 mAh integrerat batteri: Ger gott om str\u00f6m under hela enhetens livsl\u00e4ngd.<\/li>\n<li class=\"ds-markdown-paragraph\">Snabb typ C-laddning: \u00c5terg\u00e5 snabbt till att vampa med en modern USB Type-C-laddningsport.<\/li>\n<li class=\"ds-markdown-paragraph\">Tydlig LED-display: \u00d6vervaka din batteriniv\u00e5 enkelt och utan \u00f6verraskningar.<\/li>\n<\/ul>\n<h2><strong>Snabba produktspecifikationer<\/strong><\/h2>\n<p>Kapacitet f\u00f6r puffar: Cirka 60.000 puffar<br \/>\nKapacitet f\u00f6r e-v\u00e4tska: 54 ml (f\u00f6rfylld)<br \/>\nNikotinstyrka: 2% eller 5%<br \/>\nBatteri: 650mah uppladdningsbart<br \/>\nLaddningsport: Typ-C<br \/>\nSpole: Dual Mesh-spole, 0,9ohm<br \/>\nDisplay: LED-batteriindikator<br \/>\nProduktens m\u00e5tt: 42 x 42 x 110 mm<br \/>\nSmak: Trippel smak<br \/>\nFraktinformation (f\u00f6r grossister):<br \/>\nKartongstorlek: 470 x 390 x 260 mm<br \/>\nAntal per kartong: 160 st<br \/>\nBruttovikt per kartong: 21,5 kg<\/p>\n<h2 class=\"ds-markdown-paragraph\"><strong>FIHP 60000 3in1 Triple Flavors Tillg\u00e4nglig<\/strong><\/h2>\n<p>01# Vattenmelon Ice &amp; Red Bull &amp; Strawberry Kiwi<br \/>\n02# Lemon Lime &amp; Strawberry Vattenmelon &amp; Blueberry Ice<br \/>\n03# Strawberry Banana &amp; Double Apple &amp; Raspberry Watermelon<br \/>\n04# Jordgubb Kiwi &amp; Sour Mango Ananas &amp; Red Bull<br \/>\n05# Tropisk frukt &amp; jordgubb Vattenmelon &amp; citron Persika<br \/>\n06# Ananas Kokosn\u00f6t &amp; Blue Razz &amp; Jordgubb Banan<br \/>\n07# Jordgubb Hallon &amp; Trippel Melon &amp; Sour Mango Ananas<br \/>\n08# Mixed Berries &amp; Raspberry Watermelon &amp; Mango Peach<br \/>\n09# Bl\u00e5b\u00e4r Hallon &amp; Jordgubb Vanilj Coke &amp; Citron Lime<br \/>\n10# Vattenmelon Ice &amp; Persika Berry &amp; Triple Melon<\/p>\n<h2><strong>F\u00f6rpackningsdetaljer<\/strong><\/h2>\n<p>1 st\/enskild l\u00e5da<br \/>\n10 st\/ Displayl\u00e5da<br \/>\n160 st\/kartong (kartongstorlek: 470 x 390 x 260 mm)<br \/>\nBruttovikt per kartong: 21,5 kg<\/p>\n<figure id=\"attachment_25311\" aria-describedby=\"caption-attachment-25311\" style=\"width: 800px\" class=\"wp-caption alignnone\"><img loading=\"lazy\" decoding=\"async\" class=\"wp-image-25311 size-full\" title=\"FIHP 60000 3in1 Triple Flavors Eng\u00e5ngs Vape 1\" src=\"https:\/\/www.vape4wholesale.com\/wp-content\/uploads\/2025\/10\/FIHP-60000-3in1-Triple-Flavors-Disposable-Vape_1.webp\" alt=\"FIHP 60000 3in1 Triple Flavors Eng\u00e5ngs Vape 1\" width=\"800\" height=\"800\" srcset=\"https:\/\/www.vape4wholesale.com\/wp-content\/uploads\/2025\/10\/FIHP-60000-3in1-Triple-Flavors-Disposable-Vape_1.webp 800w, https:\/\/www.vape4wholesale.com\/wp-content\/uploads\/2025\/10\/FIHP-60000-3in1-Triple-Flavors-Disposable-Vape_1-247x247.webp 247w, https:\/\/www.vape4wholesale.com\/wp-content\/uploads\/2025\/10\/FIHP-60000-3in1-Triple-Flavors-Disposable-Vape_1-100x100.webp 100w, https:\/\/www.vape4wholesale.com\/wp-content\/uploads\/2025\/10\/FIHP-60000-3in1-Triple-Flavors-Disposable-Vape_1-510x510.webp 510w, https:\/\/www.vape4wholesale.com\/wp-content\/uploads\/2025\/10\/FIHP-60000-3in1-Triple-Flavors-Disposable-Vape_1-300x300.webp 300w, https:\/\/www.vape4wholesale.com\/wp-content\/uploads\/2025\/10\/FIHP-60000-3in1-Triple-Flavors-Disposable-Vape_1-150x150.webp 150w, https:\/\/www.vape4wholesale.com\/wp-content\/uploads\/2025\/10\/FIHP-60000-3in1-Triple-Flavors-Disposable-Vape_1-768x768.webp 768w, https:\/\/www.vape4wholesale.com\/wp-content\/uploads\/2025\/10\/FIHP-60000-3in1-Triple-Flavors-Disposable-Vape_1-12x12.webp 12w, https:\/\/www.vape4wholesale.com\/wp-content\/uploads\/2025\/10\/FIHP-60000-3in1-Triple-Flavors-Disposable-Vape_1-64x64.webp 64w\" sizes=\"auto, (max-width: 800px) 100vw, 800px\" \/><figcaption id=\"caption-attachment-25311\" class=\"wp-caption-text\">FIHP 60000 3in1 Triple Flavors Eng\u00e5ngsvape<\/figcaption><\/figure>\n<h2>VARF\u00d6R OSS?<\/h2>\r\n<ul>\r\n<li>Verklig, p\u00e5litlig och professionell vape-k\u00e4lla.<\/li>\r\n<li>100% \u00e4kta garanti: Vi tillhandah\u00e5ller endast original- och \u00e4kta produkter, v\u00e4grar f\u00f6rfalskning.<\/li>\r\n<li>100% Leveransgaranti: Vi anv\u00e4nder den b\u00e4sta fraktmetoden f\u00f6r att s\u00e4kerst\u00e4lla att du f\u00e5r best\u00e4llningen 100%.<\/li>\r\n<li>Vi kommer att ge dig sp\u00e5rningsnumret och fraktetiketten efter leverans och sp\u00e5ra varorna \u00e5t dig tills du kvitterar ut dem.<\/li>\r\n<li>Inga tullproblem, inga tullar<\/li>\r\n<\/ul>","protected":false},"excerpt":{"rendered":"<div class=\"wsppc_div_block woocommerce_before_add_to_cart_form\">\r\n<p><strong><span style=\"color: #00a859;\">Clear customs<\/span> before delivery &amp; 100% Delivery Guarantee, Delivery in 19~25 days around.\u00a0<\/strong><\/p>\r\n<\/div>","protected":false},"featured_media":25316,"comment_status":"open","ping_status":"closed","template":"","meta":[],"pwb-brand":[1279],"product_cat":[873],"product_tag":[22,24,878,1114,1115],"class_list":{"0":"post-25297","1":"product","2":"type-product","3":"status-publish","4":"has-post-thumbnail","6":"pwb-brand-fihp","7":"product_cat-above-20k-puffs","8":"product_tag-disposable","9":"product_tag-wholesale","10":"product_tag-fihp","11":"product_tag-60000-puffs","12":"product_tag-54-0ml","13":"wcpa_has_options","15":"first","16":"instock","17":"shipping-taxable","18":"purchasable","19":"product-type-variable"},"aioseo_notices":[],"brands":[{"id":1279,"name":"FIHP","slug":"fihp"}],"_links":{"self":[{"href":"https:\/\/www.vape4wholesale.com\/sv\/wp-json\/wp\/v2\/product\/25297","targetHints":{"allow":["GET"]}}],"collection":[{"href":"https:\/\/www.vape4wholesale.com\/sv\/wp-json\/wp\/v2\/product"}],"about":[{"href":"https:\/\/www.vape4wholesale.com\/sv\/wp-json\/wp\/v2\/types\/product"}],"replies":[{"embeddable":true,"href":"https:\/\/www.vape4wholesale.com\/sv\/wp-json\/wp\/v2\/comments?post=25297"}],"wp:featuredmedia":[{"embeddable":true,"href":"https:\/\/www.vape4wholesale.com\/sv\/wp-json\/wp\/v2\/media\/25316"}],"wp:attachment":[{"href":"https:\/\/www.vape4wholesale.com\/sv\/wp-json\/wp\/v2\/media?parent=25297"}],"wp:term":[{"taxonomy":"pwb-brand","embeddable":true,"href":"https:\/\/www.vape4wholesale.com\/sv\/wp-json\/wp\/v2\/pwb-brand?post=25297"},{"taxonomy":"product_cat","embeddable":true,"href":"https:\/\/www.vape4wholesale.com\/sv\/wp-json\/wp\/v2\/product_cat?post=25297"},{"taxonomy":"product_tag","embeddable":true,"href":"https:\/\/www.vape4wholesale.com\/sv\/wp-json\/wp\/v2\/product_tag?post=25297"}],"curies":[{"name":"wp","href":"https:\/\/api.w.org\/{rel}","templated":true}]}}