{"id":25248,"date":"2025-10-21T23:39:42","date_gmt":"2025-10-21T15:39:42","guid":{"rendered":"https:\/\/www.vape4wholesale.com\/?post_type=product&#038;p=25248"},"modified":"2026-01-26T13:38:22","modified_gmt":"2026-01-26T13:38:22","slug":"fumot-tornado-35k-engangs-vape-grossist","status":"publish","type":"product","link":"https:\/\/www.vape4wholesale.com\/sv\/product\/fumot-tornado-35k-disposable-vape-wholesale","title":{"rendered":"Fumot Tornado 35K eng\u00e5ngsvape grossist"},"content":{"rendered":"<p class=\"ds-markdown-paragraph\">Den <a title=\"Fumot\" href=\"https:\/\/www.vape4wholesale.com\/sv\/produkt_varumarke\/fumot\/\" target=\"_blank\" rel=\"noopener\"><strong>Fumot<\/strong> <\/a>Tornado 35K, designad av Randm, omdefinierar bekv\u00e4mlighet med sin innovativa smarta sk\u00e4rm - en funktion som s\u00e4llan finns i eng\u00e5ngsvapor. Denna intuitiva display ger realtids\u00f6vervakning av din e-v\u00e4tskeolja och batteriniv\u00e5er, vilket s\u00e4kerst\u00e4ller att du alltid \u00e4r informerad. Ut\u00f6ver den smarta funktionaliteten erbjuder den en personlig sensorisk upplevelse med dynamiska RGB-lampor som v\u00e4xlar mellan fem olika f\u00e4rger och effekter.<\/p>\n<p class=\"ds-markdown-paragraph\">I hj\u00e4rtat av dess prestanda ligger den avancerade 1,2\u03a9 dual mesh coil-tekniken, som garanterar enhetlig uppv\u00e4rmning f\u00f6r konsekvent rik smak och t\u00e4t \u00e5nga fr\u00e5n f\u00f6rsta till sista blosset. Den h\u00e4r upplevelsen drivs av ett robust inbyggt uppladdningsbart 700mAh-batteri, som st\u00f6ds av modern Type-C-laddning f\u00f6r snabb och bekv\u00e4m laddning. Den h\u00e4r kombinationen ger b\u00e5de exceptionell smak och p\u00e5litlig, l\u00e5ngvarig kraft.<\/p>\n<p class=\"ds-markdown-paragraph\">F\u00f6r att tillgodose alla \u00f6nskem\u00e5l finns Tornado 35K tillg\u00e4nglig i ett imponerande utbud av 38 f\u00e4ngslande smaker. F\u00f6r att ytterligare anpassa din vaping-session kan du v\u00e4lja mellan tv\u00e5 alternativ f\u00f6r nikotinsaltkoncentration: 2% och 5%. Denna enhet blandar m\u00e4sterligt banbrytande teknik med omfattande valm\u00f6jligheter, vilket g\u00f6r den till den perfekta allt-i-ett-l\u00f6sningen f\u00f6r vaping.<\/p>\n<h2 class=\"ds-markdown-paragraph\"><strong>Fumot Tornado 35K Viktiga egenskaper<\/strong><\/h2>\n<ul>\n<li>\n<p class=\"ds-markdown-paragraph\"><strong>Smart displaysk\u00e4rm:<\/strong>\u00a0H\u00e5ll koll p\u00e5 dina viktigaste vapingprodukter med ett \u00f6gonkast. Sk\u00e4rmen visar e-juice och batteriniv\u00e5er i realtid, s\u00e5 att du aldrig blir \u00f6verraskad.<\/p>\n<\/li>\n<li>\n<p class=\"ds-markdown-paragraph\"><strong>Dual Mesh Coil-teknik:<\/strong>\u00a0Utrustad med en 1,2\u03a9 dual mesh-spole f\u00f6r j\u00e4mn uppv\u00e4rmning, vilket ger en j\u00e4mn och rik smak och t\u00e4t \u00e5nga fr\u00e5n f\u00f6rsta till sista blosset.<\/p>\n<\/li>\n<li>\n<p class=\"ds-markdown-paragraph\"><strong>Uppladdningsbart batteri med h\u00f6g kapacitet:<\/strong>\u00a0Ett inbyggt 700mAh-batteri, uppladdningsbart via modern Type-C-laddning, ger ut\u00f6kad anv\u00e4ndning och s\u00e4kerst\u00e4ller att din enhet alltid \u00e4r redo n\u00e4r du \u00e4r det.<\/p>\n<\/li>\n<li>\n<p class=\"ds-markdown-paragraph\"><strong>Dynamisk RGB-belysning:<\/strong>\u00a0Anpassa din enhet med 5 olika RGB-ljusf\u00e4rger och -effekter, vilket ger en elegant k\u00e4nsla till din vapingupplevelse.<\/p>\n<\/li>\n<li>\n<p class=\"ds-markdown-paragraph\"><strong>Omfattande urval av smaker:<\/strong>\u00a0Med 38 uts\u00f6kta smaker och m\u00f6jlighet att v\u00e4lja nikotinsaltniv\u00e5erna 2% eller 5% finns det en perfekt Tornado 35K f\u00f6r alla smaker.<\/p>\n<\/li>\n<\/ul>\n<h2 class=\"ds-markdown-paragraph\"><strong>Produktspecifikationer<\/strong><\/h2>\n<ul>\n<li>\n<p class=\"ds-markdown-paragraph\">Niv\u00e5er av nikotinsalt: 2% &amp; 5%<\/p>\n<\/li>\n<li>\n<p class=\"ds-markdown-paragraph\">Spole: 1,2\u03a9 Dual Mesh<\/p>\n<\/li>\n<li>\n<p class=\"ds-markdown-paragraph\">Batteri: 700mAh uppladdningsbart<\/p>\n<\/li>\n<li>\n<p class=\"ds-markdown-paragraph\">Laddning: Typ-C-port<\/p>\n<\/li>\n<li>\n<p class=\"ds-markdown-paragraph\">Display: Smart sk\u00e4rm (olje- och str\u00f6mindikator)<\/p>\n<\/li>\n<li>\n<p class=\"ds-markdown-paragraph\">Belysning: RGB med flera f\u00e4rger<\/p>\n<\/li>\n<\/ul>\n<h2 class=\"ds-markdown-paragraph\"><strong>Fumot Tornado 35K smaker tillg\u00e4ngliga<\/strong><\/h2>\n<div>1. Jordgubbe Vattenmelon<br \/>\n2. Rosa lemonad<br \/>\n3. Vattenmelon-is<br \/>\n4. Bl\u00e5b\u00e4r Hallon<br \/>\n5. Mexiko Mango Is<br \/>\n6. Blue Razz Ice<br \/>\n7. Cool Mint<br \/>\n8. Isglass<br \/>\n9. Druva Citron<br \/>\n10. Persika Mango Vattenmelon<br \/>\n11. Sour Apple Pop<br \/>\n12. Kiwi Passionsfrukt Guava<br \/>\n13. K\u00f6rsb\u00e4rsbomb<br \/>\n14. Juicy persika-is<br \/>\n15. Vit gummi-is<br \/>\n16. Bl\u00e5b\u00e4r Bubblegum<br \/>\n17. Fanta<br \/>\n18. F\u00e4rsk Menthol Mojito<br \/>\n19. Kaktus Citron Gr\u00f6nt Te<br \/>\n20. Aloe Citronb\u00e4r<br \/>\n21. Persika-\u00e4pple-is<br \/>\n22. Gr\u00f6n druva Melon<br \/>\n23. Gr\u00f6nt \u00e4pple Citrus Menthol<br \/>\n24. Cherry Cola<br \/>\n25. Herr Bl\u00e5<br \/>\n26. Sommarpersika-is<br \/>\n27. Jordgubbsis<br \/>\n28. Persika b\u00e4r<br \/>\n29. Persika Mango<br \/>\n30. K\u00f6rsb\u00e4rsb\u00e4r<br \/>\n31. K\u00f6rsb\u00e4rs- och persikoliknande lemonad<br \/>\n32. Bl\u00e5b\u00e4r K\u00f6rsb\u00e4r Tranb\u00e4r<br \/>\n33. Jordgubb Hallon K\u00f6rsb\u00e4r Is<br \/>\n34. Persika Mango Ananas<br \/>\n35. Svart is<br \/>\n36. Jordgubb Kiwi<br \/>\n37. Lady Killer<br \/>\n38. K\u00e4rlek 66<br \/>\n39. Blue Razz Gummibj\u00f6rn<\/div>\n<div><\/div>\n<h2><strong>F\u00f6rpackningsdetaljer<\/strong><\/h2>\n<ul>\n<li>1 st\/enskild l\u00e5da<\/li>\n<li>10 st\/ Displayl\u00e5da<\/li>\n<li>180 st\/kartong<\/li>\n<\/ul>\n<div>\n<figure id=\"attachment_25246\" aria-describedby=\"caption-attachment-25246\" style=\"width: 800px\" class=\"wp-caption alignnone\"><img loading=\"lazy\" decoding=\"async\" class=\"size-full wp-image-25246\" title=\"Fumot Tornado 35000 Eng\u00e5ngsvape\" src=\"https:\/\/www.vape4wholesale.com\/wp-content\/uploads\/2025\/10\/Fumot-Tornado-35000-Disposable-Vape.webp\" alt=\"Fumot Tornado 35000 Eng\u00e5ngsvape\" width=\"800\" height=\"800\" srcset=\"https:\/\/www.vape4wholesale.com\/wp-content\/uploads\/2025\/10\/Fumot-Tornado-35000-Disposable-Vape.webp 800w, https:\/\/www.vape4wholesale.com\/wp-content\/uploads\/2025\/10\/Fumot-Tornado-35000-Disposable-Vape-247x247.webp 247w, https:\/\/www.vape4wholesale.com\/wp-content\/uploads\/2025\/10\/Fumot-Tornado-35000-Disposable-Vape-100x100.webp 100w, https:\/\/www.vape4wholesale.com\/wp-content\/uploads\/2025\/10\/Fumot-Tornado-35000-Disposable-Vape-510x510.webp 510w, https:\/\/www.vape4wholesale.com\/wp-content\/uploads\/2025\/10\/Fumot-Tornado-35000-Disposable-Vape-300x300.webp 300w, https:\/\/www.vape4wholesale.com\/wp-content\/uploads\/2025\/10\/Fumot-Tornado-35000-Disposable-Vape-150x150.webp 150w, https:\/\/www.vape4wholesale.com\/wp-content\/uploads\/2025\/10\/Fumot-Tornado-35000-Disposable-Vape-768x768.webp 768w, https:\/\/www.vape4wholesale.com\/wp-content\/uploads\/2025\/10\/Fumot-Tornado-35000-Disposable-Vape-12x12.webp 12w, https:\/\/www.vape4wholesale.com\/wp-content\/uploads\/2025\/10\/Fumot-Tornado-35000-Disposable-Vape-64x64.webp 64w\" sizes=\"auto, (max-width: 800px) 100vw, 800px\" \/><figcaption id=\"caption-attachment-25246\" class=\"wp-caption-text\">Fumot Tornado 35000 Eng\u00e5ngsvape<\/figcaption><\/figure>\n<h2>VARF\u00d6R OSS?<\/h2>\r\n<ul>\r\n<li>Verklig, p\u00e5litlig och professionell vape-k\u00e4lla.<\/li>\r\n<li>100% \u00e4kta garanti: Vi tillhandah\u00e5ller endast original- och \u00e4kta produkter, v\u00e4grar f\u00f6rfalskning.<\/li>\r\n<li>100% Leveransgaranti: Vi anv\u00e4nder den b\u00e4sta fraktmetoden f\u00f6r att s\u00e4kerst\u00e4lla att du f\u00e5r best\u00e4llningen 100%.<\/li>\r\n<li>Vi kommer att ge dig sp\u00e5rningsnumret och fraktetiketten efter leverans och sp\u00e5ra varorna \u00e5t dig tills du kvitterar ut dem.<\/li>\r\n<li>Inga tullproblem, inga tullar<\/li>\r\n<\/ul>\n<\/div>","protected":false},"excerpt":{"rendered":"<div class=\"wsppc_div_block woocommerce_before_add_to_cart_form\">\r\n<p><strong><span style=\"color: #00a859;\">Clear customs<\/span> before delivery &amp; 100% Delivery Guarantee, Delivery in 19~25 days around.\u00a0<\/strong><\/p>\r\n<\/div>","protected":false},"featured_media":25246,"comment_status":"open","ping_status":"closed","template":"","meta":[],"pwb-brand":[1269],"product_cat":[873],"product_tag":[22,24,592,933,1023],"class_list":{"0":"post-25248","1":"product","2":"type-product","3":"status-publish","4":"has-post-thumbnail","6":"pwb-brand-fumot","7":"product_cat-above-20k-puffs","8":"product_tag-disposable","9":"product_tag-wholesale","10":"product_tag-fumot","11":"product_tag-35-0ml","12":"product_tag-35000-puffs","13":"wcpa_has_options","15":"first","16":"instock","17":"featured","18":"shipping-taxable","19":"purchasable","20":"product-type-variable"},"aioseo_notices":[],"brands":[{"id":1269,"name":"Fumot","slug":"fumot"}],"_links":{"self":[{"href":"https:\/\/www.vape4wholesale.com\/sv\/wp-json\/wp\/v2\/product\/25248","targetHints":{"allow":["GET"]}}],"collection":[{"href":"https:\/\/www.vape4wholesale.com\/sv\/wp-json\/wp\/v2\/product"}],"about":[{"href":"https:\/\/www.vape4wholesale.com\/sv\/wp-json\/wp\/v2\/types\/product"}],"replies":[{"embeddable":true,"href":"https:\/\/www.vape4wholesale.com\/sv\/wp-json\/wp\/v2\/comments?post=25248"}],"wp:featuredmedia":[{"embeddable":true,"href":"https:\/\/www.vape4wholesale.com\/sv\/wp-json\/wp\/v2\/media\/25246"}],"wp:attachment":[{"href":"https:\/\/www.vape4wholesale.com\/sv\/wp-json\/wp\/v2\/media?parent=25248"}],"wp:term":[{"taxonomy":"pwb-brand","embeddable":true,"href":"https:\/\/www.vape4wholesale.com\/sv\/wp-json\/wp\/v2\/pwb-brand?post=25248"},{"taxonomy":"product_cat","embeddable":true,"href":"https:\/\/www.vape4wholesale.com\/sv\/wp-json\/wp\/v2\/product_cat?post=25248"},{"taxonomy":"product_tag","embeddable":true,"href":"https:\/\/www.vape4wholesale.com\/sv\/wp-json\/wp\/v2\/product_tag?post=25248"}],"curies":[{"name":"wp","href":"https:\/\/api.w.org\/{rel}","templated":true}]}}