{"id":25164,"date":"2025-10-21T11:22:55","date_gmt":"2025-10-21T03:22:55","guid":{"rendered":"https:\/\/www.vape4wholesale.com\/?post_type=product&#038;p=25164"},"modified":"2026-04-27T05:09:58","modified_gmt":"2026-04-26T21:09:58","slug":"happ-bar-mt50000-engangs-vape-grossist","status":"publish","type":"product","link":"https:\/\/www.vape4wholesale.com\/sv\/product\/happ-bar-mt50000-disposable-vape-wholesale","title":{"rendered":"Happ Bar MT50000 Vape f\u00f6r eng\u00e5ngsbruk Partihandel"},"content":{"rendered":"<p class=\"ds-markdown-paragraph\">Den\u00a0<a title=\"Happ Bar\" href=\"https:\/\/www.vape4wholesale.com\/sv\/produkt_varumarke\/happ-bar\/\" target=\"_blank\" rel=\"noopener\"><strong>Happ Bar<\/strong><\/a> MT50000 \u00e4r en revolutionerande eng\u00e5ngsvape som \u00e4r utformad f\u00f6r o\u00f6vertr\u00e4ffad uth\u00e5llighet och prestanda. Med otroliga 50 000 puffar \u00e4r den h\u00e4r enheten byggd f\u00f6r att h\u00e5lla l\u00e4nge och erbjuder en exceptionell vapingupplevelse utan behov av frekventa byten.<\/p>\n<p class=\"ds-markdown-paragraph\">Happ Bar MT50000 har en gener\u00f6s 45 ml f\u00f6rfylld e-liquid-kapacitet och ett kraftfullt 650mAh uppladdningsbart batteri (via praktisk Type-C-port), vilket s\u00e4kerst\u00e4ller att du f\u00e5r en j\u00e4mn smak- och \u00e5ngproduktion fr\u00e5n f\u00f6rsta till sista blosset. Den integrerade 1,0 ohm-spolen ger en j\u00e4mn och tillfredsst\u00e4llande dragning, perfekt balanserad f\u00f6r b\u00e5de smakintensitet och \u00e5ngvolym.<\/p>\n<p class=\"ds-markdown-paragraph\">V\u00e4lj din \u00f6nskade nikotinstyrka 2% eller 5% f\u00f6r att matcha din personliga vaping-stil. Enheten har ocks\u00e5 en praktisk LCD-sk\u00e4rm som visar batteritid och e-v\u00e4tskeniv\u00e5 i realtid, s\u00e5 att du alltid har kontroll.<\/p>\n<p class=\"ds-markdown-paragraph\">Med 15 sp\u00e4nnande smaker att v\u00e4lja mellan finns det n\u00e5got f\u00f6r alla smaker. Oavsett om du \u00e4r sugen p\u00e5 fruktiga, iskalla eller klassiska profiler ger Happ Bar MT50000 en rik, best\u00e5ende smak i varje bloss.<\/p>\n<h2 class=\"ds-markdown-paragraph\"><strong>Happ Bar MT50000 Funktioner<\/strong><\/h2>\n<ul>\n<li class=\"ds-markdown-paragraph\">\u2705\u00a0<strong>50.000 puffar<\/strong>\u00a0- Ultral\u00e5ng livsl\u00e4ngd<\/li>\n<li class=\"ds-markdown-paragraph\">\u2705\u00a0<strong>Nikotinalternativ:<\/strong>\u00a02% eller 5%<\/li>\n<li class=\"ds-markdown-paragraph\">\u2705\u00a0<strong>650mAh uppladdningsbart batteri<\/strong> - St\u00f6d f\u00f6r typ C-laddning<\/li>\n<li class=\"ds-markdown-paragraph\">\u2705\u00a0<strong>45 ml kapacitet f\u00f6r e-v\u00e4tska<\/strong><\/li>\n<li class=\"ds-markdown-paragraph\">\u2705\u00a0<strong>1,0 ohm spole<\/strong>\u00a0- Optimerad f\u00f6r smak- och molnproduktion<\/li>\n<li class=\"ds-markdown-paragraph\">\u2705\u00a0<strong>LCD-sk\u00e4rm<\/strong>\u00a0- Visar batteri- och e-v\u00e4tskeniv\u00e5er<\/li>\n<li class=\"ds-markdown-paragraph\">\u2705\u00a0<strong>15 tillg\u00e4ngliga smaker<\/strong>\u00a0- Variationsrikedom f\u00f6r alla smaker<\/li>\n<\/ul>\n<h2><strong>Tillg\u00e4ngliga smaker<\/strong><\/h2>\n<ol>\n<li>Jordgubbsis<\/li>\n<li>Jordgubb Kiwi<\/li>\n<li>Bl\u00e5 jordgubbsis<\/li>\n<li>Vattenmelon-is<\/li>\n<li>Ananas Kokos Lime Rom<\/li>\n<li>Svart drake Jordgubbe<\/li>\n<li>K\u00f6rsb\u00e4rsbomb<\/li>\n<li>Sommardr\u00f6m<\/li>\n<li>Vattenmelon Kokosn\u00f6t<\/li>\n<li>Jordgubbar Bananer<\/li>\n<li>K\u00e4rlek 66<\/li>\n<li>Persika hagel<\/li>\n<li>Citron hagel<\/li>\n<li>Cola is<\/li>\n<li>Paradiset f\u00f6r kokosn\u00f6tter<\/li>\n<\/ol>\n<h2><strong>F\u00f6rpackningsdetaljer<\/strong><\/h2>\n<ul>\n<li>1\/ Enstaka l\u00e5da<\/li>\n<li>10\/ Displaybox<\/li>\n<li>100\/kartong<\/li>\n<\/ul>\n<figure id=\"attachment_25165\" aria-describedby=\"caption-attachment-25165\" style=\"width: 800px\" class=\"wp-caption alignnone\"><img loading=\"lazy\" decoding=\"async\" class=\"size-full wp-image-25165\" title=\"Happ Bar MT50000 f\u00f6rpackningsl\u00e5da f\u00f6r eng\u00e5ngsvape\" src=\"https:\/\/www.vape4wholesale.com\/wp-content\/uploads\/2025\/10\/Happ-Bar-MT50000-Disposable-Vape_Packing-Box.webp\" alt=\"Happ Bar MT50000 f\u00f6rpackningsl\u00e5da f\u00f6r eng\u00e5ngsvape\" width=\"800\" height=\"800\" srcset=\"https:\/\/www.vape4wholesale.com\/wp-content\/uploads\/2025\/10\/Happ-Bar-MT50000-Disposable-Vape_Packing-Box.webp 800w, https:\/\/www.vape4wholesale.com\/wp-content\/uploads\/2025\/10\/Happ-Bar-MT50000-Disposable-Vape_Packing-Box-247x247.webp 247w, https:\/\/www.vape4wholesale.com\/wp-content\/uploads\/2025\/10\/Happ-Bar-MT50000-Disposable-Vape_Packing-Box-100x100.webp 100w, https:\/\/www.vape4wholesale.com\/wp-content\/uploads\/2025\/10\/Happ-Bar-MT50000-Disposable-Vape_Packing-Box-510x510.webp 510w, https:\/\/www.vape4wholesale.com\/wp-content\/uploads\/2025\/10\/Happ-Bar-MT50000-Disposable-Vape_Packing-Box-300x300.webp 300w, https:\/\/www.vape4wholesale.com\/wp-content\/uploads\/2025\/10\/Happ-Bar-MT50000-Disposable-Vape_Packing-Box-150x150.webp 150w, https:\/\/www.vape4wholesale.com\/wp-content\/uploads\/2025\/10\/Happ-Bar-MT50000-Disposable-Vape_Packing-Box-768x768.webp 768w, https:\/\/www.vape4wholesale.com\/wp-content\/uploads\/2025\/10\/Happ-Bar-MT50000-Disposable-Vape_Packing-Box-12x12.webp 12w, https:\/\/www.vape4wholesale.com\/wp-content\/uploads\/2025\/10\/Happ-Bar-MT50000-Disposable-Vape_Packing-Box-64x64.webp 64w\" sizes=\"auto, (max-width: 800px) 100vw, 800px\" \/><figcaption id=\"caption-attachment-25165\" class=\"wp-caption-text\">Happ Bar MT50000 f\u00f6rpackningsl\u00e5da f\u00f6r eng\u00e5ngsvape<\/figcaption><\/figure>\n<figure id=\"attachment_25166\" aria-describedby=\"caption-attachment-25166\" style=\"width: 1000px\" class=\"wp-caption alignnone\"><img loading=\"lazy\" decoding=\"async\" class=\"size-full wp-image-25166\" title=\"Happ Bar MT50000 Vape f\u00f6r eng\u00e5ngsbruk Partihandel\" src=\"https:\/\/www.vape4wholesale.com\/wp-content\/uploads\/2025\/10\/Happ-Bar-MT50000-Disposable-Vape-Wholesale.webp\" alt=\"Happ Bar MT50000 Vape f\u00f6r eng\u00e5ngsbruk Partihandel\" width=\"1000\" height=\"560\" srcset=\"https:\/\/www.vape4wholesale.com\/wp-content\/uploads\/2025\/10\/Happ-Bar-MT50000-Disposable-Vape-Wholesale.webp 1000w, https:\/\/www.vape4wholesale.com\/wp-content\/uploads\/2025\/10\/Happ-Bar-MT50000-Disposable-Vape-Wholesale-510x286.webp 510w, https:\/\/www.vape4wholesale.com\/wp-content\/uploads\/2025\/10\/Happ-Bar-MT50000-Disposable-Vape-Wholesale-300x168.webp 300w, https:\/\/www.vape4wholesale.com\/wp-content\/uploads\/2025\/10\/Happ-Bar-MT50000-Disposable-Vape-Wholesale-768x430.webp 768w, https:\/\/www.vape4wholesale.com\/wp-content\/uploads\/2025\/10\/Happ-Bar-MT50000-Disposable-Vape-Wholesale-18x10.webp 18w, https:\/\/www.vape4wholesale.com\/wp-content\/uploads\/2025\/10\/Happ-Bar-MT50000-Disposable-Vape-Wholesale-64x36.webp 64w\" sizes=\"auto, (max-width: 1000px) 100vw, 1000px\" \/><figcaption id=\"caption-attachment-25166\" class=\"wp-caption-text\">Happ Bar MT50000 Vape f\u00f6r eng\u00e5ngsbruk Partihandel<\/figcaption><\/figure>\n<h2>VARF\u00d6R OSS?<\/h2>\r\n<ul>\r\n<li>Verklig, p\u00e5litlig och professionell vape-k\u00e4lla.<\/li>\r\n<li>100% \u00e4kta garanti: Vi tillhandah\u00e5ller endast original- och \u00e4kta produkter, v\u00e4grar f\u00f6rfalskning.<\/li>\r\n<li>100% Leveransgaranti: Vi anv\u00e4nder den b\u00e4sta fraktmetoden f\u00f6r att s\u00e4kerst\u00e4lla att du f\u00e5r best\u00e4llningen 100%.<\/li>\r\n<li>Vi kommer att ge dig sp\u00e5rningsnumret och fraktetiketten efter leverans och sp\u00e5ra varorna \u00e5t dig tills du kvitterar ut dem.<\/li>\r\n<li>Inga tullproblem, inga tullar<\/li>\r\n<\/ul>","protected":false},"excerpt":{"rendered":"<p><b><span style=\"color: #00a859;\">Free shipping<\/span>\u00a0from Europe warehouse, 7-15 working days delivery time.<\/b><\/p>\r\n<div class=\"wsppc_div_block woocommerce_before_add_to_cart_form\">\r\n<p><strong>Clear customs before delivery &amp; 100% Delivery Guarantee<\/strong><\/p>\r\n<\/div>","protected":false},"featured_media":25183,"comment_status":"open","ping_status":"closed","template":"","meta":[],"pwb-brand":[1267],"product_cat":[938],"product_tag":[964,1035,1082,22,24],"class_list":{"0":"post-25164","1":"product","2":"type-product","3":"status-publish","4":"has-post-thumbnail","6":"pwb-brand-happ-bar","7":"product_cat-europe-warehouse","8":"product_tag-45-0ml","9":"product_tag-happ-bar","10":"product_tag-50000-puffs","11":"product_tag-disposable","12":"product_tag-wholesale","13":"product_shipping_class-eu-warehouse","14":"wcpa_has_options","16":"first","17":"instock","18":"featured","19":"shipping-taxable","20":"purchasable","21":"product-type-variable"},"aioseo_notices":[],"brands":[{"id":1267,"name":"Happ Bar","slug":"happ-bar"}],"_links":{"self":[{"href":"https:\/\/www.vape4wholesale.com\/sv\/wp-json\/wp\/v2\/product\/25164","targetHints":{"allow":["GET"]}}],"collection":[{"href":"https:\/\/www.vape4wholesale.com\/sv\/wp-json\/wp\/v2\/product"}],"about":[{"href":"https:\/\/www.vape4wholesale.com\/sv\/wp-json\/wp\/v2\/types\/product"}],"replies":[{"embeddable":true,"href":"https:\/\/www.vape4wholesale.com\/sv\/wp-json\/wp\/v2\/comments?post=25164"}],"wp:featuredmedia":[{"embeddable":true,"href":"https:\/\/www.vape4wholesale.com\/sv\/wp-json\/wp\/v2\/media\/25183"}],"wp:attachment":[{"href":"https:\/\/www.vape4wholesale.com\/sv\/wp-json\/wp\/v2\/media?parent=25164"}],"wp:term":[{"taxonomy":"pwb-brand","embeddable":true,"href":"https:\/\/www.vape4wholesale.com\/sv\/wp-json\/wp\/v2\/pwb-brand?post=25164"},{"taxonomy":"product_cat","embeddable":true,"href":"https:\/\/www.vape4wholesale.com\/sv\/wp-json\/wp\/v2\/product_cat?post=25164"},{"taxonomy":"product_tag","embeddable":true,"href":"https:\/\/www.vape4wholesale.com\/sv\/wp-json\/wp\/v2\/product_tag?post=25164"}],"curies":[{"name":"wp","href":"https:\/\/api.w.org\/{rel}","templated":true}]}}