{"id":23936,"date":"2024-03-04T15:04:46","date_gmt":"2024-03-04T07:04:46","guid":{"rendered":"https:\/\/www.vape4wholesale.com\/?post_type=product&#038;p=23936"},"modified":"2026-01-27T15:04:13","modified_gmt":"2026-01-27T15:04:13","slug":"bang-king-smart-skarm-15000-puffar-engangs-vape-grossist","status":"publish","type":"product","link":"https:\/\/www.vape4wholesale.com\/sv\/product\/bang-king-smart-screen-15000-puffs-disposable-vape-wholesale","title":{"rendered":"Bang King Smart Screen 15000 Puffs Eng\u00e5ngs Vape Grossist"},"content":{"rendered":"<p>Bang King Smart screen 15000 puffs Disposable Vape \u00e4r en banbrytande vaping-enhet med en volym p\u00e5 25 ml f\u00f6r ut\u00f6kad anv\u00e4ndning. Den finns tillg\u00e4nglig i nikotinkoncentrationerna 0%, 2%, 3% och 5% och tillgodoser olika preferenser. Enheten har ett kraftfullt 650mAh-batteri, vilket ger en betydande vapingkapacitet p\u00e5 15 000 puffar. Med bekv\u00e4m C-Type-laddningsbarhet och en display som indikerar b\u00e5de laddnings- och e-v\u00e4tskeniv\u00e5er kan anv\u00e4ndarna njuta av en s\u00f6ml\u00f6s upplevelse. Enheten \u00e4r utrustad med en 1,0\u03a9 meshk\u00e4rna f\u00f6r effektivt v\u00e4rmetr\u00e5dsmotst\u00e5nd. Bang King Smart screen 15000 puffs levererar en sofistikerad och anv\u00e4ndarv\u00e4nlig vapingl\u00f6sning.<\/p>\n<h2 class=\"second-title\">Bang King Smart Screen 15000 Puffs Vape Snabba detaljer<\/h2>\n<ul>\n<li>\n<div>Eliquid-kapacitet: 25 ml<\/div>\n<\/li>\n<li>\n<div>Nikotinkoncentration: 0% 2% 3% 5%<\/div>\n<\/li>\n<li>\n<div>Batteri: 650 mAh<\/div>\n<\/li>\n<li>\n<div>Vapingkapacitet: 15 000 puffar<\/div>\n<\/li>\n<li>\n<div>C-typ uppladdningsbar<\/div>\n<\/li>\n<li>\n<div>Laddad och e-v\u00e4tskevisning<\/div>\n<\/li>\n<li>\n<div>V\u00e4rmetr\u00e5dens resistans: 1,0\u03a9 maskk\u00e4rna<\/div>\n<\/li>\n<\/ul>\n<h2>Smaklista<\/h2>\n<p>1. bl\u00e5b\u00e4rsfrysning<br \/>\n2. Berry Blast<br \/>\n3. bl\u00e5b\u00e4r k\u00f6rsb\u00e4r citron<br \/>\n4.Peach Frys<br \/>\n5.Grape Freeze<br \/>\n6.Peach Blueraz<br \/>\n7. surt \u00e4pple bl\u00e5b\u00e4r<br \/>\n8.Troiple Frukt<br \/>\n9.Lush Ice (vattenmelonis)<br \/>\n10. jordgubb vattenmelon<\/p>\n<div>\n<figure id=\"attachment_23937\" aria-describedby=\"caption-attachment-23937\" style=\"width: 800px\" class=\"wp-caption alignnone\"><img loading=\"lazy\" decoding=\"async\" class=\"size-full wp-image-23937\" title=\"Bang King Smart Screen 15000 Puffs Eng\u00e5ngs Vape\" src=\"https:\/\/www.vape4wholesale.com\/wp-content\/uploads\/2025\/08\/Bang-King-Smart-Screen-15000-Puffs-Disposable-Vape.webp\" alt=\"Bang King Smart Screen 15000 Puffs Eng\u00e5ngs Vape\" width=\"800\" height=\"727\" srcset=\"https:\/\/www.vape4wholesale.com\/wp-content\/uploads\/2025\/08\/Bang-King-Smart-Screen-15000-Puffs-Disposable-Vape.webp 800w, https:\/\/www.vape4wholesale.com\/wp-content\/uploads\/2025\/08\/Bang-King-Smart-Screen-15000-Puffs-Disposable-Vape-510x463.webp 510w, https:\/\/www.vape4wholesale.com\/wp-content\/uploads\/2025\/08\/Bang-King-Smart-Screen-15000-Puffs-Disposable-Vape-300x273.webp 300w, https:\/\/www.vape4wholesale.com\/wp-content\/uploads\/2025\/08\/Bang-King-Smart-Screen-15000-Puffs-Disposable-Vape-768x698.webp 768w, https:\/\/www.vape4wholesale.com\/wp-content\/uploads\/2025\/08\/Bang-King-Smart-Screen-15000-Puffs-Disposable-Vape-13x12.webp 13w, https:\/\/www.vape4wholesale.com\/wp-content\/uploads\/2025\/08\/Bang-King-Smart-Screen-15000-Puffs-Disposable-Vape-64x58.webp 64w\" sizes=\"auto, (max-width: 800px) 100vw, 800px\" \/><figcaption id=\"caption-attachment-23937\" class=\"wp-caption-text\">Bang King Smart Screen 15000 Puffs Eng\u00e5ngs Vape<\/figcaption><\/figure>\n<p><img loading=\"lazy\" decoding=\"async\" class=\"size-full wp-image-23948\" title=\"Bang King Smart Screen 15000 Puffs Eng\u00e5ngs Vape 11\" src=\"https:\/\/www.vape4wholesale.com\/wp-content\/uploads\/2025\/08\/Bang-King-Smart-Screen-15000-Puffs-Disposable-Vape_11.webp\" alt=\"Bang King Smart Screen 15000 Puffs Eng\u00e5ngs Vape 11\" width=\"800\" height=\"1000\" srcset=\"https:\/\/www.vape4wholesale.com\/wp-content\/uploads\/2025\/08\/Bang-King-Smart-Screen-15000-Puffs-Disposable-Vape_11.webp 800w, https:\/\/www.vape4wholesale.com\/wp-content\/uploads\/2025\/08\/Bang-King-Smart-Screen-15000-Puffs-Disposable-Vape_11-510x638.webp 510w, https:\/\/www.vape4wholesale.com\/wp-content\/uploads\/2025\/08\/Bang-King-Smart-Screen-15000-Puffs-Disposable-Vape_11-240x300.webp 240w, https:\/\/www.vape4wholesale.com\/wp-content\/uploads\/2025\/08\/Bang-King-Smart-Screen-15000-Puffs-Disposable-Vape_11-768x960.webp 768w, https:\/\/www.vape4wholesale.com\/wp-content\/uploads\/2025\/08\/Bang-King-Smart-Screen-15000-Puffs-Disposable-Vape_11-10x12.webp 10w, https:\/\/www.vape4wholesale.com\/wp-content\/uploads\/2025\/08\/Bang-King-Smart-Screen-15000-Puffs-Disposable-Vape_11-64x80.webp 64w\" sizes=\"auto, (max-width: 800px) 100vw, 800px\" \/><\/p>\n<h2>VARF\u00d6R OSS?<\/h2>\r\n<ul>\r\n<li>Verklig, p\u00e5litlig och professionell vape-k\u00e4lla.<\/li>\r\n<li>100% \u00e4kta garanti: Vi tillhandah\u00e5ller endast original- och \u00e4kta produkter, v\u00e4grar f\u00f6rfalskning.<\/li>\r\n<li>100% Leveransgaranti: Vi anv\u00e4nder den b\u00e4sta fraktmetoden f\u00f6r att s\u00e4kerst\u00e4lla att du f\u00e5r best\u00e4llningen 100%.<\/li>\r\n<li>Vi kommer att ge dig sp\u00e5rningsnumret och fraktetiketten efter leverans och sp\u00e5ra varorna \u00e5t dig tills du kvitterar ut dem.<\/li>\r\n<li>Inga tullproblem, inga tullar<\/li>\r\n<\/ul>\n<\/div>","protected":false},"excerpt":{"rendered":"<div class=\"wsppc_div_block woocommerce_before_add_to_cart_form\">\r\n<p><strong><span style=\"color: #00a859;\">Clear customs<\/span> before delivery &amp; 100% Delivery Guarantee, Delivery in 19~25 days around.\u00a0<\/strong><\/p>\r\n<\/div>","protected":false},"featured_media":23946,"comment_status":"open","ping_status":"closed","template":"","meta":[],"pwb-brand":[1275],"product_cat":[872],"product_tag":[22,24,249,684,692],"class_list":{"0":"post-23936","1":"product","2":"type-product","3":"status-publish","4":"has-post-thumbnail","6":"pwb-brand-bang","7":"product_cat-15k-20k-puffs","8":"product_tag-disposable","9":"product_tag-wholesale","10":"product_tag-bang","11":"product_tag-15000-puffs","12":"product_tag-25-0ml","13":"wcpa_has_options","15":"first","16":"instock","17":"shipping-taxable","18":"purchasable","19":"product-type-variable"},"aioseo_notices":[],"brands":[{"id":1275,"name":"Pang","slug":"bang"}],"_links":{"self":[{"href":"https:\/\/www.vape4wholesale.com\/sv\/wp-json\/wp\/v2\/product\/23936","targetHints":{"allow":["GET"]}}],"collection":[{"href":"https:\/\/www.vape4wholesale.com\/sv\/wp-json\/wp\/v2\/product"}],"about":[{"href":"https:\/\/www.vape4wholesale.com\/sv\/wp-json\/wp\/v2\/types\/product"}],"replies":[{"embeddable":true,"href":"https:\/\/www.vape4wholesale.com\/sv\/wp-json\/wp\/v2\/comments?post=23936"}],"wp:featuredmedia":[{"embeddable":true,"href":"https:\/\/www.vape4wholesale.com\/sv\/wp-json\/wp\/v2\/media\/23946"}],"wp:attachment":[{"href":"https:\/\/www.vape4wholesale.com\/sv\/wp-json\/wp\/v2\/media?parent=23936"}],"wp:term":[{"taxonomy":"pwb-brand","embeddable":true,"href":"https:\/\/www.vape4wholesale.com\/sv\/wp-json\/wp\/v2\/pwb-brand?post=23936"},{"taxonomy":"product_cat","embeddable":true,"href":"https:\/\/www.vape4wholesale.com\/sv\/wp-json\/wp\/v2\/product_cat?post=23936"},{"taxonomy":"product_tag","embeddable":true,"href":"https:\/\/www.vape4wholesale.com\/sv\/wp-json\/wp\/v2\/product_tag?post=23936"}],"curies":[{"name":"wp","href":"https:\/\/api.w.org\/{rel}","templated":true}]}}