{"id":23613,"date":"2025-07-23T00:46:15","date_gmt":"2025-07-22T16:46:15","guid":{"rendered":"https:\/\/www.vape4wholesale.com\/?post_type=product&#038;p=23613"},"modified":"2026-04-15T17:53:00","modified_gmt":"2026-04-15T09:53:00","slug":"happ-bar-gr50000-engangs-vape-grossist","status":"publish","type":"product","link":"https:\/\/www.vape4wholesale.com\/sv\/product\/happ-bar-gr50000-disposable-vape-wholesale","title":{"rendered":"Happ Bar GR50000 Vape f\u00f6r eng\u00e5ngsbruk Partihandel"},"content":{"rendered":"<p class=\"ds-markdown-paragraph\"><strong><a title=\"Happ Bar\" href=\"\/sv\/produkt_varumarke\/happ-bar\/\" target=\"_blank\" rel=\"noopener\">Happ Bar<\/a> GR50000<\/strong>\u00a0\u00e4r en innovativ vape-enhet f\u00f6r eng\u00e5ngsbruk med ett banbrytande 2-i-1-system med dubbla smaker. Med den unika smakomkopplaren placerad mellan de tv\u00e5 alternativen kan anv\u00e4ndarna njuta av tv\u00e5 distinkta smaker samtidigt - en branschledande innovation.<\/p>\n<p class=\"ds-markdown-paragraph\">Den har beh\u00e5llit GR-seriens signaturdesign och har en ergonomiskt f\u00f6rs\u00e4nkt mittsektion f\u00f6r \u00f6kad greppkomfort. Under mittsektionen finns en integrerad display som ger exakta realtidsavl\u00e4sningar av e-juice och batteriniv\u00e5er. P\u00e5 baksidan finns en kontroll f\u00f6r smakjustering som m\u00f6jligg\u00f6r s\u00f6ml\u00f6s v\u00e4xling mellan olika smaker.<\/p>\n<p>Happ Bar GR50000 \u00e4r konstruerad f\u00f6r l\u00e5ng livsl\u00e4ngd och m\u00e5ngsidighet och levererar imponerande 50 000 puffar som drivs av ett 650mAh uppladdningsbart batteri (Type-C laddning st\u00f6ds). Dess dubbla 23mL e-juice tankar (46mL totalt) erbjuder ut\u00f6kad anv\u00e4ndning, medan 1,0\u03a9 mesh coil s\u00e4kerst\u00e4ller rik, konsekvent smakproduktion.<\/p>\n<h2 class=\"ds-markdown-paragraph\"><strong>Happ Bar GR50000 Eng\u00e5ngsvape Snabba detaljer<\/strong><\/h2>\n<ul>\n<li class=\"ds-markdown-paragraph\"><strong>Puffar:<\/strong>\u00a050,000<\/li>\n<li class=\"ds-markdown-paragraph\"><strong>Nikotin:<\/strong> 2% \/ 5%<\/li>\n<li class=\"ds-markdown-paragraph\"><strong>Batteri:<\/strong>\u00a0650 mAh (typ C uppladdningsbar)<\/li>\n<li class=\"ds-markdown-paragraph\"><strong>E-v\u00e4tska:<\/strong> 23mL + 23mL (dubbla tankar)<\/li>\n<li class=\"ds-markdown-paragraph\"><strong>Spole:<\/strong> Dubbel 1,0\u03a9 mesh-spole<\/li>\n<li class=\"ds-markdown-paragraph\"><strong>Smak\u00e4mnen:<\/strong> 12 par<\/li>\n<li class=\"ds-markdown-paragraph\"><strong>Innovation:<\/strong>\u00a02-i-1 samtidig vaping med dubbla smaker<\/li>\n<li class=\"ds-markdown-paragraph\"><strong>Display:<\/strong>\u00a0Indikator f\u00f6r e-v\u00e4tska och batteri<\/li>\n<li class=\"ds-markdown-paragraph\"><strong>Design:<\/strong>\u00a0Ergonomiskt grepp med smakkontroll<\/li>\n<\/ul>\n<h2><strong>Tillg\u00e4ngliga smaker<\/strong><\/h2>\n<p>Vattenmelon Ice \/ Jordgubb Banan<br \/>\nGrape Ice \/ Jordgubb Kiwi<br \/>\nCola Ice \/ Fizzy Cherry<br \/>\nJordgubbsglass \/ Mango Persika Vattenmelon<br \/>\nTropisk frukt \/ Jordgubb Vattenmelon<br \/>\nRed Bull \/ Cool Mint<br \/>\nJordgubb Vanilj Cola \/ Ananas Kokosn\u00f6t<br \/>\nVattenmelon Hallon \/ Love 66<br \/>\nMr Blue \/ Lemon Ice<br \/>\nJordgubb Hallon K\u00f6rsb\u00e4r \/ Monster Persika<br \/>\nBlack Dragon Ice \/ Persika Ice<br \/>\nPersika Mango Ananas \/ Vaniljglass<\/p>\n<figure id=\"attachment_23641\" aria-describedby=\"caption-attachment-23641\" style=\"width: 1616px\" class=\"wp-caption alignnone\"><img loading=\"lazy\" decoding=\"async\" class=\"size-full wp-image-23641\" title=\"Happ Bar GR50000 Eng\u00e5ngsvape Partihandel 14\" src=\"https:\/\/www.vape4wholesale.com\/wp-content\/uploads\/2025\/07\/Happ-Bar-GR50000-Disposable-Vape-Wholesale_14.webp\" alt=\"Happ Bar GR50000 Eng\u00e5ngsvape Partihandel 14\" width=\"1616\" height=\"800\" srcset=\"https:\/\/www.vape4wholesale.com\/wp-content\/uploads\/2025\/07\/Happ-Bar-GR50000-Disposable-Vape-Wholesale_14.webp 1616w, https:\/\/www.vape4wholesale.com\/wp-content\/uploads\/2025\/07\/Happ-Bar-GR50000-Disposable-Vape-Wholesale_14-510x252.webp 510w, https:\/\/www.vape4wholesale.com\/wp-content\/uploads\/2025\/07\/Happ-Bar-GR50000-Disposable-Vape-Wholesale_14-300x149.webp 300w, https:\/\/www.vape4wholesale.com\/wp-content\/uploads\/2025\/07\/Happ-Bar-GR50000-Disposable-Vape-Wholesale_14-1024x507.webp 1024w, https:\/\/www.vape4wholesale.com\/wp-content\/uploads\/2025\/07\/Happ-Bar-GR50000-Disposable-Vape-Wholesale_14-768x380.webp 768w, https:\/\/www.vape4wholesale.com\/wp-content\/uploads\/2025\/07\/Happ-Bar-GR50000-Disposable-Vape-Wholesale_14-1536x760.webp 1536w, https:\/\/www.vape4wholesale.com\/wp-content\/uploads\/2025\/07\/Happ-Bar-GR50000-Disposable-Vape-Wholesale_14-18x9.webp 18w, https:\/\/www.vape4wholesale.com\/wp-content\/uploads\/2025\/07\/Happ-Bar-GR50000-Disposable-Vape-Wholesale_14-64x32.webp 64w\" sizes=\"auto, (max-width: 1616px) 100vw, 1616px\" \/><figcaption id=\"caption-attachment-23641\" class=\"wp-caption-text\">Happ Bar GR50000 Vape f\u00f6r eng\u00e5ngsbruk Partihandel<\/figcaption><\/figure>\n<h2>VARF\u00d6R OSS?<\/h2>\r\n<ul>\r\n<li>Verklig, p\u00e5litlig och professionell vape-k\u00e4lla.<\/li>\r\n<li>100% \u00e4kta garanti: Vi tillhandah\u00e5ller endast original- och \u00e4kta produkter, v\u00e4grar f\u00f6rfalskning.<\/li>\r\n<li>100% Leveransgaranti: Vi anv\u00e4nder den b\u00e4sta fraktmetoden f\u00f6r att s\u00e4kerst\u00e4lla att du f\u00e5r best\u00e4llningen 100%.<\/li>\r\n<li>Vi kommer att ge dig sp\u00e5rningsnumret och fraktetiketten efter leverans och sp\u00e5ra varorna \u00e5t dig tills du kvitterar ut dem.<\/li>\r\n<li>Inga tullproblem, inga tullar<\/li>\r\n<\/ul>","protected":false},"excerpt":{"rendered":"<p><b><span style=\"color: #00a859;\">Free shipping<\/span>\u00a0from Europe warehouse, 7-15 working days delivery time.<\/b><\/p>\r\n<div class=\"wsppc_div_block woocommerce_before_add_to_cart_form\">\r\n<p><strong>Clear customs before delivery &amp; 100% Delivery Guarantee<\/strong><\/p>\r\n<\/div>","protected":false},"featured_media":23640,"comment_status":"open","ping_status":"closed","template":"","meta":[],"pwb-brand":[1267],"product_cat":[938],"product_tag":[22,24,1035,1082,1210],"class_list":{"0":"post-23613","1":"product","2":"type-product","3":"status-publish","4":"has-post-thumbnail","6":"pwb-brand-happ-bar","7":"product_cat-europe-warehouse","8":"product_tag-disposable","9":"product_tag-wholesale","10":"product_tag-happ-bar","11":"product_tag-50000-puffs","12":"product_tag-46-0ml","13":"product_shipping_class-eu-warehouse","14":"wcpa_has_options","16":"first","17":"instock","18":"featured","19":"shipping-taxable","20":"purchasable","21":"product-type-variable"},"aioseo_notices":[],"brands":[{"id":1267,"name":"Happ Bar","slug":"happ-bar"}],"_links":{"self":[{"href":"https:\/\/www.vape4wholesale.com\/sv\/wp-json\/wp\/v2\/product\/23613","targetHints":{"allow":["GET"]}}],"collection":[{"href":"https:\/\/www.vape4wholesale.com\/sv\/wp-json\/wp\/v2\/product"}],"about":[{"href":"https:\/\/www.vape4wholesale.com\/sv\/wp-json\/wp\/v2\/types\/product"}],"replies":[{"embeddable":true,"href":"https:\/\/www.vape4wholesale.com\/sv\/wp-json\/wp\/v2\/comments?post=23613"}],"wp:featuredmedia":[{"embeddable":true,"href":"https:\/\/www.vape4wholesale.com\/sv\/wp-json\/wp\/v2\/media\/23640"}],"wp:attachment":[{"href":"https:\/\/www.vape4wholesale.com\/sv\/wp-json\/wp\/v2\/media?parent=23613"}],"wp:term":[{"taxonomy":"pwb-brand","embeddable":true,"href":"https:\/\/www.vape4wholesale.com\/sv\/wp-json\/wp\/v2\/pwb-brand?post=23613"},{"taxonomy":"product_cat","embeddable":true,"href":"https:\/\/www.vape4wholesale.com\/sv\/wp-json\/wp\/v2\/product_cat?post=23613"},{"taxonomy":"product_tag","embeddable":true,"href":"https:\/\/www.vape4wholesale.com\/sv\/wp-json\/wp\/v2\/product_tag?post=23613"}],"curies":[{"name":"wp","href":"https:\/\/api.w.org\/{rel}","templated":true}]}}