{"id":23402,"date":"2025-07-08T23:28:12","date_gmt":"2025-07-08T15:28:12","guid":{"rendered":"https:\/\/www.vape4wholesale.com\/?post_type=product&#038;p=23402"},"modified":"2026-02-04T14:28:40","modified_gmt":"2026-02-04T14:28:40","slug":"razz-bar-15000-puffar-engangs-vape-grossist","status":"publish","type":"product","link":"https:\/\/www.vape4wholesale.com\/sv\/produkt\/razz-bar-15000-puffar-engangs-vape-grossist","title":{"rendered":"Razz Bar 15000 Puffs Eng\u00e5ngs Vape Partihandel"},"content":{"rendered":"<p>Den <strong><a title=\"Razz Bar\" href=\"https:\/\/www.vape4wholesale.com\/sv\/produkt_varumarke\/razz-bar\/\" target=\"_blank\" rel=\"noopener\">Razz Bar<\/a> 15000<\/strong> Puffs eng\u00e5ngsvape \u00e4r <span style=\"color: #555555; font-size: 14.4px;\">en elegant eng\u00e5ngsvape med h\u00f6g kapacitet som \u00e4r utformad f\u00f6r o\u00f6vertr\u00e4ffad bekv\u00e4mlighet och prestanda. <\/span>Razz Bar \u00e4r utrustad med ett inbyggt batteri p\u00e5 650 mAh och snabbladdning via USB Type-C, vilket garanterar l\u00e5ngvarig anv\u00e4ndning utan kompromisser. Du beh\u00f6ver inte oroa dig f\u00f6r att f\u00e5 slut p\u00e5 str\u00f6m - bara ladda och njut.<\/p>\n<p class=\"ds-markdown-paragraph\"><strong>Massiv kapacitet f\u00f6r 26 ml e-v\u00e4tska<\/strong><br \/>\nMed en imponerande 26 ml f\u00f6rfylld tank levererar denna eng\u00e5ngsvape upp till 15 000 mjuka, smakrika puffar, vilket g\u00f6r den perfekt f\u00f6r vaping hela dagen.<\/p>\n<p class=\"ds-markdown-paragraph\"><strong>16 uts\u00f6kta smaker<\/strong><br \/>\nUnna dig en rik, tillfredsst\u00e4llande smak med 16 premiumsmakalternativ. Oavsett om du vill ha fruktiga, isiga eller dessertinspirerade toner, erbjuder Razz Bar en personlig upplevelse med varje inandning.<\/p>\n<p class=\"ds-markdown-paragraph\"><strong>Snygg, portabel och problemfri<\/strong><br \/>\nRazz Bar 15000 \u00e4r kompakt men \u00e4nd\u00e5 kraftfull och kombinerar ultimat funktionalitet med exceptionell \u00e5ngproduktion. Ingen p\u00e5fyllning, inget underh\u00e5ll - bara ren bekv\u00e4mlighet f\u00f6r eng\u00e5ngsbruk.<\/p>\n<h2 class=\"ds-markdown-paragraph\">Razz Bar 15000 Puffs Eng\u00e5ngsvape Snabba detaljer<\/h2>\n<p class=\"ds-markdown-paragraph\">\u2714 15 000 puffar - extremt l\u00e5ngvarig njutning<br \/>\n\u2714 4 niv\u00e5er luftfl\u00f6de<br \/>\n\u2714 Spolmotst\u00e5nd: 1,0\u03a9<br \/>\n\u2714 650 mAh uppladdningsbart batteri - snabbladdning med USB typ C<br \/>\n\u2714 26 ml f\u00f6rfylld e-v\u00e4tska - inga l\u00e4ckor, ingen r\u00f6ra<br \/>\n\u2714 16 smaker - fylliga, dj\u00e4rva och mjuka<br \/>\n\u2714 Dragaktiverad - enkel att anv\u00e4nda, inga knappar<\/p>\n<h2>Flaovrs tillg\u00e4ngliga<\/h2>\n<p>1. hallonfudge<br \/>\n2. jordgubbsis<br \/>\n3. Red Bull is<br \/>\n4. kiwi passionsfrukt guava<br \/>\n5. Mamba<br \/>\n6. bl\u00e5b\u00e4rsis<br \/>\n7.Persika is<br \/>\n8. jordgubb kiwi<br \/>\n9. vattenmelon-is<br \/>\n10. persika mango ananas<br \/>\n11.Vattenmelon tuggummi<br \/>\n12.Blandade b\u00e4r<br \/>\n13.Bl\u00e5b\u00e4r Hallon Citron<br \/>\n14. Citron Lime<br \/>\n15. Cola is<br \/>\n16.Dubbelt \u00e4pple<\/p>\n<figure id=\"attachment_23313\" aria-describedby=\"caption-attachment-23313\" style=\"width: 800px\" class=\"wp-caption alignnone\"><img loading=\"lazy\" decoding=\"async\" class=\"size-full wp-image-23313\" title=\"Razz Bar 15000 Puffs Eng\u00e5ngs Vape Mamba\" src=\"https:\/\/www.vape4wholesale.com\/wp-content\/uploads\/2025\/07\/Razz-Bar-15000-Puffs-Disposable-Vape_Mamba.webp\" alt=\"Razz Bar 15000 Puffs Eng\u00e5ngs Vape Mamba\" width=\"800\" height=\"800\" srcset=\"https:\/\/www.vape4wholesale.com\/wp-content\/uploads\/2025\/07\/Razz-Bar-15000-Puffs-Disposable-Vape_Mamba.webp 800w, https:\/\/www.vape4wholesale.com\/wp-content\/uploads\/2025\/07\/Razz-Bar-15000-Puffs-Disposable-Vape_Mamba-247x247.webp 247w, https:\/\/www.vape4wholesale.com\/wp-content\/uploads\/2025\/07\/Razz-Bar-15000-Puffs-Disposable-Vape_Mamba-100x100.webp 100w, https:\/\/www.vape4wholesale.com\/wp-content\/uploads\/2025\/07\/Razz-Bar-15000-Puffs-Disposable-Vape_Mamba-510x510.webp 510w, https:\/\/www.vape4wholesale.com\/wp-content\/uploads\/2025\/07\/Razz-Bar-15000-Puffs-Disposable-Vape_Mamba-300x300.webp 300w, https:\/\/www.vape4wholesale.com\/wp-content\/uploads\/2025\/07\/Razz-Bar-15000-Puffs-Disposable-Vape_Mamba-150x150.webp 150w, https:\/\/www.vape4wholesale.com\/wp-content\/uploads\/2025\/07\/Razz-Bar-15000-Puffs-Disposable-Vape_Mamba-768x768.webp 768w, https:\/\/www.vape4wholesale.com\/wp-content\/uploads\/2025\/07\/Razz-Bar-15000-Puffs-Disposable-Vape_Mamba-12x12.webp 12w, https:\/\/www.vape4wholesale.com\/wp-content\/uploads\/2025\/07\/Razz-Bar-15000-Puffs-Disposable-Vape_Mamba-64x64.webp 64w\" sizes=\"auto, (max-width: 800px) 100vw, 800px\" \/><figcaption id=\"caption-attachment-23313\" class=\"wp-caption-text\">Razz Bar 15000 Puffs Eng\u00e5ngs Vape Partihandel<\/figcaption><\/figure>\n<h2>VARF\u00d6R OSS?<\/h2>\r\n<ul>\r\n<li>Verklig, p\u00e5litlig och professionell vape-k\u00e4lla.<\/li>\r\n<li>100% \u00e4kta garanti: Vi tillhandah\u00e5ller endast original- och \u00e4kta produkter, v\u00e4grar f\u00f6rfalskning.<\/li>\r\n<li>100% Leveransgaranti: Vi anv\u00e4nder den b\u00e4sta fraktmetoden f\u00f6r att s\u00e4kerst\u00e4lla att du f\u00e5r best\u00e4llningen 100%.<\/li>\r\n<li>Vi kommer att ge dig sp\u00e5rningsnumret och fraktetiketten efter leverans och sp\u00e5ra varorna \u00e5t dig tills du kvitterar ut dem.<\/li>\r\n<li>Inga tullproblem, inga tullar<\/li>\r\n<\/ul>\n<p>&nbsp;<\/p>","protected":false},"excerpt":{"rendered":"<div class=\"wsppc_div_block woocommerce_before_add_to_cart_form\">\r\n<p><strong><span style=\"color: #00a859;\">Clear customs<\/span> before delivery &amp; 100% Delivery Guarantee, Delivery in 19~25 days around.\u00a0<\/strong><\/p>\r\n<\/div>","protected":false},"featured_media":23313,"comment_status":"open","ping_status":"closed","template":"","meta":[],"pwb-brand":[1266],"product_cat":[872],"product_tag":[22,24,684,823,1209],"class_list":{"0":"post-23402","1":"product","2":"type-product","3":"status-publish","4":"has-post-thumbnail","6":"pwb-brand-razz-bar","7":"product_cat-15k-20k-puffs","8":"product_tag-disposable","9":"product_tag-wholesale","10":"product_tag-15000-puffs","11":"product_tag-26-0ml","12":"product_tag-razz-bar","13":"product_shipping_class-eu-warehouse","14":"wcpa_has_options","16":"first","17":"outofstock","18":"featured","19":"shipping-taxable","20":"purchasable","21":"product-type-variable"},"aioseo_notices":[],"brands":[{"id":1266,"name":"Razz Bar","slug":"razz-bar"}],"_links":{"self":[{"href":"https:\/\/www.vape4wholesale.com\/sv\/wp-json\/wp\/v2\/product\/23402","targetHints":{"allow":["GET"]}}],"collection":[{"href":"https:\/\/www.vape4wholesale.com\/sv\/wp-json\/wp\/v2\/product"}],"about":[{"href":"https:\/\/www.vape4wholesale.com\/sv\/wp-json\/wp\/v2\/types\/product"}],"replies":[{"embeddable":true,"href":"https:\/\/www.vape4wholesale.com\/sv\/wp-json\/wp\/v2\/comments?post=23402"}],"wp:featuredmedia":[{"embeddable":true,"href":"https:\/\/www.vape4wholesale.com\/sv\/wp-json\/wp\/v2\/media\/23313"}],"wp:attachment":[{"href":"https:\/\/www.vape4wholesale.com\/sv\/wp-json\/wp\/v2\/media?parent=23402"}],"wp:term":[{"taxonomy":"pwb-brand","embeddable":true,"href":"https:\/\/www.vape4wholesale.com\/sv\/wp-json\/wp\/v2\/pwb-brand?post=23402"},{"taxonomy":"product_cat","embeddable":true,"href":"https:\/\/www.vape4wholesale.com\/sv\/wp-json\/wp\/v2\/product_cat?post=23402"},{"taxonomy":"product_tag","embeddable":true,"href":"https:\/\/www.vape4wholesale.com\/sv\/wp-json\/wp\/v2\/product_tag?post=23402"}],"curies":[{"name":"wp","href":"https:\/\/api.w.org\/{rel}","templated":true}]}}