{"id":23370,"date":"2025-07-08T00:11:30","date_gmt":"2025-07-07T16:11:30","guid":{"rendered":"https:\/\/www.vape4wholesale.com\/?post_type=product&#038;p=23370"},"modified":"2026-01-26T13:38:40","modified_gmt":"2026-01-26T13:38:40","slug":"happ-bar-ss25000-engangs-vape-grossist","status":"publish","type":"product","link":"https:\/\/www.vape4wholesale.com\/sv\/produkt\/happ-bar-ss25000-engangs-vape-grossist","title":{"rendered":"Happ Bar SS25000 Eng\u00e5ngsvape grossist"},"content":{"rendered":"<p class=\"ds-markdown-paragraph\">Den\u00a0<strong><a title=\"Happ Bar\" href=\"https:\/\/www.vape4wholesale.com\/sv\/produkt_varumarke\/happ-bar\/\" target=\"_blank\" rel=\"noopener\">Happ Bar<\/a> SS25000<\/strong> Eng\u00e5ngsvape sticker ut med sin premiumkonstruktion i flera material, som kombinerar f\u00e4rgglada accenter i konstl\u00e4der med snygga metalldetaljer som l\u00f6per l\u00e4ngs hela kroppen. Str\u00f6mknappen \u00e4r s\u00f6ml\u00f6st integrerad i en mattsvart panel, som ocks\u00e5 rymmer en tydlig LCD-sk\u00e4rm f\u00f6r \u00f6vervakning i realtid.<\/p>\n<p class=\"ds-markdown-paragraph\">Till skillnad fr\u00e5n de flesta eng\u00e5ngsvapor som aktiveras automatiskt kr\u00e4ver SS25000 manuell anv\u00e4ndning f\u00f6r exakt kontroll. F\u00f6r att anv\u00e4nda den trycker du bara p\u00e5 str\u00f6mbrytaren fem g\u00e5nger f\u00f6r att sl\u00e5 p\u00e5 den och klickar sedan snabbt tre g\u00e5nger f\u00f6r att byta l\u00e4ge. Den har dubbla utg\u00e5ngsl\u00e4gen:<\/p>\n<ul>\n<li>\n<p class=\"ds-markdown-paragraph\">Smart l\u00e4ge: Justerbart wattal fr\u00e5n 5W till 30W f\u00f6r skr\u00e4ddarsydd vaping.<\/p>\n<\/li>\n<li>\n<p class=\"ds-markdown-paragraph\">Boost-l\u00e4ge: L\u00e5ser vid 30W f\u00f6r maximal intensitet.<\/p>\n<\/li>\n<\/ul>\n<p class=\"ds-markdown-paragraph\">Dessutom st\u00f6der denna enhet p\u00e5fyllningsbar funktionalitet. F\u00f6r att fylla p\u00e5:<\/p>\n<ol start=\"1\">\n<li>\n<p class=\"ds-markdown-paragraph\">Ta bort munstycket.<\/p>\n<\/li>\n<li>\n<p class=\"ds-markdown-paragraph\">Ta ut silikonpropparna p\u00e5 b\u00e5da sidor av r\u00f6ret.<\/p>\n<\/li>\n<li>\n<p class=\"ds-markdown-paragraph\">Fyll p\u00e5 e-juice (undvik luftfl\u00f6desh\u00e5let i mitten).<\/p>\n<\/li>\n<\/ol>\n<h2><strong>Happ Bar SS25000 Eng\u00e5ngsvape Snabba detaljer<\/strong><\/h2>\n<ul>\n<li>\n<p class=\"ds-markdown-paragraph\">Antal puffar: 25,000<\/p>\n<\/li>\n<li>\n<p class=\"ds-markdown-paragraph\">Spole: 0,6\u03a9 Mesh-spole (f\u00f6rb\u00e4ttrad smak och \u00e5nga)<\/p>\n<\/li>\n<li>\n<p class=\"ds-markdown-paragraph\">Justerbart luftfl\u00f6de<\/p>\n<\/li>\n<li>\n<p class=\"ds-markdown-paragraph\">P\u00e5fyllningsbar design<\/p>\n<\/li>\n<li>\n<p class=\"ds-markdown-paragraph\">650 mAh uppladdningsbart batteri (typ C-laddning)<\/p>\n<\/li>\n<li>\n<p class=\"ds-markdown-paragraph\">Dubbla l\u00e4gen: Boost &amp; Smart<\/p>\n<\/li>\n<li>\n<p class=\"ds-markdown-paragraph\">LCD-display: Visar batteriniv\u00e5 och effekt<\/p>\n<\/li>\n<\/ul>\n<h2><strong>Tillg\u00e4ngliga smaker<\/strong><\/h2>\n<p>Persika is<br \/>\nJordgubbsb\u00e5l<br \/>\nDruva Mint<br \/>\nMango is<br \/>\nDubbla \u00e4pplen<br \/>\nBubble Gum med bl\u00e5b\u00e4r<br \/>\nCitronmynta<br \/>\nLush Ice<br \/>\nJordgubb Kiwi<br \/>\nB\u00e4ris<br \/>\nMagisk k\u00e4rlek<br \/>\nK\u00f6rsb\u00e4rsfiesta<\/p>\n<figure id=\"attachment_23352\" aria-describedby=\"caption-attachment-23352\" style=\"width: 800px\" class=\"wp-caption alignnone\"><img loading=\"lazy\" decoding=\"async\" class=\"size-full wp-image-23352\" title=\"Happ Bar SS25000 Eng\u00e5ngsvape dubbelapp\" src=\"https:\/\/www.vape4wholesale.com\/wp-content\/uploads\/2025\/07\/Happ-Bar-SS25000-Disposable-Vape_Double-Appe.webp\" alt=\"Happ Bar SS25000 Eng\u00e5ngsvape dubbelapp\" width=\"800\" height=\"800\" srcset=\"https:\/\/www.vape4wholesale.com\/wp-content\/uploads\/2025\/07\/Happ-Bar-SS25000-Disposable-Vape_Double-Appe.webp 800w, https:\/\/www.vape4wholesale.com\/wp-content\/uploads\/2025\/07\/Happ-Bar-SS25000-Disposable-Vape_Double-Appe-247x247.webp 247w, https:\/\/www.vape4wholesale.com\/wp-content\/uploads\/2025\/07\/Happ-Bar-SS25000-Disposable-Vape_Double-Appe-100x100.webp 100w, https:\/\/www.vape4wholesale.com\/wp-content\/uploads\/2025\/07\/Happ-Bar-SS25000-Disposable-Vape_Double-Appe-510x510.webp 510w\" sizes=\"auto, (max-width: 800px) 100vw, 800px\" \/><figcaption id=\"caption-attachment-23352\" class=\"wp-caption-text\">Happ Bar SS25000 Eng\u00e5ngsvape dubbelapp<\/figcaption><\/figure>\n[scf-template id=&#8217;16903&#8242;]","protected":false},"excerpt":{"rendered":"<p><b><span style=\"color: #00a859;\">Free shipping<\/span>\u00a0from Europe warehouse, 7-15 working days delivery time.<\/b><\/p>\r\n<div class=\"wsppc_div_block woocommerce_before_add_to_cart_form\">\r\n<p><strong>Clear customs before delivery &amp; 100% Delivery Guarantee<\/strong><\/p>\r\n<\/div>","protected":false},"featured_media":23352,"comment_status":"open","ping_status":"closed","template":"","meta":[],"pwb-brand":[1267],"product_cat":[938],"product_tag":[22,24,692,915,1035],"class_list":{"0":"post-23370","1":"product","2":"type-product","3":"status-publish","4":"has-post-thumbnail","6":"pwb-brand-happ-bar","7":"product_cat-europe-warehouse","8":"product_tag-disposable","9":"product_tag-wholesale","10":"product_tag-25-0ml","11":"product_tag-25000-puffs","12":"product_tag-happ-bar","13":"product_shipping_class-eu-warehouse","15":"first","16":"outofstock","17":"featured","18":"shipping-taxable","19":"purchasable","20":"product-type-variable"},"aioseo_notices":[],"brands":[{"id":1267,"name":"Happ Bar","slug":"happ-bar"}],"_links":{"self":[{"href":"https:\/\/www.vape4wholesale.com\/sv\/wp-json\/wp\/v2\/product\/23370","targetHints":{"allow":["GET"]}}],"collection":[{"href":"https:\/\/www.vape4wholesale.com\/sv\/wp-json\/wp\/v2\/product"}],"about":[{"href":"https:\/\/www.vape4wholesale.com\/sv\/wp-json\/wp\/v2\/types\/product"}],"replies":[{"embeddable":true,"href":"https:\/\/www.vape4wholesale.com\/sv\/wp-json\/wp\/v2\/comments?post=23370"}],"wp:featuredmedia":[{"embeddable":true,"href":"https:\/\/www.vape4wholesale.com\/sv\/wp-json\/wp\/v2\/media\/23352"}],"wp:attachment":[{"href":"https:\/\/www.vape4wholesale.com\/sv\/wp-json\/wp\/v2\/media?parent=23370"}],"wp:term":[{"taxonomy":"pwb-brand","embeddable":true,"href":"https:\/\/www.vape4wholesale.com\/sv\/wp-json\/wp\/v2\/pwb-brand?post=23370"},{"taxonomy":"product_cat","embeddable":true,"href":"https:\/\/www.vape4wholesale.com\/sv\/wp-json\/wp\/v2\/product_cat?post=23370"},{"taxonomy":"product_tag","embeddable":true,"href":"https:\/\/www.vape4wholesale.com\/sv\/wp-json\/wp\/v2\/product_tag?post=23370"}],"curies":[{"name":"wp","href":"https:\/\/api.w.org\/{rel}","templated":true}]}}