{"id":23271,"date":"2025-07-07T00:00:13","date_gmt":"2025-07-06T16:00:13","guid":{"rendered":"https:\/\/www.vape4wholesale.com\/?post_type=product&#038;p=23271"},"modified":"2026-03-19T19:03:58","modified_gmt":"2026-03-19T11:03:58","slug":"fumot-digital-apa-40000-puffar-engangs-vape-grossist","status":"publish","type":"product","link":"https:\/\/www.vape4wholesale.com\/sv\/produkt\/fumot-digital-apa-40000-puffar-engangs-vape-grossist","title":{"rendered":"Fumot Digital Monkey 40000 Puffs Eng\u00e5ngsvape Partihandel"},"content":{"rendered":"<p>Den<strong><a title=\"Fumot\" href=\"https:\/\/www.vape4wholesale.com\/sv\/produkt_varumarke\/fumot\/\" target=\"_blank\" rel=\"noopener\"> Fumot<\/a> Digital Monkey 40000<\/strong> \u00e4r en eng\u00e5ngsvape med dubbla n\u00e4tspolar med smart display och omkopplingsbara l\u00e4gen. Som en uppgraderad version av den popul\u00e4ra <a title=\"Fumot 12000\" href=\"https:\/\/www.vape4wholesale.com\/sv\/produkt\/fumot-digital-box-12000-engangs-vape-grossist\/\" target=\"_blank\" rel=\"noopener\">Fumot 12000<\/a> vape, den har en elegant glaserad exteri\u00f6r och en stor sk\u00e4rm som vetter mot framsidan. Sk\u00e4rmen visar inte bara \"Digital Monkey\"-grafiken, utan ger ocks\u00e5 realtidsinformation om elv\u00e4tskeniv\u00e5, batteritid och aktuellt vapingl\u00e4ge. Denna enhet erbjuder tv\u00e5 vapingl\u00e4gen Double Engine Mode och Single Engine Mode som enkelt kan v\u00e4xlas med knappen l\u00e4ngst ner p\u00e5 enheten. Digital Monkey finns i 16 smaker och har 2 nikotinstyrkor f\u00f6r att passa m\u00e5nga olika \u00f6nskem\u00e5l.<\/p>\n<p>Digital Monkeys display ger information i realtid om e-v\u00e4tskeniv\u00e5, batteritid och aktuellt vapingl\u00e4ge Dual Engine Mode (D) eller Single Engine Mode (S) f\u00f6r att f\u00f6rb\u00e4ttra din vapingupplevelse.<\/p>\n<p>Dual Mesh vape anv\u00e4nder ett v\u00e4rmeelement med tv\u00e5 lager av meshmaterial, vilket skapar en st\u00f6rre yta f\u00f6r e-v\u00e4tskan att komma i kontakt med och v\u00e4rmas j\u00e4mnt. Detta resulterar i en mjukare och mer tillfredsst\u00e4llande smak<\/p>\n<p>Med ett inbyggt 850 mA uppladdningsbart batteri kan du ladda flera g\u00e5nger, s\u00e5 att du inte beh\u00f6ver sitta med tomma eng\u00e5ngsbatterier innan e-v\u00e4tskan tar slut.<\/p>\n<h2><strong>Fumot Digital Monkey 40000 Puffs Eng\u00e5ngsvape Snabba detaljer<\/strong><\/h2>\n<ul>\n<li class=\"ds-markdown-paragraph\">Puffar: Upp till 40.000<\/li>\n<li class=\"ds-markdown-paragraph\">Batteri: 850 mAh (uppladdningsbart via USB-C)<\/li>\n<li class=\"ds-markdown-paragraph\">Spole: Dual Mesh (mjukare och mer smakrik \u00e5nga)<\/li>\n<li class=\"ds-markdown-paragraph\">Display: Smart sk\u00e4rm (e-v\u00e4tskeniv\u00e5 i realtid, batteri, l\u00e4gesindikator)<\/li>\n<li>Kapacitet f\u00f6r e-v\u00e4tska: 16 ml (f\u00f6rfylld)<\/li>\n<li class=\"ds-markdown-paragraph\">Nikotinstyrkor: 2% (20 mg) &amp; 5% (50 mg)<\/li>\n<li class=\"ds-markdown-paragraph\">Smaker: 16 alternativ (variation f\u00f6r olika smaker)<\/li>\n<li class=\"ds-markdown-paragraph\">Design: Glasm\u00f6nstrad exteri\u00f6r + \"Digital Monkey\"-grafik<\/li>\n<li class=\"ds-markdown-paragraph\">Uppgraderad fr\u00e5n: Fumot 12000 (b\u00e4ttre sk\u00e4rm, dubbelt n\u00e4t, l\u00e4ngre livsl\u00e4ngd)<\/li>\n<li class=\"ds-markdown-paragraph\">Arbetsl\u00e4gen: Double Engine (D) - intensivare \u00e5nga\/ Single Engine (S) - standard\u00e5nga (omkopplingsbar via bottenknappen)<\/li>\n<\/ul>\n<h2><strong>Tillg\u00e4ngliga smaker<\/strong><\/h2>\n<p>1. Banan is<br \/>\n2. Jordgubbe Vattenmelon<br \/>\n3. Miami Mint<br \/>\n4. Bl\u00e5b\u00e4r Hallon<br \/>\n5. Svart is<br \/>\n6. Vit gummi-is<br \/>\n7. Vattenmelon-is<br \/>\n8. Juicy persika-is<br \/>\n9. Rosa lemonad<br \/>\n10. Jordgubbe Mango<br \/>\n11. Persika Mango Vattenmelon<br \/>\n12. Druva Citron<br \/>\n13. Tropisk regnb\u00e5ge Blast<br \/>\n14. K\u00f6rsb\u00e4rsbomb<br \/>\n15. Jordgubbs-mintgodis<br \/>\n16. Dubbla \u00e4pplen<\/p>\n<figure id=\"attachment_23272\" aria-describedby=\"caption-attachment-23272\" style=\"width: 1248px\" class=\"wp-caption alignnone\"><img loading=\"lazy\" decoding=\"async\" class=\"size-full wp-image-23272\" title=\"Fumot Digital Monkey 40000 puffar eng\u00e5ngsvape\" src=\"https:\/\/www.vape4wholesale.com\/wp-content\/uploads\/2025\/07\/Fumot-Digital-Monkey-40000-Puffs-Disposable-Vape.webp\" alt=\"Fumot Digital Monkey 40000 puffar eng\u00e5ngsvape\" width=\"1248\" height=\"800\" srcset=\"https:\/\/www.vape4wholesale.com\/wp-content\/uploads\/2025\/07\/Fumot-Digital-Monkey-40000-Puffs-Disposable-Vape.webp 1248w, https:\/\/www.vape4wholesale.com\/wp-content\/uploads\/2025\/07\/Fumot-Digital-Monkey-40000-Puffs-Disposable-Vape-510x327.webp 510w, https:\/\/www.vape4wholesale.com\/wp-content\/uploads\/2025\/07\/Fumot-Digital-Monkey-40000-Puffs-Disposable-Vape-300x192.webp 300w, https:\/\/www.vape4wholesale.com\/wp-content\/uploads\/2025\/07\/Fumot-Digital-Monkey-40000-Puffs-Disposable-Vape-1024x656.webp 1024w, https:\/\/www.vape4wholesale.com\/wp-content\/uploads\/2025\/07\/Fumot-Digital-Monkey-40000-Puffs-Disposable-Vape-768x492.webp 768w, https:\/\/www.vape4wholesale.com\/wp-content\/uploads\/2025\/07\/Fumot-Digital-Monkey-40000-Puffs-Disposable-Vape-18x12.webp 18w, https:\/\/www.vape4wholesale.com\/wp-content\/uploads\/2025\/07\/Fumot-Digital-Monkey-40000-Puffs-Disposable-Vape-64x41.webp 64w\" sizes=\"auto, (max-width: 1248px) 100vw, 1248px\" \/><figcaption id=\"caption-attachment-23272\" class=\"wp-caption-text\">Fumot Digital Monkey 40000 puffar eng\u00e5ngsvape<\/figcaption><\/figure>\n<h2>VARF\u00d6R OSS?<\/h2>\r\n<ul>\r\n<li>Verklig, p\u00e5litlig och professionell vape-k\u00e4lla.<\/li>\r\n<li>100% \u00e4kta garanti: Vi tillhandah\u00e5ller endast original- och \u00e4kta produkter, v\u00e4grar f\u00f6rfalskning.<\/li>\r\n<li>100% Leveransgaranti: Vi anv\u00e4nder den b\u00e4sta fraktmetoden f\u00f6r att s\u00e4kerst\u00e4lla att du f\u00e5r best\u00e4llningen 100%.<\/li>\r\n<li>Vi kommer att ge dig sp\u00e5rningsnumret och fraktetiketten efter leverans och sp\u00e5ra varorna \u00e5t dig tills du kvitterar ut dem.<\/li>\r\n<li>Inga tullproblem, inga tullar<\/li>\r\n<\/ul>","protected":false},"excerpt":{"rendered":"<div class=\"wsppc_div_block woocommerce_before_add_to_cart_form\">\r\n<p><strong><span style=\"color: #00a859;\">Clear customs<\/span> before delivery &amp; 100% Delivery Guarantee, Delivery in 19~25 days around.\u00a0<\/strong><\/p>\r\n<\/div>","protected":false},"featured_media":23259,"comment_status":"open","ping_status":"closed","template":"","meta":[],"pwb-brand":[1269],"product_cat":[873],"product_tag":[22,24,592,933,1016],"class_list":{"0":"post-23271","1":"product","2":"type-product","3":"status-publish","4":"has-post-thumbnail","6":"pwb-brand-fumot","7":"product_cat-above-20k-puffs","8":"product_tag-disposable","9":"product_tag-wholesale","10":"product_tag-fumot","11":"product_tag-35-0ml","12":"product_tag-40000-puffs","13":"wcpa_has_options","15":"first","16":"outofstock","17":"featured","18":"shipping-taxable","19":"purchasable","20":"product-type-variable"},"aioseo_notices":[],"brands":[{"id":1269,"name":"Fumot","slug":"fumot"}],"_links":{"self":[{"href":"https:\/\/www.vape4wholesale.com\/sv\/wp-json\/wp\/v2\/product\/23271","targetHints":{"allow":["GET"]}}],"collection":[{"href":"https:\/\/www.vape4wholesale.com\/sv\/wp-json\/wp\/v2\/product"}],"about":[{"href":"https:\/\/www.vape4wholesale.com\/sv\/wp-json\/wp\/v2\/types\/product"}],"replies":[{"embeddable":true,"href":"https:\/\/www.vape4wholesale.com\/sv\/wp-json\/wp\/v2\/comments?post=23271"}],"wp:featuredmedia":[{"embeddable":true,"href":"https:\/\/www.vape4wholesale.com\/sv\/wp-json\/wp\/v2\/media\/23259"}],"wp:attachment":[{"href":"https:\/\/www.vape4wholesale.com\/sv\/wp-json\/wp\/v2\/media?parent=23271"}],"wp:term":[{"taxonomy":"pwb-brand","embeddable":true,"href":"https:\/\/www.vape4wholesale.com\/sv\/wp-json\/wp\/v2\/pwb-brand?post=23271"},{"taxonomy":"product_cat","embeddable":true,"href":"https:\/\/www.vape4wholesale.com\/sv\/wp-json\/wp\/v2\/product_cat?post=23271"},{"taxonomy":"product_tag","embeddable":true,"href":"https:\/\/www.vape4wholesale.com\/sv\/wp-json\/wp\/v2\/product_tag?post=23271"}],"curies":[{"name":"wp","href":"https:\/\/api.w.org\/{rel}","templated":true}]}}