{"id":23021,"date":"2025-06-26T23:11:15","date_gmt":"2025-06-26T15:11:15","guid":{"rendered":"https:\/\/www.vape4wholesale.com\/?post_type=product&#038;p=23021"},"modified":"2026-03-30T11:11:35","modified_gmt":"2026-03-30T03:11:35","slug":"bang-box-3in1-80k-puffs-engangs-vape-grossist","status":"publish","type":"product","link":"https:\/\/www.vape4wholesale.com\/sv\/produkt\/bang-box-3in1-80k-puffs-engangs-vape-grossist","title":{"rendered":"Bang Box 3in1 80K Puffs Eng\u00e5ngs Vape Partihandel"},"content":{"rendered":"<p><a href=\"https:\/\/www.vape4wholesale.com\/sv\/produkt_varumarke\/bang\/\" target=\"_blank\" rel=\"noopener\">Pang<\/a> Box 3in1 80K Disposable Vape revolutionerar vapingupplevelsen med sitt innovativa 3-i-1-podsystem. Med inbyggda trippelpods och ett roterbart munstycke kan du snabbt byta mellan olika smaker utan att beh\u00f6va anv\u00e4nda flera enheter. Med imponerande 80 000 puffar, en l\u00e5ngvarig 60 ml e-v\u00e4tskekapacitet och ett uppladdningsbart 850 mAh Type-C-batteri \u00e4r den h\u00e4r enheten utformad f\u00f6r l\u00e5ngvarig, problemfri anv\u00e4ndning. Den smarta displayen h\u00e5ller dig informerad med realtidsuppdateringar om e-v\u00e4tskeniv\u00e5er och batteritid, s\u00e5 att du aldrig blir \u00f6verraskad.<\/p>\n<p>Njut av en skr\u00e4ddarsydd upplevelse med 2 typer av nikotinstyrka (20 mg eller 50 mg) och 12 underbara smaker, allt fr\u00e5n fruktiga till iskalla blandningar. Den kompakta, l\u00e4ckages\u00e4kra designen ger mjuka, smakrika drag utan knappar eller komplicerade inst\u00e4llningar - bara ren bekv\u00e4mlighet. Oavsett om du \u00e4r en smakj\u00e4gare eller en tung vaper, anpassar sig Bang Box 3in1 till dina preferenser utan anstr\u00e4ngning.<\/p>\n<h2 class=\"ds-markdown-paragraph\">Bang Box 3in1 80K eng\u00e5ngsvape Snabba detaljer<\/h2>\n<ul>\n<li class=\"ds-markdown-paragraph\">Puffar: Upp till 80 000<\/li>\n<li class=\"ds-markdown-paragraph\">Kapacitet f\u00f6r e-v\u00e4tska: 60 ml (f\u00f6rfylld)<\/li>\n<li class=\"ds-markdown-paragraph\">Batteri: 850 mAh uppladdningsbart (typ C)<\/li>\n<li class=\"ds-markdown-paragraph\">Nikotinstyrka: 20 mg (2%) \/ 50 mg (5%)<\/li>\n<li class=\"ds-markdown-paragraph\">Smaker: 12 unika alternativ<\/li>\n<li class=\"ds-markdown-paragraph\">Display: Smart sk\u00e4rm (E-v\u00e4tska &amp; batteriniv\u00e5)<\/li>\n<li class=\"ds-markdown-paragraph\">Viktig funktion: 3-i-1 Trippel smak<\/li>\n<li class=\"ds-markdown-paragraph\">Design: Kompakt, l\u00e4ckages\u00e4ker, knappfri<\/li>\n<li class=\"ds-markdown-paragraph\">Idealisk f\u00f6r: Smakvariation och l\u00e5ngvarig vaping<\/li>\n<\/ul>\n<h2>Tillg\u00e4ngliga smaker<\/h2>\n<p>1) Jordgubbsbanan \/ Hallonvattenmelon \/ K\u00e4rlek 666<br \/>\n2) Tropisk frukt \/ smultron vattenmelon \/ citron persika<br \/>\n3) Jordgubb Vanilj Cola \/Surt \u00e4pple Hallon \/Lemon lime<br \/>\n4) Double Grape \/Strawberry Mango \/Blueberry Sour Raspberry is<br \/>\n5) Vattenmelonglass\/jordgubbsglass\/trippelmelon<br \/>\n6) Lemon cola Soda \/Vattenmelontuggummi \/Black Dragon Ice<br \/>\n7) Triple Berry Ice \/Mango Peach \/Strawberry Kiwi<br \/>\n8) Jordgubbsis \/ Jordgubbsvattenmelon \/ Ananas Mango Persika<br \/>\n9) Ananas Kokosn\u00f6t \/Jordb\u00e4r Hallon Godis \/Blue Razz Ice<br \/>\n10) Citron Lime \/Mango Persika Vattenmelon \/Blueberry Ice<br \/>\n11) Vattenmelon Ice \/Red Bull \/Strawberry Kiwi<br \/>\n12) Jordgubb Kiwi \/Sur Mango Ananas \/Jordgubb Red Bull<\/p>\n<figure id=\"attachment_23023\" aria-describedby=\"caption-attachment-23023\" style=\"width: 800px\" class=\"wp-caption alignnone\"><img loading=\"lazy\" decoding=\"async\" class=\"size-full wp-image-23023\" title=\"Bang Box 3in1 80K Puffs Eng\u00e5ngs Vape Partihandel\" src=\"https:\/\/www.vape4wholesale.com\/wp-content\/uploads\/2025\/06\/Bang-Box-3in1-80K-Puffs-Disposable-Vape-Wholesale-1.webp\" alt=\"Bang Box 3in1 80K Puffs Eng\u00e5ngs Vape Partihandel\" width=\"800\" height=\"1422\" srcset=\"https:\/\/www.vape4wholesale.com\/wp-content\/uploads\/2025\/06\/Bang-Box-3in1-80K-Puffs-Disposable-Vape-Wholesale-1.webp 800w, https:\/\/www.vape4wholesale.com\/wp-content\/uploads\/2025\/06\/Bang-Box-3in1-80K-Puffs-Disposable-Vape-Wholesale-1-510x907.webp 510w, https:\/\/www.vape4wholesale.com\/wp-content\/uploads\/2025\/06\/Bang-Box-3in1-80K-Puffs-Disposable-Vape-Wholesale-1-169x300.webp 169w, https:\/\/www.vape4wholesale.com\/wp-content\/uploads\/2025\/06\/Bang-Box-3in1-80K-Puffs-Disposable-Vape-Wholesale-1-576x1024.webp 576w, https:\/\/www.vape4wholesale.com\/wp-content\/uploads\/2025\/06\/Bang-Box-3in1-80K-Puffs-Disposable-Vape-Wholesale-1-768x1365.webp 768w, https:\/\/www.vape4wholesale.com\/wp-content\/uploads\/2025\/06\/Bang-Box-3in1-80K-Puffs-Disposable-Vape-Wholesale-1-7x12.webp 7w, https:\/\/www.vape4wholesale.com\/wp-content\/uploads\/2025\/06\/Bang-Box-3in1-80K-Puffs-Disposable-Vape-Wholesale-1-64x114.webp 64w\" sizes=\"auto, (max-width: 800px) 100vw, 800px\" \/><figcaption id=\"caption-attachment-23023\" class=\"wp-caption-text\">Bang Box 3in1 80K Puffs Eng\u00e5ngs Vape Partihandel<\/figcaption><\/figure>\n<h2>VARF\u00d6R OSS?<\/h2>\r\n<ul>\r\n<li>Verklig, p\u00e5litlig och professionell vape-k\u00e4lla.<\/li>\r\n<li>100% \u00e4kta garanti: Vi tillhandah\u00e5ller endast original- och \u00e4kta produkter, v\u00e4grar f\u00f6rfalskning.<\/li>\r\n<li>100% Leveransgaranti: Vi anv\u00e4nder den b\u00e4sta fraktmetoden f\u00f6r att s\u00e4kerst\u00e4lla att du f\u00e5r best\u00e4llningen 100%.<\/li>\r\n<li>Vi kommer att ge dig sp\u00e5rningsnumret och fraktetiketten efter leverans och sp\u00e5ra varorna \u00e5t dig tills du kvitterar ut dem.<\/li>\r\n<li>Inga tullproblem, inga tullar<\/li>\r\n<\/ul>","protected":false},"excerpt":{"rendered":"<div class=\"wsppc_div_block woocommerce_before_add_to_cart_form\">\r\n<p><strong><span style=\"color: #00a859;\">Clear customs<\/span> before delivery &amp; 100% Delivery Guarantee, Delivery in 19~25 days around.\u00a0<\/strong><\/p>\r\n<\/div>","protected":false},"featured_media":22971,"comment_status":"open","ping_status":"closed","template":"","meta":[],"pwb-brand":[1275],"product_cat":[873],"product_tag":[22,24,249,1182,1197],"class_list":{"0":"post-23021","1":"product","2":"type-product","3":"status-publish","4":"has-post-thumbnail","6":"pwb-brand-bang","7":"product_cat-above-20k-puffs","8":"product_tag-disposable","9":"product_tag-wholesale","10":"product_tag-bang","11":"product_tag-60-0ml","12":"product_tag-80000-puffs","13":"wcpa_has_options","15":"first","16":"instock","17":"featured","18":"shipping-taxable","19":"purchasable","20":"product-type-variable"},"aioseo_notices":[],"brands":[{"id":1275,"name":"Pang","slug":"bang"}],"_links":{"self":[{"href":"https:\/\/www.vape4wholesale.com\/sv\/wp-json\/wp\/v2\/product\/23021","targetHints":{"allow":["GET"]}}],"collection":[{"href":"https:\/\/www.vape4wholesale.com\/sv\/wp-json\/wp\/v2\/product"}],"about":[{"href":"https:\/\/www.vape4wholesale.com\/sv\/wp-json\/wp\/v2\/types\/product"}],"replies":[{"embeddable":true,"href":"https:\/\/www.vape4wholesale.com\/sv\/wp-json\/wp\/v2\/comments?post=23021"}],"wp:featuredmedia":[{"embeddable":true,"href":"https:\/\/www.vape4wholesale.com\/sv\/wp-json\/wp\/v2\/media\/22971"}],"wp:attachment":[{"href":"https:\/\/www.vape4wholesale.com\/sv\/wp-json\/wp\/v2\/media?parent=23021"}],"wp:term":[{"taxonomy":"pwb-brand","embeddable":true,"href":"https:\/\/www.vape4wholesale.com\/sv\/wp-json\/wp\/v2\/pwb-brand?post=23021"},{"taxonomy":"product_cat","embeddable":true,"href":"https:\/\/www.vape4wholesale.com\/sv\/wp-json\/wp\/v2\/product_cat?post=23021"},{"taxonomy":"product_tag","embeddable":true,"href":"https:\/\/www.vape4wholesale.com\/sv\/wp-json\/wp\/v2\/product_tag?post=23021"}],"curies":[{"name":"wp","href":"https:\/\/api.w.org\/{rel}","templated":true}]}}