{"id":22859,"date":"2025-06-21T11:41:43","date_gmt":"2025-06-21T03:41:43","guid":{"rendered":"https:\/\/www.vape4wholesale.com\/?post_type=product&#038;p=22859"},"modified":"2026-04-07T17:01:45","modified_gmt":"2026-04-07T09:01:45","slug":"happ-bar-gr30000-engangs-vape-grossist","status":"publish","type":"product","link":"https:\/\/www.vape4wholesale.com\/sv\/product\/happ-bar-gr30000-disposable-vape-wholesale","title":{"rendered":"Happ Bar GR30000 Vape f\u00f6r eng\u00e5ngsbruk Partihandel"},"content":{"rendered":"<p class=\"ds-markdown-paragraph\">Den\u00a0<a href=\"https:\/\/www.vape4wholesale.com\/sv\/produkt_varumarke\/happ-bar\/\" target=\"_blank\" rel=\"noopener\">Happ Bar<\/a> GR30000 eng\u00e5ngsvape \u00e4r den ultimata uppgraderingen fr\u00e5n <a href=\"https:\/\/www.vape4wholesale.com\/sv\/produkt\/happ-bar-gr20000-engangs-vape-grossist\/\" target=\"_blank\" rel=\"noopener\">GR20000<\/a>Den har en o\u00f6vertr\u00e4ffad livsl\u00e4ngd p\u00e5 30 000 puffar f\u00f6r l\u00e5ngvarig tillfredsst\u00e4llelse. Med en massiv 30 ml e-v\u00e4tskekapacitet och justerbart luftfl\u00f6de levererar denna premium eng\u00e5ngs vape mjuka, smakrika moln varje g\u00e5ng. V\u00e4lj mellan 2% eller 5% nikotinstyrka f\u00f6r att passa dina \u00f6nskem\u00e5l, och njut av bekv\u00e4mligheten med ett 650mAh uppladdningsbart batteri med USB Type-C laddning. Den inbyggda digitala displayen h\u00e5ller dig informerad om batteritid och e-juice-niv\u00e5er, s\u00e5 att du aldrig f\u00e5r slut p\u00e5 e-juice ov\u00e4ntat.<\/p>\n<p class=\"ds-markdown-paragraph\">Upplev n\u00e4sta generation av eng\u00e5ngsvapor med GR30000:s banbrytande uppgraderingar. Till skillnad fr\u00e5n vanliga eng\u00e5ngsapparater har den en 1,0 ohm mesh-spole f\u00f6r rikare smak och j\u00e4mn \u00e5ngproduktion. Snabbladdningen av typ C inneb\u00e4r mindre stillest\u00e5ndstid, medan de 20 l\u00e4ckra smakerna tillgodoser alla smaker - fr\u00e5n fruktig till isig mentol. Oavsett om du \u00e4r en tung vaper eller f\u00f6redrar en mjukare hit, l\u00e5ter det justerbara luftfl\u00f6det dig anpassa din dragning f\u00f6r den perfekta upplevelsen.<\/p>\n<p class=\"ds-markdown-paragraph\">Uppgradera till den mest l\u00e5nglivade eng\u00e5ngsvapen-Happ Bar GR30000! Med 30 ml e-v\u00e4tska, uppladdningsbarhet och en snygg display \u00f6vertr\u00e4ffar den traditionella eng\u00e5ngsapparater. Handla nu och utforska 20 uppfriskande smaker, alla utformade f\u00f6r maximal tillfredsst\u00e4llelse.<\/p>\n<h2>Happ Bar GR30000 Eng\u00e5ngsvape Snabba detaljer<\/h2>\n<p class=\"ds-markdown-paragraph\">\u2714 Puffs: 30.000 (f\u00f6rl\u00e4ngd livsl\u00e4ngd)<br \/>\n\u2714 Nikotinstyrkor: 2% &amp; 5% (mjuk eller stark tr\u00e4ff)<br \/>\n\u2714 Batteri: 650 mAh (uppladdningsbart via typ-C)<br \/>\n\u2714 E-v\u00e4tskekapacitet: 30 ml (f\u00f6rfylld, inga p\u00e5fyllningar beh\u00f6vs)<br \/>\n\u2714 Spolmotst\u00e5nd: 1,0 ohm mesh (balanserad smak och \u00e5nga)<br \/>\n\u2714 Displaysk\u00e4rm: Visar batteritid och e-juice-niv\u00e5<br \/>\n\u2714 Kontroll av luftfl\u00f6de: Justerbar f\u00f6r t\u00e4tare\/l\u00f6sare drag<br \/>\n\u2714 Smaker: 20+ alternativ (frukt, mentol, dessert, etc.)<br \/>\n\u2714 Uppgradering: F\u00f6rb\u00e4ttrad teknik och kapacitet j\u00e4mf\u00f6rt med GR20000<\/p>\n<h2>Tillg\u00e4ngliga smaker<\/h2>\n<p>1. Bl\u00e5b\u00e4r Hallon<br \/>\n2. Jordgubb Kiwi<br \/>\n3. Hallon vattenmelon<br \/>\n4. Kiwi Passionsfrukt Guava<br \/>\n5. Bl\u00e5b\u00e4r K\u00f6rsb\u00e4r Tranb\u00e4r<br \/>\n6. Jordgubbe Hallon<br \/>\n7. Vattenmelon-is<br \/>\n8. Jordgubbe Banan<br \/>\n9. Bl\u00e5b\u00e4rsis<br \/>\n10. Jordgubbsis<br \/>\n11. K\u00f6rsb\u00e4rsis<br \/>\n12. Blue Razz Gummibj\u00f6rn<br \/>\n13. Ananas kokosn\u00f6t<br \/>\n14. Jordgubb Vanilj Cola<br \/>\n15. Hami Melon<br \/>\n16. Citron hagel<br \/>\n17. Monster Mango<br \/>\n18. Cola is<br \/>\n19. Bj\u00f6rnb\u00e4r Mint<br \/>\n20. Persika hagel<br \/>\n21. Paradiset f\u00f6r kokosn\u00f6tter<br \/>\n22. Vattenmelon Kiwi<\/p>\n<figure id=\"attachment_22856\" aria-describedby=\"caption-attachment-22856\" style=\"width: 800px\" class=\"wp-caption alignnone\"><img loading=\"lazy\" decoding=\"async\" class=\"wp-image-22856 size-full\" title=\"Happ Bar GR30000 Vape f\u00f6r eng\u00e5ngsbruk Partihandel\" src=\"https:\/\/www.vape4wholesale.com\/wp-content\/uploads\/2025\/06\/Happ-Bar-GR30000-Disposable-Vape-Wholesale.webp\" alt=\"Happ Bar GR30000 Vape f\u00f6r eng\u00e5ngsbruk Partihandel\" width=\"800\" height=\"800\" srcset=\"https:\/\/www.vape4wholesale.com\/wp-content\/uploads\/2025\/06\/Happ-Bar-GR30000-Disposable-Vape-Wholesale.webp 800w, https:\/\/www.vape4wholesale.com\/wp-content\/uploads\/2025\/06\/Happ-Bar-GR30000-Disposable-Vape-Wholesale-247x247.webp 247w, https:\/\/www.vape4wholesale.com\/wp-content\/uploads\/2025\/06\/Happ-Bar-GR30000-Disposable-Vape-Wholesale-100x100.webp 100w, https:\/\/www.vape4wholesale.com\/wp-content\/uploads\/2025\/06\/Happ-Bar-GR30000-Disposable-Vape-Wholesale-510x510.webp 510w\" sizes=\"auto, (max-width: 800px) 100vw, 800px\" \/><figcaption id=\"caption-attachment-22856\" class=\"wp-caption-text\"><span style=\"vertical-align: inherit;\"><span style=\"vertical-align: inherit;\">Happ Bar GR30000 Vape f\u00f6r eng\u00e5ngsbruk Partihandel<\/span><\/span><\/figcaption><\/figure>\n<h2>VARF\u00d6R OSS?<\/h2>\r\n<ul>\r\n<li>Verklig, p\u00e5litlig och professionell vape-k\u00e4lla.<\/li>\r\n<li>100% \u00e4kta garanti: Vi tillhandah\u00e5ller endast original- och \u00e4kta produkter, v\u00e4grar f\u00f6rfalskning.<\/li>\r\n<li>100% Leveransgaranti: Vi anv\u00e4nder den b\u00e4sta fraktmetoden f\u00f6r att s\u00e4kerst\u00e4lla att du f\u00e5r best\u00e4llningen 100%.<\/li>\r\n<li>Vi kommer att ge dig sp\u00e5rningsnumret och fraktetiketten efter leverans och sp\u00e5ra varorna \u00e5t dig tills du kvitterar ut dem.<\/li>\r\n<li>Inga tullproblem, inga tullar<\/li>\r\n<\/ul>\n<p>&nbsp;<\/p>","protected":false},"excerpt":{"rendered":"<p><b><span style=\"color: #00a859;\">Fri frakt<\/span>\u00a0fr\u00e5n Europa-lager, leveranstid 7-15 arbetsdagar.<\/b><\/p>\r\n<div class=\"wsppc_div_block woocommerce_before_add_to_cart_form\">\r\n<p><strong>Tulla varorna f\u00f6re leverans &amp; 100% Leveransgaranti<\/strong><\/p>\r\n<\/div>","protected":false},"featured_media":22856,"comment_status":"open","ping_status":"closed","template":"","meta":[],"pwb-brand":[1267],"product_cat":[938],"product_tag":[1035,22,24,683,850],"class_list":{"0":"post-22859","1":"product","2":"type-product","3":"status-publish","4":"has-post-thumbnail","6":"pwb-brand-happ-bar","7":"product_cat-europe-warehouse","8":"product_tag-happ-bar","9":"product_tag-disposable","10":"product_tag-wholesale","11":"product_tag-30-0ml","12":"product_tag-30000-puffs","13":"product_shipping_class-eu-warehouse","14":"wcpa_has_options","16":"first","17":"instock","18":"featured","19":"shipping-taxable","20":"purchasable","21":"product-type-variable"},"aioseo_notices":[],"brands":[{"id":1267,"name":"Happ Bar","slug":"happ-bar"}],"_links":{"self":[{"href":"https:\/\/www.vape4wholesale.com\/sv\/wp-json\/wp\/v2\/product\/22859","targetHints":{"allow":["GET"]}}],"collection":[{"href":"https:\/\/www.vape4wholesale.com\/sv\/wp-json\/wp\/v2\/product"}],"about":[{"href":"https:\/\/www.vape4wholesale.com\/sv\/wp-json\/wp\/v2\/types\/product"}],"replies":[{"embeddable":true,"href":"https:\/\/www.vape4wholesale.com\/sv\/wp-json\/wp\/v2\/comments?post=22859"}],"wp:featuredmedia":[{"embeddable":true,"href":"https:\/\/www.vape4wholesale.com\/sv\/wp-json\/wp\/v2\/media\/22856"}],"wp:attachment":[{"href":"https:\/\/www.vape4wholesale.com\/sv\/wp-json\/wp\/v2\/media?parent=22859"}],"wp:term":[{"taxonomy":"pwb-brand","embeddable":true,"href":"https:\/\/www.vape4wholesale.com\/sv\/wp-json\/wp\/v2\/pwb-brand?post=22859"},{"taxonomy":"product_cat","embeddable":true,"href":"https:\/\/www.vape4wholesale.com\/sv\/wp-json\/wp\/v2\/product_cat?post=22859"},{"taxonomy":"product_tag","embeddable":true,"href":"https:\/\/www.vape4wholesale.com\/sv\/wp-json\/wp\/v2\/product_tag?post=22859"}],"curies":[{"name":"wp","href":"https:\/\/api.w.org\/{rel}","templated":true}]}}