{"id":22467,"date":"2025-05-28T20:21:32","date_gmt":"2025-05-28T12:21:32","guid":{"rendered":"https:\/\/www.vape4wholesale.com\/?post_type=product&#038;p=22467"},"modified":"2026-04-10T17:30:46","modified_gmt":"2026-04-10T09:30:46","slug":"fizzy-max-iii-6in1-60000-puffar-engangs-vape-grossist","status":"publish","type":"product","link":"https:\/\/www.vape4wholesale.com\/sv\/product\/fizzy-max-iii-6in1-60000-puffs-disposable-vape-wholesale","title":{"rendered":"Fizzy Max III 6in1 60000 Puffs Eng\u00e5ngs Vape Partihandel"},"content":{"rendered":"<p class=\"ds-markdown-paragraph\">Den\u00a0<strong><a title=\"Fizzy\" href=\"https:\/\/www.vape4wholesale.com\/sv\/produkt_varumarke\/bubblande\/\" target=\"_blank\" rel=\"noopener\">Fizzy<\/a> Max III 6in1<\/strong> \u00e4r en n\u00e4sta generations eng\u00e5ngsvape med innovativ design. Den \u00e4r utrustad med tre f\u00f6rfyllda e-liquid pods, men erbjuder mycket mer \u00e4n bara tre olika smaker. Genom att blanda tv\u00e5 av de tre smakerna kan du f\u00e5 en unik och sp\u00e4nnande smakupplevelse. N\u00e4r tv\u00e5 smaker kombineras \u00f6kar luftfl\u00f6det, vilket ger en mer intensiv och tillfredsst\u00e4llande tr\u00e4ff. Detta inneb\u00e4r att enheten effektivt ger sex olika smakalternativ i en enda vape.<\/p>\n<p class=\"ds-markdown-paragraph\">Med en total e-v\u00e4tskekapacitet p\u00e5 50 ml (3\u00d716,7 ml) och ett kraftfullt 850 mAh uppladdningsbart batteri garanterar Fizzy Max III 6in1 l\u00e5ngvarig prestanda och eliminerar oron f\u00f6r snabb urladdning. Den klarar upp till 60 000 puffar, vilket g\u00f6r den till ett perfekt val f\u00f6r l\u00e5ngvarig anv\u00e4ndning. Dessutom har enheten en justerbar luftfl\u00f6deskontroll i botten och ett dual-mode-system (Normal &amp; Boost Mode), s\u00e5 att du kan anpassa din vapingupplevelse efter dina preferenser.<\/p>\n<h2><strong>Hur fungerar Fizzy Max III 6in1-systemet?<\/strong><\/h2>\n<ol start=\"1\">\n<li>\n<p class=\"ds-markdown-paragraph\">Lyft och rotera helt enkelt munstycket f\u00f6r att byta mellan smakerna.<\/p>\n<\/li>\n<li>\n<p class=\"ds-markdown-paragraph\">Enheten v\u00e4xlar s\u00f6ml\u00f6st mellan enstaka smaker och hybridkombinationer i f\u00f6ljande ordning:<\/p>\n<ul>\n<li>\n<p class=\"ds-markdown-paragraph\">Smak A \u2192 Mix AB<\/p>\n<\/li>\n<li>\n<p class=\"ds-markdown-paragraph\">Smak B \u2192 Mix BC<\/p>\n<\/li>\n<li>\n<p class=\"ds-markdown-paragraph\">Smak C \u2192 Mix CA<\/p>\n<\/li>\n<\/ul>\n<\/li>\n<\/ol>\n<p class=\"ds-markdown-paragraph\">Denna intuitiva mekanism s\u00e4kerst\u00e4ller enkla \u00f6verg\u00e5ngar mellan alla sex m\u00f6jliga smakprofiler, vilket g\u00f6r 6-i-1-upplevelsen b\u00e5de bekv\u00e4m och sp\u00e4nnande. om du vill veta mer om det, v\u00e4nligen titta p\u00e5 <a title=\"hur fungerar fizzy max III 6in1?\" href=\"https:\/\/www.youtube.com\/watch?v=CoxB_HvaU3k\" target=\"_blank\" rel=\"noopener\">video<\/a><\/p>\n<h2><strong>Optimerad f\u00f6r olika typer av vaping<\/strong><\/h2>\n<p class=\"ds-markdown-paragraph\">Fizzy Max III tillgodoser p\u00e5 ett intelligent s\u00e4tt preferenser f\u00f6r b\u00e5de mun-till-lunga (MTL) och direkt-lunga (DL):<\/p>\n<ul>\n<li>\n<p class=\"ds-markdown-paragraph\">Single-Flavor Mode - Perfekt f\u00f6r mjuka, smakrika mun-till-lung-dragningar (MTL), som ger en klassisk, t\u00e4t inandning som liknar traditionella cigaretter. Perfekt f\u00f6r att njuta av renheten i varje enskild smak.<\/p>\n<\/li>\n<li>\n<p class=\"ds-markdown-paragraph\">Dual-Flavor Mix Mode - Det \u00f6kade luftfl\u00f6det och de blandade smakerna \u00e4r konstruerade f\u00f6r dj\u00e4rva, luftiga DL-tr\u00e4ffar (direct-lung) och skapar en mer intensiv och volumin\u00f6s \u00e5nga, vilket f\u00f6rb\u00e4ttrar den sensoriska upplevelsen f\u00f6r molnj\u00e4gare.<\/p>\n<\/li>\n<\/ul>\n<p class=\"ds-markdown-paragraph\">Denna m\u00e5ngsidighet med dubbla anv\u00e4ndningsomr\u00e5den s\u00e4kerst\u00e4ller att oavsett om du f\u00f6redrar en begr\u00e4nsad, smakfull puff eller en djup, tillfredsst\u00e4llande lungtr\u00e4ff, anpassar sig Fizzy Max III s\u00f6ml\u00f6st till din stil.<\/p>\n<div class=\"markdown-table-wrapper\">\n<h2><strong>Fizzy Max III 6in1 Snabba specifikationer<\/strong><\/h2>\n<div class=\"markdown-table-wrapper\">\n<table>\n<thead>\n<tr>\n<th><strong>Funktion<\/strong><\/th>\n<th><strong>Specifikation<\/strong><\/th>\n<\/tr>\n<\/thead>\n<tbody>\n<tr>\n<td><strong>Designtyp<\/strong><\/td>\n<td>Avancerad eng\u00e5ngsvape med hybridsmakteknik<\/td>\n<\/tr>\n<tr>\n<td><strong>Smaksystem<\/strong><\/td>\n<td>6-i-1 (3 individuella smaker + 3 anpassningsbara blandningar)<\/td>\n<\/tr>\n<tr>\n<td><strong>Kapacitet f\u00f6r e-v\u00e4tska<\/strong><\/td>\n<td>50 ml totalt (3\u00d716,7 ml kapslar)<\/td>\n<\/tr>\n<tr>\n<td><strong>Batteri<\/strong><\/td>\n<td>850mAh uppladdningsbar<\/td>\n<\/tr>\n<tr>\n<td><strong>Antal puffar<\/strong><\/td>\n<td>Upp till 60.000 puffar<\/td>\n<\/tr>\n<tr>\n<td><strong>Kontroll av luftfl\u00f6de<\/strong><\/td>\n<td>Justerbart luftfl\u00f6de i botten<\/td>\n<\/tr>\n<tr>\n<td><strong>Driftl\u00e4gen<\/strong><\/td>\n<td>\u2013\u00a0<strong>Normalt l\u00e4ge<\/strong>: Standardutg\u00e5ng<br \/>\n\u2013\u00a0<strong>Boost-l\u00e4ge<\/strong>: F\u00f6rb\u00e4ttrad \u00e5ng- och smakintensitet<\/td>\n<\/tr>\n<tr>\n<td><strong>Vaping-stilar<\/strong><\/td>\n<td>\u2013\u00a0<strong>En smak<\/strong>: Tight MTL (mun-till-lunga)<br \/>\n\u2013\u00a0<strong>Dubbel smak<\/strong>: Airy DL (direktlunga)<\/td>\n<\/tr>\n<tr>\n<td><strong>Byte av smak<\/strong><\/td>\n<td>Munstycke med roterbar topp (A\u2192AB\u2192B\u2192BC\u2192C\u2192CA)<\/td>\n<\/tr>\n<\/tbody>\n<\/table>\n<h2><strong>Tillg\u00e4ngliga smaker av Fizzy Max III<\/strong><\/h2>\n<p>1. jordgubb vattenmelon &amp; citron lime &amp; bl\u00e5b\u00e4r kokosn\u00f6t<br \/>\n2.Blueberry Ice &amp; Fizzy Cherry &amp; Raspberry Lemon<br \/>\n3. vattenmelonis &amp; jordgubb vaniljcola &amp; blandade b\u00e4r<br \/>\n4. jordgubbsdrakfrukt &amp; Red Bull &amp; hallonvattenmelon<br \/>\n5.Jordgubb Hallon &amp; Mango Persika &amp; Bl\u00e5b\u00e4r Vattenmelon<br \/>\n6.Jordgubb Druva &amp; Bl\u00e5b\u00e4r Kokos &amp; Persika Citron<br \/>\n7. bl\u00e5b\u00e4r hallon &amp; trippel melon &amp; jordgubbsis<br \/>\n8.Mixed Berry &amp; Kiwi Passion Fruit Guava &amp; Strawberry Watermelon<br \/>\n9.Strawberry Kiwi &amp; Blueberry Ice &amp; Watermelon Ice<br \/>\n10.Blue Razz Ice &amp; Strawberry Kiwi &amp; Sour Pineapple Orange<br \/>\n11.Love 66 &amp; Red Bull Watermelon &amp; Strawberry Raspberry<br \/>\n12.Strawberry Ice &amp; Fizzy Cola &amp; Watermelon Bubble Gum<\/p>\n<h2><strong>F\u00f6rpackningsdetaljer<\/strong><\/h2>\n<ul>\n<li>Produktvikt:151g\/pc<\/li>\n<li>Produktstorlek: 42,8 * 42,2 * 125 mm<\/li>\n<li>Antal: 120 st \/ ctn, 10 st \/ l\u00e5da<\/li>\n<li>Vikt: 18 kg\/ctn<\/li>\n<\/ul>\n<p>&nbsp;<\/p>\n<figure id=\"attachment_22448\" aria-describedby=\"caption-attachment-22448\" style=\"width: 800px\" class=\"wp-caption alignnone\"><img loading=\"lazy\" decoding=\"async\" class=\"size-full wp-image-22448\" title=\"Fizzy Max III 60000 Puffs 6in1 eng\u00e5ngsvape grossist (5)\" src=\"https:\/\/www.vape4wholesale.com\/wp-content\/uploads\/2025\/05\/Fizzy-Max-III-60000-Puffs-6in1-Disposable-Vape-Wholesale-5.webp\" alt=\"Fizzy Max III 60000 Puffs 6in1 eng\u00e5ngsvape grossist (5)\" width=\"800\" height=\"800\" srcset=\"https:\/\/www.vape4wholesale.com\/wp-content\/uploads\/2025\/05\/Fizzy-Max-III-60000-Puffs-6in1-Disposable-Vape-Wholesale-5.webp 800w, https:\/\/www.vape4wholesale.com\/wp-content\/uploads\/2025\/05\/Fizzy-Max-III-60000-Puffs-6in1-Disposable-Vape-Wholesale-5-247x247.webp 247w, https:\/\/www.vape4wholesale.com\/wp-content\/uploads\/2025\/05\/Fizzy-Max-III-60000-Puffs-6in1-Disposable-Vape-Wholesale-5-100x100.webp 100w, https:\/\/www.vape4wholesale.com\/wp-content\/uploads\/2025\/05\/Fizzy-Max-III-60000-Puffs-6in1-Disposable-Vape-Wholesale-5-510x510.webp 510w, https:\/\/www.vape4wholesale.com\/wp-content\/uploads\/2025\/05\/Fizzy-Max-III-60000-Puffs-6in1-Disposable-Vape-Wholesale-5-300x300.webp 300w, https:\/\/www.vape4wholesale.com\/wp-content\/uploads\/2025\/05\/Fizzy-Max-III-60000-Puffs-6in1-Disposable-Vape-Wholesale-5-150x150.webp 150w, https:\/\/www.vape4wholesale.com\/wp-content\/uploads\/2025\/05\/Fizzy-Max-III-60000-Puffs-6in1-Disposable-Vape-Wholesale-5-768x768.webp 768w, https:\/\/www.vape4wholesale.com\/wp-content\/uploads\/2025\/05\/Fizzy-Max-III-60000-Puffs-6in1-Disposable-Vape-Wholesale-5-12x12.webp 12w, https:\/\/www.vape4wholesale.com\/wp-content\/uploads\/2025\/05\/Fizzy-Max-III-60000-Puffs-6in1-Disposable-Vape-Wholesale-5-64x64.webp 64w\" sizes=\"auto, (max-width: 800px) 100vw, 800px\" \/><figcaption id=\"caption-attachment-22448\" class=\"wp-caption-text\">Fizzy Max III 60000 puffar 6in1 eng\u00e5ngsvape grossist<\/figcaption><\/figure>\n<h2>VARF\u00d6R OSS?<\/h2>\r\n<ul>\r\n<li>Verklig, p\u00e5litlig och professionell vape-k\u00e4lla.<\/li>\r\n<li>100% \u00e4kta garanti: Vi tillhandah\u00e5ller endast original- och \u00e4kta produkter, v\u00e4grar f\u00f6rfalskning.<\/li>\r\n<li>100% Leveransgaranti: Vi anv\u00e4nder den b\u00e4sta fraktmetoden f\u00f6r att s\u00e4kerst\u00e4lla att du f\u00e5r best\u00e4llningen 100%.<\/li>\r\n<li>Vi kommer att ge dig sp\u00e5rningsnumret och fraktetiketten efter leverans och sp\u00e5ra varorna \u00e5t dig tills du kvitterar ut dem.<\/li>\r\n<li>Inga tullproblem, inga tullar<\/li>\r\n<\/ul>\n<\/div>\n<\/div>","protected":false},"excerpt":{"rendered":"<p><b><span style=\"color: #00a859;\">Free shipping<\/span>\u00a0from Europe warehouse, 7-15 working days delivery time.<\/b><\/p>\r\n<div class=\"wsppc_div_block woocommerce_before_add_to_cart_form\">\r\n<p><strong>Clear customs before delivery &amp; 100% Delivery Guarantee<\/strong><\/p>\r\n<\/div>\n<p><span style=\"color: #ed1c24;\"><strong>This product has been discontinued and replaced by a new version. \u2192<a href=\"https:\/\/www.vape4wholesale.com\/sv\/produkt\/fizzy-max-iii-pro-6in1-60000-puffs-disposable-vape-wholesale\/\">Please click here to purchase<\/a>.<\/strong><\/span><\/p>","protected":false},"featured_media":22515,"comment_status":"open","ping_status":"closed","template":"","meta":[],"pwb-brand":[1268],"product_cat":[938],"product_tag":[948,1081,1114,22,24],"class_list":{"0":"post-22467","1":"product","2":"type-product","3":"status-publish","4":"has-post-thumbnail","6":"pwb-brand-fizzy","7":"product_cat-europe-warehouse","8":"product_tag-fizzy","9":"product_tag-50-0ml","10":"product_tag-60000-puffs","11":"product_tag-disposable","12":"product_tag-wholesale","13":"product_shipping_class-eu-warehouse","14":"wcpa_has_options","16":"first","17":"outofstock","18":"featured","19":"shipping-taxable","20":"purchasable","21":"product-type-variable"},"aioseo_notices":[],"brands":[{"id":1268,"name":"Fizzy","slug":"bubblande"}],"_links":{"self":[{"href":"https:\/\/www.vape4wholesale.com\/sv\/wp-json\/wp\/v2\/product\/22467","targetHints":{"allow":["GET"]}}],"collection":[{"href":"https:\/\/www.vape4wholesale.com\/sv\/wp-json\/wp\/v2\/product"}],"about":[{"href":"https:\/\/www.vape4wholesale.com\/sv\/wp-json\/wp\/v2\/types\/product"}],"replies":[{"embeddable":true,"href":"https:\/\/www.vape4wholesale.com\/sv\/wp-json\/wp\/v2\/comments?post=22467"}],"wp:featuredmedia":[{"embeddable":true,"href":"https:\/\/www.vape4wholesale.com\/sv\/wp-json\/wp\/v2\/media\/22515"}],"wp:attachment":[{"href":"https:\/\/www.vape4wholesale.com\/sv\/wp-json\/wp\/v2\/media?parent=22467"}],"wp:term":[{"taxonomy":"pwb-brand","embeddable":true,"href":"https:\/\/www.vape4wholesale.com\/sv\/wp-json\/wp\/v2\/pwb-brand?post=22467"},{"taxonomy":"product_cat","embeddable":true,"href":"https:\/\/www.vape4wholesale.com\/sv\/wp-json\/wp\/v2\/product_cat?post=22467"},{"taxonomy":"product_tag","embeddable":true,"href":"https:\/\/www.vape4wholesale.com\/sv\/wp-json\/wp\/v2\/product_tag?post=22467"}],"curies":[{"name":"wp","href":"https:\/\/api.w.org\/{rel}","templated":true}]}}