{"id":22419,"date":"2025-05-28T14:12:30","date_gmt":"2025-05-28T06:12:30","guid":{"rendered":"https:\/\/www.vape4wholesale.com\/?post_type=product&#038;p=22419"},"modified":"2026-01-26T13:39:03","modified_gmt":"2026-01-26T13:39:03","slug":"fizzy-nova-plus-40000-puffar-engangs-vape-grossist","status":"publish","type":"product","link":"https:\/\/www.vape4wholesale.com\/sv\/product\/fizzy-nova-plus-40000-puffs-disposable-vape-wholesale","title":{"rendered":"Fizzy Nova Plus 40000 Puffs Eng\u00e5ngs Vape Partihandel"},"content":{"rendered":"<p class=\"ds-markdown-paragraph\"><a title=\"Fizzy\" href=\"https:\/\/www.vape4wholesale.com\/sv\/produkt_varumarke\/bubblande\/\" target=\"_blank\" rel=\"noopener\">Fizzy<\/a> Nova Plus 40000 Puffs eng\u00e5ngsvape uppgraderad fr\u00e5n <a title=\"Fizzy Nova 20000 puffar\" href=\"https:\/\/www.vape4wholesale.com\/sv\/produkt\/fizzy-nova-20000-puffar-engangs-vape-grossist\/\" target=\"_blank\" rel=\"noopener\">Nova 20K<\/a>Den kombinerar exceptionell kapacitet med banbrytande teknik. Med en 40 ml f\u00f6rfylld e-v\u00e4tskebeh\u00e5llare och ett 850 mAh uppladdningsbart batteri (via Type-C-port) levererar den imponerande 40 000 puffar - perfekt f\u00f6r l\u00e5ngvarig njutning utan frekventa byten.<\/p>\n<p class=\"ds-markdown-paragraph\">Ut\u00f6ver sin uth\u00e5llighet ger Fizzy Nova Plus \u00f6kad kontroll och m\u00e5ngsidighet. Den dubbla l\u00e4gesjusteringen (ECO &amp; BOOST) g\u00f6r det m\u00f6jligt att s\u00f6ml\u00f6st v\u00e4xla mellan energieffektivt puffande och kraftfull produktion, vilket passar olika hum\u00f6r och behov. Dessutom g\u00f6r den justerbara luftfl\u00f6deskontrollen att du kan finjustera din dragning, oavsett om du f\u00f6redrar en t\u00e4t mun-till-lunga-tr\u00e4ff eller en luftig direkt-lungupplevelse.<\/p>\n<p class=\"ds-markdown-paragraph\">P\u00e5 toppen av det hela m\u00f6ter bekv\u00e4mlighet innovation med den inbyggda LED-displayen, som ger realtids\u00f6vervakning av e-v\u00e4tskeniv\u00e5er och batteristatus. Fizzy Nova Plus \u00e4r kompakt men \u00e4nd\u00e5 fullpackad med funktioner och \u00e4r utformad f\u00f6r vapnare som v\u00e4grar kompromissa - den erbjuder o\u00f6vertr\u00e4ffad livsl\u00e4ngd, anpassning och prestanda i en elegant enhet.<\/p>\n<h2>Fizzy Nova Plus 40000 Puffs Eng\u00e5ngs Vape Snabba detaljer<\/h2>\n<ul>\n<li>Puffar:40000 Puffar<\/li>\n<li>N\u00e4tspole<\/li>\n<li>Justerbart l\u00e4ge: ECO &amp; BOOST<\/li>\n<li>Kontroll av luftfl\u00f6de<\/li>\n<li>Eliquid: 40ml<\/li>\n<li>Batteri: 850 mAh<\/li>\n<li>Nikotin:2%\/ 5%<\/li>\n<li>Laddningsbar:Typ-C<\/li>\n<li>LED-display Batteri- och v\u00e4tskeniv\u00e5<\/li>\n<\/ul>\n<h2>Tillg\u00e4ngliga smaker<\/h2>\n<p>1. Jordgubbsis<br \/>\n2. Bl\u00e5b\u00e4r Kokosn\u00f6t<br \/>\n3. Jordgubb Kiwi<br \/>\n4. Bl\u00e5b\u00e4rsis<br \/>\n5. Vattenmelon-is<br \/>\n6. Persika Mango Vattenmelon<br \/>\n7. Kiwi Passionsfrukt Guava<br \/>\n8. Hallon Citron<br \/>\n9. Trippelb\u00e4r<br \/>\n10. Persika is<br \/>\n11. Druva Lime<br \/>\n12. Blue Razz Lemonad<\/p>\n<h2>F\u00f6rpackningsdetaljer<\/h2>\n<p>Produktvikt: 120 g\/st<br \/>\nProduktstorlek: 52,5 * 24,5 * 104,3 mm<br \/>\nQTY:180 st \/ ctn, 10 st \/ l\u00e5da<br \/>\nVikt: 22 kg\/ctn<\/p>\n<figure id=\"attachment_22408\" aria-describedby=\"caption-attachment-22408\" style=\"width: 800px\" class=\"wp-caption alignnone\"><img loading=\"lazy\" decoding=\"async\" class=\"size-full wp-image-22408\" title=\"Fizzy Nova Plus 40000 Puffs Eng\u00e5ngs Vape Partihandel (1)\" src=\"https:\/\/www.vape4wholesale.com\/wp-content\/uploads\/2025\/05\/Fizzy-Nova-Plus-40000-Puffs-Disposable-Vape-Wholesale-1.jpg\" alt=\"Fizzy Nova Plus 40000 Puffs Eng\u00e5ngs Vape Partihandel (1)\" width=\"800\" height=\"800\" srcset=\"https:\/\/www.vape4wholesale.com\/wp-content\/uploads\/2025\/05\/Fizzy-Nova-Plus-40000-Puffs-Disposable-Vape-Wholesale-1.jpg 800w, https:\/\/www.vape4wholesale.com\/wp-content\/uploads\/2025\/05\/Fizzy-Nova-Plus-40000-Puffs-Disposable-Vape-Wholesale-1-247x247.jpg 247w, https:\/\/www.vape4wholesale.com\/wp-content\/uploads\/2025\/05\/Fizzy-Nova-Plus-40000-Puffs-Disposable-Vape-Wholesale-1-100x100.jpg 100w, https:\/\/www.vape4wholesale.com\/wp-content\/uploads\/2025\/05\/Fizzy-Nova-Plus-40000-Puffs-Disposable-Vape-Wholesale-1-510x510.jpg 510w, https:\/\/www.vape4wholesale.com\/wp-content\/uploads\/2025\/05\/Fizzy-Nova-Plus-40000-Puffs-Disposable-Vape-Wholesale-1-300x300.jpg 300w, https:\/\/www.vape4wholesale.com\/wp-content\/uploads\/2025\/05\/Fizzy-Nova-Plus-40000-Puffs-Disposable-Vape-Wholesale-1-150x150.jpg 150w, https:\/\/www.vape4wholesale.com\/wp-content\/uploads\/2025\/05\/Fizzy-Nova-Plus-40000-Puffs-Disposable-Vape-Wholesale-1-768x768.jpg 768w, https:\/\/www.vape4wholesale.com\/wp-content\/uploads\/2025\/05\/Fizzy-Nova-Plus-40000-Puffs-Disposable-Vape-Wholesale-1-12x12.jpg 12w, https:\/\/www.vape4wholesale.com\/wp-content\/uploads\/2025\/05\/Fizzy-Nova-Plus-40000-Puffs-Disposable-Vape-Wholesale-1-64x64.jpg 64w\" sizes=\"auto, (max-width: 800px) 100vw, 800px\" \/><figcaption id=\"caption-attachment-22408\" class=\"wp-caption-text\">Fizzy Nova Plus 40000 Puffs Eng\u00e5ngs Vape Partihandel<\/figcaption><\/figure>\n<h2>VARF\u00d6R OSS?<\/h2>\r\n<ul>\r\n<li>Verklig, p\u00e5litlig och professionell vape-k\u00e4lla.<\/li>\r\n<li>100% \u00e4kta garanti: Vi tillhandah\u00e5ller endast original- och \u00e4kta produkter, v\u00e4grar f\u00f6rfalskning.<\/li>\r\n<li>100% Leveransgaranti: Vi anv\u00e4nder den b\u00e4sta fraktmetoden f\u00f6r att s\u00e4kerst\u00e4lla att du f\u00e5r best\u00e4llningen 100%.<\/li>\r\n<li>Vi kommer att ge dig sp\u00e5rningsnumret och fraktetiketten efter leverans och sp\u00e5ra varorna \u00e5t dig tills du kvitterar ut dem.<\/li>\r\n<li>Inga tullproblem, inga tullar<\/li>\r\n<\/ul>","protected":false},"excerpt":{"rendered":"<p><b><span style=\"color: #00a859;\">Free shipping<\/span>\u00a0from Europe warehouse, 7-15 working days delivery time.<\/b><\/p>\r\n<div class=\"wsppc_div_block woocommerce_before_add_to_cart_form\">\r\n<p><strong>Clear customs before delivery &amp; 100% Delivery Guarantee<\/strong><\/p>\r\n<\/div>","protected":false},"featured_media":22465,"comment_status":"open","ping_status":"closed","template":"","meta":[],"pwb-brand":[1268],"product_cat":[938],"product_tag":[948,1016,1026,22,24],"class_list":{"0":"post-22419","1":"product","2":"type-product","3":"status-publish","4":"has-post-thumbnail","6":"pwb-brand-fizzy","7":"product_cat-europe-warehouse","8":"product_tag-fizzy","9":"product_tag-40000-puffs","10":"product_tag-40-0ml","11":"product_tag-disposable","12":"product_tag-wholesale","13":"product_shipping_class-eu-warehouse","14":"wcpa_has_options","16":"first","17":"instock","18":"featured","19":"shipping-taxable","20":"purchasable","21":"product-type-variable"},"aioseo_notices":[],"brands":[{"id":1268,"name":"Fizzy","slug":"bubblande"}],"_links":{"self":[{"href":"https:\/\/www.vape4wholesale.com\/sv\/wp-json\/wp\/v2\/product\/22419","targetHints":{"allow":["GET"]}}],"collection":[{"href":"https:\/\/www.vape4wholesale.com\/sv\/wp-json\/wp\/v2\/product"}],"about":[{"href":"https:\/\/www.vape4wholesale.com\/sv\/wp-json\/wp\/v2\/types\/product"}],"replies":[{"embeddable":true,"href":"https:\/\/www.vape4wholesale.com\/sv\/wp-json\/wp\/v2\/comments?post=22419"}],"wp:featuredmedia":[{"embeddable":true,"href":"https:\/\/www.vape4wholesale.com\/sv\/wp-json\/wp\/v2\/media\/22465"}],"wp:attachment":[{"href":"https:\/\/www.vape4wholesale.com\/sv\/wp-json\/wp\/v2\/media?parent=22419"}],"wp:term":[{"taxonomy":"pwb-brand","embeddable":true,"href":"https:\/\/www.vape4wholesale.com\/sv\/wp-json\/wp\/v2\/pwb-brand?post=22419"},{"taxonomy":"product_cat","embeddable":true,"href":"https:\/\/www.vape4wholesale.com\/sv\/wp-json\/wp\/v2\/product_cat?post=22419"},{"taxonomy":"product_tag","embeddable":true,"href":"https:\/\/www.vape4wholesale.com\/sv\/wp-json\/wp\/v2\/product_tag?post=22419"}],"curies":[{"name":"wp","href":"https:\/\/api.w.org\/{rel}","templated":true}]}}