{"id":22135,"date":"2025-05-15T16:49:29","date_gmt":"2025-05-15T08:49:29","guid":{"rendered":"https:\/\/www.vape4wholesale.com\/?post_type=product&#038;p=22135"},"modified":"2026-01-26T13:39:05","modified_gmt":"2026-01-26T13:39:05","slug":"happ-bar-twin-pod-35000-engangs-vape","status":"publish","type":"product","link":"https:\/\/www.vape4wholesale.com\/sv\/product\/happ-bar-twin-pod-35000-disposable-vape","title":{"rendered":"Happ Bar Twin Pod 35000 eng\u00e5ngsvape"},"content":{"rendered":"<p class=\"ds-markdown-paragraph\">Den <a title=\"Happ Bar\" href=\"https:\/\/www.vape4wholesale.com\/sv\/produkt_varumarke\/happ-bar\/\"><strong>Happ Bar<\/strong> <\/a>Twin Pod 35000 Disposable Vape \u00e4r den ultimata enheten med dubbla smaker. Med imponerande 35 000 puffar har den h\u00e4r uppgraderade enheten tv\u00e5 18 ml-tankar och ett roterande munstycke f\u00f6r att enkelt v\u00e4xla mellan smaker. Den drivs av ett uppladdningsbart 650mAh Type-C-batteri och dubbla mesh-spolar (1,0ohm) och levererar j\u00e4mn, rik \u00e5nga och l\u00e5ngvarig prestanda.<\/p>\n<p class=\"ds-markdown-paragraph\">Du kan v\u00e4lja mellan nikotinstyrkorna 2% och 5% och den eleganta gradientdesignen med LED-display ger en snygg vapingupplevelse. Systemet med dubbla tankar eliminerar behovet av flera enheter, medan den f\u00f6rb\u00e4ttrade kapaciteten f\u00f6r e-v\u00e4tska s\u00e4kerst\u00e4ller ut\u00f6kad anv\u00e4ndning. Perfekt f\u00f6r vapers som vill ha variation och bekv\u00e4mlighet utan att kompromissa med smak eller \u00e5ngkvalitet.<\/p>\n<p class=\"ds-markdown-paragraph\">Den \u00e4r utformad f\u00f6r b\u00e4rbarhet och prestanda och kombinerar innovation med praktiska egenskaper. Den i\u00f6gonfallande designen, den l\u00e5nga batteritiden och dual-flavor-tekniken g\u00f6r den till ett utm\u00e4rkt val f\u00f6r vaping hela dagen. Uppgradera din upplevelse idag med denna h\u00f6gkapacitets, funktionsfyllda eng\u00e5ngsvape!<\/p>\n<h2 class=\"ds-markdown-paragraph\"><strong>Happ Bar Twin Pod 35000 eng\u00e5ngsvape Snabba detaljer<\/strong><\/h2>\n<ul>\n<li>\n<p class=\"ds-markdown-paragraph\"><strong>Puffar:<\/strong>\u00a035,000<\/p>\n<\/li>\n<li>\n<p class=\"ds-markdown-paragraph\"><strong>Nikotin:<\/strong>\u00a02% eller 5% (tillval)<\/p>\n<\/li>\n<li>\n<p class=\"ds-markdown-paragraph\"><strong>Batteri:<\/strong>\u00a0650 mAh (typ C uppladdningsbar)<\/p>\n<\/li>\n<li>\n<p class=\"ds-markdown-paragraph\"><strong>E-v\u00e4tska Kapacitet:<\/strong> 36ML-18mL + 18mL (dubbel tank)<\/p>\n<\/li>\n<li>\n<p class=\"ds-markdown-paragraph\"><strong>Spole:<\/strong>\u00a0Dubbla n\u00e4t (1,0 ohm)<\/p>\n<\/li>\n<li>\n<p class=\"ds-markdown-paragraph\"><strong>Design:<\/strong>\u00a0Gradientf\u00e4rger + LED-display<\/p>\n<\/li>\n<\/ul>\n<h2><strong>Varf\u00f6r v\u00e4lja Happ Bar Twin Pod 35000?<\/strong><\/h2>\n<ul>\n<li class=\"ds-markdown-paragraph\">Tv\u00e5 smaker i en enhet - v\u00e4xla mellan smakerna enkelt med en vridning av munstycket.<\/li>\n<li class=\"ds-markdown-paragraph\">L\u00e4ngre livsl\u00e4ngd och mer ekonomisk - St\u00f6rre kapacitet f\u00f6r e-juice inneb\u00e4r f\u00e4rre byten.<\/li>\n<li class=\"ds-markdown-paragraph\">Mjuka och smakrika tr\u00e4ffar - avancerade spolar med dubbla n\u00e4t f\u00f6rb\u00e4ttrar \u00e5nga och smak.<\/li>\n<li class=\"ds-markdown-paragraph\">I\u00f6gonfallande design - Stick ut med en livfull gradientfinish och LED-display.<\/li>\n<\/ul>\n<h2><strong>Tillg\u00e4ngliga smaker<\/strong><\/h2>\n<ol>\n<li>Persika Mango Ananas &amp; Jordgubbsglass<\/li>\n<li>Blue Razz Lemonade &amp; Persika Ice<\/li>\n<li>Jordgubb Kiwi &amp; frodig is<\/li>\n<li>Raspberry Fudge &amp; Double Apple<\/li>\n<li>Vattenmelonis och citron-lime<\/li>\n<li>Bl\u00e5b\u00e4r Hallon Citron &amp; K\u00f6rsb\u00e4r Is<\/li>\n<li>Jordgubb Vanilj Cola &amp; Blandade b\u00e4r<\/li>\n<li>Bl\u00e5b\u00e4r K\u00f6rsb\u00e4r Tranb\u00e4r &amp; Vattenmelon Bubble Gum<\/li>\n<li>Jordgubbsbanan &amp; Cola Ice<\/li>\n<li>Ananas kokosn\u00f6t &amp; bl\u00e5b\u00e4rsis<\/li>\n<li>Red Bull Ice &amp; Hami Melon<\/li>\n<li>Grape Ice &amp; Apple Peach<\/li>\n<\/ol>\n<figure id=\"attachment_22120\" aria-describedby=\"caption-attachment-22120\" style=\"width: 800px\" class=\"wp-caption alignnone\"><img loading=\"lazy\" decoding=\"async\" class=\"size-full wp-image-22120\" title=\"Happ Bar Twin Pod 35000 Bl\u00e5b\u00e4r K\u00f6rsb\u00e4r Tranb\u00e4r &amp; Vattenmelon Bubble Gum\" src=\"https:\/\/www.vape4wholesale.com\/wp-content\/uploads\/2025\/05\/Happ-Bar-Twin-Pod-35000-Blueberry-Cherry-Cranberry-Watermelon-Bubble-Gum.webp\" alt=\"Happ Bar Twin Pod 35000 Bl\u00e5b\u00e4r K\u00f6rsb\u00e4r Tranb\u00e4r &amp; Vattenmelon Bubble Gum\" width=\"800\" height=\"800\" srcset=\"https:\/\/www.vape4wholesale.com\/wp-content\/uploads\/2025\/05\/Happ-Bar-Twin-Pod-35000-Blueberry-Cherry-Cranberry-Watermelon-Bubble-Gum.webp 800w, https:\/\/www.vape4wholesale.com\/wp-content\/uploads\/2025\/05\/Happ-Bar-Twin-Pod-35000-Blueberry-Cherry-Cranberry-Watermelon-Bubble-Gum-247x247.webp 247w, https:\/\/www.vape4wholesale.com\/wp-content\/uploads\/2025\/05\/Happ-Bar-Twin-Pod-35000-Blueberry-Cherry-Cranberry-Watermelon-Bubble-Gum-100x100.webp 100w, https:\/\/www.vape4wholesale.com\/wp-content\/uploads\/2025\/05\/Happ-Bar-Twin-Pod-35000-Blueberry-Cherry-Cranberry-Watermelon-Bubble-Gum-510x510.webp 510w, https:\/\/www.vape4wholesale.com\/wp-content\/uploads\/2025\/05\/Happ-Bar-Twin-Pod-35000-Blueberry-Cherry-Cranberry-Watermelon-Bubble-Gum-300x300.webp 300w, https:\/\/www.vape4wholesale.com\/wp-content\/uploads\/2025\/05\/Happ-Bar-Twin-Pod-35000-Blueberry-Cherry-Cranberry-Watermelon-Bubble-Gum-150x150.webp 150w, https:\/\/www.vape4wholesale.com\/wp-content\/uploads\/2025\/05\/Happ-Bar-Twin-Pod-35000-Blueberry-Cherry-Cranberry-Watermelon-Bubble-Gum-768x768.webp 768w, https:\/\/www.vape4wholesale.com\/wp-content\/uploads\/2025\/05\/Happ-Bar-Twin-Pod-35000-Blueberry-Cherry-Cranberry-Watermelon-Bubble-Gum-12x12.webp 12w, https:\/\/www.vape4wholesale.com\/wp-content\/uploads\/2025\/05\/Happ-Bar-Twin-Pod-35000-Blueberry-Cherry-Cranberry-Watermelon-Bubble-Gum-64x64.webp 64w\" sizes=\"auto, (max-width: 800px) 100vw, 800px\" \/><figcaption id=\"caption-attachment-22120\" class=\"wp-caption-text\">Happ Bar Twin Pod 35000 Bl\u00e5b\u00e4r K\u00f6rsb\u00e4r Tranb\u00e4r &amp; Vattenmelon Bubble Gum<\/figcaption><\/figure>\n<h2>VARF\u00d6R OSS?<\/h2>\r\n<ul>\r\n<li>Verklig, p\u00e5litlig och professionell vape-k\u00e4lla.<\/li>\r\n<li>100% \u00e4kta garanti: Vi tillhandah\u00e5ller endast original- och \u00e4kta produkter, v\u00e4grar f\u00f6rfalskning.<\/li>\r\n<li>100% Leveransgaranti: Vi anv\u00e4nder den b\u00e4sta fraktmetoden f\u00f6r att s\u00e4kerst\u00e4lla att du f\u00e5r best\u00e4llningen 100%.<\/li>\r\n<li>Vi kommer att ge dig sp\u00e5rningsnumret och fraktetiketten efter leverans och sp\u00e5ra varorna \u00e5t dig tills du kvitterar ut dem.<\/li>\r\n<li>Inga tullproblem, inga tullar<\/li>\r\n<\/ul>","protected":false},"excerpt":{"rendered":"<p><b><span style=\"color: #00a859;\">Free shipping<\/span>\u00a0from Europe warehouse, 7-15 working days delivery time.<\/b><\/p>\r\n<div class=\"wsppc_div_block woocommerce_before_add_to_cart_form\">\r\n<p><strong>Clear customs before delivery &amp; 100% Delivery Guarantee<\/strong><\/p>\r\n<\/div>","protected":false},"featured_media":22122,"comment_status":"open","ping_status":"closed","template":"","meta":[],"pwb-brand":[1267],"product_cat":[938],"product_tag":[1035,22,24,849,1023],"class_list":{"0":"post-22135","1":"product","2":"type-product","3":"status-publish","4":"has-post-thumbnail","6":"pwb-brand-happ-bar","7":"product_cat-europe-warehouse","8":"product_tag-happ-bar","9":"product_tag-disposable","10":"product_tag-wholesale","11":"product_tag-36-0ml","12":"product_tag-35000-puffs","13":"product_shipping_class-eu-warehouse","14":"wcpa_has_options","16":"first","17":"instock","18":"featured","19":"shipping-taxable","20":"purchasable","21":"product-type-variable"},"aioseo_notices":[],"brands":[{"id":1267,"name":"Happ Bar","slug":"happ-bar"}],"_links":{"self":[{"href":"https:\/\/www.vape4wholesale.com\/sv\/wp-json\/wp\/v2\/product\/22135","targetHints":{"allow":["GET"]}}],"collection":[{"href":"https:\/\/www.vape4wholesale.com\/sv\/wp-json\/wp\/v2\/product"}],"about":[{"href":"https:\/\/www.vape4wholesale.com\/sv\/wp-json\/wp\/v2\/types\/product"}],"replies":[{"embeddable":true,"href":"https:\/\/www.vape4wholesale.com\/sv\/wp-json\/wp\/v2\/comments?post=22135"}],"wp:featuredmedia":[{"embeddable":true,"href":"https:\/\/www.vape4wholesale.com\/sv\/wp-json\/wp\/v2\/media\/22122"}],"wp:attachment":[{"href":"https:\/\/www.vape4wholesale.com\/sv\/wp-json\/wp\/v2\/media?parent=22135"}],"wp:term":[{"taxonomy":"pwb-brand","embeddable":true,"href":"https:\/\/www.vape4wholesale.com\/sv\/wp-json\/wp\/v2\/pwb-brand?post=22135"},{"taxonomy":"product_cat","embeddable":true,"href":"https:\/\/www.vape4wholesale.com\/sv\/wp-json\/wp\/v2\/product_cat?post=22135"},{"taxonomy":"product_tag","embeddable":true,"href":"https:\/\/www.vape4wholesale.com\/sv\/wp-json\/wp\/v2\/product_tag?post=22135"}],"curies":[{"name":"wp","href":"https:\/\/api.w.org\/{rel}","templated":true}]}}