{"id":21243,"date":"2025-04-06T18:29:57","date_gmt":"2025-04-06T10:29:57","guid":{"rendered":"https:\/\/www.vape4wholesale.com\/?post_type=product&#038;p=21243"},"modified":"2026-03-15T22:35:46","modified_gmt":"2026-03-15T14:35:46","slug":"fumot-tornado-25000-puffar-engangs-vape-grossist","status":"publish","type":"product","link":"https:\/\/www.vape4wholesale.com\/sv\/product\/fumot-tornado-25000-puffs-disposable-vape-wholesale","title":{"rendered":"Fumot Tornado 25000 Puffs Eng\u00e5ngs Vape Partihandel"},"content":{"rendered":"<p>Fumot Tornado 25000 omdefinierar eng\u00e5ngsvaping med sin massiva 20 ml e-liquid-kapacitet och 25 000 puffar. Denna avancerade enhet \u00e4r utformad f\u00f6r b\u00e5de bekv\u00e4mlighet och prestanda och har ett uppladdningsbart batteri p\u00e5 700 mAh med snabbladdning av typ C, vilket s\u00e4kerst\u00e4ller att du aldrig f\u00e5r slut p\u00e5 str\u00f6m ov\u00e4ntat. Anv\u00e4ndare kan v\u00e4lja mellan nikotinstyrka 0%, 2%, 3% eller 5%, allt levererat genom ett avancerat dual mesh coil-system som producerar exceptionellt rik smak och t\u00e4ta \u00e5ngmoln.<\/p>\n<p>Det som verkligen utm\u00e4rker Tornado 25000 \u00e4r den smarta 1,77-tums TFT-peksk\u00e4rmen, som tydligt visar e-juice-niv\u00e5er och batteristatus i realtid f\u00f6r bekymmersfri vaping. De intuitiva ber\u00f6ringsk\u00e4nsliga kontrollerna g\u00f6r det enkelt att justera effekten med bara 3 klick, medan de 26 tillg\u00e4ngliga smakerna tillgodoser alla smakpreferenser fr\u00e5n fruktiga till dessertinspirerade profiler. Den eleganta, ergonomiska designen kombinerar b\u00e4rbarhet med premiumfunktionalitet, vilket g\u00f6r den idealisk f\u00f6r anv\u00e4ndning hela dagen oavsett om du \u00e4r hemma eller ute.<\/p>\n<h2><strong>Fumot Tornado 25000 Eng\u00e5ngs Vape Snabba detaljer<\/strong><\/h2>\n<ul>\n<li>0% 2% 3% 5% Nikotin<\/li>\n<li>700mah uppladdningsbart batteri<\/li>\n<li>Puffar:25000 puffar<\/li>\n<li>Kapacitet:20ml<\/li>\n<li>Pekbrytare<\/li>\n<li>1,77 TFT-sk\u00e4rm<\/li>\n<li>Effekt Justeras genom att trycka tre g\u00e5nger p\u00e5 peksk\u00e4rmen<\/li>\n<li>Display med olje- och batteriindikator<\/li>\n<li>Typ C-port<\/li>\n<li>26 tillg\u00e4ngliga smaker<\/li>\n<li>Dubbelt n\u00e4t<\/li>\n<\/ul>\n<h2><strong>Tillg\u00e4ngliga smaker<\/strong><\/h2>\n<p>1. Banan is<br \/>\n2. Jordgubbe Vattenmelon<br \/>\n3. Miami Mint<br \/>\n4. Bl\u00e5b\u00e4r Hallon<br \/>\n5. Svart is<br \/>\n6. Vit gummi-is<br \/>\n7. Vattenmelon-is<br \/>\n8. Juicy persika-is<br \/>\n9. Rosa lemonad<br \/>\n10. Jordgubbe Mango<br \/>\n11. Persika Mango Vattenmelon<br \/>\n12. Druva Citron<br \/>\n13. Tropisk regnb\u00e5ge Blast<br \/>\n14. K\u00f6rsb\u00e4rsbomb<br \/>\n15. Jordgubbs-mintgodis<br \/>\n16. Dubbla \u00e4pplen<br \/>\n17. Bl\u00e5b\u00e4r p\u00e5 is<br \/>\n18. Jordgubbsis<br \/>\n19. Lush Ice<br \/>\n20. Ananas-is<br \/>\n21. Druv-is<br \/>\n22. Dr Bl\u00e5<br \/>\n23. Kiwi Passionsfrukt Guava<br \/>\n24. Cherry Cola<br \/>\n25. Cool Mint<br \/>\n26. Red Bull med jordgubbar<\/p>\n<h2><strong>F\u00f6rpackningsdetaljer<\/strong><\/h2>\n<ul>\n<li>160 st i en kartong<\/li>\n<li>varje kartong: 18,5 kg<\/li>\n<\/ul>\n<figure id=\"attachment_21274\" aria-describedby=\"caption-attachment-21274\" style=\"width: 800px\" class=\"wp-caption alignnone\"><img loading=\"lazy\" decoding=\"async\" class=\"size-full wp-image-21274\" title=\"Fumot Tornado 25000 Puffs Eng\u00e5ngs Vape\" src=\"https:\/\/www.vape4wholesale.com\/wp-content\/uploads\/2025\/04\/Fumot-Tornado-25000-Puffs-Disposable-Vape.webp\" alt=\"Fumot Tornado 25000 Puffs Eng\u00e5ngs Vape\" width=\"800\" height=\"800\" srcset=\"https:\/\/www.vape4wholesale.com\/wp-content\/uploads\/2025\/04\/Fumot-Tornado-25000-Puffs-Disposable-Vape.webp 800w, https:\/\/www.vape4wholesale.com\/wp-content\/uploads\/2025\/04\/Fumot-Tornado-25000-Puffs-Disposable-Vape-247x247.webp 247w, https:\/\/www.vape4wholesale.com\/wp-content\/uploads\/2025\/04\/Fumot-Tornado-25000-Puffs-Disposable-Vape-100x100.webp 100w, https:\/\/www.vape4wholesale.com\/wp-content\/uploads\/2025\/04\/Fumot-Tornado-25000-Puffs-Disposable-Vape-510x510.webp 510w\" sizes=\"auto, (max-width: 800px) 100vw, 800px\" \/><figcaption id=\"caption-attachment-21274\" class=\"wp-caption-text\">Fumot Tornado 25000 Puffs Eng\u00e5ngs Vape<\/figcaption><\/figure>\n<h2>VARF\u00d6R OSS?<\/h2>\r\n<ul>\r\n<li>Verklig, p\u00e5litlig och professionell vape-k\u00e4lla.<\/li>\r\n<li>100% \u00e4kta garanti: Vi tillhandah\u00e5ller endast original- och \u00e4kta produkter, v\u00e4grar f\u00f6rfalskning.<\/li>\r\n<li>100% Leveransgaranti: Vi anv\u00e4nder den b\u00e4sta fraktmetoden f\u00f6r att s\u00e4kerst\u00e4lla att du f\u00e5r best\u00e4llningen 100%.<\/li>\r\n<li>Vi kommer att ge dig sp\u00e5rningsnumret och fraktetiketten efter leverans och sp\u00e5ra varorna \u00e5t dig tills du kvitterar ut dem.<\/li>\r\n<li>Inga tullproblem, inga tullar<\/li>\r\n<\/ul>","protected":false},"excerpt":{"rendered":"<div class=\"wsppc_div_block woocommerce_before_add_to_cart_form\">\r\n<p><strong><span style=\"color: #00a859;\">Klarera tullen<\/span> f\u00f6re leverans &amp; 100% Leveransgaranti, Leverans p\u00e5 cirka 19\u201325 dagar.\u00a0<\/strong><\/p>\r\n<\/div>","protected":false},"featured_media":21271,"comment_status":"open","ping_status":"closed","template":"","meta":[],"pwb-brand":[1269],"product_cat":[873],"product_tag":[22,24,172,592,915],"class_list":{"0":"post-21243","1":"product","2":"type-product","3":"status-publish","4":"has-post-thumbnail","6":"pwb-brand-fumot","7":"product_cat-above-20k-puffs","8":"product_tag-disposable","9":"product_tag-wholesale","10":"product_tag-20-0ml","11":"product_tag-fumot","12":"product_tag-25000-puffs","13":"wcpa_has_options","15":"first","16":"instock","17":"featured","18":"shipping-taxable","19":"purchasable","20":"product-type-variable"},"aioseo_notices":[],"brands":[{"id":1269,"name":"Fumot","slug":"fumot"}],"_links":{"self":[{"href":"https:\/\/www.vape4wholesale.com\/sv\/wp-json\/wp\/v2\/product\/21243","targetHints":{"allow":["GET"]}}],"collection":[{"href":"https:\/\/www.vape4wholesale.com\/sv\/wp-json\/wp\/v2\/product"}],"about":[{"href":"https:\/\/www.vape4wholesale.com\/sv\/wp-json\/wp\/v2\/types\/product"}],"replies":[{"embeddable":true,"href":"https:\/\/www.vape4wholesale.com\/sv\/wp-json\/wp\/v2\/comments?post=21243"}],"wp:featuredmedia":[{"embeddable":true,"href":"https:\/\/www.vape4wholesale.com\/sv\/wp-json\/wp\/v2\/media\/21271"}],"wp:attachment":[{"href":"https:\/\/www.vape4wholesale.com\/sv\/wp-json\/wp\/v2\/media?parent=21243"}],"wp:term":[{"taxonomy":"pwb-brand","embeddable":true,"href":"https:\/\/www.vape4wholesale.com\/sv\/wp-json\/wp\/v2\/pwb-brand?post=21243"},{"taxonomy":"product_cat","embeddable":true,"href":"https:\/\/www.vape4wholesale.com\/sv\/wp-json\/wp\/v2\/product_cat?post=21243"},{"taxonomy":"product_tag","embeddable":true,"href":"https:\/\/www.vape4wholesale.com\/sv\/wp-json\/wp\/v2\/product_tag?post=21243"}],"curies":[{"name":"wp","href":"https:\/\/api.w.org\/{rel}","templated":true}]}}