{"id":20708,"date":"2025-03-19T22:23:39","date_gmt":"2025-03-19T14:23:39","guid":{"rendered":"https:\/\/www.vape4wholesale.com\/?post_type=product&#038;p=20708"},"modified":"2026-03-16T09:42:59","modified_gmt":"2026-03-16T01:42:59","slug":"zooy-zero-45000-puffar-engangs-vape-grossist","status":"publish","type":"product","link":"https:\/\/www.vape4wholesale.com\/sv\/produkt\/zooy-zero-45000-puffar-engangs-vape-grossist","title":{"rendered":"Zooy Zero 45000 Puffs Eng\u00e5ngs Vape Partihandel,Zooy Star 30000 Puffs Eng\u00e5ngs Vape Partihandel,Zooy Zero 45000 Grape Apple,ZOOY STARS 30000 Puffs Eng\u00e5ngs Vape Blueberry Ice"},"content":{"rendered":"<p>Den <a title=\"Zooy\" href=\"https:\/\/www.vape4wholesale.com\/sv\/produkt_varumarke\/djurpark\/\" target=\"_blank\" rel=\"noopener\"><strong>Zooy<\/strong><\/a> Zero 45000 \u00e4r en toppmodern vaping-enhet som \u00e4r utformad f\u00f6r att ge en helt anpassningsbar och tillfredsst\u00e4llande upplevelse. Den utm\u00e4rkande funktionen \u00e4r den innovativa NIC &amp; ICE Control, som g\u00f6r det m\u00f6jligt f\u00f6r anv\u00e4ndare att enkelt justera b\u00e5de kylningsk\u00e4nslan och nikotinniv\u00e5n genom ett anv\u00e4ndarv\u00e4nligt peksk\u00e4rmsgr\u00e4nssnitt. Med en l\u00e5ngvarig kapacitet p\u00e5 upp till 45 000 puffar och ett inbyggt 1000mAh-batteri garanterar den h\u00e4r enheten l\u00e5ngvarig anv\u00e4ndning utan frekvent laddning.<\/p>\n<p>ZOOY ZERO 45000 \u00e4r utrustad med en dubbel mesh-spole (0,6+1,5) och levererar rik, smakrik \u00e5nga med varje bloss. Det justerbara luftfl\u00f6det g\u00f6r det m\u00f6jligt f\u00f6r anv\u00e4ndare att finjustera sin vapingupplevelse, oavsett om de f\u00f6redrar en stramare dragning eller en mer luftig k\u00e4nsla. Dessutom ger den inbyggda smarta displayen information i realtid och enkel \u00e5tkomst till inst\u00e4llningar, vilket s\u00e4kerst\u00e4ller en s\u00f6ml\u00f6s och intuitiv anv\u00e4ndarupplevelse. Enheten st\u00f6der ocks\u00e5 TYPE-C-laddning, vilket ger snabb och bekv\u00e4m p\u00e5fyllning av str\u00f6m.<\/p>\n<h2><strong>Zooy Zero 45000 puffar eng\u00e5ngsvape <\/strong><strong>Viktiga funktioner<\/strong><\/h2>\n<ul>\n<li><strong>Nikotin och iskontroll:<\/strong>\u00a0Justera kylningsk\u00e4nslan och nikotinniv\u00e5n med ett enkelt tryck p\u00e5 den smarta displaysk\u00e4rmen.<\/li>\n<li><strong>L\u00e5ngvarig prestanda:<\/strong>\u00a0Upp till 45 000 puffar f\u00f6r en l\u00e5ngvarig vapingupplevelse.<\/li>\n<li><strong>10 smakalternativ:<\/strong>\u00a0V\u00e4lj bland en m\u00e4ngd olika smaker f\u00f6r att passa dina \u00f6nskem\u00e5l.<\/li>\n<li><strong>Justerbart luftfl\u00f6de:<\/strong>\u00a0Anpassa din vapingupplevelse med exakt luftfl\u00f6deskontroll.<\/li>\n<li><strong>Spole med dubbla maskor (0,6+1,5):<\/strong>\u00a0Ger rik smak och j\u00e4mn \u00e5ngproduktion.<\/li>\n<li><strong>Inbyggt 1000mAh batteri:<\/strong>\u00a0Ger tillf\u00f6rlitlig kraft f\u00f6r l\u00e5ngvarig anv\u00e4ndning.<\/li>\n<li><strong>Smart Display med peksk\u00e4rm:<\/strong>\u00a0\u00d6vervaka och justera inst\u00e4llningarna enkelt med det intuitiva peksk\u00e4rmsgr\u00e4nssnittet.<\/li>\n<li><strong>TYP-C Uppladdningsbar:<\/strong>\u00a0Snabb och bekv\u00e4m laddning.<\/li>\n<\/ul>\n<h2><strong>Tillg\u00e4ngliga smaker<\/strong><\/h2>\n<ol>\n<li>Vattenmelon-is<\/li>\n<li>Bl\u00e5b\u00e4rsis<\/li>\n<li>Jordgubbar Vattenmelon<\/li>\n<li>Citron Cola<\/li>\n<li>Jordgubb Kiwi<\/li>\n<li>Druva \u00c4pple<\/li>\n<li>Strawberry Orange Pop<\/li>\n<li>Blue Razz Ice<\/li>\n<li>Bl\u00e5b\u00e4r Vattenmelon<\/li>\n<li>Mango Passion Guava<\/li>\n<\/ol>\n<figure id=\"attachment_20713\" aria-describedby=\"caption-attachment-20713\" style=\"width: 800px\" class=\"wp-caption alignnone\"><img loading=\"lazy\" decoding=\"async\" class=\"size-large wp-image-20713\" title=\"Zooy Zero 45000 Vattenmelon Is\" src=\"https:\/\/www.vape4wholesale.com\/wp-content\/uploads\/2025\/03\/Zooy-Zero-45000-Watermelon-Ice.jpg\" alt=\"Zooy Zero 45000 Vattenmelon Is\" width=\"800\" height=\"800\" srcset=\"https:\/\/www.vape4wholesale.com\/wp-content\/uploads\/2025\/03\/Zooy-Zero-45000-Watermelon-Ice.jpg 800w, https:\/\/www.vape4wholesale.com\/wp-content\/uploads\/2025\/03\/Zooy-Zero-45000-Watermelon-Ice-247x247.jpg 247w, https:\/\/www.vape4wholesale.com\/wp-content\/uploads\/2025\/03\/Zooy-Zero-45000-Watermelon-Ice-100x100.jpg 100w, https:\/\/www.vape4wholesale.com\/wp-content\/uploads\/2025\/03\/Zooy-Zero-45000-Watermelon-Ice-510x510.jpg 510w, https:\/\/www.vape4wholesale.com\/wp-content\/uploads\/2025\/03\/Zooy-Zero-45000-Watermelon-Ice-64x64.jpg 64w, https:\/\/www.vape4wholesale.com\/wp-content\/uploads\/2025\/03\/Zooy-Zero-45000-Watermelon-Ice-300x300.jpg 300w, https:\/\/www.vape4wholesale.com\/wp-content\/uploads\/2025\/03\/Zooy-Zero-45000-Watermelon-Ice-150x150.jpg 150w, https:\/\/www.vape4wholesale.com\/wp-content\/uploads\/2025\/03\/Zooy-Zero-45000-Watermelon-Ice-768x768.jpg 768w, https:\/\/www.vape4wholesale.com\/wp-content\/uploads\/2025\/03\/Zooy-Zero-45000-Watermelon-Ice-12x12.jpg 12w\" sizes=\"auto, (max-width: 800px) 100vw, 800px\" \/><figcaption id=\"caption-attachment-20713\" class=\"wp-caption-text\">Zooy Zero 45000 Vattenmelon Is<\/figcaption><\/figure>\n<figure id=\"attachment_20714\" aria-describedby=\"caption-attachment-20714\" style=\"width: 800px\" class=\"wp-caption alignnone\"><img loading=\"lazy\" decoding=\"async\" class=\"size-full wp-image-20714\" title=\"Zooy Zero 45000 Puffs Eng\u00e5ngs Vape Partihandel,Zooy Star 30000 Puffs Eng\u00e5ngs Vape Partihandel,Zooy Zero 45000 Grape Apple,ZOOY STARS 30000 Puffs Eng\u00e5ngs Vape Blueberry Ice\" src=\"https:\/\/www.vape4wholesale.com\/wp-content\/uploads\/2025\/03\/Zooy-Zero-45000-Puffs-Disposable-Vape-Wholesale.webp\" alt=\"Zooy Zero 45000 Puffs Eng\u00e5ngs Vape Partihandel,Zooy Star 30000 Puffs Eng\u00e5ngs Vape Partihandel,Zooy Zero 45000 Grape Apple,ZOOY STARS 30000 Puffs Eng\u00e5ngs Vape Blueberry Ice\" width=\"800\" height=\"800\" srcset=\"https:\/\/www.vape4wholesale.com\/wp-content\/uploads\/2025\/03\/Zooy-Zero-45000-Puffs-Disposable-Vape-Wholesale.webp 800w, https:\/\/www.vape4wholesale.com\/wp-content\/uploads\/2025\/03\/Zooy-Zero-45000-Puffs-Disposable-Vape-Wholesale-247x247.webp 247w, https:\/\/www.vape4wholesale.com\/wp-content\/uploads\/2025\/03\/Zooy-Zero-45000-Puffs-Disposable-Vape-Wholesale-100x100.webp 100w, https:\/\/www.vape4wholesale.com\/wp-content\/uploads\/2025\/03\/Zooy-Zero-45000-Puffs-Disposable-Vape-Wholesale-510x510.webp 510w\" sizes=\"auto, (max-width: 800px) 100vw, 800px\" \/><figcaption id=\"caption-attachment-20714\" class=\"wp-caption-text\">Zooy Zero 45000 Puffs Eng\u00e5ngs Vape Partihandel,Zooy Star 30000 Puffs Eng\u00e5ngs Vape Partihandel,Zooy Zero 45000 Grape Apple,ZOOY STARS 30000 Puffs Eng\u00e5ngs Vape Blueberry Ice<\/figcaption><\/figure>\n<h2>VARF\u00d6R OSS?<\/h2>\r\n<ul>\r\n<li>Verklig, p\u00e5litlig och professionell vape-k\u00e4lla.<\/li>\r\n<li>100% \u00e4kta garanti: Vi tillhandah\u00e5ller endast original- och \u00e4kta produkter, v\u00e4grar f\u00f6rfalskning.<\/li>\r\n<li>100% Leveransgaranti: Vi anv\u00e4nder den b\u00e4sta fraktmetoden f\u00f6r att s\u00e4kerst\u00e4lla att du f\u00e5r best\u00e4llningen 100%.<\/li>\r\n<li>Vi kommer att ge dig sp\u00e5rningsnumret och fraktetiketten efter leverans och sp\u00e5ra varorna \u00e5t dig tills du kvitterar ut dem.<\/li>\r\n<li>Inga tullproblem, inga tullar<\/li>\r\n<\/ul>","protected":false},"excerpt":{"rendered":"<p><b><span style=\"color: #00a859;\">Free shipping<\/span>\u00a0from Europe warehouse, 7-15 working days delivery time.<\/b><\/p>\r\n<div class=\"wsppc_div_block woocommerce_before_add_to_cart_form\">\r\n<p><strong>Clear customs before delivery &amp; 100% Delivery Guarantee<\/strong><\/p>\r\n<\/div>","protected":false},"featured_media":20715,"comment_status":"open","ping_status":"closed","template":"","meta":[],"pwb-brand":[1273],"product_cat":[938],"product_tag":[22,24,1022,1026,1087],"class_list":{"0":"post-20708","1":"product","2":"type-product","3":"status-publish","4":"has-post-thumbnail","6":"pwb-brand-zooy","7":"product_cat-europe-warehouse","8":"product_tag-disposable","9":"product_tag-wholesale","10":"product_tag-zooy","11":"product_tag-40-0ml","12":"product_tag-45000-puffs","13":"product_shipping_class-eu-warehouse","14":"wcpa_has_options","16":"first","17":"instock","18":"featured","19":"shipping-taxable","20":"purchasable","21":"product-type-variable"},"aioseo_notices":[],"brands":[{"id":1273,"name":"Zooy","slug":"djurpark"}],"_links":{"self":[{"href":"https:\/\/www.vape4wholesale.com\/sv\/wp-json\/wp\/v2\/product\/20708","targetHints":{"allow":["GET"]}}],"collection":[{"href":"https:\/\/www.vape4wholesale.com\/sv\/wp-json\/wp\/v2\/product"}],"about":[{"href":"https:\/\/www.vape4wholesale.com\/sv\/wp-json\/wp\/v2\/types\/product"}],"replies":[{"embeddable":true,"href":"https:\/\/www.vape4wholesale.com\/sv\/wp-json\/wp\/v2\/comments?post=20708"}],"wp:featuredmedia":[{"embeddable":true,"href":"https:\/\/www.vape4wholesale.com\/sv\/wp-json\/wp\/v2\/media\/20715"}],"wp:attachment":[{"href":"https:\/\/www.vape4wholesale.com\/sv\/wp-json\/wp\/v2\/media?parent=20708"}],"wp:term":[{"taxonomy":"pwb-brand","embeddable":true,"href":"https:\/\/www.vape4wholesale.com\/sv\/wp-json\/wp\/v2\/pwb-brand?post=20708"},{"taxonomy":"product_cat","embeddable":true,"href":"https:\/\/www.vape4wholesale.com\/sv\/wp-json\/wp\/v2\/product_cat?post=20708"},{"taxonomy":"product_tag","embeddable":true,"href":"https:\/\/www.vape4wholesale.com\/sv\/wp-json\/wp\/v2\/product_tag?post=20708"}],"curies":[{"name":"wp","href":"https:\/\/api.w.org\/{rel}","templated":true}]}}