{"id":20372,"date":"2025-02-28T16:23:55","date_gmt":"2025-02-28T08:23:55","guid":{"rendered":"https:\/\/www.vape4wholesale.com\/?post_type=product&#038;p=20372"},"modified":"2026-01-27T15:41:16","modified_gmt":"2026-01-27T15:41:16","slug":"bang-36000-puffar-iskontroll-engangs-vape-grossist","status":"publish","type":"product","link":"https:\/\/www.vape4wholesale.com\/sv\/produkt\/bang-36000-puffar-iskontroll-engangs-vape-grossist","title":{"rendered":"Bang 36000 Puffs Ice Control Eng\u00e5ngsvape grossist"},"content":{"rendered":"<p>Bang 36000 Ice Control omdefinierar bekv\u00e4mlighet med sin avancerade ber\u00f6ringsk\u00e4nsliga sk\u00e4rm, s\u00e5 att du enkelt kan justera isstyrkan i din \u00e5nga. Oavsett om du f\u00f6redrar en mild kyla eller en dj\u00e4rv isig k\u00e4nsla, ger den h\u00e4r enheten anpassning till dina fingertoppar. Dessutom h\u00e5ller f\u00e4rgdisplayen dig informerad om str\u00f6mniv\u00e5, isniv\u00e5 och e-v\u00e4tskekapacitet, vilket garanterar en s\u00f6ml\u00f6s upplevelse.<\/p>\n<p>Med en gener\u00f6s 36 ml e-v\u00e4tskekapacitet och st\u00f6d f\u00f6r upp till 36 000 puffar \u00e4r Bang 36000 utformad f\u00f6r att g\u00e5 l\u00e5ngt. Det uppladdningsbara 850mAh-batteriet f\u00f6rb\u00e4ttrar h\u00e5llbarheten ytterligare, vilket g\u00f6r den idealisk f\u00f6r l\u00e5ngvarig anv\u00e4ndning. Dessutom s\u00e4kerst\u00e4ller den eleganta och moderna designen att b\u00e5de stil och funktionalitet \u00e4r perfekt balanserade.<\/p>\n<p>F\u00f6r att passa alla vaper-behov erbjuder Bang 36000 nikotinalternativ i styrkorna 0%, 2%, 3% och 5%. Oavsett om du sk\u00e4r ner eller vill ha en starkare tr\u00e4ff, levererar den h\u00e4r enheten. I kombination med den innovativa iskontrolltekniken och de anv\u00e4ndarv\u00e4nliga funktionerna \u00e4r Bang 36000 den ultimata eng\u00e5ngsvape f\u00f6r en personlig och tillfredsst\u00e4llande upplevelse. H\u00f6j din vapingupplevelse idag!<\/p>\n<h2>Bang 36000 Puffs Ice Control Eng\u00e5ngsvape Viktiga egenskaper<\/h2>\n<ol start=\"1\">\n<li>Justera den iskallt svalkande intensiteten p\u00e5 \u00e5ngan med hj\u00e4lp av de ber\u00f6ringsk\u00e4nsliga knapparna p\u00e5 den stora sk\u00e4rmen.<\/li>\n<li>F\u00e4rgdisplayen visar \u00e5terst\u00e5ende batteritid, aktuell iskylningsniv\u00e5 och e-liquid-kapacitet.<\/li>\n<li>St\u00f6der upp till 36.000 puffar.<\/li>\n<li>Alternativ f\u00f6r nikotin: 0%, 2%, 3% och 5%.<\/li>\n<li>Kapacitet f\u00f6r e-v\u00e4tska: 36 ml.<\/li>\n<li>Batterikapacitet: 850mAh, uppladdningsbart.<\/li>\n<\/ol>\n<h2>Tillg\u00e4ngliga smaker<\/h2>\n<p>1. jordgubbsbanan<br \/>\n2.Love 66<br \/>\n3. ananas kokosn\u00f6t<br \/>\n4. bl\u00e5b\u00e4r hallon<br \/>\n5. jordgubb vattenmelon<br \/>\n6. jordgubbsis<br \/>\n7. bl\u00e5b\u00e4rsis<br \/>\n8.Triple Berry<br \/>\n9. jordgubb kiwi<br \/>\n10. jordgubbe mango<br \/>\n11.Red Bull<br \/>\n12.vattenmelon is<\/p>\n<h2>F\u00f6rpackningsdetaljer<\/h2>\n<ul>\n<li>Kartongstorlek: 49,6 * 36 * 27,7 cm<\/li>\n<li>160 st\/kartong<\/li>\n<li>21,8 kg\/kartong<\/li>\n<\/ul>\n<figure id=\"attachment_20356\" aria-describedby=\"caption-attachment-20356\" style=\"width: 800px\" class=\"wp-caption alignnone\"><img loading=\"lazy\" decoding=\"async\" class=\"wp-image-20356 size-full\" title=\"Bang 36000 Puffs Ice Control Eng\u00e5ngsvape TRIPLE BERRY\" src=\"https:\/\/www.vape4wholesale.com\/wp-content\/uploads\/2025\/02\/Bang-36000-Puffs-Ice-Control-Disposable-Vape-TRIPLE-BERRY.webp\" alt=\"Bang 36000 Puffs Ice Control Eng\u00e5ngsvape TRIPLE BERRY\" width=\"800\" height=\"800\" srcset=\"https:\/\/www.vape4wholesale.com\/wp-content\/uploads\/2025\/02\/Bang-36000-Puffs-Ice-Control-Disposable-Vape-TRIPLE-BERRY.webp 800w, https:\/\/www.vape4wholesale.com\/wp-content\/uploads\/2025\/02\/Bang-36000-Puffs-Ice-Control-Disposable-Vape-TRIPLE-BERRY-247x247.webp 247w, https:\/\/www.vape4wholesale.com\/wp-content\/uploads\/2025\/02\/Bang-36000-Puffs-Ice-Control-Disposable-Vape-TRIPLE-BERRY-100x100.webp 100w, https:\/\/www.vape4wholesale.com\/wp-content\/uploads\/2025\/02\/Bang-36000-Puffs-Ice-Control-Disposable-Vape-TRIPLE-BERRY-510x510.webp 510w\" sizes=\"auto, (max-width: 800px) 100vw, 800px\" \/><figcaption id=\"caption-attachment-20356\" class=\"wp-caption-text\">Bang 36000 Puffs Ice Control Eng\u00e5ngsvape<\/figcaption><\/figure>\n<figure id=\"attachment_20358\" aria-describedby=\"caption-attachment-20358\" style=\"width: 800px\" class=\"wp-caption alignnone\"><img loading=\"lazy\" decoding=\"async\" class=\"size-full wp-image-20358\" title=\"Bang 36000 Puffs Ice Control Eng\u00e5ngsvape grossist\" src=\"https:\/\/www.vape4wholesale.com\/wp-content\/uploads\/2025\/02\/Bang-36000-Puffs-Ice-Control-Disposable-Vape-Wholesale.webp\" alt=\"Bang 36000 Puffs Ice Control Eng\u00e5ngsvape grossist\" width=\"800\" height=\"800\" srcset=\"https:\/\/www.vape4wholesale.com\/wp-content\/uploads\/2025\/02\/Bang-36000-Puffs-Ice-Control-Disposable-Vape-Wholesale.webp 800w, https:\/\/www.vape4wholesale.com\/wp-content\/uploads\/2025\/02\/Bang-36000-Puffs-Ice-Control-Disposable-Vape-Wholesale-247x247.webp 247w, https:\/\/www.vape4wholesale.com\/wp-content\/uploads\/2025\/02\/Bang-36000-Puffs-Ice-Control-Disposable-Vape-Wholesale-100x100.webp 100w, https:\/\/www.vape4wholesale.com\/wp-content\/uploads\/2025\/02\/Bang-36000-Puffs-Ice-Control-Disposable-Vape-Wholesale-510x510.webp 510w\" sizes=\"auto, (max-width: 800px) 100vw, 800px\" \/><figcaption id=\"caption-attachment-20358\" class=\"wp-caption-text\">Bang 36000 Puffs Ice Control Eng\u00e5ngsvape grossist<\/figcaption><\/figure>\n<h2>VARF\u00d6R OSS?<\/h2>\r\n<ul>\r\n<li>Verklig, p\u00e5litlig och professionell vape-k\u00e4lla.<\/li>\r\n<li>100% \u00e4kta garanti: Vi tillhandah\u00e5ller endast original- och \u00e4kta produkter, v\u00e4grar f\u00f6rfalskning.<\/li>\r\n<li>100% Leveransgaranti: Vi anv\u00e4nder den b\u00e4sta fraktmetoden f\u00f6r att s\u00e4kerst\u00e4lla att du f\u00e5r best\u00e4llningen 100%.<\/li>\r\n<li>Vi kommer att ge dig sp\u00e5rningsnumret och fraktetiketten efter leverans och sp\u00e5ra varorna \u00e5t dig tills du kvitterar ut dem.<\/li>\r\n<li>Inga tullproblem, inga tullar<\/li>\r\n<\/ul>","protected":false},"excerpt":{"rendered":"<div class=\"wsppc_div_block woocommerce_before_add_to_cart_form\">\r\n<p><strong><span style=\"color: #00a859;\">Clear customs<\/span> before delivery &amp; 100% Delivery Guarantee, Delivery in 19~25 days around.\u00a0<\/strong><\/p>\r\n<\/div>","protected":false},"featured_media":20356,"comment_status":"open","ping_status":"closed","template":"","meta":[],"pwb-brand":[1275],"product_cat":[873],"product_tag":[22,24,249,849,988],"class_list":{"0":"post-20372","1":"product","2":"type-product","3":"status-publish","4":"has-post-thumbnail","6":"pwb-brand-bang","7":"product_cat-above-20k-puffs","8":"product_tag-disposable","9":"product_tag-wholesale","10":"product_tag-bang","11":"product_tag-36-0ml","12":"product_tag-36000-puffs","13":"wcpa_has_options","15":"first","16":"instock","17":"shipping-taxable","18":"purchasable","19":"product-type-variable"},"aioseo_notices":[],"brands":[{"id":1275,"name":"Pang","slug":"bang"}],"_links":{"self":[{"href":"https:\/\/www.vape4wholesale.com\/sv\/wp-json\/wp\/v2\/product\/20372","targetHints":{"allow":["GET"]}}],"collection":[{"href":"https:\/\/www.vape4wholesale.com\/sv\/wp-json\/wp\/v2\/product"}],"about":[{"href":"https:\/\/www.vape4wholesale.com\/sv\/wp-json\/wp\/v2\/types\/product"}],"replies":[{"embeddable":true,"href":"https:\/\/www.vape4wholesale.com\/sv\/wp-json\/wp\/v2\/comments?post=20372"}],"wp:featuredmedia":[{"embeddable":true,"href":"https:\/\/www.vape4wholesale.com\/sv\/wp-json\/wp\/v2\/media\/20356"}],"wp:attachment":[{"href":"https:\/\/www.vape4wholesale.com\/sv\/wp-json\/wp\/v2\/media?parent=20372"}],"wp:term":[{"taxonomy":"pwb-brand","embeddable":true,"href":"https:\/\/www.vape4wholesale.com\/sv\/wp-json\/wp\/v2\/pwb-brand?post=20372"},{"taxonomy":"product_cat","embeddable":true,"href":"https:\/\/www.vape4wholesale.com\/sv\/wp-json\/wp\/v2\/product_cat?post=20372"},{"taxonomy":"product_tag","embeddable":true,"href":"https:\/\/www.vape4wholesale.com\/sv\/wp-json\/wp\/v2\/product_tag?post=20372"}],"curies":[{"name":"wp","href":"https:\/\/api.w.org\/{rel}","templated":true}]}}