{"id":20283,"date":"2025-02-26T13:55:39","date_gmt":"2025-02-26T05:55:39","guid":{"rendered":"https:\/\/www.vape4wholesale.com\/?post_type=product&#038;p=20283"},"modified":"2026-01-27T15:43:12","modified_gmt":"2026-01-27T15:43:12","slug":"uwin-crystal-twins-40k-engangs-vape-grossist-2","status":"publish","type":"product","link":"https:\/\/www.vape4wholesale.com\/sv\/produkt\/uwin-crystal-twins-40k-engangs-vape-grossist-2","title":{"rendered":"Uwin Crystal Twins 40K eng\u00e5ngsvape grossist"},"content":{"rendered":"<p>Den\u00a0<a title=\"Uwin\" href=\"https:\/\/www.vape4wholesale.com\/sv\/produkt_varumarke\/uwin\/\" target=\"_blank\" rel=\"noopener\">Uwin<\/a> Crystal Twins 40K omdefinierar upplevelsen av eng\u00e5ngsvape med sitt banbrytande roterande munstycke, som g\u00f6r det m\u00f6jligt f\u00f6r anv\u00e4ndare att s\u00f6ml\u00f6st v\u00e4xla mellan tv\u00e5 olika smaker i en enda enhet. Denna innovativa design ger inte bara m\u00e5ngsidighet utan garanterar ocks\u00e5 en fr\u00e4sch och sp\u00e4nnande vapingupplevelse varje g\u00e5ng. Oavsett om du l\u00e4ngtar efter en fruktig explosion eller en kr\u00e4mig njutning, tillgodoser den h\u00e4r enheten dina preferenser utan anstr\u00e4ngning. Med hela 40 000 puffar och en gener\u00f6s kapacitet p\u00e5 30 ml e-v\u00e4tska \u00e4r den byggd f\u00f6r att ge l\u00e5ngvarig tillfredsst\u00e4llelse utan kompromisser.<\/p>\n<p>Uwin Crystal Twins 40K \u00e4r designad f\u00f6r b\u00e5de prestanda och bekv\u00e4mlighet och drivs av ett 850mAh uppladdningsbart koboltbatteri med en Type-C-port f\u00f6r snabb och effektiv laddning. I kombination med en 0,6 ohm mesh-spole garanterar den j\u00e4mn, konsekvent \u00e5ngproduktion och rik smakleverans. Den h\u00e4r enheten finns i nikotinstyrkorna 0%, 2%, 3% och 5% och tillgodoser ett brett utbud av preferenser, vilket g\u00f6r den idealisk f\u00f6r b\u00e5de avslappnade anv\u00e4ndare och erfarna vapers. Dessutom, med 12 lockande smaker att v\u00e4lja mellan, finns det n\u00e5got som passar alla smaker.<\/p>\n<p>Uwin Crystal Twins 40K \u00e4r perfekt f\u00f6r grossistk\u00f6pare och levereras i en praktisk f\u00f6rpackning med 10 stycken per l\u00e5da och 160 stycken per kartong (18,5 kg per kartong). Dess kombination av innovativ design, premiumprestanda och exceptionellt v\u00e4rde g\u00f6r den till ett utm\u00e4rkt val f\u00f6r b\u00e5de \u00e5terf\u00f6rs\u00e4ljare och vapingentusiaster. F\u00f6rh\u00f6j din vapingupplevelse idag med Uwin Crystal Twins 40K - d\u00e4r dubbla smaker m\u00f6ter o\u00f6vertr\u00e4ffad bekv\u00e4mlighet.<\/p>\n<h2>Uwin Crystal Twins 40K eng\u00e5ngsvape Viktiga egenskaper<\/h2>\n<ul>\n<li>System med dubbla smaker: Rotera munstycket f\u00f6r att njuta av tv\u00e5 olika smaker i en och samma enhet.<\/li>\n<li>Massivt antal puffar: Levererar upp till 40 000 puffar, vilket garanterar l\u00e5ngvarig njutning.<\/li>\n<li>Gener\u00f6s kapacitet f\u00f6r e-v\u00e4tska: Utrustad med en 30 ml e-v\u00e4tskekapacitet f\u00f6r l\u00e5ngvarig anv\u00e4ndning.<\/li>\n<li>Uppladdningsbart batteri: Drivs av ett 850mAh uppladdningsbart koboltbatteri med en Type-C-port f\u00f6r snabb och bekv\u00e4m laddning.<\/li>\n<li>Avancerad n\u00e4tspole: Med en 0,6 ohm mesh-spole f\u00f6r j\u00e4mn och konsekvent \u00e5ngproduktion.<\/li>\n<li>Flera olika nikotinalternativ: Finns i nikotinstyrkorna 0%, 2%, 3% och 5% f\u00f6r att passa dina \u00f6nskem\u00e5l.<\/li>\n<li>Brett urval av smaker: V\u00e4lj mellan 12 sp\u00e4nnande smaker f\u00f6r att matcha din smak.<\/li>\n<\/ul>\n<h2>Tillg\u00e4ngliga smaker<\/h2>\n<ul>\n<li>1. bl\u00e5b\u00e4r p\u00e5 is\/ sommarpersika p\u00e5 is<\/li>\n<li>2. kiwi passionsfrukt guava\/bl\u00e5b\u00e4r hallon<\/li>\n<li>3. jordgubb kiwi\/ druva is<\/li>\n<li>4. kiwi passionsfrukt guava\/ tv\u00e5 \u00e4pplen<\/li>\n<li>5. jordgubb vattenmelon\/ citron lime<\/li>\n<li>6. bl\u00e5b\u00e4r hallon\/ k\u00f6rsb\u00e4r is<\/li>\n<li>7.Jordgubb Hallon K\u00f6rsb\u00e4r\/ Mr Bl\u00e5<\/li>\n<li>8.Persika Mango Ananas\/ Red Bull<\/li>\n<li>9.Vattenmelon Ice\/ Blandade b\u00e4r<\/li>\n<li>10. jordgubbe banan \/ k\u00e4rlek 66 \uff08Passionsfrukt Melon Ice\uff09<\/li>\n<\/ul>\n<h2><strong>F\u00f6rpackningsdetaljer<\/strong><\/h2>\n<ol>\n<li>10 stycken per l\u00e5da<\/li>\n<li>160 stycken per kartong<\/li>\n<li>Kartongens vikt: 18,5 kg<\/li>\n<\/ol>\n<figure id=\"attachment_20293\" aria-describedby=\"caption-attachment-20293\" style=\"width: 800px\" class=\"wp-caption alignnone\"><img loading=\"lazy\" decoding=\"async\" class=\"size-full wp-image-20293\" title=\"Uwin Crystal Twins 40K eng\u00e5ngsvape Jordgubb Kiwi Druva Is\" src=\"https:\/\/www.vape4wholesale.com\/wp-content\/uploads\/2025\/02\/Uwin-Crystal-Twins-40K-Disposable-Vape-Strawberry-Kiwi_Grape-Ice.webp\" alt=\"Uwin Crystal Twins 40K eng\u00e5ngsvape Jordgubb Kiwi Druva Is\" width=\"800\" height=\"800\" srcset=\"https:\/\/www.vape4wholesale.com\/wp-content\/uploads\/2025\/02\/Uwin-Crystal-Twins-40K-Disposable-Vape-Strawberry-Kiwi_Grape-Ice.webp 800w, https:\/\/www.vape4wholesale.com\/wp-content\/uploads\/2025\/02\/Uwin-Crystal-Twins-40K-Disposable-Vape-Strawberry-Kiwi_Grape-Ice-247x247.webp 247w, https:\/\/www.vape4wholesale.com\/wp-content\/uploads\/2025\/02\/Uwin-Crystal-Twins-40K-Disposable-Vape-Strawberry-Kiwi_Grape-Ice-100x100.webp 100w, https:\/\/www.vape4wholesale.com\/wp-content\/uploads\/2025\/02\/Uwin-Crystal-Twins-40K-Disposable-Vape-Strawberry-Kiwi_Grape-Ice-510x510.webp 510w, https:\/\/www.vape4wholesale.com\/wp-content\/uploads\/2025\/02\/Uwin-Crystal-Twins-40K-Disposable-Vape-Strawberry-Kiwi_Grape-Ice-64x64.webp 64w, https:\/\/www.vape4wholesale.com\/wp-content\/uploads\/2025\/02\/Uwin-Crystal-Twins-40K-Disposable-Vape-Strawberry-Kiwi_Grape-Ice-300x300.webp 300w, https:\/\/www.vape4wholesale.com\/wp-content\/uploads\/2025\/02\/Uwin-Crystal-Twins-40K-Disposable-Vape-Strawberry-Kiwi_Grape-Ice-150x150.webp 150w, https:\/\/www.vape4wholesale.com\/wp-content\/uploads\/2025\/02\/Uwin-Crystal-Twins-40K-Disposable-Vape-Strawberry-Kiwi_Grape-Ice-768x768.webp 768w, https:\/\/www.vape4wholesale.com\/wp-content\/uploads\/2025\/02\/Uwin-Crystal-Twins-40K-Disposable-Vape-Strawberry-Kiwi_Grape-Ice-12x12.webp 12w\" sizes=\"auto, (max-width: 800px) 100vw, 800px\" \/><figcaption id=\"caption-attachment-20293\" class=\"wp-caption-text\">Uwin Crystal Twins 40K eng\u00e5ngsvape grossist<\/figcaption><\/figure>\n<figure id=\"attachment_20294\" aria-describedby=\"caption-attachment-20294\" style=\"width: 905px\" class=\"wp-caption alignnone\"><img loading=\"lazy\" decoding=\"async\" class=\"size-large wp-image-20294\" title=\"Uwin Crystal Twins 40K eng\u00e5ngsvape grossist\" src=\"https:\/\/www.vape4wholesale.com\/wp-content\/uploads\/2025\/02\/Uwin-Crystal-Twins-40K-Disposable-Vape-Wholesale-905x1024.webp\" alt=\"Uwin Crystal Twins 40K eng\u00e5ngsvape grossist\" width=\"905\" height=\"1024\" srcset=\"https:\/\/www.vape4wholesale.com\/wp-content\/uploads\/2025\/02\/Uwin-Crystal-Twins-40K-Disposable-Vape-Wholesale-905x1024.webp 905w, https:\/\/www.vape4wholesale.com\/wp-content\/uploads\/2025\/02\/Uwin-Crystal-Twins-40K-Disposable-Vape-Wholesale-510x577.webp 510w, https:\/\/www.vape4wholesale.com\/wp-content\/uploads\/2025\/02\/Uwin-Crystal-Twins-40K-Disposable-Vape-Wholesale-64x72.webp 64w, https:\/\/www.vape4wholesale.com\/wp-content\/uploads\/2025\/02\/Uwin-Crystal-Twins-40K-Disposable-Vape-Wholesale-265x300.webp 265w, https:\/\/www.vape4wholesale.com\/wp-content\/uploads\/2025\/02\/Uwin-Crystal-Twins-40K-Disposable-Vape-Wholesale-768x869.webp 768w, https:\/\/www.vape4wholesale.com\/wp-content\/uploads\/2025\/02\/Uwin-Crystal-Twins-40K-Disposable-Vape-Wholesale-11x12.webp 11w, https:\/\/www.vape4wholesale.com\/wp-content\/uploads\/2025\/02\/Uwin-Crystal-Twins-40K-Disposable-Vape-Wholesale.webp 1000w\" sizes=\"auto, (max-width: 905px) 100vw, 905px\" \/><figcaption id=\"caption-attachment-20294\" class=\"wp-caption-text\">Uwin Crystal Twins 40K eng\u00e5ngsvape grossist<\/figcaption><\/figure>\n<h2>VARF\u00d6R OSS?<\/h2>\r\n<ul>\r\n<li>Verklig, p\u00e5litlig och professionell vape-k\u00e4lla.<\/li>\r\n<li>100% \u00e4kta garanti: Vi tillhandah\u00e5ller endast original- och \u00e4kta produkter, v\u00e4grar f\u00f6rfalskning.<\/li>\r\n<li>100% Leveransgaranti: Vi anv\u00e4nder den b\u00e4sta fraktmetoden f\u00f6r att s\u00e4kerst\u00e4lla att du f\u00e5r best\u00e4llningen 100%.<\/li>\r\n<li>Vi kommer att ge dig sp\u00e5rningsnumret och fraktetiketten efter leverans och sp\u00e5ra varorna \u00e5t dig tills du kvitterar ut dem.<\/li>\r\n<li>Inga tullproblem, inga tullar<\/li>\r\n<\/ul>","protected":false},"excerpt":{"rendered":"<div class=\"wsppc_div_block woocommerce_before_add_to_cart_form\">\r\n<p><strong><span style=\"color: #00a859;\">Clear customs<\/span> before delivery &amp; 100% Delivery Guarantee, Delivery in 19~25 days around.\u00a0<\/strong><\/p>\r\n<\/div>","protected":false},"featured_media":20288,"comment_status":"open","ping_status":"closed","template":"","meta":[],"pwb-brand":[1274],"product_cat":[873],"product_tag":[1016,22,24,683,936],"class_list":{"0":"post-20283","1":"product","2":"type-product","3":"status-publish","4":"has-post-thumbnail","6":"pwb-brand-uwin","7":"product_cat-above-20k-puffs","8":"product_tag-40000-puffs","9":"product_tag-disposable","10":"product_tag-wholesale","11":"product_tag-30-0ml","12":"product_tag-uwin","13":"wcpa_has_options","15":"first","16":"instock","17":"featured","18":"shipping-taxable","19":"purchasable","20":"product-type-variable"},"aioseo_notices":[],"brands":[{"id":1274,"name":"Uwin","slug":"uwin"}],"_links":{"self":[{"href":"https:\/\/www.vape4wholesale.com\/sv\/wp-json\/wp\/v2\/product\/20283","targetHints":{"allow":["GET"]}}],"collection":[{"href":"https:\/\/www.vape4wholesale.com\/sv\/wp-json\/wp\/v2\/product"}],"about":[{"href":"https:\/\/www.vape4wholesale.com\/sv\/wp-json\/wp\/v2\/types\/product"}],"replies":[{"embeddable":true,"href":"https:\/\/www.vape4wholesale.com\/sv\/wp-json\/wp\/v2\/comments?post=20283"}],"wp:featuredmedia":[{"embeddable":true,"href":"https:\/\/www.vape4wholesale.com\/sv\/wp-json\/wp\/v2\/media\/20288"}],"wp:attachment":[{"href":"https:\/\/www.vape4wholesale.com\/sv\/wp-json\/wp\/v2\/media?parent=20283"}],"wp:term":[{"taxonomy":"pwb-brand","embeddable":true,"href":"https:\/\/www.vape4wholesale.com\/sv\/wp-json\/wp\/v2\/pwb-brand?post=20283"},{"taxonomy":"product_cat","embeddable":true,"href":"https:\/\/www.vape4wholesale.com\/sv\/wp-json\/wp\/v2\/product_cat?post=20283"},{"taxonomy":"product_tag","embeddable":true,"href":"https:\/\/www.vape4wholesale.com\/sv\/wp-json\/wp\/v2\/product_tag?post=20283"}],"curies":[{"name":"wp","href":"https:\/\/api.w.org\/{rel}","templated":true}]}}