{"id":20242,"date":"2025-02-26T11:53:11","date_gmt":"2025-02-26T03:53:11","guid":{"rendered":"https:\/\/www.vape4wholesale.com\/?post_type=product&#038;p=20242"},"modified":"2026-01-27T13:44:46","modified_gmt":"2026-01-27T13:44:46","slug":"uwin-crystal-20000-puffar-engangs-vape-grossist","status":"publish","type":"product","link":"https:\/\/www.vape4wholesale.com\/sv\/product\/uwin-crystal-20000-puffs-disposable-vape-wholesale","title":{"rendered":"Uwin Crystal 20000 Puffs Eng\u00e5ngs Vape Partihandel"},"content":{"rendered":"<p>Den\u00a0<a title=\"Uwin\" href=\"https:\/\/www.vape4wholesale.com\/sv\/produkt_varumarke\/uwin\/\" target=\"_blank\" rel=\"noopener\"><strong>Uwin<\/strong><\/a> Crystal 20000 \u00e4r en premium SHISHA HOOKAH-enhet som \u00e4r utformad f\u00f6r att ge en exceptionell vapingupplevelse. Med en enorm kapacitet p\u00e5 25 ml och st\u00f6d f\u00f6r upp till 20 000 puffar garanterar den h\u00e4r enheten l\u00e5ngvarig njutning utan behov av frekventa p\u00e5fyllningar. Det imponerande antalet puffar och den stora kapaciteten f\u00f6r e-v\u00e4tska g\u00f6r den till ett p\u00e5litligt val f\u00f6r b\u00e5de tillf\u00e4lliga och tunga anv\u00e4ndare.<\/p>\n<p>Uwin Crystal 20000 har ett uppladdningsbart 850mAh-batteri och en praktisk Type-C-port och \u00e4r byggd f\u00f6r bekv\u00e4mlighet och effektivitet. Den avancerade mesh coil-tekniken f\u00f6rb\u00e4ttrar smakleveransen, vilket ger en j\u00e4mn och tillfredsst\u00e4llande vapingupplevelse med varje bloss. Oavsett om du \u00e4r hemma eller p\u00e5 spr\u00e5ng, erbjuder den h\u00e4r enheten konsekvent prestanda och anv\u00e4ndarv\u00e4nlighet.<\/p>\n<p>Dessutom tillgodoser Uwin Crystal 20000 ett brett spektrum av preferenser med 12 unika smaker och nikotinalternativ som str\u00e4cker sig fr\u00e5n 0%, 2%, 3% och 5%. Denna m\u00e5ngsidighet s\u00e4kerst\u00e4ller att varje anv\u00e4ndare kan hitta sin perfekta match. Oavsett om du \u00e4r en erfaren entusiast eller ny p\u00e5 SHISHA HOOKAH, kombinerar Uwin Crystal 20000 innovation, stil och funktionalitet f\u00f6r en o\u00f6vertr\u00e4ffad vapingupplevelse.<\/p>\n<h2>Uwin Crystal 20000 Eng\u00e5ngsvape Snabb detalj<\/h2>\n<ul>\n<li>0% 2% 3% 5% Nikotin<\/li>\n<li>Puffar:20000<\/li>\n<li>Kapacitet:25ml<\/li>\n<li>200 st \/Kartong<\/li>\n<li>10 st \/Box<\/li>\n<li>12 olika smaker tillg\u00e4ngliga<\/li>\n<li>850 mAh Uppladdningsbar kobolt typ c-port<\/li>\n<li>Spole :N\u00e4tspole<\/li>\n<\/ul>\n<h2>Tillg\u00e4ngliga smaker<\/h2>\n<p>1. bl\u00e5b\u00e4r p\u00e5 is<br \/>\n2. kiwi passionsfrukt guava<br \/>\n3. jordgubb kiwi<br \/>\n4. blandade b\u00e4r<br \/>\n5. jordgubbar vattenmelon<br \/>\n6. is med druvor<br \/>\n7. vattenmelon-is<br \/>\n8. K\u00f6rsb\u00e4rsis<br \/>\n9. Jordgubbsis<br \/>\n10. persika is<br \/>\n11. bl\u00e5b\u00e4r hallon<br \/>\n12.Love 66<\/p>\n<h2>F\u00f6rpackningsdetaljer<\/h2>\n<ul>\n<li>Varje kartong:20,3 kg<\/li>\n<li>Kartongstorlek: 39,5*39*30,5CM<\/li>\n<\/ul>\n<figure id=\"attachment_20246\" aria-describedby=\"caption-attachment-20246\" style=\"width: 800px\" class=\"wp-caption alignnone\"><img loading=\"lazy\" decoding=\"async\" class=\"size-full wp-image-20246\" title=\"Uwin Crystal 20000 Puffs Eng\u00e5ngs Vape Partihandel\" src=\"https:\/\/www.vape4wholesale.com\/wp-content\/uploads\/2025\/02\/Uwin-Crystal-20000-Puffs-Disposable-Vape-Wholesale.webp\" alt=\"Uwin Crystal 20000 Puffs Eng\u00e5ngs Vape Partihandel\" width=\"800\" height=\"800\" srcset=\"https:\/\/www.vape4wholesale.com\/wp-content\/uploads\/2025\/02\/Uwin-Crystal-20000-Puffs-Disposable-Vape-Wholesale.webp 800w, https:\/\/www.vape4wholesale.com\/wp-content\/uploads\/2025\/02\/Uwin-Crystal-20000-Puffs-Disposable-Vape-Wholesale-247x247.webp 247w, https:\/\/www.vape4wholesale.com\/wp-content\/uploads\/2025\/02\/Uwin-Crystal-20000-Puffs-Disposable-Vape-Wholesale-100x100.webp 100w, https:\/\/www.vape4wholesale.com\/wp-content\/uploads\/2025\/02\/Uwin-Crystal-20000-Puffs-Disposable-Vape-Wholesale-510x510.webp 510w, https:\/\/www.vape4wholesale.com\/wp-content\/uploads\/2025\/02\/Uwin-Crystal-20000-Puffs-Disposable-Vape-Wholesale-64x64.webp 64w, https:\/\/www.vape4wholesale.com\/wp-content\/uploads\/2025\/02\/Uwin-Crystal-20000-Puffs-Disposable-Vape-Wholesale-300x300.webp 300w, https:\/\/www.vape4wholesale.com\/wp-content\/uploads\/2025\/02\/Uwin-Crystal-20000-Puffs-Disposable-Vape-Wholesale-150x150.webp 150w, https:\/\/www.vape4wholesale.com\/wp-content\/uploads\/2025\/02\/Uwin-Crystal-20000-Puffs-Disposable-Vape-Wholesale-768x768.webp 768w, https:\/\/www.vape4wholesale.com\/wp-content\/uploads\/2025\/02\/Uwin-Crystal-20000-Puffs-Disposable-Vape-Wholesale-12x12.webp 12w\" sizes=\"auto, (max-width: 800px) 100vw, 800px\" \/><figcaption id=\"caption-attachment-20246\" class=\"wp-caption-text\">Uwin Crystal 20000 Puffs Eng\u00e5ngs Vape Partihandel<\/figcaption><\/figure>\n<figure id=\"attachment_20245\" aria-describedby=\"caption-attachment-20245\" style=\"width: 1000px\" class=\"wp-caption alignnone\"><img loading=\"lazy\" decoding=\"async\" class=\"size-full wp-image-20245\" title=\"Uwin Crystal 20000 Puffs Vape-banner f\u00f6r eng\u00e5ngsbruk\" src=\"https:\/\/www.vape4wholesale.com\/wp-content\/uploads\/2025\/02\/Uwin-Crystal-20000-Puffs-Disposable-Vape-banner.webp\" alt=\"Uwin Crystal 20000 Puffs Vape-banner f\u00f6r eng\u00e5ngsbruk\" width=\"1000\" height=\"667\" srcset=\"https:\/\/www.vape4wholesale.com\/wp-content\/uploads\/2025\/02\/Uwin-Crystal-20000-Puffs-Disposable-Vape-banner.webp 1000w, https:\/\/www.vape4wholesale.com\/wp-content\/uploads\/2025\/02\/Uwin-Crystal-20000-Puffs-Disposable-Vape-banner-510x340.webp 510w, https:\/\/www.vape4wholesale.com\/wp-content\/uploads\/2025\/02\/Uwin-Crystal-20000-Puffs-Disposable-Vape-banner-64x43.webp 64w, https:\/\/www.vape4wholesale.com\/wp-content\/uploads\/2025\/02\/Uwin-Crystal-20000-Puffs-Disposable-Vape-banner-300x200.webp 300w, https:\/\/www.vape4wholesale.com\/wp-content\/uploads\/2025\/02\/Uwin-Crystal-20000-Puffs-Disposable-Vape-banner-768x512.webp 768w, https:\/\/www.vape4wholesale.com\/wp-content\/uploads\/2025\/02\/Uwin-Crystal-20000-Puffs-Disposable-Vape-banner-18x12.webp 18w\" sizes=\"auto, (max-width: 1000px) 100vw, 1000px\" \/><figcaption id=\"caption-attachment-20245\" class=\"wp-caption-text\">Uwin Crystal 20000 Puffs Vape-banner f\u00f6r eng\u00e5ngsbruk<\/figcaption><\/figure>\n<h2>VARF\u00d6R OSS?<\/h2>\r\n<ul>\r\n<li>Verklig, p\u00e5litlig och professionell vape-k\u00e4lla.<\/li>\r\n<li>100% \u00e4kta garanti: Vi tillhandah\u00e5ller endast original- och \u00e4kta produkter, v\u00e4grar f\u00f6rfalskning.<\/li>\r\n<li>100% Leveransgaranti: Vi anv\u00e4nder den b\u00e4sta fraktmetoden f\u00f6r att s\u00e4kerst\u00e4lla att du f\u00e5r best\u00e4llningen 100%.<\/li>\r\n<li>Vi kommer att ge dig sp\u00e5rningsnumret och fraktetiketten efter leverans och sp\u00e5ra varorna \u00e5t dig tills du kvitterar ut dem.<\/li>\r\n<li>Inga tullproblem, inga tullar<\/li>\r\n<\/ul>","protected":false},"excerpt":{"rendered":"<div class=\"wsppc_div_block woocommerce_before_add_to_cart_form\">\r\n<p><strong><span style=\"color: #00a859;\">Klarera tullen<\/span> f\u00f6re leverans &amp; 100% Leveransgaranti, Leverans p\u00e5 cirka 19\u201325 dagar.\u00a0<\/strong><\/p>\r\n<\/div>","protected":false},"featured_media":20246,"comment_status":"open","ping_status":"closed","template":"","meta":[],"pwb-brand":[1274],"product_cat":[874],"product_tag":[692,794,936,22,24],"class_list":{"0":"post-20242","1":"product","2":"type-product","3":"status-publish","4":"has-post-thumbnail","6":"pwb-brand-uwin","7":"product_cat-shisha-type","8":"product_tag-25-0ml","9":"product_tag-20000-puffs","10":"product_tag-uwin","11":"product_tag-disposable","12":"product_tag-wholesale","13":"wcpa_has_options","15":"first","16":"instock","17":"featured","18":"shipping-taxable","19":"purchasable","20":"product-type-variable"},"aioseo_notices":[],"brands":[{"id":1274,"name":"Uwin","slug":"uwin"}],"_links":{"self":[{"href":"https:\/\/www.vape4wholesale.com\/sv\/wp-json\/wp\/v2\/product\/20242","targetHints":{"allow":["GET"]}}],"collection":[{"href":"https:\/\/www.vape4wholesale.com\/sv\/wp-json\/wp\/v2\/product"}],"about":[{"href":"https:\/\/www.vape4wholesale.com\/sv\/wp-json\/wp\/v2\/types\/product"}],"replies":[{"embeddable":true,"href":"https:\/\/www.vape4wholesale.com\/sv\/wp-json\/wp\/v2\/comments?post=20242"}],"wp:featuredmedia":[{"embeddable":true,"href":"https:\/\/www.vape4wholesale.com\/sv\/wp-json\/wp\/v2\/media\/20246"}],"wp:attachment":[{"href":"https:\/\/www.vape4wholesale.com\/sv\/wp-json\/wp\/v2\/media?parent=20242"}],"wp:term":[{"taxonomy":"pwb-brand","embeddable":true,"href":"https:\/\/www.vape4wholesale.com\/sv\/wp-json\/wp\/v2\/pwb-brand?post=20242"},{"taxonomy":"product_cat","embeddable":true,"href":"https:\/\/www.vape4wholesale.com\/sv\/wp-json\/wp\/v2\/product_cat?post=20242"},{"taxonomy":"product_tag","embeddable":true,"href":"https:\/\/www.vape4wholesale.com\/sv\/wp-json\/wp\/v2\/product_tag?post=20242"}],"curies":[{"name":"wp","href":"https:\/\/api.w.org\/{rel}","templated":true}]}}