{"id":19758,"date":"2025-02-05T21:57:56","date_gmt":"2025-02-05T13:57:56","guid":{"rendered":"https:\/\/www.vape4wholesale.com\/?post_type=product&#038;p=19758"},"modified":"2026-03-30T11:13:42","modified_gmt":"2026-03-30T03:13:42","slug":"fumot-tornado-20000-engangs-vape-grossist","status":"publish","type":"product","link":"https:\/\/www.vape4wholesale.com\/sv\/produkt\/fumot-tornado-20000-engangs-vape-grossist","title":{"rendered":"Fumot Tornado 20000 Eng\u00e5ngsvape grossist"},"content":{"rendered":"<p><strong>Fumot Tornado 20000 Eng\u00e5ngsvape<\/strong>\u00a0\u00e4r en Dual Mesh Coil eng\u00e5ngs vape-enhet med en smart LED-sk\u00e4rm. Med dubbla n\u00e4tspolar kan du f\u00f6rv\u00e4nta dig en rikare, mer tillfredsst\u00e4llande smak med varje puff. och LED-smart display ger information i realtid, s\u00e5 att vapers vet importdetaljer med en \u00f6verblick, displayen visar batteritid och e-juice-niv\u00e5. Den \u00e4r fylld med 20 ml e-juice och kan puffas upp till 20 000 g\u00e5nger. Fumot Tornado 20000 har 5%-typ och 20 smaker f\u00f6r dig att v\u00e4lja mellan. Fumot Tornado 20000 har ett uppladdningsbart batteri p\u00e5 900mAh. Detta kraftfulla batteri garanterar f\u00f6rl\u00e4ngd anv\u00e4ndningstid och kan enkelt laddas via Type-C-porten. S\u00e4g adj\u00f6 till eng\u00e5ngsvapor som tar slut p\u00e5 batteriet f\u00f6r snabbt!<\/p>\n<h2><strong>Fumot Tornado 20000 Snabba detaljer<\/strong><\/h2>\n<ul>\n<li>Typ: 5% Nic<\/li>\n<li>Batteri: 900 mAh uppladdningsbart batteri<\/li>\n<li>Puffar:20000 puffar<\/li>\n<li>Kapacitet: 20 ml<\/li>\n<li>Display med olje- och batteriindikator<\/li>\n<li>Typ C-port<\/li>\n<li>20 smaker<\/li>\n<li>Spole: Spole med dubbelt n\u00e4t<\/li>\n<\/ul>\n<h2><strong>Tillg\u00e4ngliga smaker<\/strong><\/h2>\n<p>1 bl\u00e5b\u00e4r hallon h\u00e5rd godis<br \/>\n2 Blue Razz<br \/>\n3 Jordgubbar Kiwi<br \/>\n4 Persika Ananas Apelsin<br \/>\n5 Skittles<br \/>\n6 Persika Mango Vattenmelon<br \/>\n7 Jordgubbsglass<br \/>\n8 P\u00e4ron Is<br \/>\n9 Sockervadd<br \/>\n10 gel\u00e9b\u00f6nor<br \/>\n11 Gurka Lemonad<br \/>\n12 Pina Colada<br \/>\n13 Huckleberry<br \/>\n14 Vattenmelon is<br \/>\n15 Jordgubbar Vattenmelon<br \/>\n16 Blandade b\u00e4r<br \/>\n17 Lychee Hami Melon<br \/>\n18 K\u00f6rsb\u00e4r Lime<br \/>\n19 Ananas Citron Gr\u00f6nt \u00e4pple<br \/>\n20 Banankaka<br \/>\n21 Mr Blue<br \/>\n22 K\u00f6rsb\u00e4r<br \/>\n23 Bl\u00e5b\u00e4r Hallon<br \/>\n24 Cherry Cola<br \/>\n25 Kiwi Passionsfrukt Guava<br \/>\n26 Jordgubbsglass<br \/>\n27 Jordgubbar Hallon K\u00f6rsb\u00e4r Is<br \/>\n28 K\u00f6rsb\u00e4rsb\u00e4r<br \/>\n29 Bl\u00e5b\u00e4r Sura Hallon<br \/>\n30 Persika B\u00e4r<br \/>\n31 Blue Razz Gummibj\u00f6rn<br \/>\n32 Cool Mint<br \/>\n33 Bl\u00e5b\u00e4r p\u00e5 is<br \/>\n34 Cactus Ice<br \/>\n35 R\u00f6d druva Lime<br \/>\n36 Cola Citron<br \/>\n37 Svartvinb\u00e4r \u00c4pple<br \/>\n38 Kaktus Kiwi<br \/>\n39 Cola Is<br \/>\n40 Mango Druva lce<br \/>\n41 Bl\u00e5b\u00e4rskaktus lce<br \/>\n42 Druva Kiwi<br \/>\n43 \u00c4pple Grapefrukt<\/p>\n<figure id=\"attachment_26815\" aria-describedby=\"caption-attachment-26815\" style=\"width: 800px\" class=\"wp-caption alignnone\"><img loading=\"lazy\" decoding=\"async\" class=\"size-full wp-image-26815\" title=\"Fumot Tornado 20000 Eng\u00e5ngsvape grossist\" src=\"https:\/\/www.vape4wholesale.com\/wp-content\/uploads\/2025\/02\/Fumot-Tornado-20000-Disposable-Vape-Wholesale-1.jpg\" alt=\"Fumot Tornado 20000 Eng\u00e5ngsvape grossist\" width=\"800\" height=\"800\" srcset=\"https:\/\/www.vape4wholesale.com\/wp-content\/uploads\/2025\/02\/Fumot-Tornado-20000-Disposable-Vape-Wholesale-1.jpg 800w, https:\/\/www.vape4wholesale.com\/wp-content\/uploads\/2025\/02\/Fumot-Tornado-20000-Disposable-Vape-Wholesale-1-300x300.jpg 300w, https:\/\/www.vape4wholesale.com\/wp-content\/uploads\/2025\/02\/Fumot-Tornado-20000-Disposable-Vape-Wholesale-1-150x150.jpg 150w, https:\/\/www.vape4wholesale.com\/wp-content\/uploads\/2025\/02\/Fumot-Tornado-20000-Disposable-Vape-Wholesale-1-768x768.jpg 768w, https:\/\/www.vape4wholesale.com\/wp-content\/uploads\/2025\/02\/Fumot-Tornado-20000-Disposable-Vape-Wholesale-1-12x12.jpg 12w, https:\/\/www.vape4wholesale.com\/wp-content\/uploads\/2025\/02\/Fumot-Tornado-20000-Disposable-Vape-Wholesale-1-247x247.jpg 247w, https:\/\/www.vape4wholesale.com\/wp-content\/uploads\/2025\/02\/Fumot-Tornado-20000-Disposable-Vape-Wholesale-1-510x510.jpg 510w, https:\/\/www.vape4wholesale.com\/wp-content\/uploads\/2025\/02\/Fumot-Tornado-20000-Disposable-Vape-Wholesale-1-100x100.jpg 100w\" sizes=\"auto, (max-width: 800px) 100vw, 800px\" \/><figcaption id=\"caption-attachment-26815\" class=\"wp-caption-text\">Fumot Tornado 20000 Eng\u00e5ngsvape grossist<\/figcaption><\/figure>\n<h2>VARF\u00d6R OSS?<\/h2>\r\n<ul>\r\n<li>Verklig, p\u00e5litlig och professionell vape-k\u00e4lla.<\/li>\r\n<li>100% \u00e4kta garanti: Vi tillhandah\u00e5ller endast original- och \u00e4kta produkter, v\u00e4grar f\u00f6rfalskning.<\/li>\r\n<li>100% Leveransgaranti: Vi anv\u00e4nder den b\u00e4sta fraktmetoden f\u00f6r att s\u00e4kerst\u00e4lla att du f\u00e5r best\u00e4llningen 100%.<\/li>\r\n<li>Vi kommer att ge dig sp\u00e5rningsnumret och fraktetiketten efter leverans och sp\u00e5ra varorna \u00e5t dig tills du kvitterar ut dem.<\/li>\r\n<li>Inga tullproblem, inga tullar<\/li>\r\n<\/ul>","protected":false},"excerpt":{"rendered":"<div class=\"wsppc_div_block woocommerce_before_add_to_cart_form\">\r\n<p><strong><span style=\"color: #00a859;\">Clear customs<\/span> before delivery &amp; 100% Delivery Guarantee, Delivery in 19~25 days around.\u00a0<\/strong><\/p>\r\n<\/div>","protected":false},"featured_media":26815,"comment_status":"open","ping_status":"closed","template":"","meta":[],"pwb-brand":[1269],"product_cat":[873],"product_tag":[794,22,24,172,592],"class_list":{"0":"post-19758","1":"product","2":"type-product","3":"status-publish","4":"has-post-thumbnail","6":"pwb-brand-fumot","7":"product_cat-above-20k-puffs","8":"product_tag-20000-puffs","9":"product_tag-disposable","10":"product_tag-wholesale","11":"product_tag-20-0ml","12":"product_tag-fumot","13":"wcpa_has_options","15":"first","16":"instock","17":"featured","18":"shipping-taxable","19":"purchasable","20":"product-type-variable"},"aioseo_notices":[],"brands":[{"id":1269,"name":"Fumot","slug":"fumot"}],"_links":{"self":[{"href":"https:\/\/www.vape4wholesale.com\/sv\/wp-json\/wp\/v2\/product\/19758","targetHints":{"allow":["GET"]}}],"collection":[{"href":"https:\/\/www.vape4wholesale.com\/sv\/wp-json\/wp\/v2\/product"}],"about":[{"href":"https:\/\/www.vape4wholesale.com\/sv\/wp-json\/wp\/v2\/types\/product"}],"replies":[{"embeddable":true,"href":"https:\/\/www.vape4wholesale.com\/sv\/wp-json\/wp\/v2\/comments?post=19758"}],"wp:featuredmedia":[{"embeddable":true,"href":"https:\/\/www.vape4wholesale.com\/sv\/wp-json\/wp\/v2\/media\/26815"}],"wp:attachment":[{"href":"https:\/\/www.vape4wholesale.com\/sv\/wp-json\/wp\/v2\/media?parent=19758"}],"wp:term":[{"taxonomy":"pwb-brand","embeddable":true,"href":"https:\/\/www.vape4wholesale.com\/sv\/wp-json\/wp\/v2\/pwb-brand?post=19758"},{"taxonomy":"product_cat","embeddable":true,"href":"https:\/\/www.vape4wholesale.com\/sv\/wp-json\/wp\/v2\/product_cat?post=19758"},{"taxonomy":"product_tag","embeddable":true,"href":"https:\/\/www.vape4wholesale.com\/sv\/wp-json\/wp\/v2\/product_tag?post=19758"}],"curies":[{"name":"wp","href":"https:\/\/api.w.org\/{rel}","templated":true}]}}