{"id":19715,"date":"2025-02-04T23:14:18","date_gmt":"2025-02-04T15:14:18","guid":{"rendered":"https:\/\/www.vape4wholesale.com\/?post_type=product&#038;p=19715"},"modified":"2026-01-27T13:46:32","modified_gmt":"2026-01-27T13:46:32","slug":"bang-32000-puffar-engangs-vape-grossist","status":"publish","type":"product","link":"https:\/\/www.vape4wholesale.com\/sv\/product\/bang-32000-puffs-disposable-vape-wholesale","title":{"rendered":"Bang 32000 Puffs Eng\u00e5ngs Vape Partihandel"},"content":{"rendered":"<p>Den <strong><a title=\"Pang\" href=\"https:\/\/www.vape4wholesale.com\/sv\/produkt_varumarke\/bang\/\">Pang<\/a> <\/strong>32000 \u00e4r en snyggt designad eng\u00e5ngsvape som erbjuder en exceptionell balans mellan smak, prestanda och bekv\u00e4mlighet. Oavsett om du \u00e4r en erfaren vaper eller nyare, lovar den h\u00e4r enheten en s\u00f6ml\u00f6s och anpassningsbar upplevelse, med avancerade funktioner som justerbar effekt, en smart sk\u00e4rmdisplay och en massiv puffkapacitet p\u00e5 32 000 puffar.<\/p>\n<h2><strong>Vad g\u00f6r Bang 32000 eng\u00e5ngsvape enast\u00e5ende<\/strong><\/h2>\n<ul>\n<li><strong>Valbara nikotinniv\u00e5er<\/strong><br \/>\nDen\u00a0<strong>Bang 32000 puffar<\/strong>\u00a0erbjuder fyra nikotinalternativ:\u00a0<strong>0%, 2%, 3% och 5%<\/strong>. V\u00e4lj den niv\u00e5 som b\u00e4st passar dina preferenser, fr\u00e5n nikotinfri njutning till en starkare effekt f\u00f6r mer erfarna anv\u00e4ndare.<\/li>\n<li><strong>Massiv puffkapacitet<\/strong><br \/>\nMed en gener\u00f6s\u00a0<strong>32.000 puffar<\/strong>, den\u00a0<strong>Bang 32000 puffar<\/strong>\u00a0eliminerar behovet av frekventa byten. Den ut\u00f6kade puffkapaciteten s\u00e4kerst\u00e4ller att du kan njuta av oavbruten vaping under en l\u00e4ngre period.<\/li>\n<li><strong>H\u00f6g kapacitet f\u00f6r e-v\u00e4tska<\/strong><br \/>\nMed en\u00a0<strong>32 ml e-juice<\/strong>\u00a0tanken, den\u00a0<strong>Bang 32000 puffar<\/strong>\u00a0\u00e4r utformad f\u00f6r optimal smaktillf\u00f6rsel, vilket minskar behovet av st\u00e4ndiga p\u00e5fyllningar och m\u00f6jligg\u00f6r l\u00e4ngre sessioner.<\/li>\n<li><strong>Avancerad spole med dubbla n\u00e4t<\/strong><br \/>\nUtrustad med en\u00a0<strong>0,5\u03a9 dubbelmaskig spole<\/strong>f\u00f6rb\u00e4ttrar denna enhet \u00e5ngproduktionen och smakens konsistens, vilket ger j\u00e4mn, dj\u00e4rv och rik \u00e5nga med varje bloss.<\/li>\n<li><strong>Smart fullsk\u00e4rmsdisplay<\/strong><br \/>\nDen\u00a0<strong>Bang 32000 puffar<\/strong>\u00a0\u00e4r utformad med en\u00a0<strong>smart sk\u00e4rm<\/strong>\u00a0som visar b\u00e5de oljeniv\u00e5er och batteritid, s\u00e5 att du alltid \u00e4r medveten om din enhets status. Inga fler gissningar!<\/li>\n<li><strong>650mAh uppladdningsbart batteri<\/strong><br \/>\nDrivs av en l\u00e5nglivad<strong>\u00a0650 mAh batteri<\/strong>garanterar denna enhet en vapingupplevelse som varar hela dagen. Med Type-C snabbladdning kan du dessutom ladda din vape snabbt och bekv\u00e4mt.<\/li>\n<li><strong>Justerbar effekt<\/strong><br \/>\nAnpassa din vapingupplevelse med\u00a0<strong>justerbar effekt<\/strong>\u00a0Inst\u00e4llningar. Den h\u00e4r funktionen g\u00f6r att du kan skr\u00e4ddarsy din vape efter dina specifika behov, vilket garanterar en perfekt puff varje g\u00e5ng.<\/li>\n<\/ul>\n<h2><strong>Tillg\u00e4ngliga smaker<\/strong><\/h2>\n<ol>\n<li>Bl\u00e5b\u00e4r Hallon<\/li>\n<li>Vattenmelon K\u00f6rsb\u00e4r<\/li>\n<li>Bl\u00e5b\u00e4rsis<\/li>\n<li>Vattenmelon-is<\/li>\n<li>Jordgubbar Vattenmelon<\/li>\n<li>Jordgubb Kiwi<\/li>\n<li>Red Bull<\/li>\n<li>Vattenmelon Bubblegum<\/li>\n<li>Grape Ice<\/li>\n<li>Persika Mango<\/li>\n<li>Persika is<\/li>\n<li>Blandad frukt<\/li>\n<\/ol>\n<h2><strong>F\u00f6rpackningsdetaljer<\/strong><\/h2>\n<ul>\n<li>1\/ enstaka l\u00e5da<\/li>\n<li>10\/ displayl\u00e5da<\/li>\n<li>180\/kartong, 21,5 kg<\/li>\n<\/ul>\n<figure id=\"attachment_19716\" aria-describedby=\"caption-attachment-19716\" style=\"width: 692px\" class=\"wp-caption alignnone\"><img loading=\"lazy\" decoding=\"async\" class=\"wp-image-19716 size-full\" title=\"Bang 32000 Puffs Eng\u00e5ngs Vape Partihandel\" src=\"https:\/\/www.vape4wholesale.com\/wp-content\/uploads\/2025\/02\/Bang-32000-Puffs-Disposable-Vape-Wholesale.webp\" alt=\"Bang 32000 Puffs Eng\u00e5ngs Vape Partihandel\" width=\"692\" height=\"1323\" srcset=\"https:\/\/www.vape4wholesale.com\/wp-content\/uploads\/2025\/02\/Bang-32000-Puffs-Disposable-Vape-Wholesale.webp 692w, https:\/\/www.vape4wholesale.com\/wp-content\/uploads\/2025\/02\/Bang-32000-Puffs-Disposable-Vape-Wholesale-510x975.webp 510w, https:\/\/www.vape4wholesale.com\/wp-content\/uploads\/2025\/02\/Bang-32000-Puffs-Disposable-Vape-Wholesale-64x122.webp 64w, https:\/\/www.vape4wholesale.com\/wp-content\/uploads\/2025\/02\/Bang-32000-Puffs-Disposable-Vape-Wholesale-157x300.webp 157w, https:\/\/www.vape4wholesale.com\/wp-content\/uploads\/2025\/02\/Bang-32000-Puffs-Disposable-Vape-Wholesale-536x1024.webp 536w, https:\/\/www.vape4wholesale.com\/wp-content\/uploads\/2025\/02\/Bang-32000-Puffs-Disposable-Vape-Wholesale-6x12.webp 6w\" sizes=\"auto, (max-width: 692px) 100vw, 692px\" \/><figcaption id=\"caption-attachment-19716\" class=\"wp-caption-text\">Bang 32000 Puffs Eng\u00e5ngs Vape Partihandel<\/figcaption><\/figure>\n<h2>VARF\u00d6R OSS?<\/h2>\r\n<ul>\r\n<li>Verklig, p\u00e5litlig och professionell vape-k\u00e4lla.<\/li>\r\n<li>100% \u00e4kta garanti: Vi tillhandah\u00e5ller endast original- och \u00e4kta produkter, v\u00e4grar f\u00f6rfalskning.<\/li>\r\n<li>100% Leveransgaranti: Vi anv\u00e4nder den b\u00e4sta fraktmetoden f\u00f6r att s\u00e4kerst\u00e4lla att du f\u00e5r best\u00e4llningen 100%.<\/li>\r\n<li>Vi kommer att ge dig sp\u00e5rningsnumret och fraktetiketten efter leverans och sp\u00e5ra varorna \u00e5t dig tills du kvitterar ut dem.<\/li>\r\n<li>Inga tullproblem, inga tullar<\/li>\r\n<\/ul>","protected":false},"excerpt":{"rendered":"<div class=\"wsppc_div_block woocommerce_before_add_to_cart_form\">\r\n<p><strong><span style=\"color: #00a859;\">Clear customs<\/span> before delivery &amp; 100% Delivery Guarantee, Delivery in 19~25 days around.\u00a0<\/strong><\/p>\r\n<\/div>","protected":false},"featured_media":19730,"comment_status":"open","ping_status":"closed","template":"","meta":[],"pwb-brand":[1275],"product_cat":[873],"product_tag":[22,24,249,944,1047],"class_list":{"0":"post-19715","1":"product","2":"type-product","3":"status-publish","4":"has-post-thumbnail","6":"pwb-brand-bang","7":"product_cat-above-20k-puffs","8":"product_tag-disposable","9":"product_tag-wholesale","10":"product_tag-bang","11":"product_tag-32000-puffs","12":"product_tag-32-0ml","13":"wcpa_has_options","15":"first","16":"instock","17":"shipping-taxable","18":"purchasable","19":"product-type-variable"},"aioseo_notices":[],"brands":[{"id":1275,"name":"Pang","slug":"bang"}],"_links":{"self":[{"href":"https:\/\/www.vape4wholesale.com\/sv\/wp-json\/wp\/v2\/product\/19715","targetHints":{"allow":["GET"]}}],"collection":[{"href":"https:\/\/www.vape4wholesale.com\/sv\/wp-json\/wp\/v2\/product"}],"about":[{"href":"https:\/\/www.vape4wholesale.com\/sv\/wp-json\/wp\/v2\/types\/product"}],"replies":[{"embeddable":true,"href":"https:\/\/www.vape4wholesale.com\/sv\/wp-json\/wp\/v2\/comments?post=19715"}],"wp:featuredmedia":[{"embeddable":true,"href":"https:\/\/www.vape4wholesale.com\/sv\/wp-json\/wp\/v2\/media\/19730"}],"wp:attachment":[{"href":"https:\/\/www.vape4wholesale.com\/sv\/wp-json\/wp\/v2\/media?parent=19715"}],"wp:term":[{"taxonomy":"pwb-brand","embeddable":true,"href":"https:\/\/www.vape4wholesale.com\/sv\/wp-json\/wp\/v2\/pwb-brand?post=19715"},{"taxonomy":"product_cat","embeddable":true,"href":"https:\/\/www.vape4wholesale.com\/sv\/wp-json\/wp\/v2\/product_cat?post=19715"},{"taxonomy":"product_tag","embeddable":true,"href":"https:\/\/www.vape4wholesale.com\/sv\/wp-json\/wp\/v2\/product_tag?post=19715"}],"curies":[{"name":"wp","href":"https:\/\/api.w.org\/{rel}","templated":true}]}}