{"id":18856,"date":"2025-01-07T11:31:25","date_gmt":"2025-01-07T03:31:25","guid":{"rendered":"https:\/\/www.vape4wholesale.com\/?post_type=product&#038;p=18856"},"modified":"2026-01-27T13:49:54","modified_gmt":"2026-01-27T13:49:54","slug":"happ-bar-gr20000-engangs-vape-grossist","status":"publish","type":"product","link":"https:\/\/www.vape4wholesale.com\/sv\/product\/happ-bar-gr20000-disposable-vape-wholesale","title":{"rendered":"Happ Bar GR20000 Eng\u00e5ngsvape grossist"},"content":{"rendered":"<p>Den <a title=\"Happ Bar\" href=\"https:\/\/www.vape4wholesale.com\/sv\/produkt_varumarke\/happ-bar\/\">Happ Bar<\/a> GR20000 \u00e4r en unik designad eng\u00e5ngs vape. Den levereras med elv\u00e4tska och str\u00f6mdisplay, samtidigt \u00e4r luftfl\u00f6desjusteringen tillg\u00e4nglig. inbyggd 25 ml elv\u00e4tska och 650 mAh uppladdningsbart batteri, som kan st\u00f6dja upp till 20 000 puffar.<\/p>\n<p>Den levereras med en liten display som exakt visar den aktuella batteristr\u00f6mmen och den \u00e5terst\u00e5ende elv\u00e4tskan. Den har ett mycket unikt utseende med en tv\u00e5f\u00e4rgad gjuten design och en ergonomisk kropp. under tiden Den anv\u00e4nder en ny generation av n\u00e4tspole, vilket g\u00f6r GR2000 till en b\u00e4ttre upplevelse och smak.<\/p>\n<h2>Happ Bar GR20000 Eng\u00e5ngsvape Snabb detalj<\/h2>\n<ul>\n<li>Puffar: Upp till 20.000<\/li>\n<li>Nikotinstyrka: 2%, 5%<\/li>\n<li>Batterikapacitet: 650mAh<\/li>\n<li>Laddningsport: Typpe C<\/li>\n<li>Resistans: 1,0 ohm<\/li>\n<li>Eliquid-kapacitet: 25 ml<\/li>\n<\/ul>\n<h2>Tillg\u00e4ngliga smaker<\/h2>\n<ol>\n<li>Blue Razz Gummibj\u00f6rn<\/li>\n<li>Bl\u00e5b\u00e4r K\u00f6rsb\u00e4r Tranb\u00e4r<\/li>\n<li>Bl\u00e5b\u00e4rsis<\/li>\n<li>Bl\u00e5b\u00e4r Hallon<\/li>\n<li>K\u00f6rsb\u00e4rsis<\/li>\n<li>Kokosn\u00f6t Citron<\/li>\n<li>Hami Melon<\/li>\n<li>Kiwi Passionsfrukt Guava<\/li>\n<li>Citron hagel<\/li>\n<li>Monster Mango<\/li>\n<li>Ananas kokosn\u00f6t<\/li>\n<li>Hallon Vattenmelon<\/li>\n<li>Jordgubbar Bananer<\/li>\n<li>Jordgubbsis<\/li>\n<li>Jordgubb Kiwi<\/li>\n<li>Jordgubbar Hallon<\/li>\n<li>Jordgubb Vanilj Cola<\/li>\n<li>Vattenmelon-is<\/li>\n<\/ol>\n<figure id=\"attachment_18817\" aria-describedby=\"caption-attachment-18817\" style=\"width: 800px\" class=\"wp-caption alignnone\"><img loading=\"lazy\" decoding=\"async\" class=\"size-full wp-image-18817\" title=\"Happ Bar GR20000 Eng\u00e5ngsvape grossist\" src=\"https:\/\/www.vape4wholesale.com\/wp-content\/uploads\/2025\/01\/Happ-Bar-GR20000-Disposable-Vape-Wholesale.webp\" alt=\"Happ Bar GR20000 Eng\u00e5ngsvape grossist\" width=\"800\" height=\"800\" srcset=\"https:\/\/www.vape4wholesale.com\/wp-content\/uploads\/2025\/01\/Happ-Bar-GR20000-Disposable-Vape-Wholesale.webp 800w, https:\/\/www.vape4wholesale.com\/wp-content\/uploads\/2025\/01\/Happ-Bar-GR20000-Disposable-Vape-Wholesale-247x247.webp 247w, https:\/\/www.vape4wholesale.com\/wp-content\/uploads\/2025\/01\/Happ-Bar-GR20000-Disposable-Vape-Wholesale-100x100.webp 100w, https:\/\/www.vape4wholesale.com\/wp-content\/uploads\/2025\/01\/Happ-Bar-GR20000-Disposable-Vape-Wholesale-510x510.webp 510w, https:\/\/www.vape4wholesale.com\/wp-content\/uploads\/2025\/01\/Happ-Bar-GR20000-Disposable-Vape-Wholesale-64x64.webp 64w, https:\/\/www.vape4wholesale.com\/wp-content\/uploads\/2025\/01\/Happ-Bar-GR20000-Disposable-Vape-Wholesale-300x300.webp 300w, https:\/\/www.vape4wholesale.com\/wp-content\/uploads\/2025\/01\/Happ-Bar-GR20000-Disposable-Vape-Wholesale-150x150.webp 150w, https:\/\/www.vape4wholesale.com\/wp-content\/uploads\/2025\/01\/Happ-Bar-GR20000-Disposable-Vape-Wholesale-768x768.webp 768w, https:\/\/www.vape4wholesale.com\/wp-content\/uploads\/2025\/01\/Happ-Bar-GR20000-Disposable-Vape-Wholesale-12x12.webp 12w\" sizes=\"auto, (max-width: 800px) 100vw, 800px\" \/><figcaption id=\"caption-attachment-18817\" class=\"wp-caption-text\">Happ Bar GR20000 Eng\u00e5ngsvape grossist<\/figcaption><\/figure>\n<h2>VARF\u00d6R OSS?<\/h2>\r\n<ul>\r\n<li>Verklig, p\u00e5litlig och professionell vape-k\u00e4lla.<\/li>\r\n<li>100% \u00e4kta garanti: Vi tillhandah\u00e5ller endast original- och \u00e4kta produkter, v\u00e4grar f\u00f6rfalskning.<\/li>\r\n<li>100% Leveransgaranti: Vi anv\u00e4nder den b\u00e4sta fraktmetoden f\u00f6r att s\u00e4kerst\u00e4lla att du f\u00e5r best\u00e4llningen 100%.<\/li>\r\n<li>Vi kommer att ge dig sp\u00e5rningsnumret och fraktetiketten efter leverans och sp\u00e5ra varorna \u00e5t dig tills du kvitterar ut dem.<\/li>\r\n<li>Inga tullproblem, inga tullar<\/li>\r\n<\/ul>\n<p>&nbsp;<\/p>\n<p>&nbsp;<\/p>","protected":false},"excerpt":{"rendered":"<p><b><span style=\"color: #00a859;\">Fri frakt<\/span>\u00a0fr\u00e5n Europa-lager, leveranstid 7-15 arbetsdagar.<\/b><\/p>\r\n<div class=\"wsppc_div_block woocommerce_before_add_to_cart_form\">\r\n<p><strong>Tulla varorna f\u00f6re leverans &amp; 100% Leveransgaranti<\/strong><\/p>\r\n<\/div>\n<p><span style=\"color: #ff0000;\"><strong>Obs: Denna produkt har uppgraderats till <a href=\"https:\/\/www.vape4wholesale.com\/sv\/produkt\/happ-bar-gr30000-engangs-vape-grossist\/\" target=\"_blank\" rel=\"noopener\">GR30000<\/a>, \u2192 <a href=\"https:\/\/www.vape4wholesale.com\/sv\/produkt\/happ-bar-gr30000-engangs-vape-grossist\/\" target=\"_blank\" rel=\"noopener\">V\u00e4nligen klicka f\u00f6r att best\u00e4lla den nya versionen.<\/a><\/strong><\/span><\/p>","protected":false},"featured_media":18821,"comment_status":"open","ping_status":"closed","template":"","meta":[],"pwb-brand":[1267],"product_cat":[938],"product_tag":[794,1035,22,24,692],"class_list":{"0":"post-18856","1":"product","2":"type-product","3":"status-publish","4":"has-post-thumbnail","6":"pwb-brand-happ-bar","7":"product_cat-europe-warehouse","8":"product_tag-20000-puffs","9":"product_tag-happ-bar","10":"product_tag-disposable","11":"product_tag-wholesale","12":"product_tag-25-0ml","13":"product_shipping_class-eu-warehouse","14":"wcpa_has_options","16":"first","17":"instock","18":"shipping-taxable","19":"purchasable","20":"product-type-variable"},"aioseo_notices":[],"brands":[{"id":1267,"name":"Happ Bar","slug":"happ-bar"}],"_links":{"self":[{"href":"https:\/\/www.vape4wholesale.com\/sv\/wp-json\/wp\/v2\/product\/18856","targetHints":{"allow":["GET"]}}],"collection":[{"href":"https:\/\/www.vape4wholesale.com\/sv\/wp-json\/wp\/v2\/product"}],"about":[{"href":"https:\/\/www.vape4wholesale.com\/sv\/wp-json\/wp\/v2\/types\/product"}],"replies":[{"embeddable":true,"href":"https:\/\/www.vape4wholesale.com\/sv\/wp-json\/wp\/v2\/comments?post=18856"}],"wp:featuredmedia":[{"embeddable":true,"href":"https:\/\/www.vape4wholesale.com\/sv\/wp-json\/wp\/v2\/media\/18821"}],"wp:attachment":[{"href":"https:\/\/www.vape4wholesale.com\/sv\/wp-json\/wp\/v2\/media?parent=18856"}],"wp:term":[{"taxonomy":"pwb-brand","embeddable":true,"href":"https:\/\/www.vape4wholesale.com\/sv\/wp-json\/wp\/v2\/pwb-brand?post=18856"},{"taxonomy":"product_cat","embeddable":true,"href":"https:\/\/www.vape4wholesale.com\/sv\/wp-json\/wp\/v2\/product_cat?post=18856"},{"taxonomy":"product_tag","embeddable":true,"href":"https:\/\/www.vape4wholesale.com\/sv\/wp-json\/wp\/v2\/product_tag?post=18856"}],"curies":[{"name":"wp","href":"https:\/\/api.w.org\/{rel}","templated":true}]}}