{"id":18747,"date":"2025-01-06T12:32:13","date_gmt":"2025-01-06T04:32:13","guid":{"rendered":"https:\/\/www.vape4wholesale.com\/?post_type=product&#038;p=18747"},"modified":"2026-01-26T13:39:46","modified_gmt":"2026-01-26T13:39:46","slug":"vapsolo-galaxy-30000-puffar-engangs-vape-grossist","status":"publish","type":"product","link":"https:\/\/www.vape4wholesale.com\/sv\/produkt\/vapsolo-galaxy-30000-puffar-engangs-vape-grossist","title":{"rendered":"Vapsolo Galaxy 30000 Puffs Eng\u00e5ngs Vape Partihandel"},"content":{"rendered":"<p>Vapsolo Galaxy 30000 \u00e4r den senaste produkten i serien <a title=\"Vapsolo\" href=\"https:\/\/www.vape4wholesale.com\/sv\/produkt_varumarke\/vapsolo\/\">Vapsolo<\/a> sortimentet, som lanserades i januari 2025, kommer den med dubbla l\u00e4gen f\u00f6r justering av normal- och turbol\u00e4ge, dess displaysk\u00e4rm med inbyggda RGB-lampor som visar elv\u00e4tska och batteriprocent.<\/p>\n<p><strong>Vad \u00e4r det som g\u00f6r Vapsolo Galaxy annorlunda?<\/strong><\/p>\n<ul>\n<li>F\u00f6r det f\u00f6rsta har den en multifunktionell display, genom vilken du kan v\u00e4xla direkt mellan normal- och burst-l\u00e4ge f\u00f6r olika vapingupplevelser. Displayen visar ocks\u00e5 \u00e5terst\u00e5ende elv\u00e4tska och batteriprocent.<\/li>\n<li>\u00c4ven h\u00e4r har den ett bakstycke av harts som framh\u00e4ver produktens struktur, samtidigt som det bidrar till produktens \u00f6vergripande estetik.<\/li>\n<li>Slutligen kommer den med 40 ml elv\u00e4tska, uppladdningsbart 650mah-batteri. Om du letar efter en eng\u00e5ngsvape som \u00e4r tillr\u00e4ckligt stark f\u00f6r att fungera under en l\u00e4ngre tid, kommer Vapsolo Galaxy att vara ditt b\u00e4sta val.<\/li>\n<\/ul>\n<h2>Vapsolo Galaxy 30000 Puffs Eng\u00e5ngs Vape Snabba detaljer<\/h2>\n<ul>\n<li>Varum\u00e4rke &amp; modell: Vapsolo Galaxy<\/li>\n<li>Puffar: Upp till 30.000 puffar<\/li>\n<li>Digital displaysk\u00e4rm<\/li>\n<li>Kapacitet f\u00f6r e-v\u00e4tska: 40 ML<\/li>\n<li>Batteri: 850 mAh (uppladdningsbart)<\/li>\n<li>Laddningsport: Typ-C<\/li>\n<li>Typ av spole: Mesh-spole<\/li>\n<li>Spolmotst\u00e5nd: 0,6 ohm<\/li>\n<\/ul>\n<h2>Tillg\u00e4nglig smak<\/h2>\n<ol>\n<li>Black Ice Drakfrukt Jordgubb<\/li>\n<li>Blue Razz<\/li>\n<li>Citron Lime<\/li>\n<li>Citron Persika<\/li>\n<li>Ananas kokosn\u00f6t<\/li>\n<li>Hallon Vattenmelon<\/li>\n<li>Jordgubbar Bananer<\/li>\n<li>Jordgubb Kiwi<\/li>\n<li>Jordgubb Hallon K\u00f6rsb\u00e4r Is<\/li>\n<li>Red Bull med jordgubbar<\/li>\n<li>Triple Melon<\/li>\n<li>Vattenmelon-is<\/li>\n<\/ol>\n<h2>F\u00f6rpackningsdetaljer<\/h2>\n<ul>\n<li>1\/ Enstaka l\u00e5da<\/li>\n<li>10\/ Displayl\u00e5da<\/li>\n<li>200\/kartong, 26 kg<\/li>\n<\/ul>\n<figure id=\"attachment_18762\" aria-describedby=\"caption-attachment-18762\" style=\"width: 800px\" class=\"wp-caption alignnone\"><img loading=\"lazy\" decoding=\"async\" class=\"wp-image-18762 size-full\" title=\"Vapsolo Galaxy 30000 Puffs Eng\u00e5ngs Vape Partihandel\" src=\"https:\/\/www.vape4wholesale.com\/wp-content\/uploads\/2025\/01\/Vapsolo-Galaxy-30000-Puffs-Disposable-Vape-Wholesale.webp\" alt=\"Vapsolo Galaxy 30000 Puffs Eng\u00e5ngs Vape Partihandel\" width=\"800\" height=\"800\" srcset=\"https:\/\/www.vape4wholesale.com\/wp-content\/uploads\/2025\/01\/Vapsolo-Galaxy-30000-Puffs-Disposable-Vape-Wholesale.webp 800w, https:\/\/www.vape4wholesale.com\/wp-content\/uploads\/2025\/01\/Vapsolo-Galaxy-30000-Puffs-Disposable-Vape-Wholesale-247x247.webp 247w, https:\/\/www.vape4wholesale.com\/wp-content\/uploads\/2025\/01\/Vapsolo-Galaxy-30000-Puffs-Disposable-Vape-Wholesale-100x100.webp 100w, https:\/\/www.vape4wholesale.com\/wp-content\/uploads\/2025\/01\/Vapsolo-Galaxy-30000-Puffs-Disposable-Vape-Wholesale-510x510.webp 510w, https:\/\/www.vape4wholesale.com\/wp-content\/uploads\/2025\/01\/Vapsolo-Galaxy-30000-Puffs-Disposable-Vape-Wholesale-64x64.webp 64w, https:\/\/www.vape4wholesale.com\/wp-content\/uploads\/2025\/01\/Vapsolo-Galaxy-30000-Puffs-Disposable-Vape-Wholesale-300x300.webp 300w, https:\/\/www.vape4wholesale.com\/wp-content\/uploads\/2025\/01\/Vapsolo-Galaxy-30000-Puffs-Disposable-Vape-Wholesale-150x150.webp 150w, https:\/\/www.vape4wholesale.com\/wp-content\/uploads\/2025\/01\/Vapsolo-Galaxy-30000-Puffs-Disposable-Vape-Wholesale-768x768.webp 768w, https:\/\/www.vape4wholesale.com\/wp-content\/uploads\/2025\/01\/Vapsolo-Galaxy-30000-Puffs-Disposable-Vape-Wholesale-12x12.webp 12w\" sizes=\"auto, (max-width: 800px) 100vw, 800px\" \/><figcaption id=\"caption-attachment-18762\" class=\"wp-caption-text\">Vapsolo Galaxy 30000 Puffs Eng\u00e5ngs Vape Partihandel<\/figcaption><\/figure>\n<p><img loading=\"lazy\" decoding=\"async\" class=\"wp-image-18763 size-full\" title=\"Vapsolo Galaxy 30000 Puffs Eng\u00e5ngs Vape\" src=\"https:\/\/www.vape4wholesale.com\/wp-content\/uploads\/2025\/01\/Vapsolo-Galaxy-30000-Puffs-Disposable-Vape.webp\" alt=\"Vapsolo Galaxy 30000 Puffs Eng\u00e5ngs Vape\" width=\"800\" height=\"800\" srcset=\"https:\/\/www.vape4wholesale.com\/wp-content\/uploads\/2025\/01\/Vapsolo-Galaxy-30000-Puffs-Disposable-Vape.webp 800w, https:\/\/www.vape4wholesale.com\/wp-content\/uploads\/2025\/01\/Vapsolo-Galaxy-30000-Puffs-Disposable-Vape-247x247.webp 247w, https:\/\/www.vape4wholesale.com\/wp-content\/uploads\/2025\/01\/Vapsolo-Galaxy-30000-Puffs-Disposable-Vape-100x100.webp 100w, https:\/\/www.vape4wholesale.com\/wp-content\/uploads\/2025\/01\/Vapsolo-Galaxy-30000-Puffs-Disposable-Vape-510x510.webp 510w, https:\/\/www.vape4wholesale.com\/wp-content\/uploads\/2025\/01\/Vapsolo-Galaxy-30000-Puffs-Disposable-Vape-64x64.webp 64w, https:\/\/www.vape4wholesale.com\/wp-content\/uploads\/2025\/01\/Vapsolo-Galaxy-30000-Puffs-Disposable-Vape-300x300.webp 300w, https:\/\/www.vape4wholesale.com\/wp-content\/uploads\/2025\/01\/Vapsolo-Galaxy-30000-Puffs-Disposable-Vape-150x150.webp 150w, https:\/\/www.vape4wholesale.com\/wp-content\/uploads\/2025\/01\/Vapsolo-Galaxy-30000-Puffs-Disposable-Vape-768x768.webp 768w, https:\/\/www.vape4wholesale.com\/wp-content\/uploads\/2025\/01\/Vapsolo-Galaxy-30000-Puffs-Disposable-Vape-12x12.webp 12w\" sizes=\"auto, (max-width: 800px) 100vw, 800px\" \/><\/p>\n<h2>VARF\u00d6R OSS?<\/h2>\r\n<ul>\r\n<li>Verklig, p\u00e5litlig och professionell vape-k\u00e4lla.<\/li>\r\n<li>100% \u00e4kta garanti: Vi tillhandah\u00e5ller endast original- och \u00e4kta produkter, v\u00e4grar f\u00f6rfalskning.<\/li>\r\n<li>100% Leveransgaranti: Vi anv\u00e4nder den b\u00e4sta fraktmetoden f\u00f6r att s\u00e4kerst\u00e4lla att du f\u00e5r best\u00e4llningen 100%.<\/li>\r\n<li>Vi kommer att ge dig sp\u00e5rningsnumret och fraktetiketten efter leverans och sp\u00e5ra varorna \u00e5t dig tills du kvitterar ut dem.<\/li>\r\n<li>Inga tullproblem, inga tullar<\/li>\r\n<\/ul>","protected":false},"excerpt":{"rendered":"<p><b><span style=\"color: #00a859;\">Free shipping<\/span>\u00a0from Europe warehouse, 7-15 working days delivery time.<\/b><\/p>\r\n<div class=\"wsppc_div_block woocommerce_before_add_to_cart_form\">\r\n<p><strong>Clear customs before delivery &amp; 100% Delivery Guarantee<\/strong><\/p>\r\n<\/div>","protected":false},"featured_media":18762,"comment_status":"open","ping_status":"closed","template":"","meta":[],"pwb-brand":[1271],"product_cat":[873],"product_tag":[22,24,850,899,1026],"class_list":{"0":"post-18747","1":"product","2":"type-product","3":"status-publish","4":"has-post-thumbnail","6":"pwb-brand-vapsolo","7":"product_cat-above-20k-puffs","8":"product_tag-disposable","9":"product_tag-wholesale","10":"product_tag-30000-puffs","11":"product_tag-vapsolo","12":"product_tag-40-0ml","13":"product_shipping_class-vapsolo-cn-eu","14":"wcpa_has_options","16":"first","17":"instock","18":"shipping-taxable","19":"purchasable","20":"product-type-variable"},"aioseo_notices":[],"brands":[{"id":1271,"name":"Vapsolo","slug":"vapsolo"}],"_links":{"self":[{"href":"https:\/\/www.vape4wholesale.com\/sv\/wp-json\/wp\/v2\/product\/18747","targetHints":{"allow":["GET"]}}],"collection":[{"href":"https:\/\/www.vape4wholesale.com\/sv\/wp-json\/wp\/v2\/product"}],"about":[{"href":"https:\/\/www.vape4wholesale.com\/sv\/wp-json\/wp\/v2\/types\/product"}],"replies":[{"embeddable":true,"href":"https:\/\/www.vape4wholesale.com\/sv\/wp-json\/wp\/v2\/comments?post=18747"}],"wp:featuredmedia":[{"embeddable":true,"href":"https:\/\/www.vape4wholesale.com\/sv\/wp-json\/wp\/v2\/media\/18762"}],"wp:attachment":[{"href":"https:\/\/www.vape4wholesale.com\/sv\/wp-json\/wp\/v2\/media?parent=18747"}],"wp:term":[{"taxonomy":"pwb-brand","embeddable":true,"href":"https:\/\/www.vape4wholesale.com\/sv\/wp-json\/wp\/v2\/pwb-brand?post=18747"},{"taxonomy":"product_cat","embeddable":true,"href":"https:\/\/www.vape4wholesale.com\/sv\/wp-json\/wp\/v2\/product_cat?post=18747"},{"taxonomy":"product_tag","embeddable":true,"href":"https:\/\/www.vape4wholesale.com\/sv\/wp-json\/wp\/v2\/product_tag?post=18747"}],"curies":[{"name":"wp","href":"https:\/\/api.w.org\/{rel}","templated":true}]}}