{"id":18528,"date":"2024-12-22T15:16:59","date_gmt":"2024-12-22T07:16:59","guid":{"rendered":"https:\/\/www.vape4wholesale.com\/?post_type=product&#038;p=18528"},"modified":"2026-01-27T13:55:14","modified_gmt":"2026-01-27T13:55:14","slug":"waspe-fihp-30000-30k-puffar-engangs-vape-grossist","status":"publish","type":"product","link":"https:\/\/www.vape4wholesale.com\/sv\/product\/waspe-fihp-30000-30k-puffs-disposable-vape-wholesale","title":{"rendered":"WASPE FIHP 30000 30K Puffs Eng\u00e5ngs Vape Partihandel"},"content":{"rendered":"<p>Den <strong><a title=\"WASPE\" href=\"https:\/\/www.vape4wholesale.com\/sv\/produkt_varumarke\/waspe\/\">WASPE<\/a> FIHP 30000 30K<\/strong> Puffs Disposable Vape \u00e4r utformad f\u00f6r vapers som letar efter kvalitet och l\u00e5ng livsl\u00e4ngd. Denna innovativa enhet levererar imponerande 30 000 puffar i normall\u00e4ge och 15 000 puffar i pulsl\u00e4ge, vilket garanterar en l\u00e5ngvarig vapingupplevelse utan behov av frekventa byten.<\/p>\n<p>WASPE FIHP 30K har en imponerande kapacitet p\u00e5 28 ml e-juice och erbjuder flexibla nikotinalternativ p\u00e5 0%, 2% och 5% f\u00f6r att passa alla preferenser. Dess dual mesh coil-system (1ohm + 1ohm) f\u00f6rb\u00e4ttrar smakintensiteten och \u00e5ngproduktionen f\u00f6r en tillfredsst\u00e4llande inandning varje g\u00e5ng.<\/p>\n<p>Enheten har ett uppladdningsbart batteri p\u00e5 850 mAh som kan laddas via Type-C-porten f\u00f6r snabb och effektiv uppladdning. Det justerbara luftfl\u00f6det g\u00f6r det enkelt att anpassa din vaping-stil f\u00f6r att matcha din vaping-stil. Dessutom g\u00f6r den inbyggda LED-displayen det enkelt att \u00f6vervaka din vapingstatistik och den kompakta designen s\u00e4kerst\u00e4ller b\u00e4rbarhet.<\/p>\n<p>Denna enhet heter ocks\u00e5 WASPE FX 30000 BOX, WASPE FW 30000 BOX och WASPE FIHP 30K<\/p>\n<h2>WASPE FIHP 30000 30K Puffs Eng\u00e5ngs Vape Snabba detaljer<strong><br \/>\n<\/strong><\/h2>\n<ul>\n<li>Regelbundet l\u00e4ge: 30000 Puffar<\/li>\n<li>Pulsl\u00e4ge: 15000 puffar<\/li>\n<li>Dual Mesh-spole: 1ohm+1ohm<\/li>\n<li>E-v\u00e4tska:28ml<\/li>\n<li>Nicotine:0%\/2%\/5%<\/li>\n<li>Batteri:850mah<\/li>\n<li>Justerbart luftfl\u00f6de<\/li>\n<li>Laddningsbar:Typ-C<\/li>\n<li>LED-display<\/li>\n<\/ul>\n<h2>Tillg\u00e4ngliga smaker<\/h2>\n<ul>\n<li>01. Jordgubb Mango<\/li>\n<li>02. Blandade b\u00e4r<\/li>\n<li>03. Vattenmelon is<\/li>\n<li>04. Jordgubb vattenmelon<\/li>\n<li>05. Jordgubb Red Bull<\/li>\n<li>06. Kiwi Passionsfrukt Guava<\/li>\n<li>07. Grape Ice<\/li>\n<li>08. Dubbel \u00e4pple is<\/li>\n<li>09. Bl\u00e5b\u00e4r hallon<\/li>\n<li>10. Vattenmelon Mango Persika<\/li>\n<li>11. Bl\u00e5b\u00e4rsis<\/li>\n<li>12. Persika b\u00e4r<\/li>\n<li>13. Jordgubbe kiwi<\/li>\n<li>14. K\u00f6rsb\u00e4rsis<\/li>\n<li>15. Jordgubbe Hallon K\u00f6rsb\u00e4r<\/li>\n<li>16. Vattenmelon Bubblegum<\/li>\n<\/ul>\n<h2>Detaljer om paketeringen<\/h2>\n<ul>\n<li>Produktvikt: 107g\/st<\/li>\n<li>Produktstorlek: 61*31*115mm<\/li>\n<li>Kartongstorlek: 650*330*240mm<\/li>\n<li>ANTAL: 200 st\/ctn, 10 st\/box<\/li>\n<li>Vikt: 23 kg<\/li>\n<\/ul>\n<figure id=\"attachment_18529\" aria-describedby=\"caption-attachment-18529\" style=\"width: 800px\" class=\"wp-caption alignnone\"><img loading=\"lazy\" decoding=\"async\" class=\"size-full wp-image-18529\" title=\"WASPE FIHP 30000 30K Puffs Eng\u00e5ngs Vape Partihandel\" src=\"https:\/\/www.vape4wholesale.com\/wp-content\/uploads\/2024\/12\/WASPE-FIHP-30000-30K-Puffs-Disposable-Vape-Wholesale.webp\" alt=\"WASPE FIHP 30000 30K Puffs Eng\u00e5ngs Vape Partihandel\" width=\"800\" height=\"800\" srcset=\"https:\/\/www.vape4wholesale.com\/wp-content\/uploads\/2024\/12\/WASPE-FIHP-30000-30K-Puffs-Disposable-Vape-Wholesale.webp 800w, https:\/\/www.vape4wholesale.com\/wp-content\/uploads\/2024\/12\/WASPE-FIHP-30000-30K-Puffs-Disposable-Vape-Wholesale-247x247.webp 247w, https:\/\/www.vape4wholesale.com\/wp-content\/uploads\/2024\/12\/WASPE-FIHP-30000-30K-Puffs-Disposable-Vape-Wholesale-100x100.webp 100w, https:\/\/www.vape4wholesale.com\/wp-content\/uploads\/2024\/12\/WASPE-FIHP-30000-30K-Puffs-Disposable-Vape-Wholesale-510x510.webp 510w\" sizes=\"auto, (max-width: 800px) 100vw, 800px\" \/><figcaption id=\"caption-attachment-18529\" class=\"wp-caption-text\">WASPE FIHP 30000 30K Puffs Eng\u00e5ngs Vape Partihandel<\/figcaption><\/figure>\n<figure id=\"attachment_18531\" aria-describedby=\"caption-attachment-18531\" style=\"width: 800px\" class=\"wp-caption alignnone\"><img loading=\"lazy\" decoding=\"async\" class=\"size-full wp-image-18531\" title=\"WASPE FIHP 30000 30K Puffs Eng\u00e5ngs Vape Partihandel 3\" src=\"https:\/\/www.vape4wholesale.com\/wp-content\/uploads\/2024\/12\/WASPE-FIHP-30000-30K-Puffs-Disposable-Vape-Wholesale-3.webp\" alt=\"WASPE FIHP 30000 30K Puffs Eng\u00e5ngs Vape Partihandel 3\" width=\"800\" height=\"800\" srcset=\"https:\/\/www.vape4wholesale.com\/wp-content\/uploads\/2024\/12\/WASPE-FIHP-30000-30K-Puffs-Disposable-Vape-Wholesale-3.webp 800w, https:\/\/www.vape4wholesale.com\/wp-content\/uploads\/2024\/12\/WASPE-FIHP-30000-30K-Puffs-Disposable-Vape-Wholesale-3-247x247.webp 247w, https:\/\/www.vape4wholesale.com\/wp-content\/uploads\/2024\/12\/WASPE-FIHP-30000-30K-Puffs-Disposable-Vape-Wholesale-3-100x100.webp 100w, https:\/\/www.vape4wholesale.com\/wp-content\/uploads\/2024\/12\/WASPE-FIHP-30000-30K-Puffs-Disposable-Vape-Wholesale-3-510x510.webp 510w, https:\/\/www.vape4wholesale.com\/wp-content\/uploads\/2024\/12\/WASPE-FIHP-30000-30K-Puffs-Disposable-Vape-Wholesale-3-64x64.webp 64w, https:\/\/www.vape4wholesale.com\/wp-content\/uploads\/2024\/12\/WASPE-FIHP-30000-30K-Puffs-Disposable-Vape-Wholesale-3-300x300.webp 300w, https:\/\/www.vape4wholesale.com\/wp-content\/uploads\/2024\/12\/WASPE-FIHP-30000-30K-Puffs-Disposable-Vape-Wholesale-3-150x150.webp 150w, https:\/\/www.vape4wholesale.com\/wp-content\/uploads\/2024\/12\/WASPE-FIHP-30000-30K-Puffs-Disposable-Vape-Wholesale-3-768x768.webp 768w, https:\/\/www.vape4wholesale.com\/wp-content\/uploads\/2024\/12\/WASPE-FIHP-30000-30K-Puffs-Disposable-Vape-Wholesale-3-12x12.webp 12w\" sizes=\"auto, (max-width: 800px) 100vw, 800px\" \/><figcaption id=\"caption-attachment-18531\" class=\"wp-caption-text\">WASPE FIHP 30000 30K Puffs Eng\u00e5ngsf\u00f6rpackning f\u00f6r Vape<\/figcaption><\/figure>\n<h2>VARF\u00d6R OSS?<\/h2>\r\n<ul>\r\n<li>Verklig, p\u00e5litlig och professionell vape-k\u00e4lla.<\/li>\r\n<li>100% \u00e4kta garanti: Vi tillhandah\u00e5ller endast original- och \u00e4kta produkter, v\u00e4grar f\u00f6rfalskning.<\/li>\r\n<li>100% Leveransgaranti: Vi anv\u00e4nder den b\u00e4sta fraktmetoden f\u00f6r att s\u00e4kerst\u00e4lla att du f\u00e5r best\u00e4llningen 100%.<\/li>\r\n<li>Vi kommer att ge dig sp\u00e5rningsnumret och fraktetiketten efter leverans och sp\u00e5ra varorna \u00e5t dig tills du kvitterar ut dem.<\/li>\r\n<li>Inga tullproblem, inga tullar<\/li>\r\n<\/ul>","protected":false},"excerpt":{"rendered":"<div class=\"wsppc_div_block woocommerce_before_add_to_cart_form\">\r\n<p><strong><span style=\"color: #00a859;\">Klarera tullen<\/span> f\u00f6re leverans &amp; 100% Leveransgaranti, Leverans p\u00e5 cirka 19\u201325 dagar.\u00a0<\/strong><\/p>\r\n<\/div>","protected":false},"featured_media":18529,"comment_status":"open","ping_status":"closed","template":"","meta":[],"pwb-brand":[1272],"product_cat":[873],"product_tag":[22,24,793,850,999],"class_list":{"0":"post-18528","1":"product","2":"type-product","3":"status-publish","4":"has-post-thumbnail","6":"pwb-brand-waspe","7":"product_cat-above-20k-puffs","8":"product_tag-disposable","9":"product_tag-wholesale","10":"product_tag-28-0ml","11":"product_tag-30000-puffs","12":"product_tag-waspe","13":"wcpa_has_options","15":"first","16":"outofstock","17":"shipping-taxable","18":"purchasable","19":"product-type-variable"},"aioseo_notices":[],"brands":[{"id":1272,"name":"Waspe","slug":"waspe"}],"_links":{"self":[{"href":"https:\/\/www.vape4wholesale.com\/sv\/wp-json\/wp\/v2\/product\/18528","targetHints":{"allow":["GET"]}}],"collection":[{"href":"https:\/\/www.vape4wholesale.com\/sv\/wp-json\/wp\/v2\/product"}],"about":[{"href":"https:\/\/www.vape4wholesale.com\/sv\/wp-json\/wp\/v2\/types\/product"}],"replies":[{"embeddable":true,"href":"https:\/\/www.vape4wholesale.com\/sv\/wp-json\/wp\/v2\/comments?post=18528"}],"wp:featuredmedia":[{"embeddable":true,"href":"https:\/\/www.vape4wholesale.com\/sv\/wp-json\/wp\/v2\/media\/18529"}],"wp:attachment":[{"href":"https:\/\/www.vape4wholesale.com\/sv\/wp-json\/wp\/v2\/media?parent=18528"}],"wp:term":[{"taxonomy":"pwb-brand","embeddable":true,"href":"https:\/\/www.vape4wholesale.com\/sv\/wp-json\/wp\/v2\/pwb-brand?post=18528"},{"taxonomy":"product_cat","embeddable":true,"href":"https:\/\/www.vape4wholesale.com\/sv\/wp-json\/wp\/v2\/product_cat?post=18528"},{"taxonomy":"product_tag","embeddable":true,"href":"https:\/\/www.vape4wholesale.com\/sv\/wp-json\/wp\/v2\/product_tag?post=18528"}],"curies":[{"name":"wp","href":"https:\/\/api.w.org\/{rel}","templated":true}]}}