{"id":1852,"date":"2022-07-29T10:37:10","date_gmt":"2022-07-29T02:37:10","guid":{"rendered":"https:\/\/www.vape4wholesale.com\/?post_type=product&#038;p=1852"},"modified":"2026-01-26T13:43:25","modified_gmt":"2026-01-26T13:43:25","slug":"randm-tornado-7000-puffar-engangs-vape-grossist","status":"publish","type":"product","link":"https:\/\/www.vape4wholesale.com\/sv\/product\/randm-tornado-7000-puffs-disposable-vape-wholesale","title":{"rendered":"RandM Tornado 7000 Puffs Eng\u00e5ngs Vape Partihandel"},"content":{"rendered":"<p><strong><a href=\"https:\/\/www.vape4wholesale.com\/sv\/produkt_varumarke\/randm\/\">RandM<\/a> Tornado 7000<\/strong>\u00a0\u00e4r en eng\u00e5ngs vape-enhet med luftfl\u00f6deskontroll och den \u00e4r uppladdningsbar. Den inneh\u00e5ller 14ml 5% nikotinsalt e-juice och kan ge upp till 7000 puffar. Det finns 20 smaker f\u00f6r dig att v\u00e4lja. Luftfl\u00f6deskontrollen l\u00e5ter dig v\u00e4lja den b\u00e4sta platsen som passar dig sj\u00e4lv plus att den levereras med en uppladdningsbar typ-C-port i enhetens bakre del, vilket garanterar att du avslutar den sista droppen av ejuice i tanken hela tiden.<\/p>\n<h2><b data-stringify-type=\"bold\">RandM Tornado 7000 Eng\u00e5ngsvape Funktioner<\/b><\/h2>\n<ul>\n<li>0\/2\/3\/5% Nikotinsalt<\/li>\n<li>14 ml e-juice<\/li>\n<li>7000 puffar per enhet<\/li>\n<li>Kontroll av luftfl\u00f6de<\/li>\n<li>Typ-C Recgarge<\/li>\n<li>Uppladdningsbart batteri<\/li>\n<li>Integrerat 850mAh-batteri<\/li>\n<li>52 tillg\u00e4ngliga smaker<\/li>\n<li>10 st i en displayl\u00e5da<\/li>\n<li>240 st i en kartong\/ 17 kg<\/li>\n<li>kartongstorlek: 46,2*26,9*30,6 CM<\/li>\n<\/ul>\n<h2><b data-stringify-type=\"bold\">Tillg\u00e4ngliga smaker<\/b><\/h2>\n<p>1.Cool Mint<br \/>\n2.Lush Ice<br \/>\n3. mandarin-is<br \/>\n4. jordgubbsmunkar<br \/>\n5. Gummibj\u00f6rn<br \/>\n6. bl\u00e5b\u00e4r p\u00e5 is<br \/>\n7. Mango p\u00e5 is<br \/>\n8. persika is<br \/>\n9. Bananis<br \/>\n10. Druv-is<br \/>\n11. rosa lemonad<br \/>\n12.Pina Colada-rom<br \/>\n13.Blandade b\u00e4r<br \/>\n14.Bananmilkshake<br \/>\n15.Stawberry Vattenmelon<br \/>\n16.R\u00f6d \u00e4pple citron<br \/>\n17. Ananas-is<br \/>\n18.Cotton Candy<br \/>\n19. Jordgubbsbanan<br \/>\n20. Jordgubbsis<br \/>\n21. jordgubbe kiwi<br \/>\n22.R\u00f6d energi is<br \/>\n23.Blue razz lemonad<br \/>\n24. Is med r\u00f6tt \u00e4pple<br \/>\n25.Berry lemonad<br \/>\n26. bl\u00e5b\u00e4rstuggummi<br \/>\n27.Bluesour hallon<br \/>\n28.Mr bl\u00e5<br \/>\n29.\u00c4pple persika p\u00e4ron<br \/>\n30.bl\u00e5b\u00e4r granat\u00e4pple<br \/>\n31. Vimto<br \/>\n32. kiwi passionsfrukt guava<br \/>\n33.Cola<br \/>\n34. surt \u00e4pple<br \/>\n35.Svartvinb\u00e4r mentol<br \/>\n36.Tigerblod<br \/>\n37.Persika bl\u00e5b\u00e4rsgodis<br \/>\n38. persika mango<br \/>\n39.Strawberry Red Bull<br \/>\n40.Svartvinb\u00e4rsis<br \/>\n41.Jordgubb vattenmelon lemonad<br \/>\n42.Cherry<br \/>\n43.Blue Razz Cherry<br \/>\n44. K\u00e4gelspel<br \/>\n45.bl\u00e5b\u00e4r hallon<br \/>\n46. Halmig druva<br \/>\n47. Bl\u00e5b\u00e4r K\u00f6rsb\u00e4r Tranb\u00e4r<br \/>\n48.Apple Berry blast<br \/>\n49.Cherry Cola<br \/>\n50.Citron&amp;Lime<br \/>\n51. Pink Burst<br \/>\n52. Pacific Cooler<\/p>\n<h2><strong>F\u00f6rpackning<\/strong><\/h2>\n<p>240 st\/kartong, 17KG<\/p>\n<p><img loading=\"lazy\" decoding=\"async\" class=\"alignnone size-full wp-image-12769\" title=\"RandM Tornado 7000 Uppladdningsbar luftfl\u00f6deskontroll Eng\u00e5ngs Vape grossist\" src=\"https:\/\/www.vape4wholesale.com\/wp-content\/uploads\/2022\/07\/RandM-Tornado-7000-Rechargeable-Airflow-Control-Disposable-Vape-Wholesale.jpg\" alt=\"RandM Tornado 7000 Uppladdningsbar luftfl\u00f6deskontroll Eng\u00e5ngs Vape grossist\" width=\"800\" height=\"684\" srcset=\"https:\/\/www.vape4wholesale.com\/wp-content\/uploads\/2022\/07\/RandM-Tornado-7000-Rechargeable-Airflow-Control-Disposable-Vape-Wholesale.jpg 800w, https:\/\/www.vape4wholesale.com\/wp-content\/uploads\/2022\/07\/RandM-Tornado-7000-Rechargeable-Airflow-Control-Disposable-Vape-Wholesale-510x436.jpg 510w\" sizes=\"auto, (max-width: 800px) 100vw, 800px\" \/> <img loading=\"lazy\" decoding=\"async\" class=\"alignnone size-full wp-image-12770\" title=\"RandM Tornado 7000 Eng\u00e5ngsvape Partihandel Jordgubbsmunkar Donut Smaker\" src=\"https:\/\/www.vape4wholesale.com\/wp-content\/uploads\/2022\/07\/RandM-Tornado-7000-Disposable-Vape-Wholesale-Strawberry-Donut-Flavors.jpg\" alt=\"RandM Tornado 7000 Eng\u00e5ngsvape Partihandel Jordgubbsmunkar Donut Smaker\" width=\"800\" height=\"800\" srcset=\"https:\/\/www.vape4wholesale.com\/wp-content\/uploads\/2022\/07\/RandM-Tornado-7000-Disposable-Vape-Wholesale-Strawberry-Donut-Flavors.jpg 800w, https:\/\/www.vape4wholesale.com\/wp-content\/uploads\/2022\/07\/RandM-Tornado-7000-Disposable-Vape-Wholesale-Strawberry-Donut-Flavors-247x247.jpg 247w, https:\/\/www.vape4wholesale.com\/wp-content\/uploads\/2022\/07\/RandM-Tornado-7000-Disposable-Vape-Wholesale-Strawberry-Donut-Flavors-100x100.jpg 100w, https:\/\/www.vape4wholesale.com\/wp-content\/uploads\/2022\/07\/RandM-Tornado-7000-Disposable-Vape-Wholesale-Strawberry-Donut-Flavors-510x510.jpg 510w, https:\/\/www.vape4wholesale.com\/wp-content\/uploads\/2022\/07\/RandM-Tornado-7000-Disposable-Vape-Wholesale-Strawberry-Donut-Flavors-64x64.jpg 64w, https:\/\/www.vape4wholesale.com\/wp-content\/uploads\/2022\/07\/RandM-Tornado-7000-Disposable-Vape-Wholesale-Strawberry-Donut-Flavors-300x300.jpg 300w, https:\/\/www.vape4wholesale.com\/wp-content\/uploads\/2022\/07\/RandM-Tornado-7000-Disposable-Vape-Wholesale-Strawberry-Donut-Flavors-150x150.jpg 150w, https:\/\/www.vape4wholesale.com\/wp-content\/uploads\/2022\/07\/RandM-Tornado-7000-Disposable-Vape-Wholesale-Strawberry-Donut-Flavors-768x768.jpg 768w\" sizes=\"auto, (max-width: 800px) 100vw, 800px\" \/> <img loading=\"lazy\" decoding=\"async\" class=\"alignnone size-full wp-image-12771\" title=\"RandM Tornado 7000 Eng\u00e5ngs Vape Partihandel Jordgubbsis Smaker\" src=\"https:\/\/www.vape4wholesale.com\/wp-content\/uploads\/2022\/07\/RandM-Tornado-7000-Disposable-Vape-Wholesale-Strawberry-ice-Flavors.jpg\" alt=\"RandM Tornado 7000 Eng\u00e5ngs Vape Partihandel Jordgubbsis Smaker\" width=\"800\" height=\"800\" srcset=\"https:\/\/www.vape4wholesale.com\/wp-content\/uploads\/2022\/07\/RandM-Tornado-7000-Disposable-Vape-Wholesale-Strawberry-ice-Flavors.jpg 800w, https:\/\/www.vape4wholesale.com\/wp-content\/uploads\/2022\/07\/RandM-Tornado-7000-Disposable-Vape-Wholesale-Strawberry-ice-Flavors-247x247.jpg 247w, https:\/\/www.vape4wholesale.com\/wp-content\/uploads\/2022\/07\/RandM-Tornado-7000-Disposable-Vape-Wholesale-Strawberry-ice-Flavors-100x100.jpg 100w, https:\/\/www.vape4wholesale.com\/wp-content\/uploads\/2022\/07\/RandM-Tornado-7000-Disposable-Vape-Wholesale-Strawberry-ice-Flavors-510x510.jpg 510w, https:\/\/www.vape4wholesale.com\/wp-content\/uploads\/2022\/07\/RandM-Tornado-7000-Disposable-Vape-Wholesale-Strawberry-ice-Flavors-64x64.jpg 64w, https:\/\/www.vape4wholesale.com\/wp-content\/uploads\/2022\/07\/RandM-Tornado-7000-Disposable-Vape-Wholesale-Strawberry-ice-Flavors-300x300.jpg 300w, https:\/\/www.vape4wholesale.com\/wp-content\/uploads\/2022\/07\/RandM-Tornado-7000-Disposable-Vape-Wholesale-Strawberry-ice-Flavors-150x150.jpg 150w, https:\/\/www.vape4wholesale.com\/wp-content\/uploads\/2022\/07\/RandM-Tornado-7000-Disposable-Vape-Wholesale-Strawberry-ice-Flavors-768x768.jpg 768w\" sizes=\"auto, (max-width: 800px) 100vw, 800px\" \/> <img loading=\"lazy\" decoding=\"async\" class=\"alignnone size-full wp-image-12772\" title=\"RandM Tornado 7000 Eng\u00e5ngs Vape Partihandel Jordgubb Vattenmelon Smaker\" src=\"https:\/\/www.vape4wholesale.com\/wp-content\/uploads\/2022\/07\/RandM-Tornado-7000-Disposable-Vape-Wholesale-Strawberry-Watermelon-Flavors.jpg\" alt=\"RandM Tornado 7000 Eng\u00e5ngs Vape Partihandel Jordgubb Vattenmelon Smaker\" width=\"800\" height=\"800\" srcset=\"https:\/\/www.vape4wholesale.com\/wp-content\/uploads\/2022\/07\/RandM-Tornado-7000-Disposable-Vape-Wholesale-Strawberry-Watermelon-Flavors.jpg 800w, https:\/\/www.vape4wholesale.com\/wp-content\/uploads\/2022\/07\/RandM-Tornado-7000-Disposable-Vape-Wholesale-Strawberry-Watermelon-Flavors-247x247.jpg 247w, https:\/\/www.vape4wholesale.com\/wp-content\/uploads\/2022\/07\/RandM-Tornado-7000-Disposable-Vape-Wholesale-Strawberry-Watermelon-Flavors-100x100.jpg 100w, https:\/\/www.vape4wholesale.com\/wp-content\/uploads\/2022\/07\/RandM-Tornado-7000-Disposable-Vape-Wholesale-Strawberry-Watermelon-Flavors-510x510.jpg 510w, https:\/\/www.vape4wholesale.com\/wp-content\/uploads\/2022\/07\/RandM-Tornado-7000-Disposable-Vape-Wholesale-Strawberry-Watermelon-Flavors-64x64.jpg 64w, https:\/\/www.vape4wholesale.com\/wp-content\/uploads\/2022\/07\/RandM-Tornado-7000-Disposable-Vape-Wholesale-Strawberry-Watermelon-Flavors-300x300.jpg 300w, https:\/\/www.vape4wholesale.com\/wp-content\/uploads\/2022\/07\/RandM-Tornado-7000-Disposable-Vape-Wholesale-Strawberry-Watermelon-Flavors-150x150.jpg 150w, https:\/\/www.vape4wholesale.com\/wp-content\/uploads\/2022\/07\/RandM-Tornado-7000-Disposable-Vape-Wholesale-Strawberry-Watermelon-Flavors-768x768.jpg 768w\" sizes=\"auto, (max-width: 800px) 100vw, 800px\" \/> <img loading=\"lazy\" decoding=\"async\" class=\"alignnone size-full wp-image-12773\" title=\"RandM Tornado 7000 Eng\u00e5ngsvape Partihandel Tangerine Ice Flavors\" src=\"https:\/\/www.vape4wholesale.com\/wp-content\/uploads\/2022\/07\/RandM-Tornado-7000-Disposable-Vape-Wholesale-Tangerine-Ice-Flavors.jpg\" alt=\"RandM Tornado 7000 Eng\u00e5ngsvape Partihandel Tangerine Ice Flavors\" width=\"800\" height=\"800\" srcset=\"https:\/\/www.vape4wholesale.com\/wp-content\/uploads\/2022\/07\/RandM-Tornado-7000-Disposable-Vape-Wholesale-Tangerine-Ice-Flavors.jpg 800w, https:\/\/www.vape4wholesale.com\/wp-content\/uploads\/2022\/07\/RandM-Tornado-7000-Disposable-Vape-Wholesale-Tangerine-Ice-Flavors-247x247.jpg 247w, https:\/\/www.vape4wholesale.com\/wp-content\/uploads\/2022\/07\/RandM-Tornado-7000-Disposable-Vape-Wholesale-Tangerine-Ice-Flavors-100x100.jpg 100w, https:\/\/www.vape4wholesale.com\/wp-content\/uploads\/2022\/07\/RandM-Tornado-7000-Disposable-Vape-Wholesale-Tangerine-Ice-Flavors-510x510.jpg 510w\" sizes=\"auto, (max-width: 800px) 100vw, 800px\" \/> <img loading=\"lazy\" decoding=\"async\" class=\"alignnone size-full wp-image-12774\" title=\"RandM Tornado 7000 Uppladdningsbar luftfl\u00f6deskontroll Eng\u00e5ngs Vape grossist 3 smaker\" src=\"https:\/\/www.vape4wholesale.com\/wp-content\/uploads\/2022\/07\/RandM-Tornado-7000-Rechargeable-Airflow-Control-Disposable-Vape-Wholesale-3-Flavors.jpg\" alt=\"RandM Tornado 7000 Uppladdningsbar luftfl\u00f6deskontroll Eng\u00e5ngs Vape grossist 3 smaker\" width=\"800\" height=\"800\" srcset=\"https:\/\/www.vape4wholesale.com\/wp-content\/uploads\/2022\/07\/RandM-Tornado-7000-Rechargeable-Airflow-Control-Disposable-Vape-Wholesale-3-Flavors.jpg 800w, https:\/\/www.vape4wholesale.com\/wp-content\/uploads\/2022\/07\/RandM-Tornado-7000-Rechargeable-Airflow-Control-Disposable-Vape-Wholesale-3-Flavors-247x247.jpg 247w, https:\/\/www.vape4wholesale.com\/wp-content\/uploads\/2022\/07\/RandM-Tornado-7000-Rechargeable-Airflow-Control-Disposable-Vape-Wholesale-3-Flavors-100x100.jpg 100w, https:\/\/www.vape4wholesale.com\/wp-content\/uploads\/2022\/07\/RandM-Tornado-7000-Rechargeable-Airflow-Control-Disposable-Vape-Wholesale-3-Flavors-510x510.jpg 510w, https:\/\/www.vape4wholesale.com\/wp-content\/uploads\/2022\/07\/RandM-Tornado-7000-Rechargeable-Airflow-Control-Disposable-Vape-Wholesale-3-Flavors-64x64.jpg 64w, https:\/\/www.vape4wholesale.com\/wp-content\/uploads\/2022\/07\/RandM-Tornado-7000-Rechargeable-Airflow-Control-Disposable-Vape-Wholesale-3-Flavors-300x300.jpg 300w, https:\/\/www.vape4wholesale.com\/wp-content\/uploads\/2022\/07\/RandM-Tornado-7000-Rechargeable-Airflow-Control-Disposable-Vape-Wholesale-3-Flavors-150x150.jpg 150w, https:\/\/www.vape4wholesale.com\/wp-content\/uploads\/2022\/07\/RandM-Tornado-7000-Rechargeable-Airflow-Control-Disposable-Vape-Wholesale-3-Flavors-768x768.jpg 768w\" sizes=\"auto, (max-width: 800px) 100vw, 800px\" \/> <img loading=\"lazy\" decoding=\"async\" class=\"alignnone size-full wp-image-12775\" title=\"RandM Tornado 7000 Uppladdningsbar luftfl\u00f6deskontroll Eng\u00e5ngs Vape grossist 20 smaker\" src=\"https:\/\/www.vape4wholesale.com\/wp-content\/uploads\/2022\/07\/RandM-Tornado-7000-Rechargeable-Airflow-Control-Disposable-Vape-Wholesale-20-Flavors.jpg\" alt=\"RandM Tornado 7000 Uppladdningsbar luftfl\u00f6deskontroll Eng\u00e5ngs Vape grossist 20 smaker\" width=\"800\" height=\"800\" srcset=\"https:\/\/www.vape4wholesale.com\/wp-content\/uploads\/2022\/07\/RandM-Tornado-7000-Rechargeable-Airflow-Control-Disposable-Vape-Wholesale-20-Flavors.jpg 800w, https:\/\/www.vape4wholesale.com\/wp-content\/uploads\/2022\/07\/RandM-Tornado-7000-Rechargeable-Airflow-Control-Disposable-Vape-Wholesale-20-Flavors-247x247.jpg 247w, https:\/\/www.vape4wholesale.com\/wp-content\/uploads\/2022\/07\/RandM-Tornado-7000-Rechargeable-Airflow-Control-Disposable-Vape-Wholesale-20-Flavors-100x100.jpg 100w, https:\/\/www.vape4wholesale.com\/wp-content\/uploads\/2022\/07\/RandM-Tornado-7000-Rechargeable-Airflow-Control-Disposable-Vape-Wholesale-20-Flavors-510x510.jpg 510w, https:\/\/www.vape4wholesale.com\/wp-content\/uploads\/2022\/07\/RandM-Tornado-7000-Rechargeable-Airflow-Control-Disposable-Vape-Wholesale-20-Flavors-64x64.jpg 64w, https:\/\/www.vape4wholesale.com\/wp-content\/uploads\/2022\/07\/RandM-Tornado-7000-Rechargeable-Airflow-Control-Disposable-Vape-Wholesale-20-Flavors-300x300.jpg 300w, https:\/\/www.vape4wholesale.com\/wp-content\/uploads\/2022\/07\/RandM-Tornado-7000-Rechargeable-Airflow-Control-Disposable-Vape-Wholesale-20-Flavors-150x150.jpg 150w, https:\/\/www.vape4wholesale.com\/wp-content\/uploads\/2022\/07\/RandM-Tornado-7000-Rechargeable-Airflow-Control-Disposable-Vape-Wholesale-20-Flavors-768x768.jpg 768w\" sizes=\"auto, (max-width: 800px) 100vw, 800px\" \/> <img loading=\"lazy\" decoding=\"async\" class=\"alignnone size-full wp-image-12776\" title=\"RandM Tornado 7000 Uppladdningsbar luftfl\u00f6deskontroll Eng\u00e5ngs Vape Wholesale Flavors\" src=\"https:\/\/www.vape4wholesale.com\/wp-content\/uploads\/2022\/07\/RandM-Tornado-7000-Rechargeable-Airflow-Control-Disposable-Vape-Wholesale-Flavors.jpg\" alt=\"RandM Tornado 7000 Uppladdningsbar luftfl\u00f6deskontroll Eng\u00e5ngs Vape Wholesale Flavors\" width=\"800\" height=\"450\" srcset=\"https:\/\/www.vape4wholesale.com\/wp-content\/uploads\/2022\/07\/RandM-Tornado-7000-Rechargeable-Airflow-Control-Disposable-Vape-Wholesale-Flavors.jpg 800w, https:\/\/www.vape4wholesale.com\/wp-content\/uploads\/2022\/07\/RandM-Tornado-7000-Rechargeable-Airflow-Control-Disposable-Vape-Wholesale-Flavors-510x287.jpg 510w, https:\/\/www.vape4wholesale.com\/wp-content\/uploads\/2022\/07\/RandM-Tornado-7000-Rechargeable-Airflow-Control-Disposable-Vape-Wholesale-Flavors-64x36.jpg 64w, https:\/\/www.vape4wholesale.com\/wp-content\/uploads\/2022\/07\/RandM-Tornado-7000-Rechargeable-Airflow-Control-Disposable-Vape-Wholesale-Flavors-300x169.jpg 300w, https:\/\/www.vape4wholesale.com\/wp-content\/uploads\/2022\/07\/RandM-Tornado-7000-Rechargeable-Airflow-Control-Disposable-Vape-Wholesale-Flavors-768x432.jpg 768w\" sizes=\"auto, (max-width: 800px) 100vw, 800px\" \/> <img loading=\"lazy\" decoding=\"async\" class=\"alignnone size-full wp-image-12777\" title=\"RandM Tornado 7000 Eng\u00e5ngs Vape Partihandel Jordgubb Banan Smaker\" src=\"https:\/\/www.vape4wholesale.com\/wp-content\/uploads\/2022\/07\/RandM-Tornado-7000-Disposable-Vape-Wholesale-Strawberry-Banana-Flavors.jpg\" alt=\"RandM Tornado 7000 Eng\u00e5ngs Vape Partihandel Jordgubb Banan Smaker\" width=\"800\" height=\"800\" srcset=\"https:\/\/www.vape4wholesale.com\/wp-content\/uploads\/2022\/07\/RandM-Tornado-7000-Disposable-Vape-Wholesale-Strawberry-Banana-Flavors.jpg 800w, https:\/\/www.vape4wholesale.com\/wp-content\/uploads\/2022\/07\/RandM-Tornado-7000-Disposable-Vape-Wholesale-Strawberry-Banana-Flavors-247x247.jpg 247w, https:\/\/www.vape4wholesale.com\/wp-content\/uploads\/2022\/07\/RandM-Tornado-7000-Disposable-Vape-Wholesale-Strawberry-Banana-Flavors-100x100.jpg 100w, https:\/\/www.vape4wholesale.com\/wp-content\/uploads\/2022\/07\/RandM-Tornado-7000-Disposable-Vape-Wholesale-Strawberry-Banana-Flavors-510x510.jpg 510w, https:\/\/www.vape4wholesale.com\/wp-content\/uploads\/2022\/07\/RandM-Tornado-7000-Disposable-Vape-Wholesale-Strawberry-Banana-Flavors-64x64.jpg 64w, https:\/\/www.vape4wholesale.com\/wp-content\/uploads\/2022\/07\/RandM-Tornado-7000-Disposable-Vape-Wholesale-Strawberry-Banana-Flavors-300x300.jpg 300w, https:\/\/www.vape4wholesale.com\/wp-content\/uploads\/2022\/07\/RandM-Tornado-7000-Disposable-Vape-Wholesale-Strawberry-Banana-Flavors-150x150.jpg 150w, https:\/\/www.vape4wholesale.com\/wp-content\/uploads\/2022\/07\/RandM-Tornado-7000-Disposable-Vape-Wholesale-Strawberry-Banana-Flavors-768x768.jpg 768w\" sizes=\"auto, (max-width: 800px) 100vw, 800px\" \/><\/p>","protected":false},"excerpt":{"rendered":"[scf-template id=&#8217;11434&#8242;]\n<table class=\"woocommerce-product-attributes shop_attributes\" aria-label=\"Produktdetaljer\">\n\t\t\t<tr class=\"woocommerce-product-attributes-item woocommerce-product-attributes-item--weight\">\n\t\t\t<th class=\"woocommerce-product-attributes-item__label\" scope=\"row\">Vikt<\/th>\n\t\t\t<td class=\"woocommerce-product-attributes-item__value\">0.075 kg<\/td>\n\t\t<\/tr>\n\t<\/table>\n\n","protected":false},"featured_media":12769,"comment_status":"open","ping_status":"closed","template":"","meta":[],"pwb-brand":[1270],"product_cat":[869],"product_tag":[178,180,22,24,177],"class_list":{"0":"post-1852","1":"product","2":"type-product","3":"status-publish","4":"has-post-thumbnail","6":"pwb-brand-randm","7":"product_cat-5000-8000-puffs","8":"product_tag-7000-puffs","9":"product_tag-randm-tornado","10":"product_tag-disposable","11":"product_tag-wholesale","12":"product_tag-14-0ml","13":"wcpa_has_options","15":"first","16":"outofstock","17":"shipping-taxable","18":"purchasable","19":"product-type-variable","20":"has-default-attributes"},"aioseo_notices":[],"brands":[{"id":1270,"name":"Randm","slug":"randm"}],"_links":{"self":[{"href":"https:\/\/www.vape4wholesale.com\/sv\/wp-json\/wp\/v2\/product\/1852","targetHints":{"allow":["GET"]}}],"collection":[{"href":"https:\/\/www.vape4wholesale.com\/sv\/wp-json\/wp\/v2\/product"}],"about":[{"href":"https:\/\/www.vape4wholesale.com\/sv\/wp-json\/wp\/v2\/types\/product"}],"replies":[{"embeddable":true,"href":"https:\/\/www.vape4wholesale.com\/sv\/wp-json\/wp\/v2\/comments?post=1852"}],"wp:featuredmedia":[{"embeddable":true,"href":"https:\/\/www.vape4wholesale.com\/sv\/wp-json\/wp\/v2\/media\/12769"}],"wp:attachment":[{"href":"https:\/\/www.vape4wholesale.com\/sv\/wp-json\/wp\/v2\/media?parent=1852"}],"wp:term":[{"taxonomy":"pwb-brand","embeddable":true,"href":"https:\/\/www.vape4wholesale.com\/sv\/wp-json\/wp\/v2\/pwb-brand?post=1852"},{"taxonomy":"product_cat","embeddable":true,"href":"https:\/\/www.vape4wholesale.com\/sv\/wp-json\/wp\/v2\/product_cat?post=1852"},{"taxonomy":"product_tag","embeddable":true,"href":"https:\/\/www.vape4wholesale.com\/sv\/wp-json\/wp\/v2\/product_tag?post=1852"}],"curies":[{"name":"wp","href":"https:\/\/api.w.org\/{rel}","templated":true}]}}