{"id":18450,"date":"2024-12-22T12:10:02","date_gmt":"2024-12-22T04:10:02","guid":{"rendered":"https:\/\/www.vape4wholesale.com\/?post_type=product&#038;p=18450"},"modified":"2026-01-29T05:32:28","modified_gmt":"2026-01-29T05:32:28","slug":"waspe-aiviou-25000-puffar-engangs-vape-grossist","status":"publish","type":"product","link":"https:\/\/www.vape4wholesale.com\/sv\/product\/waspe-aiviou-25000-puffs-disposable-vape-wholesale","title":{"rendered":"WASPE Aiviou 25000 puffar eng\u00e5ngsvape grossist"},"content":{"rendered":"<p>Den <strong><a title=\"WASPE\" href=\"https:\/\/www.vape4wholesale.com\/sv\/produkt_varumarke\/waspe\/\">WASPE<\/a> Aiviou 25000 eng\u00e5ngsvape<\/strong> levereras f\u00f6rfylld med 25 ml e-juice och ger upp till 25 000 puffar. Den inbyggda klassiska displaysk\u00e4rmen \u00e4r funktionell och anv\u00e4ndbar och p\u00e5minner dig om att ladda din vape f\u00f6r s\u00e4kerhets skull. De dubbla mesh-spolarna f\u00f6rkroppsligar modern teknik, och naturligtvis st\u00f6der denna vape det popul\u00e4ra Boost-l\u00e4get. F\u00f6r ansvarsfull anv\u00e4ndning finns det ocks\u00e5 ett barnl\u00e5s f\u00f6r att f\u00f6rhindra anv\u00e4ndning av minder\u00e5riga, och WASPE 25000 erbjuder massor av sugkraft och god smak utan krusiduller.<\/p>\n<p>WASPE Aiviou 25000 25K Puffs levereras med LCD-sk\u00e4rm, vilket \u00e4r en avancerad vaping-enhet utformad f\u00f6r \u00f6verl\u00e4gsen prestanda och bekv\u00e4mlighet. Denna eng\u00e5ngsvape har en stor kapacitet p\u00e5 upp till 25 000 puffar f\u00f6r att s\u00e4kerst\u00e4lla l\u00e5ngvarig anv\u00e4ndning och tillfredsst\u00e4llelse.<\/p>\n<p>WASPE Aiviou 25000 har en stor 25 ml e-liquid-kapacitet och finns tillg\u00e4nglig med 0%, 2% och 5% nikotinalternativ f\u00f6r att passa olika preferenser. Enheten \u00e4r utrustad med dubbla mesh-spolar f\u00f6r att f\u00f6rb\u00e4ttra \u00e5ngproduktionen och smakleveransen f\u00f6r en smidig, trevlig vapingupplevelse.<\/p>\n<p>WASPE Aiviou 25000 \u00e4r utformad f\u00f6r att vara enkel att anv\u00e4nda, med en LCD-display som ger detaljerad information p\u00e5 ett \u00f6gonblick och en typ C-laddningsport som s\u00e4kerst\u00e4ller snabb och effektiv laddning f\u00f6r att minimera stillest\u00e5ndstiden. Med en batterikapacitet p\u00e5 650 mAh ger den h\u00e4r modellen tillf\u00f6rlitlig kraft under l\u00e5nga anv\u00e4ndningsperioder.<\/p>\n<p>WASPE Aiviou 25000 25K Puffs Original Edition LCD Display Disposable Vape \u00e4r den perfekta kombinationen av innovation och kvalitet. Oavsett om du \u00e4r en nyb\u00f6rjare eller en erfaren vaper, garanterar WASPE en kvalitetsvapingupplevelse som uppfyller dina f\u00f6rv\u00e4ntningar.<\/p>\n<p>&nbsp;<\/p>\n<h2>WASPE Aiviou 25000 25K eng\u00e5ngsvape Snabba detaljer<\/h2>\n<ul>\n<li>Inbyggt 650mAh uppladdningsbart batteri<\/li>\n<li>F\u00f6rfylld med 25 ml e-juice<\/li>\n<li>Dual Mesh Coil Design med 2 Vaping Modes: ECO\/Boost-l\u00e4ge<\/li>\n<li>Digital display visar l\u00e4ge, batteritid och volym p\u00e5 e-juice.<\/li>\n<li>Puffs st\u00f6der. 25000 portar<\/li>\n<li>Barnl\u00e5s<\/li>\n<li>5% (50 mg) nikotinkoncentration<\/li>\n<li>USB typ C-laddning<\/li>\n<\/ul>\n<h2>Tillg\u00e4ngliga smaker<\/h2>\n<ul>\n<li>1. Vattenmelon-is<\/li>\n<li>2. Bl\u00e5b\u00e4r p\u00e5 is<\/li>\n<li>3. Jordgubbe Vattenmelon<\/li>\n<li>4. Limonad med bl\u00e5b\u00e4r och hallon<\/li>\n<li>5. K\u00f6rsb\u00e4rsis<\/li>\n<li>6. Persika Mango Vattenmelon<\/li>\n<li>7. Blandade b\u00e4r<\/li>\n<li>8. Persika is<\/li>\n<li>9. Jordgubb Kiwi<\/li>\n<li>10. Druv-is<\/li>\n<\/ul>\n<h2>F\u00f6rpackningsdetaljer<\/h2>\n<ul>\n<li>1 st\/enskild l\u00e5da<\/li>\n<li>10 st\/displayl\u00e5da<\/li>\n<li>200 st i en kartong<\/li>\n<li>Varje kartong 21 kg<\/li>\n<\/ul>\n<figure id=\"attachment_18476\" aria-describedby=\"caption-attachment-18476\" style=\"width: 800px\" class=\"wp-caption alignnone\"><img loading=\"lazy\" decoding=\"async\" class=\"wp-image-18476 size-full\" title=\"WASPE Aiviou 25000 puffar eng\u00e5ngsvape grossist\" src=\"https:\/\/www.vape4wholesale.com\/wp-content\/uploads\/2024\/12\/WSAPE-Aiviou-25000-Puffs-Disposable-Vape-Wholesale.jpg\" alt=\"WASPE Aiviou 25000 puffar eng\u00e5ngsvape grossist\" width=\"800\" height=\"800\" srcset=\"https:\/\/www.vape4wholesale.com\/wp-content\/uploads\/2024\/12\/WSAPE-Aiviou-25000-Puffs-Disposable-Vape-Wholesale.jpg 800w, https:\/\/www.vape4wholesale.com\/wp-content\/uploads\/2024\/12\/WSAPE-Aiviou-25000-Puffs-Disposable-Vape-Wholesale-247x247.jpg 247w, https:\/\/www.vape4wholesale.com\/wp-content\/uploads\/2024\/12\/WSAPE-Aiviou-25000-Puffs-Disposable-Vape-Wholesale-100x100.jpg 100w, https:\/\/www.vape4wholesale.com\/wp-content\/uploads\/2024\/12\/WSAPE-Aiviou-25000-Puffs-Disposable-Vape-Wholesale-510x510.jpg 510w, https:\/\/www.vape4wholesale.com\/wp-content\/uploads\/2024\/12\/WSAPE-Aiviou-25000-Puffs-Disposable-Vape-Wholesale-64x64.jpg 64w, https:\/\/www.vape4wholesale.com\/wp-content\/uploads\/2024\/12\/WSAPE-Aiviou-25000-Puffs-Disposable-Vape-Wholesale-300x300.jpg 300w, https:\/\/www.vape4wholesale.com\/wp-content\/uploads\/2024\/12\/WSAPE-Aiviou-25000-Puffs-Disposable-Vape-Wholesale-150x150.jpg 150w, https:\/\/www.vape4wholesale.com\/wp-content\/uploads\/2024\/12\/WSAPE-Aiviou-25000-Puffs-Disposable-Vape-Wholesale-768x768.jpg 768w, https:\/\/www.vape4wholesale.com\/wp-content\/uploads\/2024\/12\/WSAPE-Aiviou-25000-Puffs-Disposable-Vape-Wholesale-12x12.jpg 12w\" sizes=\"auto, (max-width: 800px) 100vw, 800px\" \/><figcaption id=\"caption-attachment-18476\" class=\"wp-caption-text\">WASPE Aiviou 25000 puffar eng\u00e5ngsvape grossist<\/figcaption><\/figure>\n<h2>VARF\u00d6R OSS?<\/h2>\r\n<ul>\r\n<li>Verklig, p\u00e5litlig och professionell vape-k\u00e4lla.<\/li>\r\n<li>100% \u00e4kta garanti: Vi tillhandah\u00e5ller endast original- och \u00e4kta produkter, v\u00e4grar f\u00f6rfalskning.<\/li>\r\n<li>100% Leveransgaranti: Vi anv\u00e4nder den b\u00e4sta fraktmetoden f\u00f6r att s\u00e4kerst\u00e4lla att du f\u00e5r best\u00e4llningen 100%.<\/li>\r\n<li>Vi kommer att ge dig sp\u00e5rningsnumret och fraktetiketten efter leverans och sp\u00e5ra varorna \u00e5t dig tills du kvitterar ut dem.<\/li>\r\n<li>Inga tullproblem, inga tullar<\/li>\r\n<\/ul>","protected":false},"excerpt":{"rendered":"<div class=\"wsppc_div_block woocommerce_before_add_to_cart_form\">\r\n<p><strong><span style=\"color: #00a859;\">Clear customs<\/span> before delivery &amp; 100% Delivery Guarantee, Delivery in 19~25 days around.\u00a0<\/strong><\/p>\r\n<\/div>","protected":false},"featured_media":18476,"comment_status":"open","ping_status":"closed","template":"","meta":[],"pwb-brand":[1272],"product_cat":[873],"product_tag":[22,24,692,915,999],"class_list":{"0":"post-18450","1":"product","2":"type-product","3":"status-publish","4":"has-post-thumbnail","6":"pwb-brand-waspe","7":"product_cat-above-20k-puffs","8":"product_tag-disposable","9":"product_tag-wholesale","10":"product_tag-25-0ml","11":"product_tag-25000-puffs","12":"product_tag-waspe","13":"wcpa_has_options","15":"first","16":"outofstock","17":"shipping-taxable","18":"purchasable","19":"product-type-variable"},"aioseo_notices":[],"brands":[{"id":1272,"name":"Waspe","slug":"waspe"}],"_links":{"self":[{"href":"https:\/\/www.vape4wholesale.com\/sv\/wp-json\/wp\/v2\/product\/18450","targetHints":{"allow":["GET"]}}],"collection":[{"href":"https:\/\/www.vape4wholesale.com\/sv\/wp-json\/wp\/v2\/product"}],"about":[{"href":"https:\/\/www.vape4wholesale.com\/sv\/wp-json\/wp\/v2\/types\/product"}],"replies":[{"embeddable":true,"href":"https:\/\/www.vape4wholesale.com\/sv\/wp-json\/wp\/v2\/comments?post=18450"}],"wp:featuredmedia":[{"embeddable":true,"href":"https:\/\/www.vape4wholesale.com\/sv\/wp-json\/wp\/v2\/media\/18476"}],"wp:attachment":[{"href":"https:\/\/www.vape4wholesale.com\/sv\/wp-json\/wp\/v2\/media?parent=18450"}],"wp:term":[{"taxonomy":"pwb-brand","embeddable":true,"href":"https:\/\/www.vape4wholesale.com\/sv\/wp-json\/wp\/v2\/pwb-brand?post=18450"},{"taxonomy":"product_cat","embeddable":true,"href":"https:\/\/www.vape4wholesale.com\/sv\/wp-json\/wp\/v2\/product_cat?post=18450"},{"taxonomy":"product_tag","embeddable":true,"href":"https:\/\/www.vape4wholesale.com\/sv\/wp-json\/wp\/v2\/product_tag?post=18450"}],"curies":[{"name":"wp","href":"https:\/\/api.w.org\/{rel}","templated":true}]}}