{"id":18017,"date":"2024-12-10T10:25:05","date_gmt":"2024-12-10T02:25:05","guid":{"rendered":"https:\/\/www.vape4wholesale.com\/?post_type=product&#038;p=18017"},"modified":"2026-02-10T06:11:00","modified_gmt":"2026-02-09T22:11:00","slug":"vapsolo-trippel-3in1-30000-puffar-engangs-vape-grossist","status":"publish","type":"product","link":"https:\/\/www.vape4wholesale.com\/sv\/produkt\/vapsolo-trippel-3in1-30000-puffar-engangs-vape-grossist","title":{"rendered":"Vapsolo Triple 3in1 30000 puffar eng\u00e5ngsvape grossist"},"content":{"rendered":"<p>Den <a title=\"Vapsolo\" href=\"\/sv\/produkt_varumarke\/vapsolo\/\">Vapsolo<\/a> Triple 3in1 presenterad med 3 smaker i en LCD-sk\u00e4rm eng\u00e5ngs vape-enhet, som st\u00f6der upp till 30000 Puffs.<\/p>\n<p>Den har en triangul\u00e4r form och det \u00f6vre munstycket kan roteras f\u00f6r att v\u00e4xla mellan olika smaker.<\/p>\n<p>Bulkorder v\u00e5rt breda urval 10 smaker av Vapsolo Triple 3in1 30K puffs eng\u00e5ngs vape med b\u00e4sta pris och snabb leverans.<\/p>\n<p>Titta p\u00e5 <a title=\"Vapesolo Triple 3in1-video\" href=\"https:\/\/youtu.be\/-PFrvuWt1GQ?si=f67BAwgB0PaSDQy0\" target=\"_blank\" rel=\"noopener\">Vapesolo Triple 3in1-video<\/a> f\u00f6r att l\u00e4ra dig mer om funktionerna i den h\u00e4r produkten.<\/p>\n<h2>Vapsolo Triple 3in1 30000 Puffs Eng\u00e5ngs Vape Snabba detaljer<\/h2>\n<ul>\n<li>E-v\u00e4tska: 45ml<\/li>\n<li>Nikotin:2%, 5%<\/li>\n<li>Batteri: 850 mAh<\/li>\n<li>Typ C-laddning<\/li>\n<li>10st en displayl\u00e5da<\/li>\n<\/ul>\n<h2>Tillg\u00e4ngliga smaker<\/h2>\n<p>1. vattenmelon-is&amp; Red bull&amp; jordgubbs-kiwi<br \/>\n2.Citron lime&amp; Jordgubb vattenmelon &amp; Bl\u00e5b\u00e4r is<br \/>\n3. jordgubbsbanan&amp; hallon vattenmelon&amp; citron lime<br \/>\n4. jordgubb kiwi&amp; sur mango ananas&amp; Red bull<br \/>\n5. tropisk frukt&amp; jordgubb vattenmelon&amp; citron persika<br \/>\n6. ananas kokosn\u00f6t&amp; jordgubb banan&amp; bl\u00e5 razz<br \/>\n7. jordgubb hallon &amp; trippel melon &amp; sur mango ananas<br \/>\n8.Hallon vattenmelon&amp; Mango persika&amp; Jordgubb kiwi<br \/>\n9.Strawberry vanilla coke&amp; Blueberry raspberry&amp; Lemon lime<br \/>\n10.Vattenmelonglass&amp; Jordgubbsglass&amp; Trippelmelon<\/p>\n<p><span style=\"color: #00a859;\"><strong>Ytterligare smaker<\/strong><\/span><\/p>\n<p>11.Kiwi Passions Fruit&amp; Love 66&amp; Vanilla<br \/>\n12.Peach Ice &amp; Dragon Fruit Ice &amp; Mix Fruit<br \/>\n13.Peach Berry&amp; Black Ice&amp; Starwberry Vanilla Cola<br \/>\n14.Bluberry Sour Rasberry&amp; Strawberry Mango&amp; Lemon Cola<br \/>\n15.Blackcurrant Ice&amp; Pink Lemonade&amp; Kiwi Passion Fruit Guava<\/p>\n<h2>F\u00f6rpackningsdetaljer<\/h2>\n<ul>\n<li>1\/enskild l\u00e5da<\/li>\n<li>10\/ F\u00f6rpackning<\/li>\n<li>200\/kartong<\/li>\n<li>26 kg\/kartong<\/li>\n<\/ul>\n<figure id=\"attachment_18139\" aria-describedby=\"caption-attachment-18139\" style=\"width: 800px\" class=\"wp-caption alignnone\"><img loading=\"lazy\" decoding=\"async\" class=\"size-full wp-image-18139\" title=\"Vapsolo Triple 3in1 30000 Puffs Eng\u00e5ngs-Vape Grossist WATERMELON ICE RED BULL STRAWBERRY KIWI\" src=\"https:\/\/www.vape4wholesale.com\/wp-content\/uploads\/2024\/12\/Vapsolo-Triple-3in1-30000-Puffs-Disposable-Vape-Wholesale-WATERMELON-ICE-RED-BULL-STRAWBERRY-KIWI.jpg\" alt=\"Vapsolo Triple 3in1 30000 Puffs Eng\u00e5ngs-Vape Grossist WATERMELON ICE RED BULL STRAWBERRY KIWI\" width=\"800\" height=\"800\" srcset=\"https:\/\/www.vape4wholesale.com\/wp-content\/uploads\/2024\/12\/Vapsolo-Triple-3in1-30000-Puffs-Disposable-Vape-Wholesale-WATERMELON-ICE-RED-BULL-STRAWBERRY-KIWI.jpg 800w, https:\/\/www.vape4wholesale.com\/wp-content\/uploads\/2024\/12\/Vapsolo-Triple-3in1-30000-Puffs-Disposable-Vape-Wholesale-WATERMELON-ICE-RED-BULL-STRAWBERRY-KIWI-247x247.jpg 247w, https:\/\/www.vape4wholesale.com\/wp-content\/uploads\/2024\/12\/Vapsolo-Triple-3in1-30000-Puffs-Disposable-Vape-Wholesale-WATERMELON-ICE-RED-BULL-STRAWBERRY-KIWI-100x100.jpg 100w, https:\/\/www.vape4wholesale.com\/wp-content\/uploads\/2024\/12\/Vapsolo-Triple-3in1-30000-Puffs-Disposable-Vape-Wholesale-WATERMELON-ICE-RED-BULL-STRAWBERRY-KIWI-510x510.jpg 510w, https:\/\/www.vape4wholesale.com\/wp-content\/uploads\/2024\/12\/Vapsolo-Triple-3in1-30000-Puffs-Disposable-Vape-Wholesale-WATERMELON-ICE-RED-BULL-STRAWBERRY-KIWI-64x64.jpg 64w, https:\/\/www.vape4wholesale.com\/wp-content\/uploads\/2024\/12\/Vapsolo-Triple-3in1-30000-Puffs-Disposable-Vape-Wholesale-WATERMELON-ICE-RED-BULL-STRAWBERRY-KIWI-300x300.jpg 300w, https:\/\/www.vape4wholesale.com\/wp-content\/uploads\/2024\/12\/Vapsolo-Triple-3in1-30000-Puffs-Disposable-Vape-Wholesale-WATERMELON-ICE-RED-BULL-STRAWBERRY-KIWI-150x150.jpg 150w, https:\/\/www.vape4wholesale.com\/wp-content\/uploads\/2024\/12\/Vapsolo-Triple-3in1-30000-Puffs-Disposable-Vape-Wholesale-WATERMELON-ICE-RED-BULL-STRAWBERRY-KIWI-768x768.jpg 768w, https:\/\/www.vape4wholesale.com\/wp-content\/uploads\/2024\/12\/Vapsolo-Triple-3in1-30000-Puffs-Disposable-Vape-Wholesale-WATERMELON-ICE-RED-BULL-STRAWBERRY-KIWI-12x12.jpg 12w\" sizes=\"auto, (max-width: 800px) 100vw, 800px\" \/><figcaption id=\"caption-attachment-18139\" class=\"wp-caption-text\">Vapsolo Triple 3in1 30000 puffar eng\u00e5ngsvape grossist<\/figcaption><\/figure>\n<figure id=\"attachment_18018\" aria-describedby=\"caption-attachment-18018\" style=\"width: 800px\" class=\"wp-caption alignnone\"><img loading=\"lazy\" decoding=\"async\" class=\"size-full wp-image-18018\" title=\"Vapsolo Triple 3in1 30000 Puffs Eng\u00e5ngs Vape grossist (2)\" src=\"https:\/\/www.vape4wholesale.com\/wp-content\/uploads\/2024\/12\/Vapsolo-Triple-3in1-30000-Puffs-Disposable-Vape-Wholesale-2.jpg\" alt=\"Vapsolo Triple 3in1 30000 Puffs Eng\u00e5ngs Vape grossist (2)\" width=\"800\" height=\"800\" srcset=\"https:\/\/www.vape4wholesale.com\/wp-content\/uploads\/2024\/12\/Vapsolo-Triple-3in1-30000-Puffs-Disposable-Vape-Wholesale-2.jpg 800w, https:\/\/www.vape4wholesale.com\/wp-content\/uploads\/2024\/12\/Vapsolo-Triple-3in1-30000-Puffs-Disposable-Vape-Wholesale-2-247x247.jpg 247w, https:\/\/www.vape4wholesale.com\/wp-content\/uploads\/2024\/12\/Vapsolo-Triple-3in1-30000-Puffs-Disposable-Vape-Wholesale-2-100x100.jpg 100w, https:\/\/www.vape4wholesale.com\/wp-content\/uploads\/2024\/12\/Vapsolo-Triple-3in1-30000-Puffs-Disposable-Vape-Wholesale-2-510x510.jpg 510w, https:\/\/www.vape4wholesale.com\/wp-content\/uploads\/2024\/12\/Vapsolo-Triple-3in1-30000-Puffs-Disposable-Vape-Wholesale-2-64x64.jpg 64w, https:\/\/www.vape4wholesale.com\/wp-content\/uploads\/2024\/12\/Vapsolo-Triple-3in1-30000-Puffs-Disposable-Vape-Wholesale-2-300x300.jpg 300w, https:\/\/www.vape4wholesale.com\/wp-content\/uploads\/2024\/12\/Vapsolo-Triple-3in1-30000-Puffs-Disposable-Vape-Wholesale-2-150x150.jpg 150w, https:\/\/www.vape4wholesale.com\/wp-content\/uploads\/2024\/12\/Vapsolo-Triple-3in1-30000-Puffs-Disposable-Vape-Wholesale-2-768x768.jpg 768w, https:\/\/www.vape4wholesale.com\/wp-content\/uploads\/2024\/12\/Vapsolo-Triple-3in1-30000-Puffs-Disposable-Vape-Wholesale-2-12x12.jpg 12w\" sizes=\"auto, (max-width: 800px) 100vw, 800px\" \/><figcaption id=\"caption-attachment-18018\" class=\"wp-caption-text\">Vapsolo Triple 3in1 30000 puffar eng\u00e5ngsvape grossist<\/figcaption><\/figure>\n<h2>VARF\u00d6R OSS?<\/h2>\r\n<ul>\r\n<li>Verklig, p\u00e5litlig och professionell vape-k\u00e4lla.<\/li>\r\n<li>100% \u00e4kta garanti: Vi tillhandah\u00e5ller endast original- och \u00e4kta produkter, v\u00e4grar f\u00f6rfalskning.<\/li>\r\n<li>100% Leveransgaranti: Vi anv\u00e4nder den b\u00e4sta fraktmetoden f\u00f6r att s\u00e4kerst\u00e4lla att du f\u00e5r best\u00e4llningen 100%.<\/li>\r\n<li>Vi kommer att ge dig sp\u00e5rningsnumret och fraktetiketten efter leverans och sp\u00e5ra varorna \u00e5t dig tills du kvitterar ut dem.<\/li>\r\n<li>Inga tullproblem, inga tullar<\/li>\r\n<\/ul>","protected":false},"excerpt":{"rendered":"<p>This product has been upgraded to 60K (60000 Puffs), so we will ship the <strong><span style=\"color: #ff6600;\">Vapsolo Triple 60K<\/span><\/strong> if you order this link.<\/p>\n<p><b><span style=\"color: #00a859;\">Free shipping<\/span>\u00a0from Europe warehouse, 7-15 working days delivery time.<\/b><\/p>\r\n<div class=\"wsppc_div_block woocommerce_before_add_to_cart_form\">\r\n<p><strong>Clear customs before delivery &amp; 100% Delivery Guarantee<\/strong><\/p>\r\n<\/div>","protected":false},"featured_media":21019,"comment_status":"open","ping_status":"closed","template":"","meta":[],"pwb-brand":[1271],"product_cat":[938],"product_tag":[24,850,899,964,22],"class_list":{"0":"post-18017","1":"product","2":"type-product","3":"status-publish","4":"has-post-thumbnail","6":"pwb-brand-vapsolo","7":"product_cat-europe-warehouse","8":"product_tag-wholesale","9":"product_tag-30000-puffs","10":"product_tag-vapsolo","11":"product_tag-45-0ml","12":"product_tag-disposable","13":"product_shipping_class-eu-warehouse","14":"wcpa_has_options","16":"first","17":"instock","18":"shipping-taxable","19":"purchasable","20":"product-type-variable"},"aioseo_notices":[],"brands":[{"id":1271,"name":"Vapsolo","slug":"vapsolo"}],"_links":{"self":[{"href":"https:\/\/www.vape4wholesale.com\/sv\/wp-json\/wp\/v2\/product\/18017","targetHints":{"allow":["GET"]}}],"collection":[{"href":"https:\/\/www.vape4wholesale.com\/sv\/wp-json\/wp\/v2\/product"}],"about":[{"href":"https:\/\/www.vape4wholesale.com\/sv\/wp-json\/wp\/v2\/types\/product"}],"replies":[{"embeddable":true,"href":"https:\/\/www.vape4wholesale.com\/sv\/wp-json\/wp\/v2\/comments?post=18017"}],"wp:featuredmedia":[{"embeddable":true,"href":"https:\/\/www.vape4wholesale.com\/sv\/wp-json\/wp\/v2\/media\/21019"}],"wp:attachment":[{"href":"https:\/\/www.vape4wholesale.com\/sv\/wp-json\/wp\/v2\/media?parent=18017"}],"wp:term":[{"taxonomy":"pwb-brand","embeddable":true,"href":"https:\/\/www.vape4wholesale.com\/sv\/wp-json\/wp\/v2\/pwb-brand?post=18017"},{"taxonomy":"product_cat","embeddable":true,"href":"https:\/\/www.vape4wholesale.com\/sv\/wp-json\/wp\/v2\/product_cat?post=18017"},{"taxonomy":"product_tag","embeddable":true,"href":"https:\/\/www.vape4wholesale.com\/sv\/wp-json\/wp\/v2\/product_tag?post=18017"}],"curies":[{"name":"wp","href":"https:\/\/api.w.org\/{rel}","templated":true}]}}