{"id":17790,"date":"2024-12-03T00:11:35","date_gmt":"2024-12-02T16:11:35","guid":{"rendered":"https:\/\/www.vape4wholesale.com\/?post_type=product&#038;p=17790"},"modified":"2026-01-27T14:28:03","modified_gmt":"2026-01-27T14:28:03","slug":"bang-kingdom-rex-32000-puffar-engangs-vape-grossist","status":"publish","type":"product","link":"https:\/\/www.vape4wholesale.com\/sv\/product\/bang-kingdom-rex-32000-puffs-disposable-vape-wholesale","title":{"rendered":"Bang Kingdom Rex 32000 Puffs Eng\u00e5ngs Vape Partihandel"},"content":{"rendered":"<p>den <a title=\"Pang\" href=\"https:\/\/www.vape4wholesale.com\/sv\/produkt_varumarke\/bang\/\">Pang<\/a> Kingdom Rex \u00e4r en diposable vape p\u00e5 stor niv\u00e5 som st\u00f6der upp till 32000 Puffs, den har en dubbel smakdesign och dubbla 16 ml-kapslar med dubbla n\u00e4tspolar. Bang Kingdoms Rex uppgraderas fr\u00e5n <a title=\"bang King 25000\" href=\"https:\/\/www.vape4wholesale.com\/sv\/produkt\/bang-king-25000-engangs-vape-grossist\/\">bang King 25000<\/a> som \u00e4r en av de b\u00e4sta s\u00e4ljarna av Bang-m\u00e4rkesvaror.<\/p>\n<p>Bang Kingdom Rex 32K Dual flavors Utrustad med ett 650mAh batteri med typc-c laddningsport finns h\u00e4r 12 smaker f\u00f6r dig att v\u00e4lja. V\u00e4xla mellan tv\u00e5 smaker utan anstr\u00e4ngning, vilket ger en m\u00e5ngsidig och trevlig vapingupplevelse. Dual Mesh Design Det \u00f6kar \u00e5ngproduktionen och f\u00f6rb\u00e4ttrar smaken, vilket ger e-cigarettentusiaster en mer tillfredsst\u00e4llande och njutbar e-cigarettupplevelse.<\/p>\n<p>Bulkbest\u00e4ll v\u00e5rt breda urval av Bang Kingdoms Rex 32000 Puffs vape med b\u00e4sta pris och snabb frakt, bara p\u00e5 vape4wholesale.<\/p>\n<h2><strong>Bang Kingdom Rex 32000 Puffs Quick Details<\/strong><\/h2>\n<ul>\n<li>Nikotin: 0% 2% 3% 5%<\/li>\n<li>Puffar: Upp till 32000<\/li>\n<li>Kapselkapacitet: 26ml+26ml<\/li>\n<li>Dubbla kapslar, dubbla smaker<\/li>\n<li>12 olika smaker tillg\u00e4ngliga<\/li>\n<li>650mah typ C uppladdningsbar<\/li>\n<li>Spole med dubbla maskor<\/li>\n<\/ul>\n<h2><strong>Tillg\u00e4ngliga smaker<\/strong><\/h2>\n<p>1. vattenmelonis &amp; bl\u00e5b\u00e4rsmynta<br \/>\n2. vattenmelonis &amp; jordgubbsmango<br \/>\n3. jordgubb vattenmelon &amp; kiwi passionsfrukt guava<br \/>\n4. jordgubb vattenmelon &amp; druva is<br \/>\n5.bl\u00e5b\u00e4r hallon &amp; persika mango vattenmeon<br \/>\n6. bl\u00e5b\u00e4r vattenmelon &amp; jordgubb mango<br \/>\n7. bl\u00e5b\u00e4rsis &amp; svart drakis<br \/>\n8.Bl\u00e5b\u00e4rsis &amp; jordgubb och banan<br \/>\n9.Red Bull &amp; bl\u00e5b\u00e4rsvattenmeon<br \/>\n10.Red Bull &amp; Watermeon Bubbelgodis<br \/>\n11.Jordgubb Kiwi &amp; Persika Is<br \/>\n12.Jordgubbar Kiwi &amp; Sura \u00e4pplen Hallon<\/p>\n<h2><strong>F\u00f6rpackningsdetaljer<\/strong><\/h2>\n<p>1 st varje liten l\u00e5da<br \/>\n10 st vardera Displayl\u00e5da<br \/>\n200 st per kartong<\/p>\n<figure id=\"attachment_17798\" aria-describedby=\"caption-attachment-17798\" style=\"width: 800px\" class=\"wp-caption alignnone\"><img loading=\"lazy\" decoding=\"async\" class=\"size-full wp-image-17798\" title=\"Bang Kingdom Rex 32000 Puffs Eng\u00e5ngs Vape Partihandel Jordgubb Kiwi Surt \u00c4pple Hallon\" src=\"https:\/\/www.vape4wholesale.com\/wp-content\/uploads\/2024\/12\/Bang-Kingdom-Rex-32000-Puffs-Disposable-Vape-Wholesale-Strawberry-Kiwi-Sour-Apple-Raspberry.jpg\" alt=\"Bang Kingdom Rex 32000 Puffs Eng\u00e5ngs Vape Partihandel Jordgubb Kiwi Surt \u00c4pple Hallon\" width=\"800\" height=\"800\" srcset=\"https:\/\/www.vape4wholesale.com\/wp-content\/uploads\/2024\/12\/Bang-Kingdom-Rex-32000-Puffs-Disposable-Vape-Wholesale-Strawberry-Kiwi-Sour-Apple-Raspberry.jpg 800w, https:\/\/www.vape4wholesale.com\/wp-content\/uploads\/2024\/12\/Bang-Kingdom-Rex-32000-Puffs-Disposable-Vape-Wholesale-Strawberry-Kiwi-Sour-Apple-Raspberry-247x247.jpg 247w, https:\/\/www.vape4wholesale.com\/wp-content\/uploads\/2024\/12\/Bang-Kingdom-Rex-32000-Puffs-Disposable-Vape-Wholesale-Strawberry-Kiwi-Sour-Apple-Raspberry-100x100.jpg 100w, https:\/\/www.vape4wholesale.com\/wp-content\/uploads\/2024\/12\/Bang-Kingdom-Rex-32000-Puffs-Disposable-Vape-Wholesale-Strawberry-Kiwi-Sour-Apple-Raspberry-510x510.jpg 510w\" sizes=\"auto, (max-width: 800px) 100vw, 800px\" \/><figcaption id=\"caption-attachment-17798\" class=\"wp-caption-text\">Bang Kingdom Rex 32000 Puffs Eng\u00e5ngs Vape Partihandel<\/figcaption><\/figure>\n<h2>VARF\u00d6R OSS?<\/h2>\r\n<ul>\r\n<li>Verklig, p\u00e5litlig och professionell vape-k\u00e4lla.<\/li>\r\n<li>100% \u00e4kta garanti: Vi tillhandah\u00e5ller endast original- och \u00e4kta produkter, v\u00e4grar f\u00f6rfalskning.<\/li>\r\n<li>100% Leveransgaranti: Vi anv\u00e4nder den b\u00e4sta fraktmetoden f\u00f6r att s\u00e4kerst\u00e4lla att du f\u00e5r best\u00e4llningen 100%.<\/li>\r\n<li>Vi kommer att ge dig sp\u00e5rningsnumret och fraktetiketten efter leverans och sp\u00e5ra varorna \u00e5t dig tills du kvitterar ut dem.<\/li>\r\n<li>Inga tullproblem, inga tullar<\/li>\r\n<\/ul>","protected":false},"excerpt":{"rendered":"<div class=\"wsppc_div_block woocommerce_before_add_to_cart_form\">\r\n<p><strong><span style=\"color: #00a859;\">Klarera tullen<\/span> f\u00f6re leverans &amp; 100% Leveransgaranti, Leverans p\u00e5 cirka 19\u201325 dagar.\u00a0<\/strong><\/p>\r\n<\/div>","protected":false},"featured_media":17791,"comment_status":"open","ping_status":"closed","template":"","meta":[],"pwb-brand":[1275],"product_cat":[873],"product_tag":[22,24,249,823,944],"class_list":{"0":"post-17790","1":"product","2":"type-product","3":"status-publish","4":"has-post-thumbnail","6":"pwb-brand-bang","7":"product_cat-above-20k-puffs","8":"product_tag-disposable","9":"product_tag-wholesale","10":"product_tag-bang","11":"product_tag-26-0ml","12":"product_tag-32000-puffs","13":"wcpa_has_options","15":"first","16":"instock","17":"featured","18":"shipping-taxable","19":"purchasable","20":"product-type-variable"},"aioseo_notices":[],"brands":[{"id":1275,"name":"Pang","slug":"bang"}],"_links":{"self":[{"href":"https:\/\/www.vape4wholesale.com\/sv\/wp-json\/wp\/v2\/product\/17790","targetHints":{"allow":["GET"]}}],"collection":[{"href":"https:\/\/www.vape4wholesale.com\/sv\/wp-json\/wp\/v2\/product"}],"about":[{"href":"https:\/\/www.vape4wholesale.com\/sv\/wp-json\/wp\/v2\/types\/product"}],"replies":[{"embeddable":true,"href":"https:\/\/www.vape4wholesale.com\/sv\/wp-json\/wp\/v2\/comments?post=17790"}],"wp:featuredmedia":[{"embeddable":true,"href":"https:\/\/www.vape4wholesale.com\/sv\/wp-json\/wp\/v2\/media\/17791"}],"wp:attachment":[{"href":"https:\/\/www.vape4wholesale.com\/sv\/wp-json\/wp\/v2\/media?parent=17790"}],"wp:term":[{"taxonomy":"pwb-brand","embeddable":true,"href":"https:\/\/www.vape4wholesale.com\/sv\/wp-json\/wp\/v2\/pwb-brand?post=17790"},{"taxonomy":"product_cat","embeddable":true,"href":"https:\/\/www.vape4wholesale.com\/sv\/wp-json\/wp\/v2\/product_cat?post=17790"},{"taxonomy":"product_tag","embeddable":true,"href":"https:\/\/www.vape4wholesale.com\/sv\/wp-json\/wp\/v2\/product_tag?post=17790"}],"curies":[{"name":"wp","href":"https:\/\/api.w.org\/{rel}","templated":true}]}}