{"id":17176,"date":"2024-10-26T23:03:00","date_gmt":"2024-10-26T15:03:00","guid":{"rendered":"https:\/\/www.vape4wholesale.com\/?post_type=product&#038;p=17176"},"modified":"2026-01-27T14:33:54","modified_gmt":"2026-01-27T14:33:54","slug":"bang-box-30000-puffar-engangs-vape-grossist","status":"publish","type":"product","link":"https:\/\/www.vape4wholesale.com\/sv\/product\/bang-box-30000-puffs-disposable-vape-wholesale","title":{"rendered":"Bang Box 30000 Puffs Eng\u00e5ngs Vape Partihandel"},"content":{"rendered":"<p>Bang Box 30000 Puffs \u00e4r en uppladdningsbar eng\u00e5ngsvape med en 35 ML e-v\u00e4tskekapacitet, som erbjuder upp till 30 000 puffar och f\u00f6rb\u00e4ttrad smak genom dual mesh coil-teknik, exklusivt tillg\u00e4nglig p\u00e5 V4W. Den har tv\u00e5 l\u00e4gen, normalt och Boost-l\u00e4ge, med boost-l\u00e4ge f\u00e5r du en enorm \u00e5ngupplevelse.<\/p>\n<p>Bang Box 30000 \u00e4r konstruerad f\u00f6r att vara bekv\u00e4m, med ett anv\u00e4ndarv\u00e4nligt operativsystem och batteriniv\u00e5avl\u00e4sning. Detta g\u00f6r att du enkelt kan \u00f6vervaka din anv\u00e4ndning och ladda n\u00e4r det passar dig, med hj\u00e4lp av den moderna typ C-laddningsporten.<\/p>\n<p>Best\u00e4ll v\u00e5rt breda urval 12 smaker av Bang Box 30000 med b\u00e4sta pris och snabb leverans.<\/p>\n<h2><strong>Bang Box 30000 Eng\u00e5ngs Vape Snabba detaljer:<\/strong><\/h2>\n<ul>\n<li>Puffar:30000 Puffar<\/li>\n<li>Kapacitet: 35 ml<\/li>\n<li>Batteri: 850 mAh<\/li>\n<li>Nikotin:0% 2% 3% 5%<\/li>\n<li>12 smaker tillg\u00e4ngliga<\/li>\n<li>Spole med dubbla n\u00e4t<\/li>\n<li>2 l\u00e4gen: Normal\/ Boost<\/li>\n<li>Smart sk\u00e4rm: e-juice\/str\u00f6mindikator<\/li>\n<\/ul>\n<h2><strong>Bang Box 30000 smaker tillg\u00e4ngliga<\/strong><\/h2>\n<ol>\n<li>\u00c4pple Persika<\/li>\n<li>Svart Burst<\/li>\n<li>Bl\u00e5b\u00e4rsis<\/li>\n<li>Bl\u00e5b\u00e4r Pomegrante<\/li>\n<li>Bl\u00e5b\u00e4r Sour Raspberry Ice<\/li>\n<li>Blue Burst<\/li>\n<li>Dubbel druva<\/li>\n<li>Djungeljuice<\/li>\n<li>Jordgubb Kiwi<\/li>\n<li>Vattenmelon-is<\/li>\n<li>Jordgubbar Vattenmelon<\/li>\n<li>Passionsfrukt<\/li>\n<\/ol>\n<h2><strong>F\u00f6rpackningsdetaljer<\/strong><\/h2>\n<ul>\n<li>Singel med litet paket<\/li>\n<li>10 st i en mediuml\u00e5da<\/li>\n<li>200 st per kartong<\/li>\n<\/ul>\n<figure id=\"attachment_17192\" aria-describedby=\"caption-attachment-17192\" style=\"width: 800px\" class=\"wp-caption alignnone\"><img loading=\"lazy\" decoding=\"async\" class=\"size-full wp-image-17192\" title=\"Bang Box 30000 Puffs Eng\u00e5ngs Vape Grossist Vattenmelon Ice\" src=\"https:\/\/www.vape4wholesale.com\/wp-content\/uploads\/2024\/10\/Bang-Box-30000-Puffs-Disposable-Vape-Wholesale-Watermelon-Ice.jpg\" alt=\"Bang Box 30000 Puffs Eng\u00e5ngs Vape Grossist Vattenmelon Ice\" width=\"800\" height=\"800\" srcset=\"https:\/\/www.vape4wholesale.com\/wp-content\/uploads\/2024\/10\/Bang-Box-30000-Puffs-Disposable-Vape-Wholesale-Watermelon-Ice.jpg 800w, https:\/\/www.vape4wholesale.com\/wp-content\/uploads\/2024\/10\/Bang-Box-30000-Puffs-Disposable-Vape-Wholesale-Watermelon-Ice-247x247.jpg 247w, https:\/\/www.vape4wholesale.com\/wp-content\/uploads\/2024\/10\/Bang-Box-30000-Puffs-Disposable-Vape-Wholesale-Watermelon-Ice-100x100.jpg 100w, https:\/\/www.vape4wholesale.com\/wp-content\/uploads\/2024\/10\/Bang-Box-30000-Puffs-Disposable-Vape-Wholesale-Watermelon-Ice-510x510.jpg 510w, https:\/\/www.vape4wholesale.com\/wp-content\/uploads\/2024\/10\/Bang-Box-30000-Puffs-Disposable-Vape-Wholesale-Watermelon-Ice-64x64.jpg 64w, https:\/\/www.vape4wholesale.com\/wp-content\/uploads\/2024\/10\/Bang-Box-30000-Puffs-Disposable-Vape-Wholesale-Watermelon-Ice-300x300.jpg 300w, https:\/\/www.vape4wholesale.com\/wp-content\/uploads\/2024\/10\/Bang-Box-30000-Puffs-Disposable-Vape-Wholesale-Watermelon-Ice-150x150.jpg 150w, https:\/\/www.vape4wholesale.com\/wp-content\/uploads\/2024\/10\/Bang-Box-30000-Puffs-Disposable-Vape-Wholesale-Watermelon-Ice-768x768.jpg 768w, https:\/\/www.vape4wholesale.com\/wp-content\/uploads\/2024\/10\/Bang-Box-30000-Puffs-Disposable-Vape-Wholesale-Watermelon-Ice-12x12.jpg 12w\" sizes=\"auto, (max-width: 800px) 100vw, 800px\" \/><figcaption id=\"caption-attachment-17192\" class=\"wp-caption-text\">Bang Box 30000 Puffs Eng\u00e5ngs Vape Partihandel<\/figcaption><\/figure>\n<h2>VARF\u00d6R OSS?<\/h2>\r\n<ul>\r\n<li>Verklig, p\u00e5litlig och professionell vape-k\u00e4lla.<\/li>\r\n<li>100% \u00e4kta garanti: Vi tillhandah\u00e5ller endast original- och \u00e4kta produkter, v\u00e4grar f\u00f6rfalskning.<\/li>\r\n<li>100% Leveransgaranti: Vi anv\u00e4nder den b\u00e4sta fraktmetoden f\u00f6r att s\u00e4kerst\u00e4lla att du f\u00e5r best\u00e4llningen 100%.<\/li>\r\n<li>Vi kommer att ge dig sp\u00e5rningsnumret och fraktetiketten efter leverans och sp\u00e5ra varorna \u00e5t dig tills du kvitterar ut dem.<\/li>\r\n<li>Inga tullproblem, inga tullar<\/li>\r\n<\/ul>","protected":false},"excerpt":{"rendered":"<div class=\"wsppc_div_block woocommerce_before_add_to_cart_form\">\r\n<p><strong><span style=\"color: #00a859;\">Clear customs<\/span> before delivery &amp; 100% Delivery Guarantee, Delivery in 19~25 days around.\u00a0<\/strong><\/p>\r\n<\/div>","protected":false},"featured_media":17184,"comment_status":"open","ping_status":"closed","template":"","meta":[],"pwb-brand":[1275],"product_cat":[873],"product_tag":[850,933,22,24,249],"class_list":{"0":"post-17176","1":"product","2":"type-product","3":"status-publish","4":"has-post-thumbnail","6":"pwb-brand-bang","7":"product_cat-above-20k-puffs","8":"product_tag-30000-puffs","9":"product_tag-35-0ml","10":"product_tag-disposable","11":"product_tag-wholesale","12":"product_tag-bang","13":"wcpa_has_options","15":"first","16":"instock","17":"shipping-taxable","18":"purchasable","19":"product-type-variable"},"aioseo_notices":[],"brands":[{"id":1275,"name":"Pang","slug":"bang"}],"_links":{"self":[{"href":"https:\/\/www.vape4wholesale.com\/sv\/wp-json\/wp\/v2\/product\/17176","targetHints":{"allow":["GET"]}}],"collection":[{"href":"https:\/\/www.vape4wholesale.com\/sv\/wp-json\/wp\/v2\/product"}],"about":[{"href":"https:\/\/www.vape4wholesale.com\/sv\/wp-json\/wp\/v2\/types\/product"}],"replies":[{"embeddable":true,"href":"https:\/\/www.vape4wholesale.com\/sv\/wp-json\/wp\/v2\/comments?post=17176"}],"wp:featuredmedia":[{"embeddable":true,"href":"https:\/\/www.vape4wholesale.com\/sv\/wp-json\/wp\/v2\/media\/17184"}],"wp:attachment":[{"href":"https:\/\/www.vape4wholesale.com\/sv\/wp-json\/wp\/v2\/media?parent=17176"}],"wp:term":[{"taxonomy":"pwb-brand","embeddable":true,"href":"https:\/\/www.vape4wholesale.com\/sv\/wp-json\/wp\/v2\/pwb-brand?post=17176"},{"taxonomy":"product_cat","embeddable":true,"href":"https:\/\/www.vape4wholesale.com\/sv\/wp-json\/wp\/v2\/product_cat?post=17176"},{"taxonomy":"product_tag","embeddable":true,"href":"https:\/\/www.vape4wholesale.com\/sv\/wp-json\/wp\/v2\/product_tag?post=17176"}],"curies":[{"name":"wp","href":"https:\/\/api.w.org\/{rel}","templated":true}]}}