{"id":17032,"date":"2024-10-18T22:01:00","date_gmt":"2024-10-18T14:01:00","guid":{"rendered":"https:\/\/www.vape4wholesale.com\/?post_type=product&#038;p=17032"},"modified":"2026-01-27T14:35:14","modified_gmt":"2026-01-27T14:35:14","slug":"fumot-tornado-30k-musik-engangs-vape-grossist","status":"publish","type":"product","link":"https:\/\/www.vape4wholesale.com\/sv\/produkt\/fumot-tornado-30k-musik-engangs-vape-grossist","title":{"rendered":"Fumot Tornado 30K Musik Eng\u00e5ngs Vape Partihandel"},"content":{"rendered":"<p>Fumot Tornado 30K Music \u00e4r en 30K puffs eng\u00e5ngs vape-enhet som drivs av RandM. Tornado 30K Music anv\u00e4nder en 1.0\u03a9 Mesh Coil och ett inbyggt 600mAh uppladdningsbart batteri. Det finns totalt 30 smaker och 4 nikotinstyrkor f\u00f6r dig att v\u00e4lja mellan.<\/p>\n<p>Den mest intressanta funktionen hos Tornado 30K Music \u00e4r att RGB-lampan kan blinka i takt med musiken. T\u00e4nk dig att anv\u00e4nda den i en bar, du kan till och med dansa till din egen vape.<\/p>\n<h2><strong>Fumot Tornado 30K Musikdetaljer:<\/strong><\/h2>\n<p>\u2611 0% 2% 3% 5% Nikotin<br \/>\n\u2611 Puffar: 30000<br \/>\n\u2611 30 tillg\u00e4ngliga smaker<br \/>\n\u2611 600mah uppladdningsbar<br \/>\n\u2611 1,0\u03a9 n\u00e4tspole<br \/>\n\u2611 Typ-C<br \/>\n\u2611 varje kartong kg<br \/>\n\u2611 Ljuset f\u00f6r\u00e4ndras i takt med musiken<\/p>\n<h2><strong>Fumot Tornado 30K Musik Valfria smaker:<\/strong><\/h2>\n<p>1. Banan is<br \/>\n2. Svart is<br \/>\n3. Blue Razz Ice<br \/>\n4. Bl\u00e5b\u00e4r p\u00e5 is<br \/>\n5. Bl\u00e5b\u00e4r Hallon<br \/>\n6. Bl\u00e5b\u00e4r Sura hallon<br \/>\n7. K\u00f6rsb\u00e4rsis<br \/>\n8. K\u00f6rsb\u00e4rs-Cola<br \/>\n9. Cola is<br \/>\n10. Cool Mint<br \/>\n11. Dubbla \u00e4pplen<br \/>\n12. Dr Bl\u00e5<br \/>\n13. Druv-is<br \/>\n14. Isglass<br \/>\n15. Kiwi Passionsfrukt Guava<br \/>\n16. K\u00e4rlek 66<br \/>\n17. Lush Ice<br \/>\n18. Blandade b\u00e4r<br \/>\n19. Persika b\u00e4r<br \/>\n20. Persika is<br \/>\n21. Persika Mango Ananas<br \/>\n22. Ananas-is<br \/>\n23. Rosa lemonad<br \/>\n24. K\u00e4gla<br \/>\n25. Jordgubbe Banan<br \/>\n26. Jordgubbe Druva<br \/>\n27. Jordgubbsis<br \/>\n28. Jordgubbe Vattenmelon<br \/>\n29. Trippel Mango<br \/>\n30. Vimto<\/p>\n<p>&nbsp;<\/p>\n<h2>F\u00f6rpackningsdetaljer<\/h2>\n<ul>\n<li>160 st\/kartong<\/li>\n<li>vikt 20.07Kg<\/li>\n<li>kartongstorlek: 412*332*325MM<\/li>\n<\/ul>\n<figure id=\"attachment_17096\" aria-describedby=\"caption-attachment-17096\" style=\"width: 800px\" class=\"wp-caption alignnone\"><img loading=\"lazy\" decoding=\"async\" class=\"wp-image-17096 size-full\" title=\"Fumot Tornado 30K Musik Eng\u00e5ngs Vape Partihandel (1)\" src=\"https:\/\/www.vape4wholesale.com\/wp-content\/uploads\/2024\/10\/Fumot-Tornado-30K-Music-Disposable-Vape-Wholesale-1.jpg\" alt=\"Fumot Tornado 30K Musik Eng\u00e5ngs Vape Partihandel (1)\" width=\"800\" height=\"800\" srcset=\"https:\/\/www.vape4wholesale.com\/wp-content\/uploads\/2024\/10\/Fumot-Tornado-30K-Music-Disposable-Vape-Wholesale-1.jpg 800w, https:\/\/www.vape4wholesale.com\/wp-content\/uploads\/2024\/10\/Fumot-Tornado-30K-Music-Disposable-Vape-Wholesale-1-247x247.jpg 247w, https:\/\/www.vape4wholesale.com\/wp-content\/uploads\/2024\/10\/Fumot-Tornado-30K-Music-Disposable-Vape-Wholesale-1-100x100.jpg 100w, https:\/\/www.vape4wholesale.com\/wp-content\/uploads\/2024\/10\/Fumot-Tornado-30K-Music-Disposable-Vape-Wholesale-1-510x510.jpg 510w\" sizes=\"auto, (max-width: 800px) 100vw, 800px\" \/><figcaption id=\"caption-attachment-17096\" class=\"wp-caption-text\">Fumot Tornado 30K Musik Eng\u00e5ngs Vape Partihandel<\/figcaption><\/figure>\n<p><img loading=\"lazy\" decoding=\"async\" class=\"alignnone size-full wp-image-17094\" title=\"Fumot Tornado 30K Musik Eng\u00e5ngs Vape Partihandel (2)\" src=\"https:\/\/www.vape4wholesale.com\/wp-content\/uploads\/2024\/10\/Fumot-Tornado-30K-Music-Disposable-Vape-Wholesale-2.jpg\" alt=\"Fumot Tornado 30K Musik Eng\u00e5ngs Vape Partihandel (2)\" width=\"800\" height=\"800\" srcset=\"https:\/\/www.vape4wholesale.com\/wp-content\/uploads\/2024\/10\/Fumot-Tornado-30K-Music-Disposable-Vape-Wholesale-2.jpg 800w, https:\/\/www.vape4wholesale.com\/wp-content\/uploads\/2024\/10\/Fumot-Tornado-30K-Music-Disposable-Vape-Wholesale-2-247x247.jpg 247w, https:\/\/www.vape4wholesale.com\/wp-content\/uploads\/2024\/10\/Fumot-Tornado-30K-Music-Disposable-Vape-Wholesale-2-100x100.jpg 100w, https:\/\/www.vape4wholesale.com\/wp-content\/uploads\/2024\/10\/Fumot-Tornado-30K-Music-Disposable-Vape-Wholesale-2-510x510.jpg 510w, https:\/\/www.vape4wholesale.com\/wp-content\/uploads\/2024\/10\/Fumot-Tornado-30K-Music-Disposable-Vape-Wholesale-2-64x64.jpg 64w, https:\/\/www.vape4wholesale.com\/wp-content\/uploads\/2024\/10\/Fumot-Tornado-30K-Music-Disposable-Vape-Wholesale-2-300x300.jpg 300w, https:\/\/www.vape4wholesale.com\/wp-content\/uploads\/2024\/10\/Fumot-Tornado-30K-Music-Disposable-Vape-Wholesale-2-150x150.jpg 150w, https:\/\/www.vape4wholesale.com\/wp-content\/uploads\/2024\/10\/Fumot-Tornado-30K-Music-Disposable-Vape-Wholesale-2-768x768.jpg 768w, https:\/\/www.vape4wholesale.com\/wp-content\/uploads\/2024\/10\/Fumot-Tornado-30K-Music-Disposable-Vape-Wholesale-2-12x12.jpg 12w\" sizes=\"auto, (max-width: 800px) 100vw, 800px\" \/> <img loading=\"lazy\" decoding=\"async\" class=\"alignnone size-full wp-image-17095\" title=\"Fumot Tornado 30K Musik Eng\u00e5ngs Vape Partihandel (3)\" src=\"https:\/\/www.vape4wholesale.com\/wp-content\/uploads\/2024\/10\/Fumot-Tornado-30K-Music-Disposable-Vape-Wholesale-3.jpg\" alt=\"Fumot Tornado 30K Musik Eng\u00e5ngs Vape Partihandel (3)\" width=\"800\" height=\"800\" srcset=\"https:\/\/www.vape4wholesale.com\/wp-content\/uploads\/2024\/10\/Fumot-Tornado-30K-Music-Disposable-Vape-Wholesale-3.jpg 800w, https:\/\/www.vape4wholesale.com\/wp-content\/uploads\/2024\/10\/Fumot-Tornado-30K-Music-Disposable-Vape-Wholesale-3-247x247.jpg 247w, https:\/\/www.vape4wholesale.com\/wp-content\/uploads\/2024\/10\/Fumot-Tornado-30K-Music-Disposable-Vape-Wholesale-3-100x100.jpg 100w, https:\/\/www.vape4wholesale.com\/wp-content\/uploads\/2024\/10\/Fumot-Tornado-30K-Music-Disposable-Vape-Wholesale-3-510x510.jpg 510w\" sizes=\"auto, (max-width: 800px) 100vw, 800px\" \/><\/p>\n<h2>VARF\u00d6R OSS?<\/h2>\r\n<ul>\r\n<li>Verklig, p\u00e5litlig och professionell vape-k\u00e4lla.<\/li>\r\n<li>100% \u00e4kta garanti: Vi tillhandah\u00e5ller endast original- och \u00e4kta produkter, v\u00e4grar f\u00f6rfalskning.<\/li>\r\n<li>100% Leveransgaranti: Vi anv\u00e4nder den b\u00e4sta fraktmetoden f\u00f6r att s\u00e4kerst\u00e4lla att du f\u00e5r best\u00e4llningen 100%.<\/li>\r\n<li>Vi kommer att ge dig sp\u00e5rningsnumret och fraktetiketten efter leverans och sp\u00e5ra varorna \u00e5t dig tills du kvitterar ut dem.<\/li>\r\n<li>Inga tullproblem, inga tullar<\/li>\r\n<\/ul>","protected":false},"excerpt":{"rendered":"<p><strong><span style=\"color: #d83131;\">OBS: Denna produkt har utg\u00e5tt ur sortimentet och \u00e4r inte l\u00e4ngre tillg\u00e4nglig. Du kan k\u00f6pa en liknande produkt genom att klicka p\u00e5 knappen nedan<\/span><\/strong><\/p>\n<a href=\"\/sv\/produkt\/uwin-randm-tornado-beat-35k-engangsvape\/\" class=\"button secondary is-secondary is-medium\" >\n\t\t<span>\u2192 Best\u00e4ll den liknande produkten<\/span>\n\t<\/a>","protected":false},"featured_media":17095,"comment_status":"open","ping_status":"closed","template":"","meta":[],"pwb-brand":[1269],"product_cat":[873],"product_tag":[22,24,592,692,850],"class_list":{"0":"post-17032","1":"product","2":"type-product","3":"status-publish","4":"has-post-thumbnail","6":"pwb-brand-fumot","7":"product_cat-above-20k-puffs","8":"product_tag-disposable","9":"product_tag-wholesale","10":"product_tag-fumot","11":"product_tag-25-0ml","12":"product_tag-30000-puffs","13":"wcpa_has_options","15":"first","16":"outofstock","17":"featured","18":"shipping-taxable","19":"purchasable","20":"product-type-variable"},"aioseo_notices":[],"brands":[{"id":1269,"name":"Fumot","slug":"fumot"}],"_links":{"self":[{"href":"https:\/\/www.vape4wholesale.com\/sv\/wp-json\/wp\/v2\/product\/17032","targetHints":{"allow":["GET"]}}],"collection":[{"href":"https:\/\/www.vape4wholesale.com\/sv\/wp-json\/wp\/v2\/product"}],"about":[{"href":"https:\/\/www.vape4wholesale.com\/sv\/wp-json\/wp\/v2\/types\/product"}],"replies":[{"embeddable":true,"href":"https:\/\/www.vape4wholesale.com\/sv\/wp-json\/wp\/v2\/comments?post=17032"}],"wp:featuredmedia":[{"embeddable":true,"href":"https:\/\/www.vape4wholesale.com\/sv\/wp-json\/wp\/v2\/media\/17095"}],"wp:attachment":[{"href":"https:\/\/www.vape4wholesale.com\/sv\/wp-json\/wp\/v2\/media?parent=17032"}],"wp:term":[{"taxonomy":"pwb-brand","embeddable":true,"href":"https:\/\/www.vape4wholesale.com\/sv\/wp-json\/wp\/v2\/pwb-brand?post=17032"},{"taxonomy":"product_cat","embeddable":true,"href":"https:\/\/www.vape4wholesale.com\/sv\/wp-json\/wp\/v2\/product_cat?post=17032"},{"taxonomy":"product_tag","embeddable":true,"href":"https:\/\/www.vape4wholesale.com\/sv\/wp-json\/wp\/v2\/product_tag?post=17032"}],"curies":[{"name":"wp","href":"https:\/\/api.w.org\/{rel}","templated":true}]}}