{"id":16797,"date":"2024-07-23T10:59:00","date_gmt":"2024-07-23T02:59:00","guid":{"rendered":"https:\/\/www.vape4wholesale.com\/?post_type=product&#038;p=16797"},"modified":"2026-01-27T14:44:18","modified_gmt":"2026-01-27T14:44:18","slug":"vapsolo-matningsbar-shisha-15000-engangs-vape-grossist","status":"publish","type":"product","link":"https:\/\/www.vape4wholesale.com\/sv\/product\/vapsolo-feed-bar-shisha-15000-disposable-vape-wholesale","title":{"rendered":"Vapsolo Feed Bar Shisha 15000 Eng\u00e5ngs Vape grossist"},"content":{"rendered":"<p>Vapsolo Feed Bar Shisha 15000 \u00e4r en sofistikerad och enast\u00e5ende eng\u00e5ngsvape av Shisha-typ som \u00e4r insvept i l\u00e4der och har en digital sk\u00e4rm som visar den aktuella effektniv\u00e5n och den procentuella m\u00e4ngden elv\u00e4tska som \u00e5terst\u00e5r.<\/p>\n<p>Den levereras med 25 ml elv\u00e4tska, 650 mAh uppladdningsbart batteri med ett motst\u00e5nd p\u00e5 0,6 ohm f\u00f6r att s\u00e4kerst\u00e4lla att du upplever den b\u00e4sta smaken och f\u00e5r mer r\u00f6k. Den st\u00f6der upp till 15 000 puffar.<\/p>\n<p>Best\u00e4ll v\u00e5rt breda urval 10 smaker av Vapsolo DG18000 med b\u00e4sta pris och snabb leverans.<\/p>\n<h2><strong>Vapsolo Feed Bar Shisha 15000 Puffs Snabba detaljer:<\/strong><\/h2>\n<ul>\n<li>650mAh inbyggt batteri<\/li>\n<li>Uppladdningsbart batteri (typ C-port)<\/li>\n<li>Juicekapacitet: 25 ml<\/li>\n<li>Effektiv och konsekvent str\u00f6mf\u00f6rs\u00f6rjning<\/li>\n<li>Spolmotst\u00e5nd: 0.6\u03a9<\/li>\n<li>0% , 2% Nikotinniv\u00e5<\/li>\n<li>Tillfredsst\u00e4ller n\u00e4stan 15000 puffar<\/li>\n<li>N\u00e4tspole<\/li>\n<li>Dubbla kapslar<\/li>\n<li>Skydd: \u00d6verhettning, kortslutning<\/li>\n<\/ul>\n<h2><strong>Tillg\u00e4ngliga smaker:<\/strong><\/h2>\n<ol>\n<li>B\u00e4ris<\/li>\n<li>Svartvinb\u00e4rsis<\/li>\n<li>Blue Razz Lemonade<\/li>\n<li>Bl\u00e5b\u00e4rstuggummi<\/li>\n<li>K\u00f6rsb\u00e4rsfiesta<\/li>\n<li>Druva Mint<\/li>\n<li>Citronmynta<\/li>\n<li>Lush Ice<\/li>\n<li>Magisk k\u00e4rlek<\/li>\n<li>Mango is<\/li>\n<li>Persika is<\/li>\n<li>Jordgubb Kiwi<\/li>\n<li>Jordgubbsb\u00e5l<\/li>\n<li>Sweetpassion Frukt<\/li>\n<li>Tv\u00e5 \u00e4pplen<\/li>\n<\/ol>\n<h2><strong>F\u00f6rpackningsdetaljer:<\/strong><\/h2>\n<p>1 st varje enskild l\u00e5da<br data-filtered=\"filtered\" \/>10 st varje mellanl\u00e5da<br data-filtered=\"filtered\" \/>200st per kartong\/ 19kg<\/p>\n<figure id=\"attachment_16798\" aria-describedby=\"caption-attachment-16798\" style=\"width: 600px\" class=\"wp-caption alignnone\"><img loading=\"lazy\" decoding=\"async\" class=\"size-full wp-image-16798\" title=\"Vapsolo Feed Bar Shisha 15000 Eng\u00e5ngs Vape grossist GRAPE MINT\" src=\"https:\/\/www.vape4wholesale.com\/wp-content\/uploads\/2024\/09\/Vapsolo-Feed-Bar-Shisha-15000-Disposable-Vape-Wholesale-GRAPE-MINT.png\" alt=\"Vapsolo Feed Bar Shisha 15000 Eng\u00e5ngs Vape grossist GRAPE MINT\" width=\"600\" height=\"600\" srcset=\"https:\/\/www.vape4wholesale.com\/wp-content\/uploads\/2024\/09\/Vapsolo-Feed-Bar-Shisha-15000-Disposable-Vape-Wholesale-GRAPE-MINT.png 600w, https:\/\/www.vape4wholesale.com\/wp-content\/uploads\/2024\/09\/Vapsolo-Feed-Bar-Shisha-15000-Disposable-Vape-Wholesale-GRAPE-MINT-247x247.png 247w, https:\/\/www.vape4wholesale.com\/wp-content\/uploads\/2024\/09\/Vapsolo-Feed-Bar-Shisha-15000-Disposable-Vape-Wholesale-GRAPE-MINT-100x100.png 100w, https:\/\/www.vape4wholesale.com\/wp-content\/uploads\/2024\/09\/Vapsolo-Feed-Bar-Shisha-15000-Disposable-Vape-Wholesale-GRAPE-MINT-510x510.png 510w, https:\/\/www.vape4wholesale.com\/wp-content\/uploads\/2024\/09\/Vapsolo-Feed-Bar-Shisha-15000-Disposable-Vape-Wholesale-GRAPE-MINT-64x64.png 64w, https:\/\/www.vape4wholesale.com\/wp-content\/uploads\/2024\/09\/Vapsolo-Feed-Bar-Shisha-15000-Disposable-Vape-Wholesale-GRAPE-MINT-300x300.png 300w, https:\/\/www.vape4wholesale.com\/wp-content\/uploads\/2024\/09\/Vapsolo-Feed-Bar-Shisha-15000-Disposable-Vape-Wholesale-GRAPE-MINT-150x150.png 150w, https:\/\/www.vape4wholesale.com\/wp-content\/uploads\/2024\/09\/Vapsolo-Feed-Bar-Shisha-15000-Disposable-Vape-Wholesale-GRAPE-MINT-12x12.png 12w\" sizes=\"auto, (max-width: 600px) 100vw, 600px\" \/><figcaption id=\"caption-attachment-16798\" class=\"wp-caption-text\">Vapsolo Feed Bar Shisha 15000 Eng\u00e5ngs Vape grossist<\/figcaption><\/figure>\n<h2>VARF\u00d6R OSS?<\/h2>\r\n<ul>\r\n<li>Verklig, p\u00e5litlig och professionell vape-k\u00e4lla.<\/li>\r\n<li>100% \u00e4kta garanti: Vi tillhandah\u00e5ller endast original- och \u00e4kta produkter, v\u00e4grar f\u00f6rfalskning.<\/li>\r\n<li>100% Leveransgaranti: Vi anv\u00e4nder den b\u00e4sta fraktmetoden f\u00f6r att s\u00e4kerst\u00e4lla att du f\u00e5r best\u00e4llningen 100%.<\/li>\r\n<li>Vi kommer att ge dig sp\u00e5rningsnumret och fraktetiketten efter leverans och sp\u00e5ra varorna \u00e5t dig tills du kvitterar ut dem.<\/li>\r\n<li>Inga tullproblem, inga tullar<\/li>\r\n<\/ul>\n<p>&nbsp;<\/p>","protected":false},"excerpt":{"rendered":"<p><b><span style=\"color: #00a859;\">Fri frakt<\/span>\u00a0fr\u00e5n Europa-lager, leveranstid 7-15 arbetsdagar.<\/b><\/p>\r\n<div class=\"wsppc_div_block woocommerce_before_add_to_cart_form\">\r\n<p><strong>Tulla varorna f\u00f6re leverans &amp; 100% Leveransgaranti<\/strong><\/p>\r\n<\/div>","protected":false},"featured_media":16798,"comment_status":"open","ping_status":"closed","template":"","meta":[],"pwb-brand":[1271],"product_cat":[872],"product_tag":[22,24,684,692,726,899],"class_list":{"0":"post-16797","1":"product","2":"type-product","3":"status-publish","4":"has-post-thumbnail","6":"pwb-brand-vapsolo","7":"product_cat-15k-20k-puffs","8":"product_tag-disposable","9":"product_tag-wholesale","10":"product_tag-15000-puffs","11":"product_tag-25-0ml","12":"product_tag-shisha","13":"product_tag-vapsolo","14":"product_shipping_class-vapsolo-cn-eu","15":"wcpa_has_options","17":"first","18":"instock","19":"shipping-taxable","20":"purchasable","21":"product-type-variable"},"aioseo_notices":[],"brands":[{"id":1271,"name":"Vapsolo","slug":"vapsolo"}],"_links":{"self":[{"href":"https:\/\/www.vape4wholesale.com\/sv\/wp-json\/wp\/v2\/product\/16797","targetHints":{"allow":["GET"]}}],"collection":[{"href":"https:\/\/www.vape4wholesale.com\/sv\/wp-json\/wp\/v2\/product"}],"about":[{"href":"https:\/\/www.vape4wholesale.com\/sv\/wp-json\/wp\/v2\/types\/product"}],"replies":[{"embeddable":true,"href":"https:\/\/www.vape4wholesale.com\/sv\/wp-json\/wp\/v2\/comments?post=16797"}],"wp:featuredmedia":[{"embeddable":true,"href":"https:\/\/www.vape4wholesale.com\/sv\/wp-json\/wp\/v2\/media\/16798"}],"wp:attachment":[{"href":"https:\/\/www.vape4wholesale.com\/sv\/wp-json\/wp\/v2\/media?parent=16797"}],"wp:term":[{"taxonomy":"pwb-brand","embeddable":true,"href":"https:\/\/www.vape4wholesale.com\/sv\/wp-json\/wp\/v2\/pwb-brand?post=16797"},{"taxonomy":"product_cat","embeddable":true,"href":"https:\/\/www.vape4wholesale.com\/sv\/wp-json\/wp\/v2\/product_cat?post=16797"},{"taxonomy":"product_tag","embeddable":true,"href":"https:\/\/www.vape4wholesale.com\/sv\/wp-json\/wp\/v2\/product_tag?post=16797"}],"curies":[{"name":"wp","href":"https:\/\/api.w.org\/{rel}","templated":true}]}}