{"id":16776,"date":"2024-07-23T10:20:13","date_gmt":"2024-07-23T02:20:13","guid":{"rendered":"https:\/\/www.vape4wholesale.com\/?post_type=product&#038;p=16776"},"modified":"2026-01-27T14:46:39","modified_gmt":"2026-01-27T14:46:39","slug":"vapsolo-dg18000-engangs-vape-grossist","status":"publish","type":"product","link":"https:\/\/www.vape4wholesale.com\/sv\/product\/vapsolo-dg18000-disposable-vape-wholesale","title":{"rendered":"Vapsolo DG18000 Vape f\u00f6r eng\u00e5ngsbruk Partihandel"},"content":{"rendered":"<p>Vapsolo DG18000 \u00e4r en digital sk\u00e4rmdesignad eng\u00e5ngs vape, dess kropp \u00e4r gjord av 2 liknande f\u00e4rger som sys ihop, den bygger med 28 ml elv\u00e4tska och med 650mah uppladdningsbart batteri, som st\u00f6der upp till 18000 Puffs.<\/p>\n<p>Vapsolo DG18000 har ett luftfl\u00f6deskontrollsystem med 2 l\u00e4gen: smart l\u00e4ge och boost-l\u00e4ge.<\/p>\n<p>LCD-sk\u00e4rmen visar batteri- och v\u00e4tskeniv\u00e5n i realtid.<\/p>\n<p>Best\u00e4ll v\u00e5rt breda urval 10 smaker av Vapsolo DG18000 med b\u00e4sta pris och snabb leverans.<\/p>\n<h2>Vapsolo DG18000 Snabba detaljer<\/h2>\n<ul>\n<li>650mAh uppladdningsbart batteri<\/li>\n<li>28 ml f\u00f6rfylld e-juice<\/li>\n<li>2%\/5% nikotinstyrka<\/li>\n<li>N\u00e5 upp till 18000 puffar<\/li>\n<li>Ej \u00e5terfyllningsbar design<\/li>\n<li>Spole med dubbla n\u00e4t<\/li>\n<li>Typ C-laddningsport<\/li>\n<li>10 olika smaker tillg\u00e4ngliga<\/li>\n<\/ul>\n<h2><strong>Tillg\u00e4ngliga smaker:<\/strong><\/h2>\n<ul>\n<li>Persika Mango Ananas<\/li>\n<li>Passionsfrukt Kiwi Is<\/li>\n<li>Bl\u00e5b\u00e4r K\u00f6rsb\u00e4r Tranb\u00e4r<\/li>\n<li>Vattenmelon-is<\/li>\n<li>Jordgubb Kiwi<\/li>\n<li>Citron och lime<\/li>\n<li>Jordgubbar Bananer<\/li>\n<li>R\u00f6d tjur<\/li>\n<li>Blandade b\u00e4r<\/li>\n<li>Prime Jordgubb Vattenmelon<\/li>\n<\/ul>\n<h2><strong>F\u00f6rpackningsdetaljer:<\/strong><\/h2>\n<ul>\n<li>Singel med litet paket<\/li>\n<li>10 st i en mediuml\u00e5da<\/li>\n<li>200 st per kartong \/19KG<\/li>\n<\/ul>\n<figure id=\"attachment_16777\" aria-describedby=\"caption-attachment-16777\" style=\"width: 600px\" class=\"wp-caption alignnone\"><img loading=\"lazy\" decoding=\"async\" class=\"size-full wp-image-16777\" title=\"Vapsolo DG18000 Eng\u00e5ngsvape Partihandel bl\u00e5b\u00e4r k\u00f6rsb\u00e4r tranb\u00e4r\" src=\"https:\/\/www.vape4wholesale.com\/wp-content\/uploads\/2024\/09\/Vapsolo-DG18000-Disposable-Vape-Wholesale-blueberry-cherry-cranberr.png\" alt=\"Vapsolo DG18000 Eng\u00e5ngsvape Partihandel bl\u00e5b\u00e4r k\u00f6rsb\u00e4r tranb\u00e4r\" width=\"600\" height=\"600\" srcset=\"https:\/\/www.vape4wholesale.com\/wp-content\/uploads\/2024\/09\/Vapsolo-DG18000-Disposable-Vape-Wholesale-blueberry-cherry-cranberr.png 600w, https:\/\/www.vape4wholesale.com\/wp-content\/uploads\/2024\/09\/Vapsolo-DG18000-Disposable-Vape-Wholesale-blueberry-cherry-cranberr-247x247.png 247w, https:\/\/www.vape4wholesale.com\/wp-content\/uploads\/2024\/09\/Vapsolo-DG18000-Disposable-Vape-Wholesale-blueberry-cherry-cranberr-100x100.png 100w, https:\/\/www.vape4wholesale.com\/wp-content\/uploads\/2024\/09\/Vapsolo-DG18000-Disposable-Vape-Wholesale-blueberry-cherry-cranberr-510x510.png 510w, https:\/\/www.vape4wholesale.com\/wp-content\/uploads\/2024\/09\/Vapsolo-DG18000-Disposable-Vape-Wholesale-blueberry-cherry-cranberr-64x64.png 64w, https:\/\/www.vape4wholesale.com\/wp-content\/uploads\/2024\/09\/Vapsolo-DG18000-Disposable-Vape-Wholesale-blueberry-cherry-cranberr-300x300.png 300w, https:\/\/www.vape4wholesale.com\/wp-content\/uploads\/2024\/09\/Vapsolo-DG18000-Disposable-Vape-Wholesale-blueberry-cherry-cranberr-150x150.png 150w, https:\/\/www.vape4wholesale.com\/wp-content\/uploads\/2024\/09\/Vapsolo-DG18000-Disposable-Vape-Wholesale-blueberry-cherry-cranberr-12x12.png 12w\" sizes=\"auto, (max-width: 600px) 100vw, 600px\" \/><figcaption id=\"caption-attachment-16777\" class=\"wp-caption-text\">Vapsolo DG18000 Vape f\u00f6r eng\u00e5ngsbruk Partihandel<\/figcaption><\/figure>\n<h2>VARF\u00d6R OSS?<\/h2>\r\n<ul>\r\n<li>Verklig, p\u00e5litlig och professionell vape-k\u00e4lla.<\/li>\r\n<li>100% \u00e4kta garanti: Vi tillhandah\u00e5ller endast original- och \u00e4kta produkter, v\u00e4grar f\u00f6rfalskning.<\/li>\r\n<li>100% Leveransgaranti: Vi anv\u00e4nder den b\u00e4sta fraktmetoden f\u00f6r att s\u00e4kerst\u00e4lla att du f\u00e5r best\u00e4llningen 100%.<\/li>\r\n<li>Vi kommer att ge dig sp\u00e5rningsnumret och fraktetiketten efter leverans och sp\u00e5ra varorna \u00e5t dig tills du kvitterar ut dem.<\/li>\r\n<li>Inga tullproblem, inga tullar<\/li>\r\n<\/ul>","protected":false},"excerpt":{"rendered":"<p><b><span style=\"color: #00a859;\">Free shipping<\/span>\u00a0from Europe warehouse, 7-15 working days delivery time.<\/b><\/p>\r\n<div class=\"wsppc_div_block woocommerce_before_add_to_cart_form\">\r\n<p><strong>Clear customs before delivery &amp; 100% Delivery Guarantee<\/strong><\/p>\r\n<\/div>","protected":false},"featured_media":16777,"comment_status":"open","ping_status":"closed","template":"","meta":[],"pwb-brand":[1271],"product_cat":[872],"product_tag":[22,24,719,793,899],"class_list":{"0":"post-16776","1":"product","2":"type-product","3":"status-publish","4":"has-post-thumbnail","6":"pwb-brand-vapsolo","7":"product_cat-15k-20k-puffs","8":"product_tag-disposable","9":"product_tag-wholesale","10":"product_tag-18000-puffs","11":"product_tag-28-0ml","12":"product_tag-vapsolo","13":"product_shipping_class-vapsolo-cn-eu","14":"wcpa_has_options","16":"first","17":"instock","18":"shipping-taxable","19":"purchasable","20":"product-type-variable"},"aioseo_notices":[],"brands":[{"id":1271,"name":"Vapsolo","slug":"vapsolo"}],"_links":{"self":[{"href":"https:\/\/www.vape4wholesale.com\/sv\/wp-json\/wp\/v2\/product\/16776","targetHints":{"allow":["GET"]}}],"collection":[{"href":"https:\/\/www.vape4wholesale.com\/sv\/wp-json\/wp\/v2\/product"}],"about":[{"href":"https:\/\/www.vape4wholesale.com\/sv\/wp-json\/wp\/v2\/types\/product"}],"replies":[{"embeddable":true,"href":"https:\/\/www.vape4wholesale.com\/sv\/wp-json\/wp\/v2\/comments?post=16776"}],"wp:featuredmedia":[{"embeddable":true,"href":"https:\/\/www.vape4wholesale.com\/sv\/wp-json\/wp\/v2\/media\/16777"}],"wp:attachment":[{"href":"https:\/\/www.vape4wholesale.com\/sv\/wp-json\/wp\/v2\/media?parent=16776"}],"wp:term":[{"taxonomy":"pwb-brand","embeddable":true,"href":"https:\/\/www.vape4wholesale.com\/sv\/wp-json\/wp\/v2\/pwb-brand?post=16776"},{"taxonomy":"product_cat","embeddable":true,"href":"https:\/\/www.vape4wholesale.com\/sv\/wp-json\/wp\/v2\/product_cat?post=16776"},{"taxonomy":"product_tag","embeddable":true,"href":"https:\/\/www.vape4wholesale.com\/sv\/wp-json\/wp\/v2\/product_tag?post=16776"}],"curies":[{"name":"wp","href":"https:\/\/api.w.org\/{rel}","templated":true}]}}